{"id":147337,"date":"2023-06-02T07:18:28","date_gmt":"2023-06-02T04:18:28","guid":{"rendered":"https:\/\/medclinics.com\/chemisches-peeling\/"},"modified":"2024-04-14T23:04:57","modified_gmt":"2024-04-14T20:04:57","slug":"chemisches-peeling","status":"publish","type":"page","link":"https:\/\/medclinics.com\/de\/chemisches-peeling\/","title":{"rendered":"Chemisches Peeling"},"content":{"rendered":"\n<h2 class=\"wp-block-heading\">Wenn Sie auf der Suche nach einer M\u00f6glichkeit sind, Ihre Hautzellen zu erneuern und eine sch\u00f6ne Farbe, ein glattes und gepflegtes Aussehen zu erreichen, ist ein chemisches Peeling vielleicht die beste L\u00f6sung.<\/h2>\n\n<p>Chemisches Peeling ist eine M\u00f6glichkeit, das Gesicht zu erfrischen und zu reinigen, das Relief auszugleichen und feine Falten in nur wenigen Prozeduren zu beseitigen. Nach den Behandlungen werden die Hautzellen vollst\u00e4ndig erneuert,  <\/p>\n\n<h3 class=\"wp-block-heading\"><strong>Alle chemischen Peelings k\u00f6nnen in 3 Typen unterteilt werden:<\/strong><\/h3>\n\n<ul class=\"wp-block-list\">\n<li>oberfl\u00e4chliches chemisches Peeling &#8211; nur die Epidermis (oberste Hautschicht) ist betroffen;<\/li>\n\n\n\n<li>medianes chemisches Peeling &#8211; Einwirkung auf die Epidermis und Dermis (oberfl\u00e4chliche Schichten);<\/li>\n\n\n\n<li>Chemisches Tiefenpeeling &#8211; Einwirkung auf die unteren Hautschichten.<\/li>\n<\/ul>\n\n<h3 class=\"wp-block-heading\">Arten von <a href=\"https:\/\/medclinics.com\/de\/dermatologie-in-istanbul-turkei-beste-dermatologen-preise-kliniken\/\" data-type=\"post\" data-id=\"146967\">chemischen Peelings<\/a>:<\/h3>\n\n<figure class=\"wp-block-image size-full\"><img fetchpriority=\"high\" decoding=\"async\" width=\"780\" height=\"488\" src=\"https:\/\/medclinics.com\/wp-content\/uploads\/2024\/04\/chemical-peeling-beauty-salon-near-me.jpg\" alt=\"chemisches-peeling-sch&#xF6;nheitssalon-in-meiner-n&#xE4;he\" class=\"wp-image-161745\" srcset=\"https:\/\/medclinics.com\/wp-content\/uploads\/2024\/04\/chemical-peeling-beauty-salon-near-me.jpg 780w, https:\/\/medclinics.com\/wp-content\/uploads\/2024\/04\/chemical-peeling-beauty-salon-near-me-300x188.jpg 300w, https:\/\/medclinics.com\/wp-content\/uploads\/2024\/04\/chemical-peeling-beauty-salon-near-me-768x480.jpg 768w\" sizes=\"(max-width: 780px) 100vw, 780px\" \/><\/figure>\n\n<ul class=\"wp-block-list\">\n<li><strong>Chemisches Peeling auf Basis von Glykols\u00e4ure (Fruchts\u00e4ure)<\/strong><br\/>Es ist die h\u00e4ufigste Art des oberfl\u00e4chlichen Peelings (betrifft nur die oberste Schicht der Haut). Glykols\u00e4ure wird h\u00e4ufig verwendet, um Probleme zu l\u00f6sen wie: feine Falten, vergr\u00f6\u00dferte Poren, Hyperpigmentierung, Post-Akne, vergr\u00f6\u00dferte Talgdr\u00fcsen.<br\/>Es dringt leicht in die Haut ein, wo es den physiologischen Zustand der Epidermis beeinflusst. Die Haut beginnt sich aktiv zu erneuern, wird mit Feuchtigkeit versorgt und wird elastisch.<br\/>Dadurch wird ein sch\u00f6ner Hautbild wiederhergestellt, alle Nervosit\u00e4t, F\u00e4ltchen und Akne verschwinden. Aufgrund der oberfl\u00e4chlichen Wirkung erfordert das Glykol-Peeling eine minimale Rehabilitationszeit.<\/li>\n\n\n\n<li><strong>Retinoide gelbes Peeling<\/strong><br\/>Dies ist eines der beliebtesten mittleren Peelings. Das Peeling basiert auf Retinols\u00e4ure, die eine gelbe Farbe hat. Das Verfahren kann bei verschiedenen Hauttypen durchgef\u00fchrt werden und wird bei den ersten Anzeichen von Hautalterung, Hyperpigmentierung und unebener Hautoberfl\u00e4che (Narben) empfohlen.<br\/>Die Retins\u00e4ure ist eine fettl\u00f6sliche S\u00e4ure, ein Antioxidans. Wenn es in die Haut eindringt, wirkt es auf die Epidermis und reguliert die Prozesse der Keratinisierung und Pigmentierung.<br\/>Es stellt die interzellul\u00e4re Matrix wieder her, die mit dem Alter allm\u00e4hlich zerst\u00f6rt wird (und infolgedessen Falten entstehen). Eine der Eigenschaften der Retins\u00e4ure ist, dass sie die Talgabsonderung deutlich reduziert.<br\/>Durch die Behandlung verbessert sich die Blut- und Lymphzirkulation in der Epidermis, die Haut wird gereinigt, wiederhergestellt und erh\u00e4lt ein gesundes und gepflegtes Aussehen.<\/li>\n\n\n\n<li><strong>Milch-Peeling<\/strong><br\/>Dieses Peeling wirkt in den oberfl\u00e4chlichen Schichten der Haut. Sie basiert auf Milchs\u00e4ure, die die Mikrozirkulation des Blutes verbessert, die Zellerneuerung f\u00f6rdert, die Haut verdichtet und mit Feuchtigkeit versorgt. Das Milchpeeling ist weniger traumatisch und hat keine Nebenwirkungen. Das Milchpeeling ist auch f\u00fcr empfindliche Haut geeignet.<br\/>Die Haut wird gegl\u00e4ttet, erh\u00e4lt ein gesundes, lebendiges Aussehen, ihre Spannkraft und Elastizit\u00e4t werden wiederhergestellt. Die in der Zusammensetzung enthaltenen Antioxidantien haben eine entz\u00fcndungshemmende Wirkung, so dass das Verfahren f\u00fcr die Behandlung von Akne wirksam ist.<\/li>\n\n\n\n<li><strong>Akne-Peeling<\/strong><br\/>Es handelt sich um eine professionelle Behandlung in der Praxis des Facharztes mit dem Akne-Pack, mit anschlie\u00dfender Aufrechterhaltung der Ergebnisse zu Hause.<br\/>Mit einem breit angelegten Ansatz, der die verschiedenen Faktoren, die Akne verursachen, abdeckt, k\u00f6nnen die Auswirkungen der zu Akne neigenden Haut erfolgreich kontrolliert und gemildert werden: Reinigung der Follikelkan\u00e4le, Verringerung der Talgproduktion, Kontrolle des Bakterienwachstums, Verringerung von Entz\u00fcndungen, Verringerung der Hyperpigmentierung nach Akne.<br\/>Wenn nach den Eingriffen immer wieder Akne auftritt, liegt das h\u00f6chstwahrscheinlich daran, dass der K\u00f6rper nicht richtig funktioniert. Dann m\u00fcssen Sie sich an einen Therapeuten, Gyn\u00e4kologen oder Endokrinologen wenden. In manchen F\u00e4llen hilft eine Antibiotika- oder Hormontherapie.<\/li>\n\n\n\n<li><strong>Cosmelan Peeling<\/strong><br\/>Das Depigmentierungsprogramm Cosmelan ist ein professionelles Aufhellungsprogramm zur Beseitigung von Pigmentflecken melaninischen Ursprungs auf Gesicht, Hals, Dekollet\u00e9 und H\u00e4nden. Das Programm sorgt f\u00fcr ein dauerhaftes und sp\u00fcrbares Ergebnis &#8211; die Beseitigung von Altersflecken sowie eine verj\u00fcngende Wirkung, die den Teint ausgleicht und die Hautqualit\u00e4t verbessert.<br\/>Dank der Stimulierung der Zellregeneration und der Kapillardurchblutung wird die Haut weicher, glatter und strahlender, und der nat\u00fcrliche Teint verbessert sich. Nach einigen Wochen werden Sie eine Verbesserung des Hautzustands feststellen &#8211; Altersflecken werden heller, die Haut wird strahlend und gleichm\u00e4\u00dfig in der Farbe.<\/li>\n<\/ul>\n\n<h3 class=\"wp-block-heading\">Alles, was Sie \u00fcber die <a href=\"https:\/\/medclinics.com\/de\/klassische-kosmetologie\/\" target=\"_blank\" rel=\"noreferrer noopener\">klassische Kosmetologie<\/a> wissen m\u00fcssen, einschlie\u00dflich Preis, Nachsorge und Heilungsprozess, oder <a href=\"#requestform\">kontaktieren Sie uns<\/a>!<\/h3>\n\n<h2 class=\"wp-block-heading\">FAQ <\/h2>\n<div id=\"rank-math-faq\" class=\"rank-math-block\">\n<div class=\"rank-math-list \">\n<div id=\"faq-question-1685689865914\" class=\"rank-math-list-item\">\n<h3 class=\"rank-math-question \">Was ist ein chemisches Peeling?<\/h3>\n<div class=\"rank-math-answer \">\n\n<p>Chemisches Peeling ist ein Verfahren, bei dem eine chemische L\u00f6sung verwendet wird, um die Haut zu peelen und zu verj\u00fcngen und verschiedene Hautprobleme zu behandeln.<\/p>\n\n<\/div>\n<\/div>\n<div id=\"faq-question-1685689958437\" class=\"rank-math-list-item\">\n<h3 class=\"rank-math-question \">Was ist effektiver: Microneedling oder chemisches Peeling?<\/h3>\n<div class=\"rank-math-answer \">\n\n<p>Microneedling stimuliert die Kollagenproduktion und behandelt bestimmte Narben. Chemische Peelings zielen auf oberfl\u00e4chliche Hautprobleme ab und f\u00f6rdern die Hauterneuerung, so dass die Wahl zwischen den beiden Verfahren von den spezifischen Bed\u00fcrfnissen und Zielen abh\u00e4ngt.<\/p>\n\n<\/div>\n<\/div>\n<div id=\"faq-question-1685689961439\" class=\"rank-math-list-item\">\n<h3 class=\"rank-math-question \">Ist Microneedling oder chemisches Peeling besser f\u00fcr Narben?<\/h3>\n<div class=\"rank-math-answer \">\n\n<p>Sowohl Microneedling als auch chemische Peelings k\u00f6nnen bei der Behandlung bestimmter Narbenarten wirksam sein.<\/p>\n\n<\/div>\n<\/div>\n<\/div>\n<\/div>\n<p><\/p>\n\n<h3 class=\"wp-block-heading\">Kontaktieren Sie uns jetzt, falls Sie Fragen haben!<\/h3>\n","protected":false},"excerpt":{"rendered":"<p>Wenn Sie auf der Suche nach einer M\u00f6glichkeit sind, Ihre Hautzellen zu erneuern und eine sch\u00f6ne Farbe, ein glattes und [&hellip;]<\/p>\n","protected":false},"author":4,"featured_media":161748,"parent":0,"menu_order":0,"comment_status":"closed","ping_status":"closed","template":"","meta":{"site-sidebar-layout":"default","site-content-layout":"","ast-site-content-layout":"default","site-content-style":"default","site-sidebar-style":"default","ast-global-header-display":"","ast-banner-title-visibility":"","ast-main-header-display":"","ast-hfb-above-header-display":"","ast-hfb-below-header-display":"","ast-hfb-mobile-header-display":"","site-post-title":"","ast-breadcrumbs-content":"","ast-featured-img":"","footer-sml-layout":"","ast-disable-related-posts":"","theme-transparent-header-meta":"","adv-header-id-meta":"","stick-header-meta":"","header-above-stick-meta":"","header-main-stick-meta":"","header-below-stick-meta":"","astra-migrate-meta-layouts":"default","ast-page-background-enabled":"default","ast-page-background-meta":{"desktop":{"background-color":"var(--ast-global-color-4)","background-image":"","background-repeat":"repeat","background-position":"center center","background-size":"auto","background-attachment":"scroll","background-type":"","background-media":"","overlay-type":"","overlay-color":"","overlay-opacity":"","overlay-gradient":""},"tablet":{"background-color":"","background-image":"","background-repeat":"repeat","background-position":"center center","background-size":"auto","background-attachment":"scroll","background-type":"","background-media":"","overlay-type":"","overlay-color":"","overlay-opacity":"","overlay-gradient":""},"mobile":{"background-color":"","background-image":"","background-repeat":"repeat","background-position":"center center","background-size":"auto","background-attachment":"scroll","background-type":"","background-media":"","overlay-type":"","overlay-color":"","overlay-opacity":"","overlay-gradient":""}},"ast-content-background-meta":{"desktop":{"background-color":"var(--ast-global-color-5)","background-image":"","background-repeat":"repeat","background-position":"center center","background-size":"auto","background-attachment":"scroll","background-type":"","background-media":"","overlay-type":"","overlay-color":"","overlay-opacity":"","overlay-gradient":""},"tablet":{"background-color":"var(--ast-global-color-5)","background-image":"","background-repeat":"repeat","background-position":"center center","background-size":"auto","background-attachment":"scroll","background-type":"","background-media":"","overlay-type":"","overlay-color":"","overlay-opacity":"","overlay-gradient":""},"mobile":{"background-color":"var(--ast-global-color-5)","background-image":"","background-repeat":"repeat","background-position":"center center","background-size":"auto","background-attachment":"scroll","background-type":"","background-media":"","overlay-type":"","overlay-color":"","overlay-opacity":"","overlay-gradient":""}},"footnotes":""},"class_list":["post-147337","page","type-page","status-publish","has-post-thumbnail","hentry"],"_links":{"self":[{"href":"https:\/\/medclinics.com\/de\/wp-json\/wp\/v2\/pages\/147337","targetHints":{"allow":["GET"]}}],"collection":[{"href":"https:\/\/medclinics.com\/de\/wp-json\/wp\/v2\/pages"}],"about":[{"href":"https:\/\/medclinics.com\/de\/wp-json\/wp\/v2\/types\/page"}],"author":[{"embeddable":true,"href":"https:\/\/medclinics.com\/de\/wp-json\/wp\/v2\/users\/4"}],"replies":[{"embeddable":true,"href":"https:\/\/medclinics.com\/de\/wp-json\/wp\/v2\/comments?post=147337"}],"version-history":[{"count":0,"href":"https:\/\/medclinics.com\/de\/wp-json\/wp\/v2\/pages\/147337\/revisions"}],"wp:featuredmedia":[{"embeddable":true,"href":"https:\/\/medclinics.com\/de\/wp-json\/wp\/v2\/media\/161748"}],"wp:attachment":[{"href":"https:\/\/medclinics.com\/de\/wp-json\/wp\/v2\/media?parent=147337"}],"curies":[{"name":"wp","href":"https:\/\/api.w.org\/{rel}","templated":true}]}}