{"id":147327,"date":"2023-07-17T10:06:34","date_gmt":"2023-07-17T07:06:34","guid":{"rendered":"https:\/\/medclinics.com\/migrane-behandlung\/"},"modified":"2024-04-08T13:48:17","modified_gmt":"2024-04-08T10:48:17","slug":"migrane-behandlung","status":"publish","type":"page","link":"https:\/\/medclinics.com\/de\/migrane-behandlung\/","title":{"rendered":"Migr\u00e4ne-Behandlung"},"content":{"rendered":"\n<h2 class=\"wp-block-heading\">Willkommen im Kampf gegen die Migr\u00e4ne! Leiden Sie auch immer wieder unter diesen schrecklichen Kopfschmerzen? Machen Sie Schluss damit mit der Migr\u00e4ne Behandlung!<\/h2>\n\n<p>Es gibt mehrere wirksame Behandlungen gegen Migr\u00e4ne, die Ihnen helfen, Ihre Beschwerden zu lindern. Eine wirksame Option sind Muskelrelaxantien.<\/p>\n\n<p>Muskelrelaxantien wirken auf das zentrale Nervensystem. Sie verringern Spannungen und Schmerzen in den Muskeln des gesamten K\u00f6rpers. Daher sind sie die ideale Wahl f\u00fcr Migr\u00e4neanf\u00e4lle, bei denen der Nacken oder die Schulter stark betroffen sind, und stellen eine sehr wirksame Methode <a href=\"https:\/\/medclinics.com\/de\/muskelrelaxans\/\" target=\"_blank\" data-type=\"page\" data-id=\"145799\" rel=\"noreferrer noopener\">zur Behandlung von Migr\u00e4ne<\/a> dar.<\/p>\n\n<p>Auch eine \u00c4nderung der Lebensweise und vorbeugende Medikamente k\u00f6nnen hilfreich sein. Manchmal reicht dies jedoch nicht aus und es sind andere Ma\u00dfnahmen erforderlich. Hier kommen Muskelrelaxanzien ins Spiel, die Linderung verschaffen, wenn andere M\u00f6glichkeiten nicht ausreichen.<br\/>Wenn Sie es also nicht mehr ertragen k\u00f6nnen, mit st\u00e4ndigen migr\u00e4nebedingten Kopf- und Nackenschmerzen zu leben, k\u00f6nnte die Therapie mit Muskelrelaxantien die richtige Migr\u00e4nebehandlung f\u00fcr Sie sein!<\/p>\n\n<figure class=\"wp-block-image size-full\"><img fetchpriority=\"high\" decoding=\"async\" width=\"780\" height=\"488\" src=\"https:\/\/medclinics.com\/wp-content\/uploads\/2024\/04\/anti-migraine-treatment-near-me.jpg\" alt=\"Migr&#xE4;ne Behandlung in meiner N&#xE4;he\" class=\"wp-image-161382\" srcset=\"https:\/\/medclinics.com\/wp-content\/uploads\/2024\/04\/anti-migraine-treatment-near-me.jpg 780w, https:\/\/medclinics.com\/wp-content\/uploads\/2024\/04\/anti-migraine-treatment-near-me-300x188.jpg 300w, https:\/\/medclinics.com\/wp-content\/uploads\/2024\/04\/anti-migraine-treatment-near-me-768x480.jpg 768w\" sizes=\"(max-width: 780px) 100vw, 780px\" \/><\/figure>\n\n<h3 class=\"wp-block-heading\">Alles, was Sie \u00fcber <a href=\"https:\/\/medclinics.com\/de\/schonheit\/\" target=\"_blank\" rel=\"noreferrer noopener\">Sch\u00f6nheitsbehandlungen<\/a> wissen m\u00fcssen, einschlie\u00dflich Preis, Nachbehandlung und Heilungsprozess finden Sie hier. Oder <a href=\"#requestform\">kontaktieren Sie uns<\/a>!<\/h3>\n\n<h2 class=\"wp-block-heading\">FAQ <\/h2>\n<div id=\"rank-math-faq\" class=\"rank-math-block\">\n<div class=\"rank-math-list \">\n<div id=\"faq-question-1684851552320\" class=\"rank-math-list-item\">\n<h3 class=\"rank-math-question \">K\u00f6nnen Muskelrelaxanzien die Migr\u00e4ne vollst\u00e4ndig heilen?<\/h3>\n<div class=\"rank-math-answer \">\n\n<p>Muskelrelaxantien gelten nicht als Heilmittel f\u00fcr Migr\u00e4ne. Sie werden in der Regel begleitend zur Behandlung eingesetzt, um Muskelverspannungen und die damit verbundenen Symptome zu lindern. Die Behandlung der Migr\u00e4ne umfasst in der Regel eine Kombination von Ans\u00e4tzen, die auf jeden Einzelnen zugeschnitten sind.<\/p>\n\n<\/div>\n<\/div>\n<div id=\"faq-question-1684851594998\" class=\"rank-math-list-item\">\n<h3 class=\"rank-math-question \">Wie helfen Muskelrelaxanzien bei Migr\u00e4ne?<\/h3>\n<div class=\"rank-math-answer \">\n\n<p>Muskelrelaxanzien wirken, indem sie Muskelverspannungen l\u00f6sen, die zu Migr\u00e4nesymptomen wie Kopf- und Nackenschmerzen beitragen k\u00f6nnen. Durch die Verringerung von Muskelverspannungen k\u00f6nnen diese Medikamente Linderung verschaffen und den Umgang mit Migr\u00e4ne insgesamt verbessern.  <\/p>\n\n<\/div>\n<\/div>\n<div id=\"faq-question-1684851677686\" class=\"rank-math-list-item\">\n<h3 class=\"rank-math-question \">Werden bei Migr\u00e4ne h\u00e4ufig Muskelrelaxantien verschrieben?<\/h3>\n<div class=\"rank-math-answer \">\n\n<p>Es ist nicht \u00fcblich, Muskelrelaxantien als erste Ma\u00dfnahme bei Migr\u00e4ne zu verschreiben. Sie werden in der Regel nur dann empfohlen, wenn sich andere Methoden als unwirksam bei der Behandlung von Symptomen im Zusammenhang mit Muskelverspannungen erwiesen haben oder wenn die Muskeln w\u00e4hrend der Migr\u00e4neepisoden in nennenswertem Umfang beteiligt sind.<\/p>\n\n<\/div>\n<\/div>\n<\/div>\n<\/div>\n<h3 class=\"wp-block-heading\">Kontaktieren Sie uns jetzt, falls Sie Fragen haben!<\/h3>\n","protected":false},"excerpt":{"rendered":"<p>Willkommen im Kampf gegen die Migr\u00e4ne! Leiden Sie auch immer wieder unter diesen schrecklichen Kopfschmerzen? Machen Sie Schluss damit mit [&hellip;]<\/p>\n","protected":false},"author":4,"featured_media":161393,"parent":0,"menu_order":0,"comment_status":"closed","ping_status":"closed","template":"","meta":{"site-sidebar-layout":"default","site-content-layout":"","ast-site-content-layout":"default","site-content-style":"default","site-sidebar-style":"default","ast-global-header-display":"","ast-banner-title-visibility":"","ast-main-header-display":"","ast-hfb-above-header-display":"","ast-hfb-below-header-display":"","ast-hfb-mobile-header-display":"","site-post-title":"","ast-breadcrumbs-content":"","ast-featured-img":"","footer-sml-layout":"","ast-disable-related-posts":"","theme-transparent-header-meta":"","adv-header-id-meta":"","stick-header-meta":"","header-above-stick-meta":"","header-main-stick-meta":"","header-below-stick-meta":"","astra-migrate-meta-layouts":"default","ast-page-background-enabled":"default","ast-page-background-meta":{"desktop":{"background-color":"var(--ast-global-color-4)","background-image":"","background-repeat":"repeat","background-position":"center center","background-size":"auto","background-attachment":"scroll","background-type":"","background-media":"","overlay-type":"","overlay-color":"","overlay-opacity":"","overlay-gradient":""},"tablet":{"background-color":"","background-image":"","background-repeat":"repeat","background-position":"center center","background-size":"auto","background-attachment":"scroll","background-type":"","background-media":"","overlay-type":"","overlay-color":"","overlay-opacity":"","overlay-gradient":""},"mobile":{"background-color":"","background-image":"","background-repeat":"repeat","background-position":"center center","background-size":"auto","background-attachment":"scroll","background-type":"","background-media":"","overlay-type":"","overlay-color":"","overlay-opacity":"","overlay-gradient":""}},"ast-content-background-meta":{"desktop":{"background-color":"var(--ast-global-color-5)","background-image":"","background-repeat":"repeat","background-position":"center center","background-size":"auto","background-attachment":"scroll","background-type":"","background-media":"","overlay-type":"","overlay-color":"","overlay-opacity":"","overlay-gradient":""},"tablet":{"background-color":"var(--ast-global-color-5)","background-image":"","background-repeat":"repeat","background-position":"center center","background-size":"auto","background-attachment":"scroll","background-type":"","background-media":"","overlay-type":"","overlay-color":"","overlay-opacity":"","overlay-gradient":""},"mobile":{"background-color":"var(--ast-global-color-5)","background-image":"","background-repeat":"repeat","background-position":"center center","background-size":"auto","background-attachment":"scroll","background-type":"","background-media":"","overlay-type":"","overlay-color":"","overlay-opacity":"","overlay-gradient":""}},"footnotes":""},"class_list":["post-147327","page","type-page","status-publish","has-post-thumbnail","hentry"],"_links":{"self":[{"href":"https:\/\/medclinics.com\/de\/wp-json\/wp\/v2\/pages\/147327","targetHints":{"allow":["GET"]}}],"collection":[{"href":"https:\/\/medclinics.com\/de\/wp-json\/wp\/v2\/pages"}],"about":[{"href":"https:\/\/medclinics.com\/de\/wp-json\/wp\/v2\/types\/page"}],"author":[{"embeddable":true,"href":"https:\/\/medclinics.com\/de\/wp-json\/wp\/v2\/users\/4"}],"replies":[{"embeddable":true,"href":"https:\/\/medclinics.com\/de\/wp-json\/wp\/v2\/comments?post=147327"}],"version-history":[{"count":0,"href":"https:\/\/medclinics.com\/de\/wp-json\/wp\/v2\/pages\/147327\/revisions"}],"wp:featuredmedia":[{"embeddable":true,"href":"https:\/\/medclinics.com\/de\/wp-json\/wp\/v2\/media\/161393"}],"wp:attachment":[{"href":"https:\/\/medclinics.com\/de\/wp-json\/wp\/v2\/media?parent=147327"}],"curies":[{"name":"wp","href":"https:\/\/api.w.org\/{rel}","templated":true}]}}