{"id":147255,"date":"2023-03-15T10:21:00","date_gmt":"2023-03-15T07:21:00","guid":{"rendered":"https:\/\/medclinics.com\/penisvergroserung-chirurgie\/"},"modified":"2025-01-02T19:03:14","modified_gmt":"2025-01-02T16:03:14","slug":"penisvergroserung-chirurgie","status":"publish","type":"page","link":"https:\/\/medclinics.com\/de\/penisvergroserung-chirurgie\/","title":{"rendered":"Penisvergr\u00f6\u00dferung Chirurgie"},"content":{"rendered":"\n<p>Die Operation zur Penisvergr\u00f6\u00dferung wird auch als Penisvergr\u00f6\u00dferung oder Penisverl\u00e4ngerung bezeichnet. Es handelt sich um einen chirurgischen Eingriff zur Vergr\u00f6\u00dferung des Penis oder seines Umfangs. Dieser elektive Eingriff wird in der Regel von Personen vorgenommen, die mit der Gr\u00f6\u00dfe oder dem Aussehen ihres Penis unzufrieden sind und ihr Selbstvertrauen und ihre sexuelle Befriedigung verbessern m\u00f6chten.<\/p>\n\n<p>Bei der Penisvergr\u00f6\u00dferung werden verschiedene Techniken angewandt, und der spezifische Ansatz kann je nach Chirurg und den Zielen des Patienten variieren. Hier sind ein paar g\u00e4ngige Methoden:<\/p>\n\n<p><strong>Verl\u00e4ngerungsprozeduren:<\/strong> Diese Verfahren zielen darauf ab, die L\u00e4nge des Penis zu vergr\u00f6\u00dfern. Bei einer Technik wird das Band, das die Peniswurzel mit dem Schambein verbindet, gel\u00f6st. Dadurch wird ein Teil des inneren Penis freigelegt und die sichtbare L\u00e4nge m\u00f6glicherweise vergr\u00f6\u00dfert. In einigen F\u00e4llen kann eine Bandrekonstruktion durchgef\u00fchrt werden, um eine zus\u00e4tzliche L\u00e4nge zu erreichen.<\/p>\n\n<p><strong>Verfahren zur Umfangsvergr\u00f6\u00dferung:<\/strong> Diese Verfahren konzentrieren sich auf die Vergr\u00f6\u00dferung des Umfangs oder des Umfangs des Penis. Eine beliebte Methode ist die Injektion von k\u00f6rpereigenem Fett (in der Regel aus Bereichen wie dem Bauch oder den Oberschenkeln) in den Penisschaft. Es kann das Volumen vergr\u00f6\u00dfern und den Umfang erh\u00f6hen.<\/p>\n\n<p>Kombinierte Ans\u00e4tze: Einige Chirurgen k\u00f6nnen eine <strong>Kombination<\/strong> aus Verl\u00e4ngerungs- und <a href=\"https:\/\/en.wikipedia.org\/wiki\/Penis_enlargement\" target=\"_blank\" rel=\"noopener\">Umfangsvergr\u00f6\u00dferungstechniken<\/a> anwenden, um die gew\u00fcnschten Ergebnisse zu erzielen. Dies kann eine Kombination aus B\u00e4nderentfernung, Fetttransfer oder anderen Transplantationstechniken beinhalten.<\/p>\n\n<p>Wenn Sie auf der Suche nach Penisvergr\u00f6\u00dferungsoperationen in der T\u00fcrkei sind, k\u00f6nnen Sie uns einfach kontaktieren!<\/p>\n\n<h2 class=\"wp-block-heading\">Hier ist alles, was Sie \u00fcber <a href=\"https:\/\/medclinics.com\/de\/intimchirurgie\/\" target=\"_blank\" rel=\"noreferrer noopener\">Intimchirurgie<\/a> wissen m\u00fcssen, einschlie\u00dflich Preis, Nachbehandlung und Heilungsprozess, oder <a href=\"#requestform\">kontaktieren Sie uns<\/a>!<\/h2>\n\n<h2 class=\"wp-block-heading\">FAQ<\/h2>\n<div id=\"rank-math-faq\" class=\"rank-math-block\">\n<div class=\"rank-math-list \">\n<div id=\"faq-question-1686823893472\" class=\"rank-math-list-item\">\n<h3 class=\"rank-math-question \">Was ist eine Penisvergr\u00f6\u00dferungsoperation?<\/h3>\n<div class=\"rank-math-answer \">\n\n<p>Die Operation zur Penisvergr\u00f6\u00dferung wird auch als Penisvergr\u00f6\u00dferung oder Penisvergr\u00f6\u00dferung bezeichnet. Der Begriff bezieht sich auf chirurgische Eingriffe, die mit dem Ziel durchgef\u00fchrt werden, den Penis zu vergr\u00f6\u00dfern oder sein Aussehen zu ver\u00e4ndern.<\/p>\n\n<\/div>\n<\/div>\n<div id=\"faq-question-1686823763623\" class=\"rank-math-list-item\">\n<h3 class=\"rank-math-question \">Wie viel kostet eine Penisvergr\u00f6\u00dferungsoperation?<\/h3>\n<div class=\"rank-math-answer \">\n\n<p>Die Kosten f\u00fcr eine Penisvergr\u00f6\u00dferungsoperation liegen in der Regel zwischen 4.000 und 10.000 Euro.<\/p>\n\n<\/div>\n<\/div>\n<div id=\"faq-question-1687159489241\" class=\"rank-math-list-item\">\n<h3 class=\"rank-math-question \">Gibt es nicht-invasive Verfahren, wie z. B. Injektionen, die den Penis vergr\u00f6\u00dfern k\u00f6nnen?<\/h3>\n<div class=\"rank-math-answer \">\n\n<p>Es gibt keine wissenschaftlich nachgewiesenen nicht-invasiven Verfahren, wie z. B. Injektionen, die den Penis dauerhaft vergr\u00f6\u00dfern k\u00f6nnen. Seien Sie vorsichtig mit Behauptungen, die etwas anderes suggerieren, da sie irref\u00fchrend oder potenziell unsicher sein k\u00f6nnen.<\/p>\n\n<\/div>\n<\/div>\n<div id=\"faq-question-1687159491108\" class=\"rank-math-list-item\">\n<h3 class=\"rank-math-question \">Gibt es nat\u00fcrliche Nahrungserg\u00e4nzungsmittel oder Kr\u00e4uter, die eine Penisvergr\u00f6\u00dferung f\u00f6rdern k\u00f6nnen?<\/h3>\n<div class=\"rank-math-answer \">\n\n<p>Es gibt nur wenige wissenschaftliche Beweise f\u00fcr die Wirksamkeit nat\u00fcrlicher Nahrungserg\u00e4nzungsmittel oder Kr\u00e4uter zur F\u00f6rderung einer dauerhaften Penisvergr\u00f6\u00dferung. Es ist wichtig, solchen Behauptungen mit Skepsis zu begegnen und sich vor der Einnahme von Nahrungserg\u00e4nzungsmitteln von medizinischem Fachpersonal beraten zu lassen.<\/p>\n\n<\/div>\n<\/div>\n<div id=\"faq-question-1687159492061\" class=\"rank-math-list-item\">\n<h3 class=\"rank-math-question \">K\u00f6nnen Zugger\u00e4te oder Extender eine dauerhafte Vergr\u00f6\u00dferung des Penis bewirken?<\/h3>\n<div class=\"rank-math-answer \">\n\n<p>Zugger\u00e4te oder Extender k\u00f6nnen eine vor\u00fcbergehende Vergr\u00f6\u00dferung bewirken, indem sie eine konstante Spannung auf den Penis aus\u00fcben. Einige Studien deuten darauf hin, dass sie zu einem leichten, aber nicht signifikanten L\u00e4ngenzuwachs f\u00fchren k\u00f6nnen. Die Langzeitergebnisse und die Sicherheit sind jedoch noch umstritten.<\/p>\n\n<\/div>\n<\/div>\n<div id=\"faq-question-1687159492885\" class=\"rank-math-list-item\">\n<h3 class=\"rank-math-question \">Gibt es bestimmte Lebensmittel oder Di\u00e4ten, die den Penis vergr\u00f6\u00dfern k\u00f6nnen?<\/h3>\n<div class=\"rank-math-answer \">\n\n<p>Es gibt keine speziellen Lebensmittel oder Di\u00e4ten, die wissenschaftlich erwiesenerma\u00dfen die Penisgr\u00f6\u00dfe verbessern. Eine gesunde Ern\u00e4hrung und ein gesunder Lebensstil k\u00f6nnen jedoch zur allgemeinen sexuellen Gesundheit und zum Wohlbefinden beitragen.<\/p>\n\n<\/div>\n<\/div>\n<div id=\"faq-question-1687159574935\" class=\"rank-math-list-item\">\n<h3 class=\"rank-math-question \">Gibt es ein empfohlenes Alter oder einen empfohlenen Zeitpunkt im Leben, um eine Penisvergr\u00f6\u00dferung in Betracht zu ziehen?<\/h3>\n<div class=\"rank-math-answer \">\n\n<p>Die Entscheidung, sich einer Penisvergr\u00f6\u00dferung zu unterziehen, ist eine sehr pers\u00f6nliche Angelegenheit und sollte von den individuellen Bed\u00fcrfnissen und Umst\u00e4nden abh\u00e4ngig gemacht werden. Es ist ratsam, einen qualifizierten Arzt oder Urologen zu konsultieren, der auf Ihre spezielle Situation zugeschnittene Ratschl\u00e4ge geben kann.<\/p>\n\n<\/div>\n<\/div>\n<\/div>\n<\/div>\n<p>\u00a0<\/p>\n\n<h3 class=\"wp-block-heading\">Kontaktieren Sie uns jetzt, falls Sie Fragen haben!<\/h3>\n","protected":false},"excerpt":{"rendered":"<p>Die Operation zur Penisvergr\u00f6\u00dferung wird auch als Penisvergr\u00f6\u00dferung oder Penisverl\u00e4ngerung bezeichnet. Es handelt sich um einen chirurgischen Eingriff zur Vergr\u00f6\u00dferung [&hellip;]<\/p>\n","protected":false},"author":4,"featured_media":94642,"parent":0,"menu_order":0,"comment_status":"closed","ping_status":"closed","template":"","meta":{"site-sidebar-layout":"default","site-content-layout":"","ast-site-content-layout":"default","site-content-style":"default","site-sidebar-style":"default","ast-global-header-display":"","ast-banner-title-visibility":"","ast-main-header-display":"","ast-hfb-above-header-display":"","ast-hfb-below-header-display":"","ast-hfb-mobile-header-display":"","site-post-title":"","ast-breadcrumbs-content":"","ast-featured-img":"","footer-sml-layout":"","ast-disable-related-posts":"","theme-transparent-header-meta":"","adv-header-id-meta":"","stick-header-meta":"","header-above-stick-meta":"","header-main-stick-meta":"","header-below-stick-meta":"","astra-migrate-meta-layouts":"default","ast-page-background-enabled":"default","ast-page-background-meta":{"desktop":{"background-color":"var(--ast-global-color-4)","background-image":"","background-repeat":"repeat","background-position":"center center","background-size":"auto","background-attachment":"scroll","background-type":"","background-media":"","overlay-type":"","overlay-color":"","overlay-opacity":"","overlay-gradient":""},"tablet":{"background-color":"","background-image":"","background-repeat":"repeat","background-position":"center center","background-size":"auto","background-attachment":"scroll","background-type":"","background-media":"","overlay-type":"","overlay-color":"","overlay-opacity":"","overlay-gradient":""},"mobile":{"background-color":"","background-image":"","background-repeat":"repeat","background-position":"center center","background-size":"auto","background-attachment":"scroll","background-type":"","background-media":"","overlay-type":"","overlay-color":"","overlay-opacity":"","overlay-gradient":""}},"ast-content-background-meta":{"desktop":{"background-color":"var(--ast-global-color-5)","background-image":"","background-repeat":"repeat","background-position":"center center","background-size":"auto","background-attachment":"scroll","background-type":"","background-media":"","overlay-type":"","overlay-color":"","overlay-opacity":"","overlay-gradient":""},"tablet":{"background-color":"var(--ast-global-color-5)","background-image":"","background-repeat":"repeat","background-position":"center center","background-size":"auto","background-attachment":"scroll","background-type":"","background-media":"","overlay-type":"","overlay-color":"","overlay-opacity":"","overlay-gradient":""},"mobile":{"background-color":"var(--ast-global-color-5)","background-image":"","background-repeat":"repeat","background-position":"center center","background-size":"auto","background-attachment":"scroll","background-type":"","background-media":"","overlay-type":"","overlay-color":"","overlay-opacity":"","overlay-gradient":""}},"footnotes":""},"class_list":["post-147255","page","type-page","status-publish","has-post-thumbnail","hentry"],"_links":{"self":[{"href":"https:\/\/medclinics.com\/de\/wp-json\/wp\/v2\/pages\/147255","targetHints":{"allow":["GET"]}}],"collection":[{"href":"https:\/\/medclinics.com\/de\/wp-json\/wp\/v2\/pages"}],"about":[{"href":"https:\/\/medclinics.com\/de\/wp-json\/wp\/v2\/types\/page"}],"author":[{"embeddable":true,"href":"https:\/\/medclinics.com\/de\/wp-json\/wp\/v2\/users\/4"}],"replies":[{"embeddable":true,"href":"https:\/\/medclinics.com\/de\/wp-json\/wp\/v2\/comments?post=147255"}],"version-history":[{"count":0,"href":"https:\/\/medclinics.com\/de\/wp-json\/wp\/v2\/pages\/147255\/revisions"}],"wp:featuredmedia":[{"embeddable":true,"href":"https:\/\/medclinics.com\/de\/wp-json\/wp\/v2\/media\/94642"}],"wp:attachment":[{"href":"https:\/\/medclinics.com\/de\/wp-json\/wp\/v2\/media?parent=147255"}],"curies":[{"name":"wp","href":"https:\/\/api.w.org\/{rel}","templated":true}]}}