{"id":147239,"date":"2023-04-18T14:17:26","date_gmt":"2023-04-18T14:17:26","guid":{"rendered":"https:\/\/medclinics.com\/medizinische-und-klinische-methoden-der-kontrolle\/"},"modified":"2024-03-18T13:24:02","modified_gmt":"2024-03-18T13:24:02","slug":"medizinische-und-klinische-methoden-der-kontrolle","status":"publish","type":"page","link":"https:\/\/medclinics.com\/de\/medizinische-und-klinische-methoden-der-kontrolle\/","title":{"rendered":"Medizinische und klinische Methoden der Kontrolle"},"content":{"rendered":"\n<h2 class=\"wp-block-heading\">Es gibt eine ganze Reihe von erschwinglichen medizinischen Untersuchungen, um Ihr Problem zu diagnostizieren, unabh\u00e4ngig davon, welche Ursache es hat.<\/h2>\n\n<p>Tout commence maintenant avec MedClinics !<\/p>\n\n<p>Mit allen Informationen, die Sie ben\u00f6tigen, einer Hilfe bei der Reservierung und einer Unterst\u00fctzung nach der Behandlung, damit Sie sich sp\u00e4ter besser f\u00fchlen.<\/p>\n\n<h2 class=\"wp-block-heading\">Arten von \u00e4rztlichen Untersuchungen :<\/h2>\n<div class=\"jet-listing-grid--blocks   jet-sm-gb-wrapper jet-sm-gb-0cf7b254-192e-43d9-a62c-da60482c3509\"data-element-id=\"0cf7b254-192e-43d9-a62c-da60482c3509\"data-listing-type=\"blocks\"data-is-block=\"jet-engine\/listing-grid\"><div class=\"jet-listing-notice\">Please select listing to show.<\/div><\/div>\n<h2 class=\"wp-block-heading\">Vous trouverez ici les meilleurs bilans de sant\u00e9, nous vous aidons \u00e0 voir :<\/h2>\n<div class=\"jet-listing-grid--blocks   jet-sm-gb-wrapper jet-sm-gb-19a0a5bf-4bb0-4260-967f-9db5f991b642\"data-element-id=\"19a0a5bf-4bb0-4260-967f-9db5f991b642\"data-listing-type=\"blocks\"data-is-block=\"jet-engine\/listing-grid\"><div class=\"jet-listing-notice\">Please select listing to show.<\/div><\/div>\n<h2 class=\"wp-block-heading\">Contactez-nous, notre conseiller patient vous guidera et vous conseillera tout au long du processus !<\/h2>\n\n<p>N&#8217;h\u00e9sitez pas \u00e0 nous contacter pour discuter du traitement que vous pr\u00e9f\u00e9rez pour vos examens m\u00e9dicaux.<br\/>Unsere Berater werden Ihnen die verschiedenen Verfahren erl\u00e4utern, Sie bei der Reservierung unterst\u00fctzen und Ihre Fragen beantworten, um Ihnen zu helfen, eine Klinik zu finden, die am besten auf Ihre speziellen Bed\u00fcrfnisse zugeschnitten ist.<\/p>\n\n<p> <\/p>\n","protected":false},"excerpt":{"rendered":"<p>Es gibt eine ganze Reihe von erschwinglichen medizinischen Untersuchungen, um Ihr Problem zu diagnostizieren, unabh\u00e4ngig davon, welche Ursache es hat. [&hellip;]<\/p>\n","protected":false},"author":4,"featured_media":0,"parent":0,"menu_order":0,"comment_status":"closed","ping_status":"closed","template":"","meta":{"site-sidebar-layout":"default","site-content-layout":"","ast-site-content-layout":"default","site-content-style":"default","site-sidebar-style":"default","ast-global-header-display":"","ast-banner-title-visibility":"","ast-main-header-display":"","ast-hfb-above-header-display":"","ast-hfb-below-header-display":"","ast-hfb-mobile-header-display":"","site-post-title":"","ast-breadcrumbs-content":"","ast-featured-img":"","footer-sml-layout":"","ast-disable-related-posts":"","theme-transparent-header-meta":"","adv-header-id-meta":"","stick-header-meta":"","header-above-stick-meta":"","header-main-stick-meta":"","header-below-stick-meta":"","astra-migrate-meta-layouts":"default","ast-page-background-enabled":"default","ast-page-background-meta":{"desktop":{"background-color":"var(--ast-global-color-4)","background-image":"","background-repeat":"repeat","background-position":"center center","background-size":"auto","background-attachment":"scroll","background-type":"","background-media":"","overlay-type":"","overlay-color":"","overlay-opacity":"","overlay-gradient":""},"tablet":{"background-color":"","background-image":"","background-repeat":"repeat","background-position":"center center","background-size":"auto","background-attachment":"scroll","background-type":"","background-media":"","overlay-type":"","overlay-color":"","overlay-opacity":"","overlay-gradient":""},"mobile":{"background-color":"","background-image":"","background-repeat":"repeat","background-position":"center center","background-size":"auto","background-attachment":"scroll","background-type":"","background-media":"","overlay-type":"","overlay-color":"","overlay-opacity":"","overlay-gradient":""}},"ast-content-background-meta":{"desktop":{"background-color":"var(--ast-global-color-5)","background-image":"","background-repeat":"repeat","background-position":"center center","background-size":"auto","background-attachment":"scroll","background-type":"","background-media":"","overlay-type":"","overlay-color":"","overlay-opacity":"","overlay-gradient":""},"tablet":{"background-color":"var(--ast-global-color-5)","background-image":"","background-repeat":"repeat","background-position":"center center","background-size":"auto","background-attachment":"scroll","background-type":"","background-media":"","overlay-type":"","overlay-color":"","overlay-opacity":"","overlay-gradient":""},"mobile":{"background-color":"var(--ast-global-color-5)","background-image":"","background-repeat":"repeat","background-position":"center center","background-size":"auto","background-attachment":"scroll","background-type":"","background-media":"","overlay-type":"","overlay-color":"","overlay-opacity":"","overlay-gradient":""}},"footnotes":""},"class_list":["post-147239","page","type-page","status-publish","hentry"],"_links":{"self":[{"href":"https:\/\/medclinics.com\/de\/wp-json\/wp\/v2\/pages\/147239","targetHints":{"allow":["GET"]}}],"collection":[{"href":"https:\/\/medclinics.com\/de\/wp-json\/wp\/v2\/pages"}],"about":[{"href":"https:\/\/medclinics.com\/de\/wp-json\/wp\/v2\/types\/page"}],"author":[{"embeddable":true,"href":"https:\/\/medclinics.com\/de\/wp-json\/wp\/v2\/users\/4"}],"replies":[{"embeddable":true,"href":"https:\/\/medclinics.com\/de\/wp-json\/wp\/v2\/comments?post=147239"}],"version-history":[{"count":0,"href":"https:\/\/medclinics.com\/de\/wp-json\/wp\/v2\/pages\/147239\/revisions"}],"wp:attachment":[{"href":"https:\/\/medclinics.com\/de\/wp-json\/wp\/v2\/media?parent=147239"}],"curies":[{"name":"wp","href":"https:\/\/api.w.org\/{rel}","templated":true}]}}