{"id":147185,"date":"2023-05-06T13:15:00","date_gmt":"2023-05-06T10:15:00","guid":{"rendered":"https:\/\/medclinics.com\/klassische-liposuktion\/"},"modified":"2024-12-30T19:30:23","modified_gmt":"2024-12-30T16:30:23","slug":"klassische-liposuktion","status":"publish","type":"page","link":"https:\/\/medclinics.com\/de\/klassische-liposuktion\/","title":{"rendered":"Klassische Liposuktion"},"content":{"rendered":"\n<h2 class=\"wp-block-heading\">Wenn Sie eine vielseitige und m\u00f6glicherweise kosteng\u00fcnstigere Technik bevorzugen, kann die klassische Fettabsaugung eine gute Option sein.<\/h2>\n\n<p>Bei der klassischen Fettabsaugung wird \u00fcbersch\u00fcssiges Fett an bestimmten Stellen des K\u00f6rpers entfernt. Sie wird auch als trockene Liposuktion bezeichnet. Es handelt sich um eine alte Technik der Fettabsaugung.<\/p>\n\n<p>Vor dem Eingriff wird keine Fl\u00fcssigkeit in den Behandlungsbereich injiziert.<\/p>\n\n<p>Der Unterschied zu anderen <a href=\"https:\/\/en.wikipedia.org\/wiki\/Liposuction\" target=\"_blank\" rel=\"noreferrer noopener\">Fettabsaugungstechniken<\/a> besteht darin, dass bei der klassischen Fettabsaugung vor der Fettabsaugung keine Tumeszenzfl\u00fcssigkeit (eine Mischung aus Kochsalzl\u00f6sung, An\u00e4sthetikum und Epinephrin) in den Behandlungsbereich injiziert wird.<\/p>\n\n<p>Die Fettzellen werden also nicht mit Fl\u00fcssigkeit vorbehandelt. Das Verfahren wird an trockenem Fettgewebe durchgef\u00fchrt.<\/p>\n\n<p>Im Vergleich zu anderen Techniken kann es zu einem h\u00f6heren Blutverlust kommen. Diese Methode wird heute im Allgemeinen weniger angewandt, da fortschrittlichere Techniken der Fettabsaugung zur Verf\u00fcgung stehen.<\/p>\n\n<p>Diese fortschrittlicheren Techniken bieten mehr Sicherheit, weniger Blutungen und bessere Ergebnisse.<\/p>\n\n<h3 class=\"wp-block-heading\">Alles, was Sie \u00fcber <a href=\"https:\/\/medclinics.com\/de\/fettabsaugung\/\" target=\"_blank\" rel=\"noreferrer noopener\">Fettabsaugung<\/a> wissen m\u00fcssen, einschlie\u00dflich Preis und mehr, oder <a href=\"#requestform\">kontaktieren Sie uns<\/a>!<\/h3>\n\n<figure class=\"wp-block-image size-full\"><img fetchpriority=\"high\" decoding=\"async\" width=\"960\" height=\"540\" src=\"https:\/\/medclinics.com\/wp-content\/uploads\/2023\/07\/classic-liposuction-near-me.jpg\" alt=\"Klassische Liposuktion in meiner N&#xE4;he Istanbul\" class=\"wp-image-97684\" srcset=\"https:\/\/medclinics.com\/wp-content\/uploads\/2023\/07\/classic-liposuction-near-me.jpg 960w, https:\/\/medclinics.com\/wp-content\/uploads\/2023\/07\/classic-liposuction-near-me-500x281.jpg 500w, https:\/\/medclinics.com\/wp-content\/uploads\/2023\/07\/classic-liposuction-near-me-768x432.jpg 768w, https:\/\/medclinics.com\/wp-content\/uploads\/2023\/07\/classic-liposuction-near-me-24x14.jpg 24w, https:\/\/medclinics.com\/wp-content\/uploads\/2023\/07\/classic-liposuction-near-me-36x20.jpg 36w, https:\/\/medclinics.com\/wp-content\/uploads\/2023\/07\/classic-liposuction-near-me-48x27.jpg 48w\" sizes=\"(max-width: 960px) 100vw, 960px\" \/><\/figure>\n\n<h2 class=\"wp-block-heading\">FAQ<\/h2>\n<div id=\"rank-math-faq\" class=\"rank-math-block\">\n<div class=\"rank-math-list \">\n<div id=\"faq-question-1688647648746\" class=\"rank-math-list-item\">\n<h3 class=\"rank-math-question \">Was ist eine klassische Liposuktion?<\/h3>\n<div class=\"rank-math-answer \">\n\n<p>Sie wird eingesetzt, um \u00fcbersch\u00fcssiges Fett an bestimmten K\u00f6rperstellen zu entfernen. Eine Kan\u00fcle (ein d\u00fcnner Schlauch) wird eingef\u00fchrt und saugt die Fettzellen manuell mit einem vakuum\u00e4hnlichen Ger\u00e4t ab.<\/p>\n\n<\/div>\n<\/div>\n<div id=\"faq-question-1688647653618\" class=\"rank-math-list-item\">\n<h3 class=\"rank-math-question \">Was ist der Unterschied zwischen der Vaser-Liposuktion und der klassischen Fettabsaugung?<\/h3>\n<div class=\"rank-math-answer \">\n\n<p>Bei der Vaser-Liposuktion werden die Fettzellen mit Ultraschall aufgespalten, bevor sie abgesaugt werden, w\u00e4hrend bei der herk\u00f6mmlichen Liposuktion die Fettzellen manuell abgesaugt werden. Die Vaser-Liposuktion bietet mehr Pr\u00e4zision, straffere Haut und eine sanftere Erholung.<\/p>\n\n<\/div>\n<\/div>\n<div id=\"faq-question-1688648255693\" class=\"rank-math-list-item\">\n<h3 class=\"rank-math-question \">Was sind die verschiedenen Arten der Fettabsaugung?<\/h3>\n<div class=\"rank-math-answer \">\n\n<p>Klassische (trockene) Fettabsaugung, Tumeszenz-Liposuktion, Laser-Liposuktion (Smart Lipo) (LAL), Radiofrequenz-Liposuktion, Ultraschall-Liposuktion (UAL), VASER-Liposuktion, Vibrations-Liposuktion (PAL) sind verschiedene Arten der Fettabsaugung.<\/p>\n\n<\/div>\n<\/div>\n<\/div>\n<\/div>\n<p>\u00a0<\/p>\n\n<h3 class=\"wp-block-heading\">Kontaktieren Sie uns jetzt, falls Sie Fragen haben!<\/h3>\n","protected":false},"excerpt":{"rendered":"<p>Wenn Sie eine vielseitige und m\u00f6glicherweise kosteng\u00fcnstigere Technik bevorzugen, kann die klassische Fettabsaugung eine gute Option sein. Bei der klassischen [&hellip;]<\/p>\n","protected":false},"author":4,"featured_media":96298,"parent":0,"menu_order":0,"comment_status":"closed","ping_status":"closed","template":"","meta":{"site-sidebar-layout":"default","site-content-layout":"","ast-site-content-layout":"default","site-content-style":"default","site-sidebar-style":"default","ast-global-header-display":"","ast-banner-title-visibility":"","ast-main-header-display":"","ast-hfb-above-header-display":"","ast-hfb-below-header-display":"","ast-hfb-mobile-header-display":"","site-post-title":"","ast-breadcrumbs-content":"","ast-featured-img":"","footer-sml-layout":"","ast-disable-related-posts":"","theme-transparent-header-meta":"","adv-header-id-meta":"","stick-header-meta":"","header-above-stick-meta":"","header-main-stick-meta":"","header-below-stick-meta":"","astra-migrate-meta-layouts":"default","ast-page-background-enabled":"default","ast-page-background-meta":{"desktop":{"background-color":"var(--ast-global-color-4)","background-image":"","background-repeat":"repeat","background-position":"center center","background-size":"auto","background-attachment":"scroll","background-type":"","background-media":"","overlay-type":"","overlay-color":"","overlay-opacity":"","overlay-gradient":""},"tablet":{"background-color":"","background-image":"","background-repeat":"repeat","background-position":"center center","background-size":"auto","background-attachment":"scroll","background-type":"","background-media":"","overlay-type":"","overlay-color":"","overlay-opacity":"","overlay-gradient":""},"mobile":{"background-color":"","background-image":"","background-repeat":"repeat","background-position":"center center","background-size":"auto","background-attachment":"scroll","background-type":"","background-media":"","overlay-type":"","overlay-color":"","overlay-opacity":"","overlay-gradient":""}},"ast-content-background-meta":{"desktop":{"background-color":"var(--ast-global-color-5)","background-image":"","background-repeat":"repeat","background-position":"center center","background-size":"auto","background-attachment":"scroll","background-type":"","background-media":"","overlay-type":"","overlay-color":"","overlay-opacity":"","overlay-gradient":""},"tablet":{"background-color":"var(--ast-global-color-5)","background-image":"","background-repeat":"repeat","background-position":"center center","background-size":"auto","background-attachment":"scroll","background-type":"","background-media":"","overlay-type":"","overlay-color":"","overlay-opacity":"","overlay-gradient":""},"mobile":{"background-color":"var(--ast-global-color-5)","background-image":"","background-repeat":"repeat","background-position":"center center","background-size":"auto","background-attachment":"scroll","background-type":"","background-media":"","overlay-type":"","overlay-color":"","overlay-opacity":"","overlay-gradient":""}},"footnotes":""},"class_list":["post-147185","page","type-page","status-publish","has-post-thumbnail","hentry"],"_links":{"self":[{"href":"https:\/\/medclinics.com\/de\/wp-json\/wp\/v2\/pages\/147185","targetHints":{"allow":["GET"]}}],"collection":[{"href":"https:\/\/medclinics.com\/de\/wp-json\/wp\/v2\/pages"}],"about":[{"href":"https:\/\/medclinics.com\/de\/wp-json\/wp\/v2\/types\/page"}],"author":[{"embeddable":true,"href":"https:\/\/medclinics.com\/de\/wp-json\/wp\/v2\/users\/4"}],"replies":[{"embeddable":true,"href":"https:\/\/medclinics.com\/de\/wp-json\/wp\/v2\/comments?post=147185"}],"version-history":[{"count":0,"href":"https:\/\/medclinics.com\/de\/wp-json\/wp\/v2\/pages\/147185\/revisions"}],"wp:featuredmedia":[{"embeddable":true,"href":"https:\/\/medclinics.com\/de\/wp-json\/wp\/v2\/media\/96298"}],"wp:attachment":[{"href":"https:\/\/medclinics.com\/de\/wp-json\/wp\/v2\/media?parent=147185"}],"curies":[{"name":"wp","href":"https:\/\/api.w.org\/{rel}","templated":true}]}}