{"id":147173,"date":"2023-05-06T14:01:00","date_gmt":"2023-05-06T11:01:00","guid":{"rendered":"https:\/\/medclinics.com\/tumeszenz-liposuktion\/"},"modified":"2025-01-03T01:46:45","modified_gmt":"2025-01-02T22:46:45","slug":"tumeszenz-liposuktion","status":"publish","type":"page","link":"https:\/\/medclinics.com\/de\/tumeszenz-liposuktion\/","title":{"rendered":"Tumeszenz-Liposuktion"},"content":{"rendered":"\n<h2 class=\"wp-block-heading\">Die Tumeszenz-Fettabsaugung ist aufgrund ihrer Sicherheit, des besseren Komforts, der geringeren Bluterg\u00fcsse und Schwellungen, der pr\u00e4zisen Fettentfernung, der schnelleren Genesung und der Vielseitigkeit bei der Behandlung verschiedener K\u00f6rperregionen die bevorzugte Wahl.<\/h2>\n\n<p>Bei der <a href=\"https:\/\/en.wikipedia.org\/wiki\/Tumescent_liposuction\" target=\"_blank\" rel=\"noreferrer noopener\">Tumeszenzlipo<\/a> wird vor der Fettabsaugung eine sogenannte Tumeszenzfl\u00fcssigkeit in den Behandlungsbereich injiziert. Die Tumeszenzfl\u00fcssigkeit enth\u00e4lt eine Mischung aus Kochsalzl\u00f6sung, Lokalan\u00e4sthetikum und Vasokonstriktor (in der Regel Epinephrin).<\/p>\n\n<p>Diese L\u00f6sung hilft, den Bereich zu bet\u00e4uben, die Blutgef\u00e4\u00dfe zu verengen, um die Blutung zu minimieren, und erleichtert die Entfernung von Fettzellen w\u00e4hrend der Fettabsaugung.<\/p>\n\n<p>Dar\u00fcber hinaus gibt es einige potenzielle Risiken. Dazu geh\u00f6ren Infektionen, Blutungen, Fl\u00fcssigkeitsansammlungen (Serome), Ver\u00e4nderungen des Hautgef\u00fchls, Konturunregelm\u00e4\u00dfigkeiten, Narbenbildung, Hautverf\u00e4rbungen und Hautdellen.<\/p>\n\n<h3 class=\"wp-block-heading\">Alles, was Sie \u00fcber <a href=\"https:\/\/medclinics.com\/de\/plastische-und-asthetische-chirurgie\/\" target=\"_blank\" rel=\"noreferrer noopener\">plastische und \u00e4sthetische Chirurgie<\/a> wissen m\u00fcssen, einschlie\u00dflich Preise und mehr, oder <a href=\"#requestform\">kontaktieren Sie uns<\/a>!<\/h3>\n\n<figure class=\"wp-block-image size-full\"><img fetchpriority=\"high\" decoding=\"async\" width=\"960\" height=\"540\" src=\"https:\/\/medclinics.com\/wp-content\/uploads\/2023\/07\/tumescent-liposuction-near-me.jpg\" alt=\"Tumeszenz-Liposuktion in meiner N&#xE4;he\" class=\"wp-image-97676\" srcset=\"https:\/\/medclinics.com\/wp-content\/uploads\/2023\/07\/tumescent-liposuction-near-me.jpg 960w, https:\/\/medclinics.com\/wp-content\/uploads\/2023\/07\/tumescent-liposuction-near-me-500x281.jpg 500w, https:\/\/medclinics.com\/wp-content\/uploads\/2023\/07\/tumescent-liposuction-near-me-768x432.jpg 768w, https:\/\/medclinics.com\/wp-content\/uploads\/2023\/07\/tumescent-liposuction-near-me-24x14.jpg 24w, https:\/\/medclinics.com\/wp-content\/uploads\/2023\/07\/tumescent-liposuction-near-me-36x20.jpg 36w, https:\/\/medclinics.com\/wp-content\/uploads\/2023\/07\/tumescent-liposuction-near-me-48x27.jpg 48w\" sizes=\"(max-width: 960px) 100vw, 960px\" \/><\/figure>\n\n<h2 class=\"wp-block-heading\">FAQ<\/h2>\n<div id=\"rank-math-faq\" class=\"rank-math-block\">\n<div class=\"rank-math-list \">\n<div id=\"faq-question-1688651278300\" class=\"rank-math-list-item\">\n<h3 class=\"rank-math-question \">Was ist eine Tumeszenzlipo?<\/h3>\n<div class=\"rank-math-answer \">\n\n<p>Die Tumeszenzlipo ist eine Technik zur Fettentfernung, bei der eine L\u00f6sung aus Kochsalzl\u00f6sung, \u00f6rtlicher Bet\u00e4ubung und einem Vasokonstriktor in den Behandlungsbereich injiziert wird.<\/p>\n\n<\/div>\n<\/div>\n<div id=\"faq-question-1688651109737\" class=\"rank-math-list-item\">\n<h3 class=\"rank-math-question \">Ist die Tumeszenz-Liposuktion sicher?<\/h3>\n<div class=\"rank-math-answer \">\n\n<p>Ja, die Tumeszenz-Liposuktion gilt im Allgemeinen als sicher, wenn Sie einen qualifizierten plastischen Chirurgen w\u00e4hlen.<\/p>\n\n<\/div>\n<\/div>\n<div id=\"faq-question-1688651508846\" class=\"rank-math-list-item\">\n<h3 class=\"rank-math-question \">Lohnt sich eine Tumeszenz-Liposuktion?<\/h3>\n<div class=\"rank-math-answer \">\n\n<p>Wir k\u00f6nnen ja sagen. Sie kann von Vorteil sein, wenn Sie \u00fcbersch\u00fcssiges Fett entfernen, die K\u00f6rperkontur verbessern und ein besseres \u00e4sthetisches Ergebnis erzielen m\u00f6chten.<\/p>\n\n<\/div>\n<\/div>\n<div id=\"faq-question-1688651510057\" class=\"rank-math-list-item\">\n<h3 class=\"rank-math-question \">Ist die Tumeszenz-Liposuktion wirksam?<\/h3>\n<div class=\"rank-math-answer \">\n\n<p>Ja, es ist eine wirksame Methode, um \u00fcbersch\u00fcssiges Fett zu entfernen und die K\u00f6rperkontur zu verbessern.<\/p>\n\n<\/div>\n<\/div>\n<\/div>\n<\/div>\n<p>\u00a0<\/p>\n\n<h3 class=\"wp-block-heading\">Kontaktieren Sie uns jetzt, falls Sie Fragen haben!<\/h3>\n","protected":false},"excerpt":{"rendered":"<p>Die Tumeszenz-Fettabsaugung ist aufgrund ihrer Sicherheit, des besseren Komforts, der geringeren Bluterg\u00fcsse und Schwellungen, der pr\u00e4zisen Fettentfernung, der schnelleren Genesung [&hellip;]<\/p>\n","protected":false},"author":4,"featured_media":96315,"parent":0,"menu_order":0,"comment_status":"closed","ping_status":"closed","template":"","meta":{"site-sidebar-layout":"default","site-content-layout":"","ast-site-content-layout":"default","site-content-style":"default","site-sidebar-style":"default","ast-global-header-display":"","ast-banner-title-visibility":"","ast-main-header-display":"","ast-hfb-above-header-display":"","ast-hfb-below-header-display":"","ast-hfb-mobile-header-display":"","site-post-title":"","ast-breadcrumbs-content":"","ast-featured-img":"","footer-sml-layout":"","ast-disable-related-posts":"","theme-transparent-header-meta":"","adv-header-id-meta":"","stick-header-meta":"","header-above-stick-meta":"","header-main-stick-meta":"","header-below-stick-meta":"","astra-migrate-meta-layouts":"default","ast-page-background-enabled":"default","ast-page-background-meta":{"desktop":{"background-color":"var(--ast-global-color-4)","background-image":"","background-repeat":"repeat","background-position":"center center","background-size":"auto","background-attachment":"scroll","background-type":"","background-media":"","overlay-type":"","overlay-color":"","overlay-opacity":"","overlay-gradient":""},"tablet":{"background-color":"","background-image":"","background-repeat":"repeat","background-position":"center center","background-size":"auto","background-attachment":"scroll","background-type":"","background-media":"","overlay-type":"","overlay-color":"","overlay-opacity":"","overlay-gradient":""},"mobile":{"background-color":"","background-image":"","background-repeat":"repeat","background-position":"center center","background-size":"auto","background-attachment":"scroll","background-type":"","background-media":"","overlay-type":"","overlay-color":"","overlay-opacity":"","overlay-gradient":""}},"ast-content-background-meta":{"desktop":{"background-color":"var(--ast-global-color-5)","background-image":"","background-repeat":"repeat","background-position":"center center","background-size":"auto","background-attachment":"scroll","background-type":"","background-media":"","overlay-type":"","overlay-color":"","overlay-opacity":"","overlay-gradient":""},"tablet":{"background-color":"var(--ast-global-color-5)","background-image":"","background-repeat":"repeat","background-position":"center center","background-size":"auto","background-attachment":"scroll","background-type":"","background-media":"","overlay-type":"","overlay-color":"","overlay-opacity":"","overlay-gradient":""},"mobile":{"background-color":"var(--ast-global-color-5)","background-image":"","background-repeat":"repeat","background-position":"center center","background-size":"auto","background-attachment":"scroll","background-type":"","background-media":"","overlay-type":"","overlay-color":"","overlay-opacity":"","overlay-gradient":""}},"footnotes":""},"class_list":["post-147173","page","type-page","status-publish","has-post-thumbnail","hentry"],"_links":{"self":[{"href":"https:\/\/medclinics.com\/de\/wp-json\/wp\/v2\/pages\/147173","targetHints":{"allow":["GET"]}}],"collection":[{"href":"https:\/\/medclinics.com\/de\/wp-json\/wp\/v2\/pages"}],"about":[{"href":"https:\/\/medclinics.com\/de\/wp-json\/wp\/v2\/types\/page"}],"author":[{"embeddable":true,"href":"https:\/\/medclinics.com\/de\/wp-json\/wp\/v2\/users\/4"}],"replies":[{"embeddable":true,"href":"https:\/\/medclinics.com\/de\/wp-json\/wp\/v2\/comments?post=147173"}],"version-history":[{"count":0,"href":"https:\/\/medclinics.com\/de\/wp-json\/wp\/v2\/pages\/147173\/revisions"}],"wp:featuredmedia":[{"embeddable":true,"href":"https:\/\/medclinics.com\/de\/wp-json\/wp\/v2\/media\/96315"}],"wp:attachment":[{"href":"https:\/\/medclinics.com\/de\/wp-json\/wp\/v2\/media?parent=147173"}],"curies":[{"name":"wp","href":"https:\/\/api.w.org\/{rel}","templated":true}]}}