{"id":147161,"date":"2023-05-06T14:51:00","date_gmt":"2023-05-06T11:51:00","guid":{"rendered":"https:\/\/medclinics.com\/laserlipolyse-smart-lipo-lal\/"},"modified":"2025-01-02T16:25:27","modified_gmt":"2025-01-02T13:25:27","slug":"laserlipolyse-smart-lipo-lal","status":"publish","type":"page","link":"https:\/\/medclinics.com\/de\/laserlipolyse-smart-lipo-lal\/","title":{"rendered":"Laserlipolyse &#8211; Smart Lipo &#8211; LAL"},"content":{"rendered":"\n<h2 class=\"wp-block-heading\">Wenn Sie auf der Suche nach m\u00f6glichen Hautstraffungseffekten, weniger Unannehmlichkeiten und Vielseitigkeit bei der Behandlung verschiedener K\u00f6rperbereiche sind, ist die Laserlipolyse die beste Wahl.<\/h2>\n\n<p>Die <a href=\"https:\/\/en.wikipedia.org\/wiki\/Liposuction\" target=\"_blank\" rel=\"noreferrer noopener\">Laserlipolyse<\/a> ist allgemein auch als Smart Lipo oder Laser-assistierte Liposuktion (LAL) bekannt. Sie nutzt Laserenergie, um \u00fcbersch\u00fcssiges Fett an bestimmten K\u00f6rperstellen zu entfernen.<\/p>\n\n<p>Bei diesem Verfahren wird ein kleiner Schnitt gemacht. In die Behandlungsregion wird eine d\u00fcnne Kan\u00fcle mit einer Laserfaser eingef\u00fchrt. Es wird Laserenergie erzeugt. Dadurch erhitzen sich die Fettzellen und verfl\u00fcssigen sich.<\/p>\n\n<p>Dadurch lassen sie sich leichter entfernen. Anschlie\u00dfend wird das verfl\u00fcssigte Fett mit einer Kan\u00fcle entnommen. Die Laserenergie hilft auch, die Kollagenproduktion anzuregen, was zu einer Straffung und Konturierung der Haut f\u00fchrt.<\/p>\n\n<p>Zu den m\u00f6glichen Risiken geh\u00f6ren Infektionen, Verbrennungen, Schwellungen und Bluterg\u00fcsse, Unregelm\u00e4\u00dfigkeiten oder ungleichm\u00e4\u00dfige Ergebnisse, Narbenbildung, Ver\u00e4nderungen des Hautgef\u00fchls, Serom- oder H\u00e4matombildung, Hautverbrennungen und unerw\u00fcnschte Reaktionen auf die An\u00e4sthesie.<\/p>\n\n<h3 class=\"wp-block-heading\">Alles, was Sie \u00fcber <a href=\"https:\/\/medclinics.com\/de\/plastische-und-asthetische-chirurgie\/\" target=\"_blank\" rel=\"noreferrer noopener\">plastische und \u00e4sthetische Chirurgie<\/a> wissen m\u00fcssen, einschlie\u00dflich Behandlungsplan und mehr, oder <a href=\"#requestform\">kontaktieren Sie uns<\/a>!<\/h3>\n\n<figure class=\"wp-block-image size-full\"><img fetchpriority=\"high\" decoding=\"async\" width=\"960\" height=\"540\" class=\"wp-image-97668\" src=\"https:\/\/medclinics.com\/wp-content\/uploads\/2023\/07\/laser-liposuction-smart-lipo-near-me.jpg\" alt=\"Laserlipolyse \/ Smart Lipo in meiner N&#xE4;he\" srcset=\"https:\/\/medclinics.com\/wp-content\/uploads\/2023\/07\/laser-liposuction-smart-lipo-near-me.jpg 960w, https:\/\/medclinics.com\/wp-content\/uploads\/2023\/07\/laser-liposuction-smart-lipo-near-me-500x281.jpg 500w, https:\/\/medclinics.com\/wp-content\/uploads\/2023\/07\/laser-liposuction-smart-lipo-near-me-768x432.jpg 768w, https:\/\/medclinics.com\/wp-content\/uploads\/2023\/07\/laser-liposuction-smart-lipo-near-me-24x14.jpg 24w, https:\/\/medclinics.com\/wp-content\/uploads\/2023\/07\/laser-liposuction-smart-lipo-near-me-36x20.jpg 36w, https:\/\/medclinics.com\/wp-content\/uploads\/2023\/07\/laser-liposuction-smart-lipo-near-me-48x27.jpg 48w\" sizes=\"(max-width: 960px) 100vw, 960px\" \/><\/figure>\n\n<h2 class=\"wp-block-heading\">FAQ<\/h2>\n<div id=\"rank-math-faq\" class=\"rank-math-block\">\n<div class=\"rank-math-list \">\n<div id=\"faq-question-1688653554492\" class=\"rank-math-list-item\">\n<h3 class=\"rank-math-question \">Funktioniert die Laserlipolyse?<\/h3>\n<div class=\"rank-math-answer \">\n\n<p>Ja, sie kann wirksam sein. Sie entfernt \u00fcbersch\u00fcssiges Fett, indem sie mit Hilfe von Laserenergie Fettzellen aufbricht und verfl\u00fcssigt. Sie kann die K\u00f6rperkontur verbessern und m\u00f6glicherweise die Haut straffen.<\/p>\n\n<\/div>\n<\/div>\n<div id=\"faq-question-1688653427802\" class=\"rank-math-list-item\">\n<h3 class=\"rank-math-question \">Ist die Laser-Liposuktion schmerzhaft?<\/h3>\n<div class=\"rank-math-answer \">\n\n<p>Die Laser-Fettabsaugung (oder Laser-assistierte Fettabsaugung) verursacht im Vergleich zur herk\u00f6mmlichen Fettabsaugung weniger Unannehmlichkeiten. Der Grund daf\u00fcr ist die gezielte Laserenergie, die dazu beitragen kann, die Fettzellen schonender abzubauen.<\/p>\n\n<\/div>\n<\/div>\n<div id=\"faq-question-1688653553385\" class=\"rank-math-list-item\">\n<h3 class=\"rank-math-question \">Lohnt sich eine Laserlipolyse?<\/h3>\n<div class=\"rank-math-answer \">\n\n<p>Ja, es kann sich lohnen, wenn Sie eine pr\u00e4zisere Fettentfernung, eine m\u00f6gliche Hautstraffung und weniger Beschwerden w\u00fcnschen.<\/p>\n\n<\/div>\n<\/div>\n<div id=\"faq-question-1688653555396\" class=\"rank-math-list-item\">\n<h3 class=\"rank-math-question \">Ist Laserlipo gef\u00e4hrlich?<\/h3>\n<div class=\"rank-math-answer \">\n\n<p>Es ist im Allgemeinen sicher. Es gibt jedoch einige potenzielle Risiken. Dazu geh\u00f6ren Infektionen, Verbrennungen, Schwellungen, Konturunregelm\u00e4\u00dfigkeiten, Narbenbildung und Ver\u00e4nderungen des Hautgef\u00fchls.<\/p>\n\n<\/div>\n<\/div>\n<\/div>\n<\/div>\n<p>\u00a0<\/p>\n\n<h3 class=\"wp-block-heading\">Kontaktieren Sie uns jetzt, falls Sie Fragen haben!<\/h3>\n","protected":false},"excerpt":{"rendered":"<p>Wenn Sie auf der Suche nach m\u00f6glichen Hautstraffungseffekten, weniger Unannehmlichkeiten und Vielseitigkeit bei der Behandlung verschiedener K\u00f6rperbereiche sind, ist die [&hellip;]<\/p>\n","protected":false},"author":4,"featured_media":96335,"parent":0,"menu_order":0,"comment_status":"closed","ping_status":"closed","template":"","meta":{"site-sidebar-layout":"default","site-content-layout":"","ast-site-content-layout":"default","site-content-style":"default","site-sidebar-style":"default","ast-global-header-display":"","ast-banner-title-visibility":"","ast-main-header-display":"","ast-hfb-above-header-display":"","ast-hfb-below-header-display":"","ast-hfb-mobile-header-display":"","site-post-title":"","ast-breadcrumbs-content":"","ast-featured-img":"","footer-sml-layout":"","ast-disable-related-posts":"","theme-transparent-header-meta":"","adv-header-id-meta":"","stick-header-meta":"","header-above-stick-meta":"","header-main-stick-meta":"","header-below-stick-meta":"","astra-migrate-meta-layouts":"default","ast-page-background-enabled":"default","ast-page-background-meta":{"desktop":{"background-color":"var(--ast-global-color-4)","background-image":"","background-repeat":"repeat","background-position":"center center","background-size":"auto","background-attachment":"scroll","background-type":"","background-media":"","overlay-type":"","overlay-color":"","overlay-opacity":"","overlay-gradient":""},"tablet":{"background-color":"","background-image":"","background-repeat":"repeat","background-position":"center center","background-size":"auto","background-attachment":"scroll","background-type":"","background-media":"","overlay-type":"","overlay-color":"","overlay-opacity":"","overlay-gradient":""},"mobile":{"background-color":"","background-image":"","background-repeat":"repeat","background-position":"center center","background-size":"auto","background-attachment":"scroll","background-type":"","background-media":"","overlay-type":"","overlay-color":"","overlay-opacity":"","overlay-gradient":""}},"ast-content-background-meta":{"desktop":{"background-color":"var(--ast-global-color-5)","background-image":"","background-repeat":"repeat","background-position":"center center","background-size":"auto","background-attachment":"scroll","background-type":"","background-media":"","overlay-type":"","overlay-color":"","overlay-opacity":"","overlay-gradient":""},"tablet":{"background-color":"var(--ast-global-color-5)","background-image":"","background-repeat":"repeat","background-position":"center center","background-size":"auto","background-attachment":"scroll","background-type":"","background-media":"","overlay-type":"","overlay-color":"","overlay-opacity":"","overlay-gradient":""},"mobile":{"background-color":"var(--ast-global-color-5)","background-image":"","background-repeat":"repeat","background-position":"center center","background-size":"auto","background-attachment":"scroll","background-type":"","background-media":"","overlay-type":"","overlay-color":"","overlay-opacity":"","overlay-gradient":""}},"footnotes":""},"class_list":["post-147161","page","type-page","status-publish","has-post-thumbnail","hentry"],"_links":{"self":[{"href":"https:\/\/medclinics.com\/de\/wp-json\/wp\/v2\/pages\/147161","targetHints":{"allow":["GET"]}}],"collection":[{"href":"https:\/\/medclinics.com\/de\/wp-json\/wp\/v2\/pages"}],"about":[{"href":"https:\/\/medclinics.com\/de\/wp-json\/wp\/v2\/types\/page"}],"author":[{"embeddable":true,"href":"https:\/\/medclinics.com\/de\/wp-json\/wp\/v2\/users\/4"}],"replies":[{"embeddable":true,"href":"https:\/\/medclinics.com\/de\/wp-json\/wp\/v2\/comments?post=147161"}],"version-history":[{"count":0,"href":"https:\/\/medclinics.com\/de\/wp-json\/wp\/v2\/pages\/147161\/revisions"}],"wp:featuredmedia":[{"embeddable":true,"href":"https:\/\/medclinics.com\/de\/wp-json\/wp\/v2\/media\/96335"}],"wp:attachment":[{"href":"https:\/\/medclinics.com\/de\/wp-json\/wp\/v2\/media?parent=147161"}],"curies":[{"name":"wp","href":"https:\/\/api.w.org\/{rel}","templated":true}]}}