{"id":147141,"date":"2023-04-30T08:17:00","date_gmt":"2023-04-30T05:17:00","guid":{"rendered":"https:\/\/medclinics.com\/neurologie-2\/"},"modified":"2025-01-02T17:04:26","modified_gmt":"2025-01-02T14:04:26","slug":"neurologie-2","status":"publish","type":"page","link":"https:\/\/medclinics.com\/de\/neurologie-2\/","title":{"rendered":"Neurologie"},"content":{"rendered":"\n<p>Die Neurologie ist ein Teilgebiet der Medizin, das sich mit Erkrankungen des Nervensystems befasst.<\/p>\n\n<div class=\"wp-block-rank-math-toc-block\" id=\"rank-math-toc\"><h2>Inhaltsverzeichnis<\/h2><nav><ul><li><a href=\"#so-what-is\">Was ist also<\/a><\/li><li><a href=\"#treatment-plan\">Behandlungsplan<\/a><\/li><li><a href=\"#aftercare-healing-process\">Nachsorge &amp; Heilungsprozess<\/a><\/li><li><a href=\"#top-neurosurgery-costs-by-country\">Die h\u00f6chsten Kosten f\u00fcr Neurochirurgie nach Land<\/a><\/li><li><a href=\"#faq\">FAQ<\/a><\/li><li><a href=\"#history\">Geschichte<\/a><\/li><li><a href=\"#most-common-neurological-diseases\">Die h\u00e4ufigsten neurologischen Krankheiten<\/a><\/li><\/ul><\/nav><\/div>\n\n<h2 class=\"wp-block-heading\" id=\"so-what-is\">Was ist also<\/h2>\n\n<ul class=\"wp-block-list\">\n<li>Die <a href=\"https:\/\/en.wikipedia.org\/wiki\/Neurology\" target=\"_blank\" rel=\"noreferrer noopener\">Neurologie<\/a> umfasst das Verst\u00e4ndnis der Struktur und Funktion des Nervensystems.<\/li>\n\n\n\n<li>Neurologen beurteilen Krankheiten wie Schlaganfall, Epilepsie, Multiple Sklerose, Parkinson, Alzheimer, Hirntumore, Neuropathien und verschiedene andere Erkrankungen.<\/li>\n<\/ul>\n\n<figure class=\"wp-block-image size-full\"><img fetchpriority=\"high\" decoding=\"async\" width=\"960\" height=\"540\" src=\"https:\/\/medclinics.com\/wp-content\/uploads\/2023\/07\/neurology-in-turkey.jpg\" alt=\"Neurologie in der T&#xFC;rkei\" class=\"wp-image-96579\" srcset=\"https:\/\/medclinics.com\/wp-content\/uploads\/2023\/07\/neurology-in-turkey.jpg 960w, https:\/\/medclinics.com\/wp-content\/uploads\/2023\/07\/neurology-in-turkey-500x281.jpg 500w, https:\/\/medclinics.com\/wp-content\/uploads\/2023\/07\/neurology-in-turkey-768x432.jpg 768w, https:\/\/medclinics.com\/wp-content\/uploads\/2023\/07\/neurology-in-turkey-24x14.jpg 24w, https:\/\/medclinics.com\/wp-content\/uploads\/2023\/07\/neurology-in-turkey-36x20.jpg 36w, https:\/\/medclinics.com\/wp-content\/uploads\/2023\/07\/neurology-in-turkey-48x27.jpg 48w\" sizes=\"(max-width: 960px) 100vw, 960px\" \/><\/figure>\n\n<h2 class=\"wp-block-heading\" id=\"treatment-plan\">Behandlungsplan<\/h2>\n<div id=\"rank-math-faq\" class=\"rank-math-block\">\n<div class=\"rank-math-list \">\n<div id=\"faq-question-1687243757886\" class=\"rank-math-list-item\">\n<h3 class=\"rank-math-question \">1. Tag<\/h3>\n<div class=\"rank-math-answer \">\n\n<p>Sie treffen sich mit dem Neurologen.<br \/>Es wird eine umfassende k\u00f6rperliche Untersuchung durchgef\u00fchrt, um die neurologischen Funktionen festzustellen.<br \/>Je nach den Ergebnissen der ersten Untersuchung kann der Neurologe spezielle diagnostische Tests wie Blutuntersuchungen, bildgebende Untersuchungen (z. B. MRT- oder CT-Scans), Elektroenzephalographie (EEG) und Elektromyographie (EMG) anfordern.<\/p>\n\n<\/div>\n<\/div>\n<div id=\"faq-question-1687243965281\" class=\"rank-math-list-item\">\n<h3 class=\"rank-math-question \">2. Tag<\/h3>\n<div class=\"rank-math-answer \">\n\n<p>Nach Pr\u00fcfung der Krankengeschichte und der Testergebnisse stellt der Neurologe eine Diagnose und bespricht sie mit Ihnen.<br \/>Auf der Grundlage der Diagnose stellt der Neurologe die verf\u00fcgbaren Behandlungsm\u00f6glichkeiten vor, wie z. B. Medikamente, \u00c4nderung der Lebensweise, physikalische Therapie, Besch\u00e4ftigungstherapie, Sprachtherapie. <br \/>In einigen F\u00e4llen kann der Neurologe den Patienten an andere Spezialisten \u00fcberweisen.<br \/>Der Neurologe wird regelm\u00e4\u00dfige Nachsorgetermine vereinbaren.<br \/>Falls erforderlich, wird ein Neurochirurg, der den Eingriff durchf\u00fchrt, den Prozess fortsetzen.<\/p>\n\n<\/div>\n<\/div>\n<\/div>\n<\/div>\n<h3 class=\"wp-block-heading\" id=\"mammoplasty-for\">Neurologie f\u00fcr:<\/h3>\n\n<ul class=\"wp-block-list\">\n<li>Personen mit neurologischen Symptomen<\/li>\n\n\n\n<li>Personen mit Schlaganfall oder zerebrovaskul\u00e4ren Erkrankungen<\/li>\n\n\n\n<li>Menschen mit Epilepsie<\/li>\n\n\n\n<li>Menschen mit Bewegungsst\u00f6rungen wie der Parkinson-Krankheit, essentiellem Tremor, Dystonie und der Huntington-Krankheit<\/li>\n\n\n\n<li>Menschen mit Multipler Sklerose (MS)<\/li>\n\n\n\n<li>Personen mit neuromuskul\u00e4ren Erkrankungen wie peripheren Neuropathien, Myasthenia gravis, amyotropher Lateralsklerose (ALS) und Muskeldystrophien<\/li>\n\n\n\n<li>Menschen mit Kopfschmerzen und Migr\u00e4ne<\/li>\n\n\n\n<li>Menschen mit neurodegenerativen Erkrankungen<\/li>\n\n\n\n<li>Personen mit Hirntumoren oder neuroonkologischen Erkrankungen<\/li>\n\n\n\n<li>Personen mit Schlafst\u00f6rungen<\/li>\n\n\n\n<li>Personen mit peripheren Nervenverletzungen oder Kompressionssyndromen<\/li>\n\n\n\n<li>Personen mit autoimmunen neurologischen Erkrankungen wie Guillain-Barr\u00e9-Syndrom, Neuromyelitis optica usw.<\/li>\n<\/ul>\n\n<h3 class=\"wp-block-heading\" id=\"mammoplasty-duration\">Neurochirurgie Dauer:<\/h3>\n\n<ul class=\"wp-block-list\">\n<li>Eine Kraniotomie ist ein chirurgischer Eingriff. Dabei wird der Sch\u00e4del ge\u00f6ffnet, um Zugang zum Gehirn zu erhalten. Die Dauer einer Kraniotomie kann von einigen Stunden bis zu mehreren Stunden variieren, je nach Zweck des Eingriffs, z. B. Entfernung eines Tumors, Ausschneiden eines Aneurysmas oder Behandlung einer Epilepsie.<\/li>\n\n\n\n<li>Bei der Wirbels\u00e4ulenversteifung werden zwei oder mehr Wirbel der Wirbels\u00e4ule zusammengef\u00fcgt, um Stabilit\u00e4t zu erreichen und Schmerzen zu lindern. Die Dauer kann zwischen einigen Stunden und mehreren Stunden variieren.<\/li>\n\n\n\n<li>Die Tiefe Hirnstimulation (DBS) ist eine chirurgische Behandlung von Bewegungsst\u00f6rungen wie der Parkinson-Krankheit oder dem essentiellen Tremor. Die Dauer kann variieren, betr\u00e4gt aber in der Regel zwischen drei und sechs Stunden.<\/li>\n\n\n\n<li>Bei der dekompressiven Kraniektomie wird ein Teil des Sch\u00e4dels entfernt, um den Druck auf das Gehirn bei schweren traumatischen Hirnverletzungen oder Schlaganf\u00e4llen zu verringern. Ihre Dauer kann von einer bis zu mehreren Stunden variieren.<\/li>\n<\/ul>\n\n<h3 class=\"wp-block-heading\" id=\"mammoplasty-recovery-timeline\">Zeitplan f\u00fcr die Genesung in der Neurochirurgie:<\/h3>\n\n<ul class=\"wp-block-list\">\n<li>Die erste Erholungsphase nach einer Kraniotomie umfasst in der Regel einen Krankenhausaufenthalt von einigen Tagen bis zu einer Woche. Die vollst\u00e4ndige Genesung kann mehrere Wochen bis Monate dauern, wobei die ersten Wochen mehrere Tage dauern.<\/li>\n\n\n\n<li>Nach einer Wirbels\u00e4ulenversteifungsoperation k\u00f6nnen die Patienten einige Tage oder l\u00e4nger im Krankenhaus bleiben. Der Genesungsprozess kann einige Wochen bis Monate dauern.<\/li>\n\n\n\n<li>Die Genesungszeit nach einer DBS-Operation kann variieren, aber die meisten Patienten m\u00fcssen mit einem Krankenhausaufenthalt von ein bis zwei Tagen rechnen. In den folgenden Wochen und Monaten k\u00f6nnen die Stimulationseinstellungen angepasst werden, um die Symptomkontrolle zu optimieren.<\/li>\n\n\n\n<li>Die anf\u00e4ngliche Genesung nach einer dekompressiven Kraniektomie erfordert in der Regel einen Aufenthalt auf der Intensivstation zur engmaschigen \u00dcberwachung. Die Dauer des Krankenhausaufenthalts kann sehr unterschiedlich sein. Die Dauer der Genesung kann von einigen Wochen bis zu Monaten variieren, mit st\u00e4ndigen Folgeterminen und Kontrollen.<\/li>\n<\/ul>\n\n<h3 class=\"wp-block-heading\" id=\"possible-risks-for-mammoplasty\">M\u00f6gliche Risiken f\u00fcr die Neurochirurgie:<\/h3>\n\n<ul class=\"wp-block-list\">\n<li>Infektion<\/li>\n\n\n\n<li>Blutungen<\/li>\n\n\n\n<li>Blutgerinnsel<\/li>\n<\/ul>\n\n<h2 class=\"wp-block-heading\" id=\"aftercare-healing-process\">Nachsorge &amp; Heilungsprozess<\/h2>\n<div id=\"rank-math-faq\" class=\"rank-math-block\">\n<div class=\"rank-math-list \">\n<div id=\"faq-question-1687246219267\" class=\"rank-math-list-item\">\n<h3 class=\"rank-math-question \">Nachsorge<\/h3>\n<div class=\"rank-math-answer \">\n\n<p>Die Pflege nach einem neurochirurgischen Eingriff ist sehr wichtig, um eine erfolgreiche Genesung zu gew\u00e4hrleisten und Komplikationen zu minimieren. Die Anweisungen f\u00fcr die postoperative Versorgung variieren je nach Art der durchgef\u00fchrten Operation, aber es gibt einige allgemeine \u00dcberlegungen, die ber\u00fccksichtigt werden sollten.  <br \/>Nach der Operation verbringen die Patienten in der Regel einige Zeit zur \u00dcberwachung und Erholung im Krankenhaus. Es werden Medikamente verschrieben, um Schmerzen zu lindern, Infektionen vorzubeugen und bestimmte Erkrankungen oder Symptome im Zusammenhang mit der Operation zu behandeln. Die richtige Pflege der chirurgischen Inzision ist von entscheidender Bedeutung, dazu geh\u00f6rt auch, dass sie sauber gehalten und die Anweisungen f\u00fcr den Verband befolgt werden. Es kann sein, dass Aktivit\u00e4tseinschr\u00e4nkungen empfohlen werden, und es ist wichtig, diese einzuhalten, um die Heilung zu f\u00f6rdern.  <br \/>Es werden Folgetermine anberaumt, um die Fortschritte zu \u00fcberwachen und gegebenenfalls Anpassungen am Behandlungsplan vorzunehmen. Zur Wiederherstellung von Kraft und Funktion kann eine Rehabilitation oder Physiotherapie empfohlen werden. Selbstf\u00fcrsorge wie eine gesunde Ern\u00e4hrung, Schmerzbew\u00e4ltigung, ausreichende Ruhe und notwendige \u00c4nderungen der Lebensweise k\u00f6nnen die Genesung unterst\u00fctzen. Es ist wichtig, Anzeichen von Komplikationen wie verst\u00e4rkte Schmerzen, Schwellungen oder Fieber zu erkennen, und Bedenken sollten sofort dem Gesundheitsdienstleister gemeldet werden.<br \/>Wir werden auch den Prozess als <a href=\"https:\/\/medclinics.com\/de\/\" target=\"u0022_blanku0022\" rel=\"u0022noreferrer\">MedClinics<\/a> verfolgen. Wir bieten Ihnen ein Jahr lang eine Beratung an. Wenn Sie Fragen haben, k\u00f6nnen Sie unsere Mitarbeiter 24\/7 kontaktieren.<\/p>\n\n<\/div>\n<\/div>\n<div id=\"faq-question-1687246224487\" class=\"rank-math-list-item\">\n<h3 class=\"rank-math-question \">Heilungsprozess<\/h3>\n<div class=\"rank-math-answer \">\n\n<p>Die Erholungszeit nach einem neurochirurgischen Eingriff kann sehr unterschiedlich sein. Die unmittelbare postoperative Phase umfasst einen Krankenhausaufenthalt von einigen Tagen bis zu einer Woche. Die oberfl\u00e4chliche Heilung der Inzisionsstelle dauert in der Regel etwa 1 bis 2 Wochen, die vollst\u00e4ndige Heilung der Inzision und des darunter liegenden Gewebes kann jedoch mehrere Wochen bis Monate dauern. Die Schmerzbehandlung ist ein wichtiger Aspekt der Genesung, und w\u00e4hrend sich akute postoperative Schmerzen innerhalb der ersten Wochen deutlich bessern, kann eine vollst\u00e4ndige Schmerzlinderung mehrere Wochen bis Monate dauern.  <br \/>Die k\u00f6rperliche Genesung kann in der Regel mehrere Wochen bis Monate dauern, je nach Art des Eingriffs und der Notwendigkeit einer Physiotherapie oder Rehabilitation. Die neurologische Genesung ist sehr individuell und kann sich \u00fcber einen langen Zeitraum hinziehen, da es Wochen bis Monate dauert, bis sich das Nervensystem angepasst und erholt hat.<\/p>\n\n<\/div>\n<\/div>\n<\/div>\n<\/div>\n<figure class=\"wp-block-image size-full\"><img decoding=\"async\" width=\"960\" height=\"540\" src=\"https:\/\/medclinics.com\/wp-content\/uploads\/2023\/07\/neurology-in-turkey-2.jpg\" alt=\"Neurologie in der T&#xFC;rkei 2\" class=\"wp-image-96586\" srcset=\"https:\/\/medclinics.com\/wp-content\/uploads\/2023\/07\/neurology-in-turkey-2.jpg 960w, https:\/\/medclinics.com\/wp-content\/uploads\/2023\/07\/neurology-in-turkey-2-500x281.jpg 500w, https:\/\/medclinics.com\/wp-content\/uploads\/2023\/07\/neurology-in-turkey-2-768x432.jpg 768w, https:\/\/medclinics.com\/wp-content\/uploads\/2023\/07\/neurology-in-turkey-2-24x14.jpg 24w, https:\/\/medclinics.com\/wp-content\/uploads\/2023\/07\/neurology-in-turkey-2-36x20.jpg 36w, https:\/\/medclinics.com\/wp-content\/uploads\/2023\/07\/neurology-in-turkey-2-48x27.jpg 48w\" sizes=\"(max-width: 960px) 100vw, 960px\" \/><\/figure>\n\n<h2 class=\"wp-block-heading\" id=\"top-neurosurgery-costs-by-country\">Die h\u00f6chsten Kosten f\u00fcr Neurochirurgie nach Land<\/h2>\n\n<p>Die Kosten f\u00fcr einen neurochirurgischen Eingriff h\u00e4ngen von der Erfahrung des Chirurgen, der angewandten Technik, der von Ihnen gew\u00e4hlten Klinik oder dem Krankenhaus und Ihrem individuellen Gesundheitszustand ab.<br\/>Die unten aufgef\u00fchrten Preise sollen Ihnen eine ungef\u00e4hre Vorstellung vermitteln und sind kein endg\u00fcltiges Angebot. Ihr MedClincs-Berater wird Sie gerne \u00fcber die Einzelheiten informieren.<\/p>\n\n<figure class=\"wp-block-table\"><table><thead><tr><th>Land <\/th><th>Preis  <\/th><th>Bewertung<\/th><\/tr><\/thead><tbody><tr><td>T\u00fcrkiye (T\u00fcrkei)<\/td><td>~ \u20ac8,500-\u20ac21,000<\/td><td>\u2605\u2605\u2605\u2605\u2605<\/td><\/tr><tr><td>Litauen<\/td><td>~ \u20ac6,800-\u20ac15,300<\/td><td>\u2605\u2605<\/td><\/tr><tr><td>Polen<\/td><td>~ \u20ac6,800-\u20ac17,000<\/td><td>\u2605\u2605<\/td><\/tr><tr><td>USA<\/td><td>~ \u20ac25,500-\u20ac85,000<\/td><td>\u2605\u2605\u2605<\/td><\/tr><tr><td>Deutschland<\/td><td>~ \u20ac17,000-\u20ac34,000<\/td><td>\u2605\u2605<\/td><\/tr><\/tbody><\/table><\/figure>\n\n<h2 class=\"wp-block-heading\" id=\"faq\">FAQ<\/h2>\n<div id=\"rank-math-faq\" class=\"rank-math-block\">\n<div class=\"rank-math-list \">\n<div id=\"faq-question-1687247366787\" class=\"rank-math-list-item\">\n<h3 class=\"rank-math-question \">Was bedeutet Neurologie?<\/h3>\n<div class=\"rank-math-answer \">\n\n<p>Die Neurologie ist ein medizinisches Fachgebiet, das sich mit der Diagnose und Behandlung von Erkrankungen des Nervensystems befasst. Sie steht in Zusammenhang mit dem Gehirn, dem R\u00fcckenmark und den peripheren Nerven.<\/p>\n\n<\/div>\n<\/div>\n<div id=\"faq-question-1687247368529\" class=\"rank-math-list-item\">\n<h3 class=\"rank-math-question \">Wie wird eine neurologische Untersuchung durchgef\u00fchrt?<\/h3>\n<div class=\"rank-math-answer \">\n\n<p>Eine neurologische Untersuchung umfasst eine Reihe von Tests und Beurteilungen zur Beurteilung der Funktion des Nervensystems. Sie umfasst die Erhebung der Krankengeschichte, eine k\u00f6rperliche Untersuchung zur Pr\u00fcfung der Reflexe, der Muskelkraft, der Koordination und der Empfindung. Auch die kognitiven Funktionen und die Hirnnerven werden untersucht. Je nach Befund k\u00f6nnen zus\u00e4tzliche Untersuchungen wie Bildgebung oder Bluttests angeordnet werden. Die Untersuchung hilft, Anomalien zu erkennen, weitere Untersuchungen zu veranlassen und Behandlungsentscheidungen zu treffen.<\/p>\n\n<\/div>\n<\/div>\n<div id=\"faq-question-1687247370036\" class=\"rank-math-list-item\">\n<h3 class=\"rank-math-question \">Was macht die Neurologie?<\/h3>\n<div class=\"rank-math-answer \">\n\n<p>Die Neurologie befasst sich mit der Diagnose, der Behandlung und dem Management von St\u00f6rungen des Nervensystems. Neurologen f\u00fchren Untersuchungen durch, ordnen Tests an und entwickeln Behandlungspl\u00e4ne f\u00fcr Krankheiten wie Schlaganfall, Epilepsie, Demenz, Parkinson und andere. Sie arbeiten eng mit anderen medizinischen Fachkr\u00e4ften zusammen und betreiben Forschung, um das Verst\u00e4ndnis und die Behandlungsm\u00f6glichkeiten zu verbessern.<\/p>\n\n<\/div>\n<\/div>\n<div id=\"faq-question-1687247371282\" class=\"rank-math-list-item\">\n<h3 class=\"rank-math-question \">Wie wird die Neurochirurgie durchgef\u00fchrt?<\/h3>\n<div class=\"rank-math-answer \">\n\n<p>Neurochirurgische Eingriffe werden von erfahrenen Neurochirurgen mit fortschrittlichen Techniken und Ger\u00e4ten durchgef\u00fchrt. Dabei wird in der Regel ein Schnitt gesetzt, der Zugang zum Zielgebiet im Gehirn oder in der Wirbels\u00e4ule geschaffen, der notwendige chirurgische Eingriff durchgef\u00fchrt und der Schnitt anschlie\u00dfend verschlossen. Der Eingriff wird unter Vollnarkose durchgef\u00fchrt, und der Patient erh\u00e4lt eine postoperative Betreuung, um eine gute Erholung zu gew\u00e4hrleisten. Die spezifischen Verfahren und Techniken variieren je nach der zu behandelnden Erkrankung.<\/p>\n\n<\/div>\n<\/div>\n<div id=\"faq-question-1687247373503\" class=\"rank-math-list-item\">\n<h3 class=\"rank-math-question \">Warum lohnt sich die Neurochirurgie?<\/h3>\n<div class=\"rank-math-answer \">\n\n<p>Die Neurochirurgie ist wertvoll, weil sie schwerwiegende neurologische Erkrankungen wirksam behandeln, die Lebensqualit\u00e4t verbessern, neurologische Funktionen erhalten oder wiederherstellen, fortschrittliche diagnostische und therapeutische M\u00f6glichkeiten nutzen, einen multidisziplin\u00e4ren Ansatz anwenden und sich die Fortschritte der Technologie und der Techniken zunutze machen kann. Die Entscheidung f\u00fcr einen neurochirurgischen Eingriff sollte in Absprache mit einem Neurochirurgen getroffen werden, wobei die m\u00f6glichen Vorteile und Risiken je nach den individuellen Umst\u00e4nden abzuw\u00e4gen sind.<\/p>\n\n<\/div>\n<\/div>\n<div id=\"faq-question-1687247374559\" class=\"rank-math-list-item\">\n<h3 class=\"rank-math-question \">Was sind die h\u00e4ufigsten Gr\u00fcnde f\u00fcr einen neurochirurgischen Eingriff?<\/h3>\n<div class=\"rank-math-answer \">\n\n<p>Zu den h\u00e4ufigsten Gr\u00fcnden f\u00fcr neurochirurgische Eingriffe geh\u00f6ren Hirntumore, Wirbels\u00e4ulenerkrankungen, Schlaganfall, Hydrocephalus, Epilepsie, traumatische Hirnverletzungen, Aneurysmen und Gef\u00e4\u00dffehlbildungen sowie Bewegungsst\u00f6rungen.<\/p>\n\n<\/div>\n<\/div>\n<div id=\"faq-question-1687247376916\" class=\"rank-math-list-item\">\n<h3 class=\"rank-math-question \">Was macht ein Neurochirurg?<\/h3>\n<div class=\"rank-math-answer \">\n\n<p>Neurochirurgen diagnostizieren und behandeln Erkrankungen des Nervensystems durch komplexe chirurgische Verfahren. Sie entwickeln Behandlungspl\u00e4ne, arbeiten mit einem multidisziplin\u00e4ren Team zusammen, f\u00fchren Operationen durch und sorgen f\u00fcr die postoperative Betreuung. Ihr Ziel ist es, die Symptome zu lindern, die Funktion wiederherzustellen und das allgemeine Wohlbefinden von Patienten mit neurologischen Erkrankungen zu verbessern.<\/p>\n\n<\/div>\n<\/div>\n<div id=\"faq-question-1687247377749\" class=\"rank-math-list-item\">\n<h3 class=\"rank-math-question \">Welches Land ist das beste f\u00fcr die Neurochirurgie?<\/h3>\n<div class=\"rank-math-answer \">\n\n<p>Die Vereinigten Staaten, Deutschland, Kanada, das Vereinigte K\u00f6nigreich, die Schweiz, Japan und die T\u00fcrkei geh\u00f6ren zu den besten L\u00e4ndern f\u00fcr die Neurochirurgie, da sie \u00fcber fortschrittliche medizinische Einrichtungen, gut ausgebildete Neurochirurgen und ausgezeichnete Versorgungsstandards verf\u00fcgen.<\/p>\n\n<\/div>\n<\/div>\n<div id=\"faq-question-1687247379489\" class=\"rank-math-list-item\">\n<h3 class=\"rank-math-question \">Ist die Neurochirurgie gef\u00e4hrlich?<\/h3>\n<div class=\"rank-math-answer \">\n\n<p>Die Neurochirurgie birgt einige Risiken, gilt aber aufgrund der Fortschritte bei den Operationstechniken und der Pflege im Allgemeinen als sicher. Neurochirurgen sind bestens ausgebildet, um Risiken zu minimieren und die Sicherheit der Patienten zu gew\u00e4hrleisten.<\/p>\n\n<\/div>\n<\/div>\n<div id=\"faq-question-1687247380737\" class=\"rank-math-list-item\">\n<h3 class=\"rank-math-question \">Wie hoch ist die Erfolgsquote bei neurochirurgischen Eingriffen?<\/h3>\n<div class=\"rank-math-answer \">\n\n<p>Die Erfolgsquote bei neurochirurgischen Eingriffen ist je nach Verfahren und den spezifischen Umst\u00e4nden sehr unterschiedlich. Die Erfolgsquote bei neurochirurgischen Eingriffen liegt jedoch zwischen 70 % und 90 % oder h\u00f6her.<\/p>\n\n<\/div>\n<\/div>\n<\/div>\n<\/div>\n<h2 class=\"wp-block-heading\" id=\"history\">Geschichte<\/h2>\n\n<h3 class=\"wp-block-heading\" id=\"breast-surgeries-have-been-documented-for-centuries-although-mostly-on-men\">Die Neurologie hat eine reiche Geschichte, die bis zu den alten Zivilisationen zur\u00fcckreicht.  <\/h3>\n\n<p>Bedeutende Entwicklungen gab es in der Renaissance und in der Zeit der Aufkl\u00e4rung, und das 19. Jahrhundert war Zeuge wichtiger Durchbr\u00fcche durch Namen wie Jean-Martin Charcot. Das 20. Jahrhundert brachte mit der Entwicklung von bildgebenden Verfahren der Neurologie und chirurgischen Eingriffen bedeutende Fortschritte. In den letzten Jahren gab es Fortschritte in der Genetik und Molekularbiologie. Heute umfasst die Neurologie eine Vielzahl von Subspezialit\u00e4ten und entwickelt sich durch kontinuierliche Forschung und interdisziplin\u00e4re Zusammenarbeit st\u00e4ndig weiter.<\/p>\n\n<h2 class=\"wp-block-heading\" id=\"most-common-neurological-diseases\">Die h\u00e4ufigsten neurologischen Krankheiten<\/h2>\n","protected":false},"excerpt":{"rendered":"<p>Die Neurologie ist ein Teilgebiet der Medizin, das sich mit Erkrankungen des Nervensystems befasst. Was ist also Behandlungsplan Neurologie f\u00fcr: [&hellip;]<\/p>\n","protected":false},"author":4,"featured_media":98725,"parent":0,"menu_order":0,"comment_status":"closed","ping_status":"closed","template":"","meta":{"site-sidebar-layout":"default","site-content-layout":"","ast-site-content-layout":"default","site-content-style":"default","site-sidebar-style":"default","ast-global-header-display":"","ast-banner-title-visibility":"","ast-main-header-display":"","ast-hfb-above-header-display":"","ast-hfb-below-header-display":"","ast-hfb-mobile-header-display":"","site-post-title":"","ast-breadcrumbs-content":"","ast-featured-img":"","footer-sml-layout":"","ast-disable-related-posts":"","theme-transparent-header-meta":"","adv-header-id-meta":"","stick-header-meta":"","header-above-stick-meta":"","header-main-stick-meta":"","header-below-stick-meta":"","astra-migrate-meta-layouts":"default","ast-page-background-enabled":"default","ast-page-background-meta":{"desktop":{"background-color":"var(--ast-global-color-4)","background-image":"","background-repeat":"repeat","background-position":"center center","background-size":"auto","background-attachment":"scroll","background-type":"","background-media":"","overlay-type":"","overlay-color":"","overlay-opacity":"","overlay-gradient":""},"tablet":{"background-color":"","background-image":"","background-repeat":"repeat","background-position":"center center","background-size":"auto","background-attachment":"scroll","background-type":"","background-media":"","overlay-type":"","overlay-color":"","overlay-opacity":"","overlay-gradient":""},"mobile":{"background-color":"","background-image":"","background-repeat":"repeat","background-position":"center center","background-size":"auto","background-attachment":"scroll","background-type":"","background-media":"","overlay-type":"","overlay-color":"","overlay-opacity":"","overlay-gradient":""}},"ast-content-background-meta":{"desktop":{"background-color":"var(--ast-global-color-5)","background-image":"","background-repeat":"repeat","background-position":"center center","background-size":"auto","background-attachment":"scroll","background-type":"","background-media":"","overlay-type":"","overlay-color":"","overlay-opacity":"","overlay-gradient":""},"tablet":{"background-color":"var(--ast-global-color-5)","background-image":"","background-repeat":"repeat","background-position":"center center","background-size":"auto","background-attachment":"scroll","background-type":"","background-media":"","overlay-type":"","overlay-color":"","overlay-opacity":"","overlay-gradient":""},"mobile":{"background-color":"var(--ast-global-color-5)","background-image":"","background-repeat":"repeat","background-position":"center center","background-size":"auto","background-attachment":"scroll","background-type":"","background-media":"","overlay-type":"","overlay-color":"","overlay-opacity":"","overlay-gradient":""}},"footnotes":""},"class_list":["post-147141","page","type-page","status-publish","has-post-thumbnail","hentry"],"_links":{"self":[{"href":"https:\/\/medclinics.com\/de\/wp-json\/wp\/v2\/pages\/147141","targetHints":{"allow":["GET"]}}],"collection":[{"href":"https:\/\/medclinics.com\/de\/wp-json\/wp\/v2\/pages"}],"about":[{"href":"https:\/\/medclinics.com\/de\/wp-json\/wp\/v2\/types\/page"}],"author":[{"embeddable":true,"href":"https:\/\/medclinics.com\/de\/wp-json\/wp\/v2\/users\/4"}],"replies":[{"embeddable":true,"href":"https:\/\/medclinics.com\/de\/wp-json\/wp\/v2\/comments?post=147141"}],"version-history":[{"count":0,"href":"https:\/\/medclinics.com\/de\/wp-json\/wp\/v2\/pages\/147141\/revisions"}],"wp:featuredmedia":[{"embeddable":true,"href":"https:\/\/medclinics.com\/de\/wp-json\/wp\/v2\/media\/98725"}],"wp:attachment":[{"href":"https:\/\/medclinics.com\/de\/wp-json\/wp\/v2\/media?parent=147141"}],"curies":[{"name":"wp","href":"https:\/\/api.w.org\/{rel}","templated":true}]}}