{"id":147127,"date":"2023-05-05T08:28:00","date_gmt":"2023-05-05T05:28:00","guid":{"rendered":"https:\/\/medclinics.com\/endoskopische-bauchdeckenplastik\/"},"modified":"2024-04-01T14:47:03","modified_gmt":"2024-04-01T11:47:03","slug":"endoskopische-bauchdeckenplastik","status":"publish","type":"page","link":"https:\/\/medclinics.com\/de\/endoskopische-bauchdeckenplastik\/","title":{"rendered":"Endoskopische Bauchdeckenplastik"},"content":{"rendered":"\n<h2 class=\"wp-block-heading\">Die endoskopische Bauchdeckenstraffung kann eine ideale Option f\u00fcr Sie sein, wenn Sie eine leichte bis mittelschwere Erschlaffung des Bauches haben.<\/h2>\n\n<p>Die endoskopische Bauchdeckenplastik wird auch als Endo-Bauchdeckenstraffung bezeichnet. Sie wird eingesetzt, um die Bauchmuskeln zu straffen und zu formen sowie \u00fcbersch\u00fcssiges Fett und Haut zu entfernen. Sie erfolgt \u00fcber kleine Schnitte und mit Hilfe eines Endoskops, an dem eine Kamera angebracht ist.<\/p>\n\n<p>W\u00e4hrend des Eingriffs f\u00fchrt der Chirurg kleine Schnitte durch. Dann f\u00fchrt er das Endoskop durch diese Einschnitte ein, um die Bauchmuskeln und -gewebe sichtbar zu machen und zu erreichen.<\/p>\n\n<p>Das Endoskop erm\u00f6glicht einen klaren Blick auf die darunter liegenden Strukturen. Dies erm\u00f6glicht dem Chirurgen, die Muskeln zu straffen und \u00fcbersch\u00fcssiges Fett und Gewebe nach Bedarf zu entfernen.<\/p>\n\n<p>Die endoskopische Bauchdeckenstraffung wird in der Regel bei leichter bis mittelschwerer Erschlaffung des Bauches und lokalisierten Fettablagerungen eingesetzt. Im Vergleich zur traditionellen <a href=\"https:\/\/en.wikipedia.org\/wiki\/Abdominoplasty\" target=\"_blank\" rel=\"noreferrer noopener\">Bauchdeckenplastik<\/a> hat sie Vorteile wie kleinere Schnitte, weniger Narben und eine k\u00fcrzere Erholungszeit.<\/p>\n\n<h3 class=\"wp-block-heading\">Alles, was Sie \u00fcber <a href=\"https:\/\/medclinics.com\/de\/plastische-und-asthetische-chirurgie\/\" target=\"_blank\" rel=\"noreferrer noopener\">plastische und \u00e4sthetische Chirurgie<\/a> wissen m\u00fcssen, einschlie\u00dflich Preis, Nachbehandlung und mehr, oder <a href=\"#requestform\">kontaktieren Sie uns<\/a>!<\/h3>\n\n<figure class=\"wp-block-image size-full\"><img fetchpriority=\"high\" decoding=\"async\" width=\"960\" height=\"540\" src=\"https:\/\/medclinics.com\/wp-content\/uploads\/2023\/07\/endoscopic-abdominoplasty-near-me.jpg\" alt=\"Endoskopische Bauchdeckenplastik in meiner N&#xE4;he\" class=\"wp-image-97735\" srcset=\"https:\/\/medclinics.com\/wp-content\/uploads\/2023\/07\/endoscopic-abdominoplasty-near-me.jpg 960w, https:\/\/medclinics.com\/wp-content\/uploads\/2023\/07\/endoscopic-abdominoplasty-near-me-500x281.jpg 500w, https:\/\/medclinics.com\/wp-content\/uploads\/2023\/07\/endoscopic-abdominoplasty-near-me-768x432.jpg 768w, https:\/\/medclinics.com\/wp-content\/uploads\/2023\/07\/endoscopic-abdominoplasty-near-me-24x14.jpg 24w, https:\/\/medclinics.com\/wp-content\/uploads\/2023\/07\/endoscopic-abdominoplasty-near-me-36x20.jpg 36w, https:\/\/medclinics.com\/wp-content\/uploads\/2023\/07\/endoscopic-abdominoplasty-near-me-48x27.jpg 48w\" sizes=\"(max-width: 960px) 100vw, 960px\" \/><\/figure>\n\n<h2 class=\"wp-block-heading\">FAQ<\/h2>\n<div id=\"rank-math-faq\" class=\"rank-math-block\">\n<div class=\"rank-math-list \">\n<div id=\"faq-question-1684841914568\" class=\"rank-math-list-item\">\n<h3 class=\"rank-math-question \">Was ist eine endoskopische Abdominoplastik?<\/h3>\n<div class=\"rank-math-answer \">\n\n<p>Die endoskopische Bauchdeckenplastik ist eine kosmetische Operation. Dabei werden kleine Schnitte und ein Endoskop verwendet, um das Aussehen des Bauches zu verbessern. Dadurch werden die Muskeln gestrafft und \u00fcbersch\u00fcssiges Fett und Haut reduziert.<\/p>\n\n<\/div>\n<\/div>\n<div id=\"faq-question-1684841997742\" class=\"rank-math-list-item\">\n<h3 class=\"rank-math-question \">Wie viel kostet eine endoskopische Bauchdeckenstraffung?<\/h3>\n<div class=\"rank-math-answer \">\n\n<p>Im Allgemeinen liegen die Kosten zwischen 8.000 und 15.000 Dollar. F\u00fcr weitere Informationen \u00fcber bestimmte Preise k\u00f6nnen Sie uns kontaktieren.<\/p>\n\n<\/div>\n<\/div>\n<\/div>\n<\/div>\n<p>\u00a0<\/p>\n\n<h3 class=\"wp-block-heading\">Kontaktieren Sie uns jetzt, falls Sie Fragen haben!<\/h3>\n","protected":false},"excerpt":{"rendered":"<p>Die endoskopische Bauchdeckenstraffung kann eine ideale Option f\u00fcr Sie sein, wenn Sie eine leichte bis mittelschwere Erschlaffung des Bauches haben. [&hellip;]<\/p>\n","protected":false},"author":4,"featured_media":96175,"parent":0,"menu_order":0,"comment_status":"closed","ping_status":"closed","template":"","meta":{"site-sidebar-layout":"default","site-content-layout":"","ast-site-content-layout":"default","site-content-style":"default","site-sidebar-style":"default","ast-global-header-display":"","ast-banner-title-visibility":"","ast-main-header-display":"","ast-hfb-above-header-display":"","ast-hfb-below-header-display":"","ast-hfb-mobile-header-display":"","site-post-title":"","ast-breadcrumbs-content":"","ast-featured-img":"","footer-sml-layout":"","ast-disable-related-posts":"","theme-transparent-header-meta":"","adv-header-id-meta":"","stick-header-meta":"","header-above-stick-meta":"","header-main-stick-meta":"","header-below-stick-meta":"","astra-migrate-meta-layouts":"default","ast-page-background-enabled":"default","ast-page-background-meta":{"desktop":{"background-color":"var(--ast-global-color-4)","background-image":"","background-repeat":"repeat","background-position":"center center","background-size":"auto","background-attachment":"scroll","background-type":"","background-media":"","overlay-type":"","overlay-color":"","overlay-opacity":"","overlay-gradient":""},"tablet":{"background-color":"","background-image":"","background-repeat":"repeat","background-position":"center center","background-size":"auto","background-attachment":"scroll","background-type":"","background-media":"","overlay-type":"","overlay-color":"","overlay-opacity":"","overlay-gradient":""},"mobile":{"background-color":"","background-image":"","background-repeat":"repeat","background-position":"center center","background-size":"auto","background-attachment":"scroll","background-type":"","background-media":"","overlay-type":"","overlay-color":"","overlay-opacity":"","overlay-gradient":""}},"ast-content-background-meta":{"desktop":{"background-color":"var(--ast-global-color-5)","background-image":"","background-repeat":"repeat","background-position":"center center","background-size":"auto","background-attachment":"scroll","background-type":"","background-media":"","overlay-type":"","overlay-color":"","overlay-opacity":"","overlay-gradient":""},"tablet":{"background-color":"var(--ast-global-color-5)","background-image":"","background-repeat":"repeat","background-position":"center center","background-size":"auto","background-attachment":"scroll","background-type":"","background-media":"","overlay-type":"","overlay-color":"","overlay-opacity":"","overlay-gradient":""},"mobile":{"background-color":"var(--ast-global-color-5)","background-image":"","background-repeat":"repeat","background-position":"center center","background-size":"auto","background-attachment":"scroll","background-type":"","background-media":"","overlay-type":"","overlay-color":"","overlay-opacity":"","overlay-gradient":""}},"footnotes":""},"class_list":["post-147127","page","type-page","status-publish","has-post-thumbnail","hentry"],"_links":{"self":[{"href":"https:\/\/medclinics.com\/de\/wp-json\/wp\/v2\/pages\/147127","targetHints":{"allow":["GET"]}}],"collection":[{"href":"https:\/\/medclinics.com\/de\/wp-json\/wp\/v2\/pages"}],"about":[{"href":"https:\/\/medclinics.com\/de\/wp-json\/wp\/v2\/types\/page"}],"author":[{"embeddable":true,"href":"https:\/\/medclinics.com\/de\/wp-json\/wp\/v2\/users\/4"}],"replies":[{"embeddable":true,"href":"https:\/\/medclinics.com\/de\/wp-json\/wp\/v2\/comments?post=147127"}],"version-history":[{"count":0,"href":"https:\/\/medclinics.com\/de\/wp-json\/wp\/v2\/pages\/147127\/revisions"}],"wp:featuredmedia":[{"embeddable":true,"href":"https:\/\/medclinics.com\/de\/wp-json\/wp\/v2\/media\/96175"}],"wp:attachment":[{"href":"https:\/\/medclinics.com\/de\/wp-json\/wp\/v2\/media?parent=147127"}],"curies":[{"name":"wp","href":"https:\/\/api.w.org\/{rel}","templated":true}]}}