{"id":147113,"date":"2023-05-04T14:45:00","date_gmt":"2023-05-04T11:45:00","guid":{"rendered":"https:\/\/medclinics.com\/fleur-de-lis-bauchdeckenplastik\/"},"modified":"2024-04-01T14:58:26","modified_gmt":"2024-04-01T11:58:26","slug":"fleur-de-lis-bauchdeckenplastik","status":"publish","type":"page","link":"https:\/\/medclinics.com\/de\/fleur-de-lis-bauchdeckenplastik\/","title":{"rendered":"Fleur de Lis Bauchdeckenplastik"},"content":{"rendered":"\n<h2 class=\"wp-block-heading\">Wenn Sie \u00fcbersch\u00fcssige Haut und Fett in Ihrem Bauchbereich nicht nur horizontal, sondern auch vertikal haben, kann die Fleur de Lis Abdominoplastik die beste Behandlungsoption f\u00fcr Sie sein.<\/h2>\n\n<p>Bei der Fleur de lis-Bauchdeckenstraffung werden \u00fcbersch\u00fcssige Haut und Fett aus dem Bauchbereich entfernt. Zus\u00e4tzlich zu dem traditionellen horizontalen Schnitt, der bei einer Standard-Bauchstraffung verwendet wird, wird ein vertikaler Schnitt angelegt.<\/p>\n\n<p>W\u00e4hrend des Eingriffs macht der Chirurg einen horizontalen Schnitt entlang des Unterbauches, \u00e4hnlich wie bei einer herk\u00f6mmlichen <a href=\"https:\/\/en.wikipedia.org\/wiki\/Abdominoplasty\" target=\"_blank\" rel=\"noreferrer noopener\">Bauchstraffung<\/a>. Dann setzt er einen vertikalen Schnitt, der nach oben zum Brustkorb hin verl\u00e4uft. Diese Schnittform \u00e4hnelt einer Lilienform, daher der Name des Verfahrens.<\/p>\n\n<p>Die Fleur-de-lis-Bauchdeckenplastik erm\u00f6glicht eine gr\u00fcndlichere Entfernung von \u00fcbersch\u00fcssiger Haut und Fett. Sie kann bei Personen mit erheblicher Laxheit sowohl in der vertikalen als auch in der horizontalen Ebene f\u00fcr eine verbesserte Konturierung sorgen.<\/p>\n\n<p>Die Eignung der Fleur-de-lis-Bauchdeckenplastik h\u00e4ngt von Faktoren wie dem Ausma\u00df des Haut- und Fett\u00fcberschusses und der K\u00f6rperform ab.<\/p>\n\n<h3 class=\"wp-block-heading\">Alles, was Sie \u00fcber <a href=\"https:\/\/medclinics.com\/de\/plastische-und-asthetische-chirurgie\/\" target=\"_blank\" rel=\"noreferrer noopener\">plastische und \u00e4sthetische Chirurgie<\/a> wissen m\u00fcssen, einschlie\u00dflich Preise und mehr, oder <a href=\"#requestform\">kontaktieren Sie uns<\/a>!<\/h3>\n\n<figure class=\"wp-block-image size-full\"><img fetchpriority=\"high\" decoding=\"async\" width=\"960\" height=\"540\" src=\"https:\/\/medclinics.com\/wp-content\/uploads\/2023\/07\/fleur-de-lis-abdominoplasty-near-me.jpg\" alt=\"Fleur de Lis Bauchdeckenstraffung in meiner N&#xE4;he Istnabul T&#xFC;rkei\" class=\"wp-image-97759\" srcset=\"https:\/\/medclinics.com\/wp-content\/uploads\/2023\/07\/fleur-de-lis-abdominoplasty-near-me.jpg 960w, https:\/\/medclinics.com\/wp-content\/uploads\/2023\/07\/fleur-de-lis-abdominoplasty-near-me-500x281.jpg 500w, https:\/\/medclinics.com\/wp-content\/uploads\/2023\/07\/fleur-de-lis-abdominoplasty-near-me-768x432.jpg 768w, https:\/\/medclinics.com\/wp-content\/uploads\/2023\/07\/fleur-de-lis-abdominoplasty-near-me-24x14.jpg 24w, https:\/\/medclinics.com\/wp-content\/uploads\/2023\/07\/fleur-de-lis-abdominoplasty-near-me-36x20.jpg 36w, https:\/\/medclinics.com\/wp-content\/uploads\/2023\/07\/fleur-de-lis-abdominoplasty-near-me-48x27.jpg 48w\" sizes=\"(max-width: 960px) 100vw, 960px\" \/><\/figure>\n\n<h2 class=\"wp-block-heading\">FAQ<\/h2>\n<div id=\"rank-math-faq\" class=\"rank-math-block\">\n<div class=\"rank-math-list \">\n<div id=\"faq-question-1688480191450\" class=\"rank-math-list-item\">\n<h3 class=\"rank-math-question \">Was ist eine Fleur de Lis Abdominoplastik?<\/h3>\n<div class=\"rank-math-answer \">\n\n<p>Die Fleur-de-lis-Bauchdeckenstraffung ist ein chirurgischer Eingriff. Dabei wird \u00fcbersch\u00fcssige Haut und Fett am Bauch durch horizontale und vertikale Schnitte entfernt.  <\/p>\n\n<\/div>\n<\/div>\n<div id=\"faq-question-1688480478342\" class=\"rank-math-list-item\">\n<h3 class=\"rank-math-question \">Was ist der Unterschied zwischen Bauchdeckenstraffung und Fleur de Lis?<\/h3>\n<div class=\"rank-math-answer \">\n\n<p>Der Hauptunterschied zwischen der Bauchdeckenstraffung und der Fleur-de-lis-Bauchdeckenstraffung ist das Schnittmuster. Bei der Bauchdeckenstraffung wird ein horizontaler Schnitt gesetzt, w\u00e4hrend bei der Fleur-de-Lis-Bauchdeckenstraffung sowohl horizontale als auch vertikale Schnitte gesetzt werden. Es geht also um Laxheit in mehreren Richtungen des Bauches.<\/p>\n\n<\/div>\n<\/div>\n<div id=\"faq-question-1688480659142\" class=\"rank-math-list-item\">\n<h3 class=\"rank-math-question \">Wie lange dauert die Genesung bei der Fleur de Lis Bauchdeckenplastik?<\/h3>\n<div class=\"rank-math-answer \">\n\n<p>Die Erholungszeit bei einer Fleur de Lis Bauchdeckenstraffung kann je nach individuellen Faktoren und dem Umfang des Eingriffs variieren. Im Allgemeinen dauert die erste Erholungsphase etwa 2 bis 4 Wochen.<\/p>\n\n<\/div>\n<\/div>\n<div id=\"faq-question-1688480682990\" class=\"rank-math-list-item\">\n<h3 class=\"rank-math-question \">Wie viel kostet eine Fleur-De-Lis-Bauchdeckenplastik?<\/h3>\n<div class=\"rank-math-answer \">\n\n<p>Die Kosten f\u00fcr eine Fleur-de-lis-Bauchdeckenstraffung in der T\u00fcrkei liegen zwischen etwa 3.000 und 6.000 Dollar. Die Kosten belaufen sich in den USA auf etwa 8.000 bis 15.000 Dollar oder mehr,<br \/>5.000 \u20ac bis 10.000 \u20ac oder mehr in Deutschland, 3.000 \u20ac bis 7.000 \u20ac oder mehr in Polen.<\/p>\n\n<\/div>\n<\/div>\n<\/div>\n<\/div>\n<p>\u00a0<\/p>\n\n<h3 class=\"wp-block-heading\">Kontaktieren Sie uns jetzt, falls Sie Fragen haben!<\/h3>\n","protected":false},"excerpt":{"rendered":"<p>Wenn Sie \u00fcbersch\u00fcssige Haut und Fett in Ihrem Bauchbereich nicht nur horizontal, sondern auch vertikal haben, kann die Fleur de [&hellip;]<\/p>\n","protected":false},"author":4,"featured_media":96103,"parent":0,"menu_order":0,"comment_status":"closed","ping_status":"closed","template":"","meta":{"site-sidebar-layout":"default","site-content-layout":"","ast-site-content-layout":"default","site-content-style":"default","site-sidebar-style":"default","ast-global-header-display":"","ast-banner-title-visibility":"","ast-main-header-display":"","ast-hfb-above-header-display":"","ast-hfb-below-header-display":"","ast-hfb-mobile-header-display":"","site-post-title":"","ast-breadcrumbs-content":"","ast-featured-img":"","footer-sml-layout":"","ast-disable-related-posts":"","theme-transparent-header-meta":"","adv-header-id-meta":"","stick-header-meta":"","header-above-stick-meta":"","header-main-stick-meta":"","header-below-stick-meta":"","astra-migrate-meta-layouts":"default","ast-page-background-enabled":"default","ast-page-background-meta":{"desktop":{"background-color":"var(--ast-global-color-4)","background-image":"","background-repeat":"repeat","background-position":"center center","background-size":"auto","background-attachment":"scroll","background-type":"","background-media":"","overlay-type":"","overlay-color":"","overlay-opacity":"","overlay-gradient":""},"tablet":{"background-color":"","background-image":"","background-repeat":"repeat","background-position":"center center","background-size":"auto","background-attachment":"scroll","background-type":"","background-media":"","overlay-type":"","overlay-color":"","overlay-opacity":"","overlay-gradient":""},"mobile":{"background-color":"","background-image":"","background-repeat":"repeat","background-position":"center center","background-size":"auto","background-attachment":"scroll","background-type":"","background-media":"","overlay-type":"","overlay-color":"","overlay-opacity":"","overlay-gradient":""}},"ast-content-background-meta":{"desktop":{"background-color":"var(--ast-global-color-5)","background-image":"","background-repeat":"repeat","background-position":"center center","background-size":"auto","background-attachment":"scroll","background-type":"","background-media":"","overlay-type":"","overlay-color":"","overlay-opacity":"","overlay-gradient":""},"tablet":{"background-color":"var(--ast-global-color-5)","background-image":"","background-repeat":"repeat","background-position":"center center","background-size":"auto","background-attachment":"scroll","background-type":"","background-media":"","overlay-type":"","overlay-color":"","overlay-opacity":"","overlay-gradient":""},"mobile":{"background-color":"var(--ast-global-color-5)","background-image":"","background-repeat":"repeat","background-position":"center center","background-size":"auto","background-attachment":"scroll","background-type":"","background-media":"","overlay-type":"","overlay-color":"","overlay-opacity":"","overlay-gradient":""}},"footnotes":""},"class_list":["post-147113","page","type-page","status-publish","has-post-thumbnail","hentry"],"_links":{"self":[{"href":"https:\/\/medclinics.com\/de\/wp-json\/wp\/v2\/pages\/147113","targetHints":{"allow":["GET"]}}],"collection":[{"href":"https:\/\/medclinics.com\/de\/wp-json\/wp\/v2\/pages"}],"about":[{"href":"https:\/\/medclinics.com\/de\/wp-json\/wp\/v2\/types\/page"}],"author":[{"embeddable":true,"href":"https:\/\/medclinics.com\/de\/wp-json\/wp\/v2\/users\/4"}],"replies":[{"embeddable":true,"href":"https:\/\/medclinics.com\/de\/wp-json\/wp\/v2\/comments?post=147113"}],"version-history":[{"count":0,"href":"https:\/\/medclinics.com\/de\/wp-json\/wp\/v2\/pages\/147113\/revisions"}],"wp:featuredmedia":[{"embeddable":true,"href":"https:\/\/medclinics.com\/de\/wp-json\/wp\/v2\/media\/96103"}],"wp:attachment":[{"href":"https:\/\/medclinics.com\/de\/wp-json\/wp\/v2\/media?parent=147113"}],"curies":[{"name":"wp","href":"https:\/\/api.w.org\/{rel}","templated":true}]}}