{"id":147095,"date":"2023-05-05T12:45:00","date_gmt":"2023-05-05T12:45:00","guid":{"rendered":"https:\/\/medclinics.com\/vollstandige-bauchdeckenstraffung\/"},"modified":"2024-04-01T14:59:09","modified_gmt":"2024-04-01T11:59:09","slug":"vollstandige-bauchdeckenstraffung","status":"publish","type":"page","link":"https:\/\/medclinics.com\/de\/vollstandige-bauchdeckenstraffung\/","title":{"rendered":"Vollst\u00e4ndige Bauchdeckenstraffung"},"content":{"rendered":"\n<h2 class=\"wp-block-heading\">Wenn Sie unter \u00fcbersch\u00fcssiger Haut, Muskelschw\u00e4che, hartn\u00e4ckigen Fettablagerungen oder Dehnungsstreifen im Bauchbereich leiden, ist eine vollst\u00e4ndige Bauchdeckenstraffung f\u00fcr Sie geeignet.<\/h2>\n\n<p>Eine vollst\u00e4ndige Bauchdeckenstraffung wird auch als <a href=\"https:\/\/en.wikipedia.org\/wiki\/Abdominoplasty\" target=\"_blank\" rel=\"noreferrer noopener\">Standard-Bauchstraffung<\/a> bezeichnet. Sie zielt darauf ab, das Aussehen des Bauches zu verbessern, indem \u00fcbersch\u00fcssige Haut und Fett entfernt, die Bauchmuskeln gestrafft und der Bauchnabel neu positioniert werden.<\/p>\n\n<p>Sie wird in der Regel bei Personen mit lockerer oder schlaffer Bauchhaut, schwachen Bauchmuskeln oder \u00fcberm\u00e4\u00dfigen Fettansammlungen im Bauchbereich durchgef\u00fchrt.<\/p>\n\n<p>Bei dem Eingriff wird ein Schnitt entlang des Unterbauches gemacht, \u00fcbersch\u00fcssige Haut und Fett entfernt, die Bauchmuskeln gestrafft und der Bauchnabel neu positioniert. Diese wird angewendet, um eine glattere und straffere Bauchkontur zu erreichen.<\/p>\n\n<p>Es handelt sich um einen umfangreicheren Eingriff im Vergleich zur Mini-Bauchdeckenstraffung, da der gesamte Bauchbereich behandelt wird. Sie wird in der Regel von Personen mit einer starken Bauchstraffung oder Personen, die eine umfangreichere Korrektur ben\u00f6tigen, bevorzugt.<\/p>\n\n<h3 class=\"wp-block-heading\">Alles, was Sie \u00fcber <a href=\"https:\/\/medclinics.com\/de\/plastische-und-asthetische-chirurgie\/\" target=\"_blank\" rel=\"noreferrer noopener\">plastische und \u00e4sthetische Chirurgie<\/a> wissen m\u00fcssen, einschlie\u00dflich Preise und mehr, oder <a href=\"#requestform\">kontaktieren Sie uns<\/a>!<\/h3>\n\n<figure class=\"wp-block-image size-full\"><img fetchpriority=\"high\" decoding=\"async\" width=\"960\" height=\"540\" src=\"https:\/\/medclinics.com\/wp-content\/uploads\/2023\/07\/full-abdominoplasty-near-me.jpg\" alt=\"Vollst&#xE4;ndige Bauchdeckenplastik in meiner N&#xE4;he\" class=\"wp-image-97727\" srcset=\"https:\/\/medclinics.com\/wp-content\/uploads\/2023\/07\/full-abdominoplasty-near-me.jpg 960w, https:\/\/medclinics.com\/wp-content\/uploads\/2023\/07\/full-abdominoplasty-near-me-500x281.jpg 500w, https:\/\/medclinics.com\/wp-content\/uploads\/2023\/07\/full-abdominoplasty-near-me-768x432.jpg 768w, https:\/\/medclinics.com\/wp-content\/uploads\/2023\/07\/full-abdominoplasty-near-me-24x14.jpg 24w, https:\/\/medclinics.com\/wp-content\/uploads\/2023\/07\/full-abdominoplasty-near-me-36x20.jpg 36w, https:\/\/medclinics.com\/wp-content\/uploads\/2023\/07\/full-abdominoplasty-near-me-48x27.jpg 48w\" sizes=\"(max-width: 960px) 100vw, 960px\" \/><\/figure>\n\n<h2 class=\"wp-block-heading\">FAQ<\/h2>\n<div id=\"rank-math-faq\" class=\"rank-math-block\">\n<div class=\"rank-math-list \">\n<div id=\"faq-question-1688472638412\" class=\"rank-math-list-item\">\n<h3 class=\"rank-math-question \">Was ist eine vollst\u00e4ndige Bauchdeckenstraffung?<\/h3>\n<div class=\"rank-math-answer \">\n\n<p>Bei einer vollst\u00e4ndigen Bauchdeckenstraffung handelt es sich um einen chirurgischen Eingriff, bei dem \u00fcbersch\u00fcssige Haut und Fett am Bauch entfernt, die Bauchmuskeln gestrafft und die Gesamtkontur des Mittelteils verbessert werden.<\/p>\n\n<\/div>\n<\/div>\n<div id=\"faq-question-1688473106108\" class=\"rank-math-list-item\">\n<h3 class=\"rank-math-question \">Wie lange dauert eine vollst\u00e4ndige Bauchdeckenstraffung?<\/h3>\n<div class=\"rank-math-answer \">\n\n<p>Die Ergebnisse k\u00f6nnen lang anhaltend sein. Um dieses Ergebnis zu erreichen, sollte nat\u00fcrlich eine gesunde Lebensweise beibehalten und starke Gewichtsschwankungen vermieden werden.<\/p>\n\n<\/div>\n<\/div>\n<div id=\"faq-question-1688472782963\" class=\"rank-math-list-item\">\n<h3 class=\"rank-math-question \">Wie lange dauert es, sich von einer vollst\u00e4ndigen Bauchstraffung zu erholen?<\/h3>\n<div class=\"rank-math-answer \">\n\n<p>Die Genesung dauert in der Regel mehrere Wochen bis einige Monate.<\/p>\n\n<\/div>\n<\/div>\n<div id=\"faq-question-1688472845557\" class=\"rank-math-list-item\">\n<h3 class=\"rank-math-question \">Wie viel kostet eine vollst\u00e4ndige Bauchdeckenstraffung?<\/h3>\n<div class=\"rank-math-answer \">\n\n<p>Die Kosten h\u00e4ngen von Faktoren wie der Erfahrung des Chirurgen, der geografischen Lage der Klinik und der Komplexit\u00e4t des Eingriffs ab. Im Durchschnitt k\u00f6nnen die Kosten f\u00fcr eine vollst\u00e4ndige Bauchstraffung zwischen 5.000 und 12.000 Dollar oder mehr liegen.<\/p>\n\n<\/div>\n<\/div>\n<div id=\"faq-question-1688474218453\" class=\"rank-math-list-item\">\n<h3 class=\"rank-math-question \">Wie sieht die Nachsorge aus?<\/h3>\n<div class=\"rank-math-answer \">\n\n<p>In den ersten Tagen nach dem Eingriff kann es zu Unwohlsein, Schwellungen und Bluterg\u00fcssen kommen. Schmerzmittel und das Tragen von Kompressionskleidung k\u00f6nnen helfen, diese Symptome zu lindern.<br \/>In den ersten Wochen sollten die Patienten anstrengende Aktivit\u00e4ten, schweres Heben und intensiven Sport vermeiden. Die meisten Menschen k\u00f6nnen innerhalb von 1-2 Wochen zur Arbeit und zu ihren normalen t\u00e4glichen Aktivit\u00e4ten zur\u00fcckkehren.<br \/>In den folgenden Wochen und Monaten werden die Schwellungen allm\u00e4hlich zur\u00fcckgehen und die Einschnitte abheilen. Sie sollten die Nachsorgetermine mit dem Chirurgen wahrnehmen, um den Fortschritt zu \u00fcberwachen und eine gute Heilung sicherzustellen.<\/p>\n\n<\/div>\n<\/div>\n<\/div>\n<\/div>\n<p>\u00a0<\/p>\n\n<h3 class=\"wp-block-heading\">Kontaktieren Sie uns jetzt, falls Sie Fragen haben!<\/h3>\n","protected":false},"excerpt":{"rendered":"<p>Wenn Sie unter \u00fcbersch\u00fcssiger Haut, Muskelschw\u00e4che, hartn\u00e4ckigen Fettablagerungen oder Dehnungsstreifen im Bauchbereich leiden, ist eine vollst\u00e4ndige Bauchdeckenstraffung f\u00fcr Sie geeignet. [&hellip;]<\/p>\n","protected":false},"author":4,"featured_media":96043,"parent":0,"menu_order":0,"comment_status":"closed","ping_status":"closed","template":"","meta":{"site-sidebar-layout":"default","site-content-layout":"","ast-site-content-layout":"default","site-content-style":"default","site-sidebar-style":"default","ast-global-header-display":"","ast-banner-title-visibility":"","ast-main-header-display":"","ast-hfb-above-header-display":"","ast-hfb-below-header-display":"","ast-hfb-mobile-header-display":"","site-post-title":"","ast-breadcrumbs-content":"","ast-featured-img":"","footer-sml-layout":"","ast-disable-related-posts":"","theme-transparent-header-meta":"","adv-header-id-meta":"","stick-header-meta":"","header-above-stick-meta":"","header-main-stick-meta":"","header-below-stick-meta":"","astra-migrate-meta-layouts":"default","ast-page-background-enabled":"default","ast-page-background-meta":{"desktop":{"background-color":"var(--ast-global-color-4)","background-image":"","background-repeat":"repeat","background-position":"center center","background-size":"auto","background-attachment":"scroll","background-type":"","background-media":"","overlay-type":"","overlay-color":"","overlay-opacity":"","overlay-gradient":""},"tablet":{"background-color":"","background-image":"","background-repeat":"repeat","background-position":"center center","background-size":"auto","background-attachment":"scroll","background-type":"","background-media":"","overlay-type":"","overlay-color":"","overlay-opacity":"","overlay-gradient":""},"mobile":{"background-color":"","background-image":"","background-repeat":"repeat","background-position":"center center","background-size":"auto","background-attachment":"scroll","background-type":"","background-media":"","overlay-type":"","overlay-color":"","overlay-opacity":"","overlay-gradient":""}},"ast-content-background-meta":{"desktop":{"background-color":"var(--ast-global-color-5)","background-image":"","background-repeat":"repeat","background-position":"center center","background-size":"auto","background-attachment":"scroll","background-type":"","background-media":"","overlay-type":"","overlay-color":"","overlay-opacity":"","overlay-gradient":""},"tablet":{"background-color":"var(--ast-global-color-5)","background-image":"","background-repeat":"repeat","background-position":"center center","background-size":"auto","background-attachment":"scroll","background-type":"","background-media":"","overlay-type":"","overlay-color":"","overlay-opacity":"","overlay-gradient":""},"mobile":{"background-color":"var(--ast-global-color-5)","background-image":"","background-repeat":"repeat","background-position":"center center","background-size":"auto","background-attachment":"scroll","background-type":"","background-media":"","overlay-type":"","overlay-color":"","overlay-opacity":"","overlay-gradient":""}},"footnotes":""},"class_list":["post-147095","page","type-page","status-publish","has-post-thumbnail","hentry"],"_links":{"self":[{"href":"https:\/\/medclinics.com\/de\/wp-json\/wp\/v2\/pages\/147095","targetHints":{"allow":["GET"]}}],"collection":[{"href":"https:\/\/medclinics.com\/de\/wp-json\/wp\/v2\/pages"}],"about":[{"href":"https:\/\/medclinics.com\/de\/wp-json\/wp\/v2\/types\/page"}],"author":[{"embeddable":true,"href":"https:\/\/medclinics.com\/de\/wp-json\/wp\/v2\/users\/4"}],"replies":[{"embeddable":true,"href":"https:\/\/medclinics.com\/de\/wp-json\/wp\/v2\/comments?post=147095"}],"version-history":[{"count":0,"href":"https:\/\/medclinics.com\/de\/wp-json\/wp\/v2\/pages\/147095\/revisions"}],"wp:featuredmedia":[{"embeddable":true,"href":"https:\/\/medclinics.com\/de\/wp-json\/wp\/v2\/media\/96043"}],"wp:attachment":[{"href":"https:\/\/medclinics.com\/de\/wp-json\/wp\/v2\/media?parent=147095"}],"curies":[{"name":"wp","href":"https:\/\/api.w.org\/{rel}","templated":true}]}}