{"id":147091,"date":"2023-05-05T14:06:00","date_gmt":"2023-05-05T11:06:00","guid":{"rendered":"https:\/\/medclinics.com\/mini-bauchdeckenplastik\/"},"modified":"2025-01-02T16:47:08","modified_gmt":"2025-01-02T13:47:08","slug":"mini-bauchdeckenplastik","status":"publish","type":"page","link":"https:\/\/medclinics.com\/de\/mini-bauchdeckenplastik\/","title":{"rendered":"Mini-Bauchdeckenplastik"},"content":{"rendered":"\n<h2 class=\"wp-block-heading\">Wenn Sie sich mit einem kleinen Haut\u00fcberschuss und einer Muskelerschlaffung unterhalb des Bauchnabels unwohl f\u00fchlen, ist die Mini-Bauchdeckenstraffung das Richtige f\u00fcr Sie.<\/h2>\n\n<p>Eine Mini-Bauchstraffung ist ein chirurgischer Eingriff, der sich auf die Verbesserung des Aussehens des Unterbauches konzentriert. Es handelt sich um eine weniger umfangreiche Version der konventionellen <a href=\"https:\/\/en.wikipedia.org\/wiki\/Abdominoplasty\" target=\"_blank\" rel=\"noreferrer noopener\">Bauchdeckenplastik<\/a>.<\/p>\n\n<p>Bei einer Mini-Bauchdeckenstraffung wird ein kleinerer Schnitt oberhalb der Leistengegend gesetzt, der k\u00fcrzer ist als bei einer vollst\u00e4ndigen Bauchdeckenstraffung. Der Chirurg entfernt eine begrenzte Menge \u00fcbersch\u00fcssiger Haut und strafft die Bauchmuskeln, falls erforderlich. Auch eine Fettabsaugung kann durchgef\u00fchrt werden, um den Bereich zu konturieren und das Gesamtergebnis zu verbessern.<\/p>\n\n<p>Im Vergleich zur vollst\u00e4ndigen Bauchdeckenstraffung ist der Einschnitt k\u00fcrzer, die Gewebedurchtrennung geringer und die Erholungszeit m\u00f6glicherweise k\u00fcrzer. Die Mini-Bauchdeckenplastik hat jedoch einen begrenzteren Korrekturbereich.<\/p>\n\n<p>Sie wird f\u00fcr Personen mit guter Hautelastizit\u00e4t und einer relativ geringen Menge an \u00fcbersch\u00fcssiger Haut und Muskelerschlaffung empfohlen, die sich auf den Unterbauch beschr\u00e4nkt.<\/p>\n\n<h3 class=\"wp-block-heading\">Alles, was Sie \u00fcber <a href=\"https:\/\/medclinics.com\/de\/plastische-und-asthetische-chirurgie\/\" target=\"_blank\" rel=\"noreferrer noopener\">plastische und \u00e4sthetische Chirurgie<\/a> wissen m\u00fcssen, einschlie\u00dflich Preis, Behandlungsplan und mehr, oder <a href=\"#requestform\">kontaktieren Sie uns<\/a>!<\/h3>\n\n<figure class=\"wp-block-image size-full\"><img fetchpriority=\"high\" decoding=\"async\" width=\"960\" height=\"540\" src=\"https:\/\/medclinics.com\/wp-content\/uploads\/2023\/07\/mini-abdominoplasty-near-me.jpg\" alt=\"Mini-Bauchdeckenplastik in meiner N&#xE4;he\" class=\"wp-image-97709\" srcset=\"https:\/\/medclinics.com\/wp-content\/uploads\/2023\/07\/mini-abdominoplasty-near-me.jpg 960w, https:\/\/medclinics.com\/wp-content\/uploads\/2023\/07\/mini-abdominoplasty-near-me-500x281.jpg 500w, https:\/\/medclinics.com\/wp-content\/uploads\/2023\/07\/mini-abdominoplasty-near-me-768x432.jpg 768w, https:\/\/medclinics.com\/wp-content\/uploads\/2023\/07\/mini-abdominoplasty-near-me-24x14.jpg 24w, https:\/\/medclinics.com\/wp-content\/uploads\/2023\/07\/mini-abdominoplasty-near-me-36x20.jpg 36w, https:\/\/medclinics.com\/wp-content\/uploads\/2023\/07\/mini-abdominoplasty-near-me-48x27.jpg 48w\" sizes=\"(max-width: 960px) 100vw, 960px\" \/><\/figure>\n\n<h2 class=\"wp-block-heading\">FAQ<\/h2>\n<div id=\"rank-math-faq\" class=\"rank-math-block\">\n<div class=\"rank-math-list \">\n<div id=\"faq-question-1688478045830\" class=\"rank-math-list-item\">\n<h3 class=\"rank-math-question \">Was ist eine Mini-Bauchdeckenstraffung?<\/h3>\n<div class=\"rank-math-answer \">\n\n<p>Es handelt sich um einen chirurgischen Eingriff, bei dem eine minimale zus\u00e4tzliche Haut- und Muskelerschlaffung unterhalb des Bauchnabels behoben wird, um das Aussehen des Unterbauchs zu verbessern. Es handelt sich um einen kleineren Einschnitt. Au\u00dferdem ist sie f\u00fcr Personen geeignet, die nur wenig Probleme im Unterbauch haben.<\/p>\n\n<\/div>\n<\/div>\n<div id=\"faq-question-1688478047677\" class=\"rank-math-list-item\">\n<h3 class=\"rank-math-question \">Ist eine Mini-Bauchstraffung schmerzhaft?<\/h3>\n<div class=\"rank-math-answer \">\n\n<p>Nach der Operation ist mit einigen Unannehmlichkeiten und Schmerzen zu rechnen. Sie kann jedoch mit geeigneten Schmerzmitteln und postoperativer Behandlung in den Griff bekommen werden. Ihr Chirurg wird Ihre Schmerzen lindern und Ihnen die Genesungszeit so angenehm wie m\u00f6glich machen.<\/p>\n\n<\/div>\n<\/div>\n<div id=\"faq-question-1688478436445\" class=\"rank-math-list-item\">\n<h3 class=\"rank-math-question \">Wie lange dauert eine Mini-Bauchdeckenstraffung?<\/h3>\n<div class=\"rank-math-answer \">\n\n<p>Es handelt sich um einen einfachen Vorgang, der etwa 2-3 Stunden dauert. Abgesehen von erheblichen Gewichtsschwankungen sind die Ergebnisse im Allgemeinen von Dauer.  <\/p>\n\n<\/div>\n<\/div>\n<div id=\"faq-question-1688478437892\" class=\"rank-math-list-item\">\n<h3 class=\"rank-math-question \">Wie viel kostet eine Mini-Bauchdeckenplastik?<\/h3>\n<div class=\"rank-math-answer \">\n\n<p>Die Kosten k\u00f6nnen je nach den Merkmalen der Klinik, der Qualifikation des Chirurgen oder dem Zustand des Patienten zwischen 3.000 und 8.000 Dollar liegen.<\/p>\n\n<\/div>\n<\/div>\n<\/div>\n<\/div>\n<p>\u00a0<\/p>\n\n<h3 class=\"wp-block-heading\">Kontaktieren Sie uns jetzt, falls Sie Fragen haben!<\/h3>\n","protected":false},"excerpt":{"rendered":"<p>Wenn Sie sich mit einem kleinen Haut\u00fcberschuss und einer Muskelerschlaffung unterhalb des Bauchnabels unwohl f\u00fchlen, ist die Mini-Bauchdeckenstraffung das Richtige [&hellip;]<\/p>\n","protected":false},"author":4,"featured_media":96084,"parent":0,"menu_order":0,"comment_status":"closed","ping_status":"closed","template":"","meta":{"site-sidebar-layout":"default","site-content-layout":"","ast-site-content-layout":"default","site-content-style":"default","site-sidebar-style":"default","ast-global-header-display":"","ast-banner-title-visibility":"","ast-main-header-display":"","ast-hfb-above-header-display":"","ast-hfb-below-header-display":"","ast-hfb-mobile-header-display":"","site-post-title":"","ast-breadcrumbs-content":"","ast-featured-img":"","footer-sml-layout":"","ast-disable-related-posts":"","theme-transparent-header-meta":"","adv-header-id-meta":"","stick-header-meta":"","header-above-stick-meta":"","header-main-stick-meta":"","header-below-stick-meta":"","astra-migrate-meta-layouts":"default","ast-page-background-enabled":"default","ast-page-background-meta":{"desktop":{"background-color":"var(--ast-global-color-4)","background-image":"","background-repeat":"repeat","background-position":"center center","background-size":"auto","background-attachment":"scroll","background-type":"","background-media":"","overlay-type":"","overlay-color":"","overlay-opacity":"","overlay-gradient":""},"tablet":{"background-color":"","background-image":"","background-repeat":"repeat","background-position":"center center","background-size":"auto","background-attachment":"scroll","background-type":"","background-media":"","overlay-type":"","overlay-color":"","overlay-opacity":"","overlay-gradient":""},"mobile":{"background-color":"","background-image":"","background-repeat":"repeat","background-position":"center center","background-size":"auto","background-attachment":"scroll","background-type":"","background-media":"","overlay-type":"","overlay-color":"","overlay-opacity":"","overlay-gradient":""}},"ast-content-background-meta":{"desktop":{"background-color":"var(--ast-global-color-5)","background-image":"","background-repeat":"repeat","background-position":"center center","background-size":"auto","background-attachment":"scroll","background-type":"","background-media":"","overlay-type":"","overlay-color":"","overlay-opacity":"","overlay-gradient":""},"tablet":{"background-color":"var(--ast-global-color-5)","background-image":"","background-repeat":"repeat","background-position":"center center","background-size":"auto","background-attachment":"scroll","background-type":"","background-media":"","overlay-type":"","overlay-color":"","overlay-opacity":"","overlay-gradient":""},"mobile":{"background-color":"var(--ast-global-color-5)","background-image":"","background-repeat":"repeat","background-position":"center center","background-size":"auto","background-attachment":"scroll","background-type":"","background-media":"","overlay-type":"","overlay-color":"","overlay-opacity":"","overlay-gradient":""}},"footnotes":""},"class_list":["post-147091","page","type-page","status-publish","has-post-thumbnail","hentry"],"_links":{"self":[{"href":"https:\/\/medclinics.com\/de\/wp-json\/wp\/v2\/pages\/147091","targetHints":{"allow":["GET"]}}],"collection":[{"href":"https:\/\/medclinics.com\/de\/wp-json\/wp\/v2\/pages"}],"about":[{"href":"https:\/\/medclinics.com\/de\/wp-json\/wp\/v2\/types\/page"}],"author":[{"embeddable":true,"href":"https:\/\/medclinics.com\/de\/wp-json\/wp\/v2\/users\/4"}],"replies":[{"embeddable":true,"href":"https:\/\/medclinics.com\/de\/wp-json\/wp\/v2\/comments?post=147091"}],"version-history":[{"count":0,"href":"https:\/\/medclinics.com\/de\/wp-json\/wp\/v2\/pages\/147091\/revisions"}],"wp:featuredmedia":[{"embeddable":true,"href":"https:\/\/medclinics.com\/de\/wp-json\/wp\/v2\/media\/96084"}],"wp:attachment":[{"href":"https:\/\/medclinics.com\/de\/wp-json\/wp\/v2\/media?parent=147091"}],"curies":[{"name":"wp","href":"https:\/\/api.w.org\/{rel}","templated":true}]}}