{"id":147077,"date":"2023-05-04T15:21:00","date_gmt":"2023-05-04T15:21:00","guid":{"rendered":"https:\/\/medclinics.com\/brasilianische-bauchstraffung\/"},"modified":"2024-04-01T14:27:14","modified_gmt":"2024-04-01T11:27:14","slug":"brasilianische-bauchstraffung","status":"publish","type":"page","link":"https:\/\/medclinics.com\/de\/brasilianische-bauchstraffung\/","title":{"rendered":"Brasilianische Bauchstraffung"},"content":{"rendered":"\n<h2 class=\"wp-block-heading\">Wenn Sie auf der Suche nach einem umfassenderen K\u00f6rperkonturierungsverfahren sind, um einen flacheren, strafferen Bauch zu erhalten, ist die brasilianische Bauchstraffung die perfekte Gelegenheit.<\/h2>\n\n<p>Bei der brasilianischen Bauchdeckenstraffung wird eine Kombination aus Bauchdeckenstraffungsoperationen wie Bauchdeckenstraffung und Fettabsaugung eingesetzt. Bei der Bauchdeckenstraffung handelt es sich um eine plastische Operation zur Entfernung \u00fcbersch\u00fcssiger Haut. Eine umfassende Fettabsaugung wird zur Entfernung von Bauchdeckenfett eingesetzt.<\/p>\n\n<p>Es wird eine Straffung der tieferen Schicht des dickeren Gewebes durchgef\u00fchrt, um das Gewebe zu straffen. Die Bauchwandmuskeln werden angeglichen, um eventuelle Beulen zu reduzieren.<\/p>\n\n<p>Die brasilianische Bauchdeckenstraffung, auch bekannt als &#8222;<a href=\"https:\/\/en.wikipedia.org\/wiki\/Abdominoplasty\" target=\"_blank\" rel=\"noopener\">Bauchdeckenstraffung<\/a> mit Fettabsaugung&#8220;, wird im Allgemeinen f\u00fcr Menschen mit \u00fcbersch\u00fcssigem Bauchfett und schlaffer Haut empfohlen, die mit einer Fettabsaugung allein nicht ausreichend behandelt werden k\u00f6nnen.<\/p>\n\n<p>Die brasilianische Bauchstraffung birgt einige Risiken und m\u00f6gliche Komplikationen. Dazu geh\u00f6ren Blutungen, Infektionen, Narbenbildung und Serome oder H\u00e4matome. Um die Risiken zu verringern, k\u00f6nnen Sie sich an einen Experten Ihres Vertrauens wenden. Als MedClinics helfen wir Ihnen gerne weiter.<\/p>\n\n<h3 class=\"wp-block-heading\">Alles, was Sie \u00fcber <a href=\"https:\/\/medclinics.com\/de\/plastische-und-asthetische-chirurgie\/\" target=\"_blank\" rel=\"noreferrer noopener\">plastische und \u00e4sthetische Chirurgie<\/a> wissen m\u00fcssen, einschlie\u00dflich Preise und mehr, oder <a href=\"#requestform\">kontaktieren Sie uns<\/a>!<\/h3>\n\n<figure class=\"wp-block-image size-full\"><img fetchpriority=\"high\" decoding=\"async\" width=\"960\" height=\"540\" src=\"https:\/\/medclinics.com\/wp-content\/uploads\/2023\/07\/brazilian-tummy-tuck-near-me.jpg\" alt=\"Brasilianische Bauchstraffung in meiner N&#xE4;he Istanbul T&#xFC;rkei\" class=\"wp-image-97751\" srcset=\"https:\/\/medclinics.com\/wp-content\/uploads\/2023\/07\/brazilian-tummy-tuck-near-me.jpg 960w, https:\/\/medclinics.com\/wp-content\/uploads\/2023\/07\/brazilian-tummy-tuck-near-me-500x281.jpg 500w, https:\/\/medclinics.com\/wp-content\/uploads\/2023\/07\/brazilian-tummy-tuck-near-me-768x432.jpg 768w, https:\/\/medclinics.com\/wp-content\/uploads\/2023\/07\/brazilian-tummy-tuck-near-me-24x14.jpg 24w, https:\/\/medclinics.com\/wp-content\/uploads\/2023\/07\/brazilian-tummy-tuck-near-me-36x20.jpg 36w, https:\/\/medclinics.com\/wp-content\/uploads\/2023\/07\/brazilian-tummy-tuck-near-me-48x27.jpg 48w\" sizes=\"(max-width: 960px) 100vw, 960px\" \/><\/figure>\n\n<h2 class=\"wp-block-heading\">FAQ<\/h2>\n<div id=\"rank-math-faq\" class=\"rank-math-block\">\n<div class=\"rank-math-list \">\n<div id=\"faq-question-1688482691010\" class=\"rank-math-list-item\">\n<h3 class=\"rank-math-question \">Was ist eine brasilianische Bauchstraffung?<\/h3>\n<div class=\"rank-math-answer \">\n\n<p>Eine brasilianische Bauchdeckenstraffung wird auch als Bauchdeckenstraffung mit Fettabsaugung bezeichnet. Es handelt sich um einen chirurgischen Eingriff, bei dem die traditionellen Techniken der Bauchdeckenstraffung mit der Fettabsaugung kombiniert werden. Sie zielt also darauf ab, \u00fcbersch\u00fcssiges Bauchfett zu entfernen, die Bauchmuskeln zu straffen und die Kontur der Taille zu verbessern.<\/p>\n\n<\/div>\n<\/div>\n<div id=\"faq-question-1688482837601\" class=\"rank-math-list-item\">\n<h3 class=\"rank-math-question \">Was ist der Unterschied zwischen einer brasilianischen Bauchdeckenstraffung und einer Bauchdeckenstraffung?<\/h3>\n<div class=\"rank-math-answer \">\n\n<p>Bei der brasilianischen Bauchstraffung wird zus\u00e4tzlich zur Bauchstraffungsoperation eine Fettabsaugung durchgef\u00fchrt. Dazu geh\u00f6ren Fettabsaugung und Bauchdeckenstraffung bei \u00fcbersch\u00fcssigem Bauchfett.<\/p>\n\n<\/div>\n<\/div>\n<div id=\"faq-question-1688482870977\" class=\"rank-math-list-item\">\n<h3 class=\"rank-math-question \">Welches ist das beste Alter f\u00fcr eine Bauchstraffung?<\/h3>\n<div class=\"rank-math-answer \">\n\n<p>Es gibt kein u0022bestes Alter f\u00fcr eine Bauchstraffung. Typischerweise sind Personen zwischen 30 und 60 Jahren die h\u00e4ufigsten Kandidaten f\u00fcr diese Verfahren. Bei der Festlegung der Behandlung spielen neben dem Alter auch andere Faktoren eine Rolle.<\/p>\n\n<\/div>\n<\/div>\n<div id=\"faq-question-1688482872159\" class=\"rank-math-list-item\">\n<h3 class=\"rank-math-question \">Kann der Bauch nach einer Bauchdeckenstraffung wieder dick werden?<\/h3>\n<div class=\"rank-math-answer \">\n\n<p>Eine Bauchdeckenstraffung sorgt f\u00fcr ein wohlgeformtes Aussehen, indem \u00fcbersch\u00fcssige Haut und Fett entfernt werden. Es verhindert jedoch weder eine k\u00fcnftige Gewichtszunahme noch die Bildung neuer Fettpolster. Eine gesunde Ern\u00e4hrung, regelm\u00e4\u00dfige Bewegung und ein stabiles Gewicht sind wichtig f\u00fcr langfristige Ergebnisse.<\/p>\n\n<\/div>\n<\/div>\n<\/div>\n<\/div>\n<p>\u00a0<\/p>\n\n<h3 class=\"wp-block-heading\">Kontaktieren Sie uns jetzt, falls Sie Fragen haben!<\/h3>\n","protected":false},"excerpt":{"rendered":"<p>Wenn Sie auf der Suche nach einem umfassenderen K\u00f6rperkonturierungsverfahren sind, um einen flacheren, strafferen Bauch zu erhalten, ist die brasilianische [&hellip;]<\/p>\n","protected":false},"author":4,"featured_media":96121,"parent":0,"menu_order":0,"comment_status":"closed","ping_status":"closed","template":"","meta":{"site-sidebar-layout":"default","site-content-layout":"","ast-site-content-layout":"default","site-content-style":"default","site-sidebar-style":"default","ast-global-header-display":"","ast-banner-title-visibility":"","ast-main-header-display":"","ast-hfb-above-header-display":"","ast-hfb-below-header-display":"","ast-hfb-mobile-header-display":"","site-post-title":"","ast-breadcrumbs-content":"","ast-featured-img":"","footer-sml-layout":"","ast-disable-related-posts":"","theme-transparent-header-meta":"","adv-header-id-meta":"","stick-header-meta":"","header-above-stick-meta":"","header-main-stick-meta":"","header-below-stick-meta":"","astra-migrate-meta-layouts":"default","ast-page-background-enabled":"default","ast-page-background-meta":{"desktop":{"background-color":"var(--ast-global-color-4)","background-image":"","background-repeat":"repeat","background-position":"center center","background-size":"auto","background-attachment":"scroll","background-type":"","background-media":"","overlay-type":"","overlay-color":"","overlay-opacity":"","overlay-gradient":""},"tablet":{"background-color":"","background-image":"","background-repeat":"repeat","background-position":"center center","background-size":"auto","background-attachment":"scroll","background-type":"","background-media":"","overlay-type":"","overlay-color":"","overlay-opacity":"","overlay-gradient":""},"mobile":{"background-color":"","background-image":"","background-repeat":"repeat","background-position":"center center","background-size":"auto","background-attachment":"scroll","background-type":"","background-media":"","overlay-type":"","overlay-color":"","overlay-opacity":"","overlay-gradient":""}},"ast-content-background-meta":{"desktop":{"background-color":"var(--ast-global-color-5)","background-image":"","background-repeat":"repeat","background-position":"center center","background-size":"auto","background-attachment":"scroll","background-type":"","background-media":"","overlay-type":"","overlay-color":"","overlay-opacity":"","overlay-gradient":""},"tablet":{"background-color":"var(--ast-global-color-5)","background-image":"","background-repeat":"repeat","background-position":"center center","background-size":"auto","background-attachment":"scroll","background-type":"","background-media":"","overlay-type":"","overlay-color":"","overlay-opacity":"","overlay-gradient":""},"mobile":{"background-color":"var(--ast-global-color-5)","background-image":"","background-repeat":"repeat","background-position":"center center","background-size":"auto","background-attachment":"scroll","background-type":"","background-media":"","overlay-type":"","overlay-color":"","overlay-opacity":"","overlay-gradient":""}},"footnotes":""},"class_list":["post-147077","page","type-page","status-publish","has-post-thumbnail","hentry"],"_links":{"self":[{"href":"https:\/\/medclinics.com\/de\/wp-json\/wp\/v2\/pages\/147077","targetHints":{"allow":["GET"]}}],"collection":[{"href":"https:\/\/medclinics.com\/de\/wp-json\/wp\/v2\/pages"}],"about":[{"href":"https:\/\/medclinics.com\/de\/wp-json\/wp\/v2\/types\/page"}],"author":[{"embeddable":true,"href":"https:\/\/medclinics.com\/de\/wp-json\/wp\/v2\/users\/4"}],"replies":[{"embeddable":true,"href":"https:\/\/medclinics.com\/de\/wp-json\/wp\/v2\/comments?post=147077"}],"version-history":[{"count":0,"href":"https:\/\/medclinics.com\/de\/wp-json\/wp\/v2\/pages\/147077\/revisions"}],"wp:featuredmedia":[{"embeddable":true,"href":"https:\/\/medclinics.com\/de\/wp-json\/wp\/v2\/media\/96121"}],"wp:attachment":[{"href":"https:\/\/medclinics.com\/de\/wp-json\/wp\/v2\/media?parent=147077"}],"curies":[{"name":"wp","href":"https:\/\/api.w.org\/{rel}","templated":true}]}}