{"id":147069,"date":"2023-05-05T13:29:00","date_gmt":"2023-05-05T10:29:00","guid":{"rendered":"https:\/\/medclinics.com\/erweiterte-bauchdeckenstraffung\/"},"modified":"2024-04-01T14:47:03","modified_gmt":"2024-04-01T11:47:03","slug":"erweiterte-bauchdeckenstraffung","status":"publish","type":"page","link":"https:\/\/medclinics.com\/de\/erweiterte-bauchdeckenstraffung\/","title":{"rendered":"Erweiterte Bauchdeckenstraffung"},"content":{"rendered":"\n<h2 class=\"wp-block-heading\">Wenn Sie auf der Suche nach einer Behandlung sind, die nicht nur den Bauchbereich, sondern auch die \u00fcbersch\u00fcssige Haut an den Seiten, den Oberschenkeln und dem unteren R\u00fccken angreift, kann eine erweiterte Bauchstraffung eine ausgezeichnete Option f\u00fcr Sie sein.<\/h2>\n\n<p>Die erweiterte Bauchdeckenstraffung wird auch als zirkul\u00e4re Bauchdeckenstraffung oder G\u00fcrtellipektomie bezeichnet. Es handelt sich um einen fortschrittlichen chirurgischen Eingriff, der Elemente einer traditionellen Bauchstraffung mit zus\u00e4tzlichen Techniken zur K\u00f6rperkonturierung kombiniert.<\/p>\n\n<p>Bei einer erweiterten <a href=\"https:\/\/en.wikipedia.org\/wiki\/Abdominoplasty\" target=\"_blank\" rel=\"noopener\">Bauchdeckenstraffung<\/a> macht der Chirurg einen bogenf\u00f6rmigen Schnitt, der um die gesamte Taille herumgeht. Auf diese Weise k\u00f6nnen \u00fcbersch\u00fcssige Haut und Fett an mehr als einem Bereich entfernt werden.<\/p>\n\n<p>Bei diesem Verfahren werden die Bauchmuskeln gestrafft, um ein flacheres und strafferes Aussehen zu erzielen. Zur weiteren Konturierung der K\u00f6rperkonturen kann auch eine Fettabsaugung der umliegenden Bereiche durchgef\u00fchrt werden.<\/p>\n\n<p>Die erweiterte Bauchstraffung eignet sich f\u00fcr Personen, die eine deutliche Gewichtsabnahme hinter sich haben, unter schlaffer Haut und Fettablagerungen an Bauch, Ges\u00e4\u00df und R\u00fccken leiden oder sich einer bariatrischen Operation unterzogen haben.<\/p>\n\n<p>Es handelt sich um einen umfassenderen Eingriff im Vergleich zu einer herk\u00f6mmlichen Bauchstraffung. Sie ist so konzipiert, dass sie einen gr\u00f6\u00dferen Bereich des K\u00f6rpers anspricht.<\/p>\n\n<h3 class=\"wp-block-heading\">Alles, was Sie \u00fcber <a href=\"https:\/\/medclinics.com\/de\/plastische-und-asthetische-chirurgie\/\" target=\"_blank\" rel=\"noreferrer noopener\">plastische und \u00e4sthetische Chirurgie<\/a> wissen m\u00fcssen, einschlie\u00dflich Preise und mehr, oder <a href=\"#requestform\">kontaktieren Sie uns<\/a>!<\/h3>\n\n<figure class=\"wp-block-image size-full\"><img fetchpriority=\"high\" decoding=\"async\" width=\"960\" height=\"540\" src=\"https:\/\/medclinics.com\/wp-content\/uploads\/2023\/07\/extended-tummy-tuck-near-me.jpg\" alt=\"Erweiterte Bauchdeckenstraffung in meiner N&#xE4;he Istanbul Turkei\" class=\"wp-image-97718\" srcset=\"https:\/\/medclinics.com\/wp-content\/uploads\/2023\/07\/extended-tummy-tuck-near-me.jpg 960w, https:\/\/medclinics.com\/wp-content\/uploads\/2023\/07\/extended-tummy-tuck-near-me-500x281.jpg 500w, https:\/\/medclinics.com\/wp-content\/uploads\/2023\/07\/extended-tummy-tuck-near-me-768x432.jpg 768w, https:\/\/medclinics.com\/wp-content\/uploads\/2023\/07\/extended-tummy-tuck-near-me-24x14.jpg 24w, https:\/\/medclinics.com\/wp-content\/uploads\/2023\/07\/extended-tummy-tuck-near-me-36x20.jpg 36w, https:\/\/medclinics.com\/wp-content\/uploads\/2023\/07\/extended-tummy-tuck-near-me-48x27.jpg 48w\" sizes=\"(max-width: 960px) 100vw, 960px\" \/><\/figure>\n\n<h2 class=\"wp-block-heading\">FAQ<\/h2>\n<div id=\"rank-math-faq\" class=\"rank-math-block\">\n<div class=\"rank-math-list \">\n<div id=\"faq-question-1688475944446\" class=\"rank-math-list-item\">\n<h3 class=\"rank-math-question \">Was ist eine erweiterte Bauchdeckenstraffung?<\/h3>\n<div class=\"rank-math-answer \">\n\n<p>Bei einer erweiterten Bauchdeckenstraffung wird ein Bauchdeckenstraffungsschnitt verwendet, der jedoch \u00fcber das Ges\u00e4\u00df hinaus bis in den unteren R\u00fccken reicht. Dann wird Ihr Chirurg mit einer Fettabsaugung subkutanes Fett von Ihrem Bauch, dem unteren R\u00fccken und den Seiten entfernen.<\/p>\n\n<\/div>\n<\/div>\n<div id=\"faq-question-1688475946916\" class=\"rank-math-list-item\">\n<h3 class=\"rank-math-question \">Ist eine erweiterte Bauchdeckenstraffung sicher?<\/h3>\n<div class=\"rank-math-answer \">\n\n<p>Ja, es ist ein sicheres Verfahren. Es ist wichtig, dass sie von einem qualifizierten und erfahrenen plastischen Chirurgen durchgef\u00fchrt wird. Wie immer k\u00f6nnen jedoch auch hier potenzielle Risiken und Komplikationen auftreten.<\/p>\n\n<\/div>\n<\/div>\n<div id=\"faq-question-1688475947982\" class=\"rank-math-list-item\">\n<h3 class=\"rank-math-question \">Bekommt eine erweiterte Bauchdeckenstraffung Fett zur\u00fcck?<\/h3>\n<div class=\"rank-math-answer \">\n\n<p>Ja, es kann bis zu einem gewissen Grad R\u00fcckenfett entfernen. Der Grad der Fettreduzierung h\u00e4ngt jedoch vom Zustand der Person und dem Ausma\u00df des Eingriffs ab.<\/p>\n\n<\/div>\n<\/div>\n<div id=\"faq-question-1688475949198\" class=\"rank-math-list-item\">\n<h3 class=\"rank-math-question \">Welchen BMI brauchen Sie f\u00fcr eine erweiterte Bauchdeckenstraffung?<\/h3>\n<div class=\"rank-math-answer \">\n\n<p>Im Allgemeinen wird ein BMI unter 30 empfohlen, um die chirurgischen Risiken zu minimieren und die Ergebnisse zu optimieren.<\/p>\n\n<\/div>\n<\/div>\n<div id=\"faq-question-1688475950148\" class=\"rank-math-list-item\">\n<h3 class=\"rank-math-question \">In welchem Alter sollte man keine Bauchstraffung vornehmen lassen?<\/h3>\n<div class=\"rank-math-answer \">\n\n<p>Im Allgemeinen empfehlen die meisten plastischen Chirurgen, dass Personen, die eine Bauchdeckenstraffung in Erw\u00e4gung ziehen, mindestens 18 Jahre alt sein sollten. Es ist jedoch gut, wenn die Patientinnen ihren Kinderwunsch erf\u00fcllt haben, da k\u00fcnftige Schwangerschaften das langfristige Ergebnis beeinflussen k\u00f6nnen. Dar\u00fcber hinaus sollten die Menschen gesund sein. F\u00fcr das Verfahren gibt es keine bestimmte Altersgrenze.<\/p>\n\n<\/div>\n<\/div>\n<\/div>\n<\/div>\n<p>\u00a0<\/p>\n\n<h3 class=\"wp-block-heading\">Kontaktieren Sie uns jetzt, falls Sie Fragen haben!<\/h3>\n","protected":false},"excerpt":{"rendered":"<p>Wenn Sie auf der Suche nach einer Behandlung sind, die nicht nur den Bauchbereich, sondern auch die \u00fcbersch\u00fcssige Haut an [&hellip;]<\/p>\n","protected":false},"author":4,"featured_media":96073,"parent":0,"menu_order":0,"comment_status":"closed","ping_status":"closed","template":"","meta":{"site-sidebar-layout":"default","site-content-layout":"","ast-site-content-layout":"default","site-content-style":"default","site-sidebar-style":"default","ast-global-header-display":"","ast-banner-title-visibility":"","ast-main-header-display":"","ast-hfb-above-header-display":"","ast-hfb-below-header-display":"","ast-hfb-mobile-header-display":"","site-post-title":"","ast-breadcrumbs-content":"","ast-featured-img":"","footer-sml-layout":"","ast-disable-related-posts":"","theme-transparent-header-meta":"","adv-header-id-meta":"","stick-header-meta":"","header-above-stick-meta":"","header-main-stick-meta":"","header-below-stick-meta":"","astra-migrate-meta-layouts":"default","ast-page-background-enabled":"default","ast-page-background-meta":{"desktop":{"background-color":"var(--ast-global-color-4)","background-image":"","background-repeat":"repeat","background-position":"center center","background-size":"auto","background-attachment":"scroll","background-type":"","background-media":"","overlay-type":"","overlay-color":"","overlay-opacity":"","overlay-gradient":""},"tablet":{"background-color":"","background-image":"","background-repeat":"repeat","background-position":"center center","background-size":"auto","background-attachment":"scroll","background-type":"","background-media":"","overlay-type":"","overlay-color":"","overlay-opacity":"","overlay-gradient":""},"mobile":{"background-color":"","background-image":"","background-repeat":"repeat","background-position":"center center","background-size":"auto","background-attachment":"scroll","background-type":"","background-media":"","overlay-type":"","overlay-color":"","overlay-opacity":"","overlay-gradient":""}},"ast-content-background-meta":{"desktop":{"background-color":"var(--ast-global-color-5)","background-image":"","background-repeat":"repeat","background-position":"center center","background-size":"auto","background-attachment":"scroll","background-type":"","background-media":"","overlay-type":"","overlay-color":"","overlay-opacity":"","overlay-gradient":""},"tablet":{"background-color":"var(--ast-global-color-5)","background-image":"","background-repeat":"repeat","background-position":"center center","background-size":"auto","background-attachment":"scroll","background-type":"","background-media":"","overlay-type":"","overlay-color":"","overlay-opacity":"","overlay-gradient":""},"mobile":{"background-color":"var(--ast-global-color-5)","background-image":"","background-repeat":"repeat","background-position":"center center","background-size":"auto","background-attachment":"scroll","background-type":"","background-media":"","overlay-type":"","overlay-color":"","overlay-opacity":"","overlay-gradient":""}},"footnotes":""},"class_list":["post-147069","page","type-page","status-publish","has-post-thumbnail","hentry"],"_links":{"self":[{"href":"https:\/\/medclinics.com\/de\/wp-json\/wp\/v2\/pages\/147069","targetHints":{"allow":["GET"]}}],"collection":[{"href":"https:\/\/medclinics.com\/de\/wp-json\/wp\/v2\/pages"}],"about":[{"href":"https:\/\/medclinics.com\/de\/wp-json\/wp\/v2\/types\/page"}],"author":[{"embeddable":true,"href":"https:\/\/medclinics.com\/de\/wp-json\/wp\/v2\/users\/4"}],"replies":[{"embeddable":true,"href":"https:\/\/medclinics.com\/de\/wp-json\/wp\/v2\/comments?post=147069"}],"version-history":[{"count":0,"href":"https:\/\/medclinics.com\/de\/wp-json\/wp\/v2\/pages\/147069\/revisions"}],"wp:featuredmedia":[{"embeddable":true,"href":"https:\/\/medclinics.com\/de\/wp-json\/wp\/v2\/media\/96073"}],"wp:attachment":[{"href":"https:\/\/medclinics.com\/de\/wp-json\/wp\/v2\/media?parent=147069"}],"curies":[{"name":"wp","href":"https:\/\/api.w.org\/{rel}","templated":true}]}}