{"id":147055,"date":"2023-05-05T07:53:00","date_gmt":"2023-05-05T04:53:00","guid":{"rendered":"https:\/\/medclinics.com\/umgekehrte-bauchdeckenstraffung\/"},"modified":"2024-04-01T16:16:06","modified_gmt":"2024-04-01T13:16:06","slug":"umgekehrte-bauchdeckenstraffung","status":"publish","type":"page","link":"https:\/\/medclinics.com\/de\/umgekehrte-bauchdeckenstraffung\/","title":{"rendered":"Umgekehrte Bauchdeckenstraffung"},"content":{"rendered":"\n<h2 class=\"wp-block-heading\">Wenn Sie nach M\u00f6glichkeiten suchen, das Aussehen des Oberbauchs zu verbessern, ist die umgekehrte Bauchstraffung die perfekte Gelegenheit f\u00fcr Sie.<\/h2>\n\n<p>Eine umgekehrte Bauchstraffung wird auch als Oberk\u00f6rperstraffung bezeichnet. Sie behandelt schlaffe Haut und \u00fcbersch\u00fcssiges Fett im Oberbauch. Eine umgekehrte Bauchstraffung zielt auf den Oberbauch, einschlie\u00dflich des Bereichs \u00fcber dem Bauchnabel. Eine traditionelle Bauchstraffung konzentriert sich auf den Unterbauch. Das ist der Unterschied zwischen ihnen.<\/p>\n\n<p>Bei einer umgekehrten Bauchstraffung wird der Schnitt in der Regel am unteren Rand der Brust gesetzt. Anschlie\u00dfend werden \u00fcbersch\u00fcssige Haut und Fett vom Oberbauch entfernt. Falls erforderlich, k\u00f6nnen die darunter liegenden Muskeln gestrafft werden. Schlie\u00dflich wird die verbleibende Haut nach unten gezogen.<\/p>\n\n<p>Diese Operation wird h\u00e4ufig bei Personen mit schlaffer, h\u00e4ngender Haut im Oberbauch durchgef\u00fchrt. Gewichtsverlust, Alterung oder Schwangerschaft sind typische Gr\u00fcnde. In der Regel wird eine umgekehrte Bauchstraffung in Verbindung mit einer <a href=\"https:\/\/medclinics.com\/de\/bruststraffung\/\" target=\"_blank\" rel=\"noreferrer noopener\">Bruststraffung <\/a>durchgef\u00fchrt.<\/p>\n\n<p>Zu den <a href=\"https:\/\/en.wikipedia.org\/wiki\/Abdominoplasty#Risks\" target=\"_blank\" rel=\"noreferrer noopener\">Risiken<\/a> geh\u00f6ren Infektionen, Narbenbildung, schlechte Wundheilung und die m\u00f6gliche Bildung von Blutgerinnseln. Eine Behandlung durch einen qualifizierten Arzt verringert diese Risiken.<\/p>\n\n<h3 class=\"wp-block-heading\">Alles, was Sie \u00fcber <a href=\"https:\/\/medclinics.com\/de\/plastische-und-asthetische-chirurgie\/\" target=\"_blank\" rel=\"noreferrer noopener\">plastische und \u00e4sthetische Chirurgie<\/a> wissen m\u00fcssen, einschlie\u00dflich Preis, Behandlungsplan und mehr, oder <a href=\"#requestform\">kontaktieren Sie uns<\/a>!<\/h3>\n\n<figure class=\"wp-block-image size-full\"><img fetchpriority=\"high\" decoding=\"async\" width=\"960\" height=\"540\" src=\"https:\/\/medclinics.com\/wp-content\/uploads\/2023\/07\/reverse-tummy-tuck-near-me.jpg\" alt=\"Umgekehrte Bauchstraffung in meiner N&#xE4;he\" class=\"wp-image-97743\" srcset=\"https:\/\/medclinics.com\/wp-content\/uploads\/2023\/07\/reverse-tummy-tuck-near-me.jpg 960w, https:\/\/medclinics.com\/wp-content\/uploads\/2023\/07\/reverse-tummy-tuck-near-me-500x281.jpg 500w, https:\/\/medclinics.com\/wp-content\/uploads\/2023\/07\/reverse-tummy-tuck-near-me-768x432.jpg 768w, https:\/\/medclinics.com\/wp-content\/uploads\/2023\/07\/reverse-tummy-tuck-near-me-24x14.jpg 24w, https:\/\/medclinics.com\/wp-content\/uploads\/2023\/07\/reverse-tummy-tuck-near-me-36x20.jpg 36w, https:\/\/medclinics.com\/wp-content\/uploads\/2023\/07\/reverse-tummy-tuck-near-me-48x27.jpg 48w\" sizes=\"(max-width: 960px) 100vw, 960px\" \/><\/figure>\n\n<h2 class=\"wp-block-heading\">FAQ<\/h2>\n<div id=\"rank-math-faq\" class=\"rank-math-block\">\n<div class=\"rank-math-list \">\n<div id=\"faq-question-1688540076558\" class=\"rank-math-list-item\">\n<h3 class=\"rank-math-question \">Was ist eine umgekehrte Bauchdeckenstraffung?<\/h3>\n<div class=\"rank-math-answer \">\n\n<p>Es handelt sich um eine kosmetische Operation, die sich auf den Oberbauch konzentriert, um \u00fcbersch\u00fcssige Haut und Fett zu entfernen. So k\u00f6nnen Sie ein strafferes und konturierteres Aussehen erreichen.<\/p>\n\n<\/div>\n<\/div>\n<div id=\"faq-question-1688540137778\" class=\"rank-math-list-item\">\n<h3 class=\"rank-math-question \">Wie funktioniert eine umgekehrte Bauchdeckenstraffung?<\/h3>\n<div class=\"rank-math-answer \">\n\n<p>Es wird ein Schnitt entlang des unteren Brustrandes gesetzt. Dabei werden \u00fcbersch\u00fcssige Haut und Fett am Oberbauch entfernt. Anschlie\u00dfend wird die verbleibende Haut nach unten gezogen und vern\u00e4ht. Das Ergebnis ist ein festerer und gestraffter Oberbauch. Dieses Verfahren zielt darauf ab, das Aussehen des Oberbauchs zu verbessern, indem schlaffe oder lose Haut in diesem Bereich entfernt wird.<\/p>\n\n<\/div>\n<\/div>\n<div id=\"faq-question-1688540139719\" class=\"rank-math-list-item\">\n<h3 class=\"rank-math-question \">Wie viel kostet eine umgekehrte Bauchstraffung?<\/h3>\n<div class=\"rank-math-answer \">\n\n<p>Im Allgemeinen k\u00f6nnen die Kosten f\u00fcr eine umgekehrte Bauchdeckenstraffung zwischen 8.000 und 15.000 Dollar oder mehr liegen. Dies ist nat\u00fcrlich von Land zu Land unterschiedlich. In der T\u00fcrkei zum Beispiel liegen die Kosten f\u00fcr diese Operation zwischen 3.000 und 6.000 Dollar. Sie k\u00f6nnen sich mit uns in Verbindung setzen, wenn Sie weitere Informationen \u00fcber sie erhalten m\u00f6chten.  <\/p>\n\n<\/div>\n<\/div>\n<div id=\"faq-question-1688540141811\" class=\"rank-math-list-item\">\n<h3 class=\"rank-math-question \">Wie lange dauert die Genesung bei einer umgekehrten Bauchdeckenplastik?<\/h3>\n<div class=\"rank-math-answer \">\n\n<p>In der Regel dauert es etwa 2-4 Wochen bis zur ersten Erholung. Die vollst\u00e4ndige Genesung kann je nach den spezifischen Bedingungen mehrere Monate dauern.  <\/p>\n\n<\/div>\n<\/div>\n<\/div>\n<\/div>\n<p>\u00a0<\/p>\n\n<h3 class=\"wp-block-heading\">Kontaktieren Sie uns jetzt, falls Sie Fragen haben!<\/h3>\n","protected":false},"excerpt":{"rendered":"<p>Wenn Sie nach M\u00f6glichkeiten suchen, das Aussehen des Oberbauchs zu verbessern, ist die umgekehrte Bauchstraffung die perfekte Gelegenheit f\u00fcr Sie. [&hellip;]<\/p>\n","protected":false},"author":4,"featured_media":96155,"parent":0,"menu_order":0,"comment_status":"closed","ping_status":"closed","template":"","meta":{"site-sidebar-layout":"default","site-content-layout":"","ast-site-content-layout":"default","site-content-style":"default","site-sidebar-style":"default","ast-global-header-display":"","ast-banner-title-visibility":"","ast-main-header-display":"","ast-hfb-above-header-display":"","ast-hfb-below-header-display":"","ast-hfb-mobile-header-display":"","site-post-title":"","ast-breadcrumbs-content":"","ast-featured-img":"","footer-sml-layout":"","ast-disable-related-posts":"","theme-transparent-header-meta":"","adv-header-id-meta":"","stick-header-meta":"","header-above-stick-meta":"","header-main-stick-meta":"","header-below-stick-meta":"","astra-migrate-meta-layouts":"default","ast-page-background-enabled":"default","ast-page-background-meta":{"desktop":{"background-color":"var(--ast-global-color-4)","background-image":"","background-repeat":"repeat","background-position":"center center","background-size":"auto","background-attachment":"scroll","background-type":"","background-media":"","overlay-type":"","overlay-color":"","overlay-opacity":"","overlay-gradient":""},"tablet":{"background-color":"","background-image":"","background-repeat":"repeat","background-position":"center center","background-size":"auto","background-attachment":"scroll","background-type":"","background-media":"","overlay-type":"","overlay-color":"","overlay-opacity":"","overlay-gradient":""},"mobile":{"background-color":"","background-image":"","background-repeat":"repeat","background-position":"center center","background-size":"auto","background-attachment":"scroll","background-type":"","background-media":"","overlay-type":"","overlay-color":"","overlay-opacity":"","overlay-gradient":""}},"ast-content-background-meta":{"desktop":{"background-color":"var(--ast-global-color-5)","background-image":"","background-repeat":"repeat","background-position":"center center","background-size":"auto","background-attachment":"scroll","background-type":"","background-media":"","overlay-type":"","overlay-color":"","overlay-opacity":"","overlay-gradient":""},"tablet":{"background-color":"var(--ast-global-color-5)","background-image":"","background-repeat":"repeat","background-position":"center center","background-size":"auto","background-attachment":"scroll","background-type":"","background-media":"","overlay-type":"","overlay-color":"","overlay-opacity":"","overlay-gradient":""},"mobile":{"background-color":"var(--ast-global-color-5)","background-image":"","background-repeat":"repeat","background-position":"center center","background-size":"auto","background-attachment":"scroll","background-type":"","background-media":"","overlay-type":"","overlay-color":"","overlay-opacity":"","overlay-gradient":""}},"footnotes":""},"class_list":["post-147055","page","type-page","status-publish","has-post-thumbnail","hentry"],"_links":{"self":[{"href":"https:\/\/medclinics.com\/de\/wp-json\/wp\/v2\/pages\/147055","targetHints":{"allow":["GET"]}}],"collection":[{"href":"https:\/\/medclinics.com\/de\/wp-json\/wp\/v2\/pages"}],"about":[{"href":"https:\/\/medclinics.com\/de\/wp-json\/wp\/v2\/types\/page"}],"author":[{"embeddable":true,"href":"https:\/\/medclinics.com\/de\/wp-json\/wp\/v2\/users\/4"}],"replies":[{"embeddable":true,"href":"https:\/\/medclinics.com\/de\/wp-json\/wp\/v2\/comments?post=147055"}],"version-history":[{"count":0,"href":"https:\/\/medclinics.com\/de\/wp-json\/wp\/v2\/pages\/147055\/revisions"}],"wp:featuredmedia":[{"embeddable":true,"href":"https:\/\/medclinics.com\/de\/wp-json\/wp\/v2\/media\/96155"}],"wp:attachment":[{"href":"https:\/\/medclinics.com\/de\/wp-json\/wp\/v2\/media?parent=147055"}],"curies":[{"name":"wp","href":"https:\/\/api.w.org\/{rel}","templated":true}]}}