{"id":146821,"date":"2023-05-25T12:21:54","date_gmt":"2023-05-25T09:21:54","guid":{"rendered":"https:\/\/medclinics.com\/umfassender-check-up-fur-manner-uber-40\/"},"modified":"2024-12-30T19:30:26","modified_gmt":"2024-12-30T16:30:26","slug":"umfassender-check-up-fur-manner-uber-40","status":"publish","type":"page","link":"https:\/\/medclinics.com\/de\/umfassender-check-up-fur-manner-uber-40\/","title":{"rendered":"Umfassender Check-up f\u00fcr M\u00e4nner \u00fcber 40"},"content":{"rendered":"\n<h2 class=\"wp-block-heading\">Wenn Sie auf der Suche nach der besten Gesundheitsvorsorge sind, k\u00f6nnte der Check-up f\u00fcr M\u00e4nner \u00fcber 40 die perfekte L\u00f6sung sein.<\/h2>\n\n<p>Regelm\u00e4\u00dfige \u00e4rztliche Untersuchungen f\u00fcr M\u00e4nner \u00fcber 40 sind notwendig, um optimale Gesundheit und Wohlbefinden zu gew\u00e4hrleisten. Diese Untersuchungen umfassen umfassende Beurteilungen verschiedener Aspekte der k\u00f6rperlichen Gesundheit und k\u00f6nnen dazu beitragen, potenzielle gesundheitliche Probleme zu erkennen und anzugehen.<\/p>\n\n<p>Bei diesen Untersuchungen f\u00fchrt das medizinische Fachpersonal in der Regel eine gr\u00fcndliche k\u00f6rperliche Untersuchung durch, misst die Vitalparameter, beurteilt Gewicht und Gr\u00f6\u00dfe und bewertet den allgemeinen Gesundheitszustand.<\/p>\n\n<p>Dar\u00fcber hinaus k\u00f6nnen sie Screenings wie Blutdruckmessungen, Cholesterinuntersuchungen und Bluttests zur Bestimmung des Blutzuckerspiegels, der Gesundheit der Prostata und anderer wichtiger Marker empfehlen.<\/p>\n\n<p>Diese Routineuntersuchung bietet die Gelegenheit, alle Symptome zu besprechen, Bedenken im Zusammenhang mit dem \u00c4lterwerden anzusprechen, Lebensstilfaktoren zu er\u00f6rtern und potenzielle Risikofaktoren f\u00fcr Krankheiten wie Herzkrankheiten, Diabetes oder Prostatakrebs zu bewerten.<\/p>\n\n<p>Durch regelm\u00e4\u00dfige <a href=\"https:\/\/en.wikipedia.org\/wiki\/Check-Up\" target=\"_blank\" rel=\"noopener\">Vorsorgeuntersuchungen<\/a> k\u00f6nnen M\u00e4nner \u00fcber 40 proaktive Schritte zur Fr\u00fcherkennung und Vorbeugung unternehmen und ihr Leben lang eine optimale Gesundheit erhalten.<\/p>\n\n<figure class=\"wp-block-image size-full\"><img fetchpriority=\"high\" decoding=\"async\" width=\"960\" height=\"540\" class=\"wp-image-97489\" src=\"https:\/\/medclinics.com\/wp-content\/uploads\/2023\/07\/comprehensive-check-up-for-men-over-40-near-me.jpg\" alt=\"Umfassender Check-up f&#xFC;r M&#xE4;nner &#xFC;ber 40 in meiner N&#xE4;he\" srcset=\"https:\/\/medclinics.com\/wp-content\/uploads\/2023\/07\/comprehensive-check-up-for-men-over-40-near-me.jpg 960w, https:\/\/medclinics.com\/wp-content\/uploads\/2023\/07\/comprehensive-check-up-for-men-over-40-near-me-500x281.jpg 500w, https:\/\/medclinics.com\/wp-content\/uploads\/2023\/07\/comprehensive-check-up-for-men-over-40-near-me-768x432.jpg 768w, https:\/\/medclinics.com\/wp-content\/uploads\/2023\/07\/comprehensive-check-up-for-men-over-40-near-me-24x14.jpg 24w, https:\/\/medclinics.com\/wp-content\/uploads\/2023\/07\/comprehensive-check-up-for-men-over-40-near-me-36x20.jpg 36w, https:\/\/medclinics.com\/wp-content\/uploads\/2023\/07\/comprehensive-check-up-for-men-over-40-near-me-48x27.jpg 48w\" sizes=\"(max-width: 960px) 100vw, 960px\" \/><\/figure>\n\n<p><strong>Check-up f\u00fcr M\u00e4nner \u00fcber 40 Pakete:<\/strong><\/p>\n\n<div class=\"wp-block-columns is-layout-flex wp-container-core-columns-is-layout-28f84493 wp-block-columns-is-layout-flex\">\n<div class=\"wp-block-column is-layout-flow wp-block-column-is-layout-flow\">\n<p><strong>UNTERSUCHUNGEN<\/strong><\/p>\n\n\n\n<ul class=\"wp-block-list\">\n<li>Check-Up-Untersuchung<\/li>\n\n\n\n<li>HNO-Untersuchung<\/li>\n\n\n\n<li>Urologie-Untersuchung<\/li>\n\n\n\n<li>Augenuntersuchung<\/li>\n\n\n\n<li>Dermatologische Untersuchung<\/li>\n\n\n\n<li>Kardiologische Untersuchung<\/li>\n<\/ul>\n\n\n\n<p><strong>ZAHN\u00c4RZTLICHE LEISTUNGEN<\/strong><\/p>\n\n\n\n<ul class=\"wp-block-list\">\n<li>Zahn\u00e4rztliche Check-up-Untersuchung<\/li>\n\n\n\n<li>Panoramafilm<\/li>\n\n\n\n<li>Zahnsteinentfernung (Einzelkiefer)<\/li>\n<\/ul>\n\n\n\n<p><strong>KARDIOLOGISCHE UNTERSUCHUNGEN<\/strong><\/p>\n\n\n\n<ul class=\"wp-block-list\">\n<li>EKG mit Anstrengung<\/li>\n\n\n\n<li>EKG<\/li>\n\n\n\n<li>Echokardiographie (Doppler+Farbmodus+M+B)<\/li>\n\n\n\n<li>Spannungsholter (24 Stunden)<\/li>\n<\/ul>\n\n\n\n<p><strong>RADIOLOGISCHE UNTERSUCHUNGEN<\/strong><\/p>\n\n\n\n<ul class=\"wp-block-list\">\n<li>Herz-CT &#8211; Kalzium-Scoring<\/li>\n\n\n\n<li>Thorax-CT (f\u00fcr Screening-Zwecke \/ niedrige Dosis)<\/li>\n\n\n\n<li>Schilddr\u00fcsen-Ultrasonographie<\/li>\n\n\n\n<li>Ganzk\u00f6rper-Ultraschalluntersuchung des Abdomens<\/li>\n\n\n\n<li>Carotis Bilaterales Farbdoppler-USG<\/li>\n\n\n\n<li>Knochendichtemessung (FeKnochendichtemessung (Oberschenkelknochen)<\/li>\n\n\n\n<li>Knochendichtemessung (lumbaler AP)<\/li>\n\n\n\n<li>Gehirn (Sch\u00e4del) MR (1,5 T)<\/li>\n\n\n\n<li>MRT-Angiographie (intrakraniell) (3,0 T)<\/li>\n<\/ul>\n\n\n\n<p><strong>NEUROLOGISCHE UNTERSUCHUNGEN<\/strong><\/p>\n\n\n\n<ul class=\"wp-block-list\">\n<li>Schlaf-Polysomnographie<\/li>\n<\/ul>\n\n\n\n<p><strong>AUDIOLOGISCHE UNTERSUCHUNGEN<\/strong><\/p>\n\n\n\n<ul class=\"wp-block-list\">\n<li>Audio- und Paukenmessung<\/li>\n\n\n\n<li>Reintonaudiometrie<\/li>\n<\/ul>\n\n\n\n<p><strong>TESTS ZUR BEHANDLUNG DER ATEMWEGE<\/strong><\/p>\n\n\n\n<ul class=\"wp-block-list\">\n<li>Atmungsfunktion Test<\/li>\n<\/ul>\n\n\n\n<p><strong>INITIATIVEN<\/strong><\/p>\n\n\n\n<ul class=\"wp-block-list\">\n<li>Dermatoskopie<\/li>\n<\/ul>\n\n\n\n<p><strong>ENDOSKOPISCHE ANWENDUNGEN<\/strong><\/p>\n\n\n\n<ul class=\"wp-block-list\">\n<li>\u00d6sophagoskopie, Gastroskopie, Duodenoskopie + Biopsie<\/li>\n\n\n\n<li>Dickdarmspiegelung + Biopsie<\/li>\n\n\n\n<li>Kolonoskopische Polypektomie (f\u00fcr jeden Polypen bis zu 2 Polypen)<\/li>\n<\/ul>\n\n\n\n<p><strong>AN\u00c4STHESIE-UNTERSUCHUNGEN<\/strong><\/p>\n\n\n\n<ul class=\"wp-block-list\">\n<li>Sedierung und lokale An\u00e4sthesie  <\/li>\n<\/ul>\n\n\n\n<p><strong>PATHOLOGISCHE UNTERSUCHUNGEN<\/strong><\/p>\n\n\n\n<ul class=\"wp-block-list\">\n<li>Zytopathologie, D\u00fcnnpr\u00e4paration<\/li>\n\n\n\n<li>Magen, Biopsie<\/li>\n<\/ul>\n<\/div>\n\n\n\n<div class=\"wp-block-column is-layout-flow wp-block-column-is-layout-flow\">\n<p><strong>LABORUNTERSUCHUNGEN<\/strong><\/p>\n\n\n\n<ul class=\"wp-block-list\">\n<li>Alpha-Fetoprotein (AFP)<\/li>\n\n\n\n<li>Alkalische Phosphatase (ALP)<\/li>\n\n\n\n<li>Alanin-Aminotransferase (ALT)<\/li>\n\n\n\n<li>Aspartat-Aminotransferase (AST)<\/li>\n\n\n\n<li>Amylase<\/li>\n\n\n\n<li>Zink (Zn)<\/li>\n\n\n\n<li>Eisen<\/li>\n\n\n\n<li>Eisenbindungsverm\u00f6gen<\/li>\n\n\n\n<li>Ferritin<\/li>\n\n\n\n<li>Fols\u00e4ure<\/li>\n\n\n\n<li>Okkultes Blut, Stuhl<\/li>\n\n\n\n<li>Gamma-Glutamyl-Transferase (GGT)<\/li>\n\n\n\n<li>Glukose, N\u00fcchtern<\/li>\n\n\n\n<li>H\u00e4moglobin A1c (HbA1c)<\/li>\n\n\n\n<li>Homocystein<\/li>\n\n\n\n<li>Kalzium (Ca)<\/li>\n\n\n\n<li>Chlorid (Cl)<\/li>\n\n\n\n<li>Cholesterin, HDL<\/li>\n\n\n\n<li>Cholesterin, LDL (direkt)<\/li>\n\n\n\n<li>Cholesterin, gesamt<\/li>\n\n\n\n<li>Cholesterin, VLDL<\/li>\n\n\n\n<li>Kreatinin, Serum<\/li>\n\n\n\n<li>Laktat-Dehydrogenase (LDH)<\/li>\n\n\n\n<li>Lipase<\/li>\n\n\n\n<li>Lipoprotein (a) (Lp(a))<\/li>\n\n\n\n<li>Magnesium (Mg)<\/li>\n\n\n\n<li>Kalium (K)<\/li>\n\n\n\n<li>Eiwei\u00df, gesamt<\/li>\n\n\n\n<li>Natrium (Na)<\/li>\n\n\n\n<li>Urinanalyse<\/li>\n\n\n\n<li>Triglyceride<\/li>\n\n\n\n<li>Blut-Harnstoff-Stickstoff (BUN)<\/li>\n\n\n\n<li>Harns\u00e4ure<\/li>\n\n\n\n<li>Vitamin B12<\/li>\n\n\n\n<li>Vitamin D, 25-Hydroxy<\/li>\n\n\n\n<li>aPTT<\/li>\n\n\n\n<li>Vollblutbild (Erweitertes Panel)<\/li>\n\n\n\n<li>Prolaktin (PRL)<\/li>\n\n\n\n<li>Schilddr\u00fcsenstimulierendes Hormon (TSH)<\/li>\n\n\n\n<li>Thyroxin, frei (FT4)<\/li>\n\n\n\n<li>Trijodthyronin, frei (FT3)<\/li>\n\n\n\n<li>CA 15-3<\/li>\n\n\n\n<li>CA 19-9<\/li>\n\n\n\n<li>Prostata-spezifisches Antigen (PSA), gesamt<\/li>\n\n\n\n<li>Prostata-spezifisches Antigen (PSA), frei<\/li>\n\n\n\n<li>Kultur, Kehle<\/li>\n\n\n\n<li>Parasiten, Stuhl<\/li>\n\n\n\n<li>SARS-CoV-2-Antigen-Test (Schnelltest)<\/li>\n\n\n\n<li>SARS-CoV-2-Antik\u00f6rper, IgG, quantitativ<\/li>\n\n\n\n<li>Hepatitis B s-Antigen (HBsAg)<\/li>\n\n\n\n<li>Hepatitis B s-Antik\u00f6rper (Anti-HBs)<\/li>\n\n\n\n<li>Hepatitis-C-Antik\u00f6rper (Anti-HCV)<\/li>\n\n\n\n<li>HIV-Antik\u00f6rper (1-2) + p24-Antigen<\/li>\n<\/ul>\n<\/div>\n<\/div>\n\n<h3 class=\"wp-block-heading\">Alles, was Sie \u00fcber die <a href=\"https:\/\/medclinics.com\/check-up\/\" target=\"_blank\" rel=\"noreferrer noopener\">medizinische Untersuchung<\/a> wissen m\u00fcssen, einschlie\u00dflich Preis und mehr, <a href=\"#requestform\">kontaktieren Sie uns<\/a> jetzt!<\/h3>\n\n<h3 class=\"wp-block-heading\">FAQ<\/h3>\n<div id=\"rank-math-faq\" class=\"rank-math-block\">\n<div class=\"rank-math-list \">\n<div id=\"faq-question-1685016765754\" class=\"rank-math-list-item\">\n<h3 class=\"rank-math-question \">Welche Tests sollten nach 40 durchgef\u00fchrt werden?<\/h3>\n<div class=\"rank-math-answer \">\n\n<p>Nach dem 40. Lebensjahr werden in der Regel mehrere wichtige Tests und Vorsorgeuntersuchungen zur Erhaltung und \u00dcberwachung der Gesundheit empfohlen. Dazu geh\u00f6ren regelm\u00e4\u00dfige Blutdruckmessungen zur \u00dcberwachung von Bluthochdruck, Cholesterinuntersuchungen zur Beurteilung des kardiovaskul\u00e4ren Risikos und Blutzuckertests zur Feststellung von Diabetes. Darmkrebsvorsorgeuntersuchungen werden im Allgemeinen ab einem Alter von 45 Jahren empfohlen, w\u00e4hrend Prostata-spezifische Antigen-Tests (PSA) f\u00fcr M\u00e4nner oft ab einem Alter von 50 Jahren empfohlen werden, um Prostatakrebs zu erkennen. Knochendichtemessungen werden f\u00fcr Frauen um das 65. Lebensjahr herum empfohlen, um das Risiko von Osteoporose und Knochenbr\u00fcchen zu beurteilen. Au\u00dferdem sind regelm\u00e4\u00dfige Augen- und Sehtests wichtig, um altersbedingte Ver\u00e4nderungen der Sehkraft zu erkennen. Es ist von entscheidender Bedeutung, einen Arzt zu konsultieren, um die spezifischen Tests und Untersuchungsintervalle auf der Grundlage individueller Faktoren und der Krankengeschichte zu bestimmen. Diese Tests spielen eine wichtige Rolle bei der Fr\u00fcherkennung, der Vorbeugung und der allgemeinen Erhaltung der Gesundheit nach dem Alter von 40 Jahren.<\/p>\n\n<\/div>\n<\/div>\n<div id=\"faq-question-1685016766777\" class=\"rank-math-list-item\">\n<h3 class=\"rank-math-question \">Welche Vorsorgeuntersuchungen gibt es f\u00fcr Krebs bei M\u00e4nnern?<\/h3>\n<div class=\"rank-math-answer \">\n\n<p>Es gibt mehrere Fr\u00fcherkennungstests f\u00fcr Krebserkrankungen bei M\u00e4nnern. F\u00fcr Prostatakrebs ist der allgemein empfohlene Vorsorgetest der Prostata-spezifische Antigen (PSA)-Test, der den Gehalt eines bestimmten Proteins im Blut misst. Der Einsatz von PSA-Tests ist jedoch umstritten, und die Entscheidung, sich einem Screening zu unterziehen, sollte auf der Grundlage der individuellen Risikofaktoren und in Absprache mit einem Arzt getroffen werden. Die Hodenselbstuntersuchung ist keine formelle Vorsorgeuntersuchung, wird aber M\u00e4nnern empfohlen, um Anomalien an den Hoden zu erkennen. Regelm\u00e4\u00dfige Selbstuntersuchungen helfen, Ver\u00e4nderungen wie Klumpen oder Schwellungen zu erkennen. Die wichtigste Methode zur Fr\u00fcherkennung von Darmkrebs ist die Darmspiegelung, bei der Dick- und Enddarm gr\u00fcndlich untersucht werden. Der Zeitpunkt und die H\u00e4ufigkeit von Screening-Tests k\u00f6nnen je nach individuellen Faktoren und Richtlinien variieren.<\/p>\n\n<\/div>\n<\/div>\n<div id=\"faq-question-1685016767717\" class=\"rank-math-list-item\">\n<h3 class=\"rank-math-question \">Was sind h\u00e4ufige Probleme nach 40?<\/h3>\n<div class=\"rank-math-answer \">\n\n<p>Nach dem 40. Lebensjahr treten in der Regel verschiedene gesundheitliche Probleme und altersbedingte Ver\u00e4nderungen auf. Herz-Kreislauf-Probleme wie Bluthochdruck, erh\u00f6hter Cholesterinspiegel und ein erh\u00f6htes Risiko f\u00fcr Herzkrankheiten treten h\u00e4ufiger auf. Die Gewichtskontrolle wird schwieriger, wenn sich der Stoffwechsel verlangsamt. Die Knochengesundheit wird zum Problem, und das Risiko von Osteoporose und Knochenbr\u00fcchen steigt. Es kann zu Ver\u00e4nderungen des Seh- und H\u00f6rverm\u00f6gens kommen, einschlie\u00dflich Alterssichtigkeit und erh\u00f6htem Risiko f\u00fcr Erkrankungen wie Katarakt und Glaukom. Hormonelle Ver\u00e4nderungen betreffen sowohl M\u00e4nner als auch Frauen, wobei Frauen unter den Symptomen der Perimenopause und der Menopause leiden, w\u00e4hrend bei M\u00e4nnern ein allm\u00e4hlicher R\u00fcckgang des Testosteronspiegels auftreten kann. Gelenk- und Muskelprobleme, wie Arthritis und Steifheit, treten h\u00e4ufiger auf. Psychische Probleme, einschlie\u00dflich Angstzust\u00e4nde und Depressionen, k\u00f6nnen durch hormonelle Umstellungen und Lebens\u00fcberg\u00e4nge entstehen. Das Risiko von Stoffwechselkrankheiten wie Typ-2-Diabetes steigt, und eine regelm\u00e4\u00dfige \u00dcberwachung ist von entscheidender Bedeutung. Au\u00dferdem steigt das Risiko f\u00fcr bestimmte Krebsarten wie Prostata-, Brust-, Darm- und Lungenkrebs im Allgemeinen mit dem Alter an. Regelm\u00e4\u00dfige Vorsorgeuntersuchungen, ein gesunder Lebensstil und eine effektive Kommunikation mit den Gesundheitsdienstleistern sind wichtig, um diese h\u00e4ufigen Probleme bei Menschen \u00fcber 40 anzugehen und zu bew\u00e4ltigen.<\/p>\n\n<\/div>\n<\/div>\n<\/div>\n<\/div>\n<p>\u00a0<\/p>\n\n<h3 class=\"wp-block-heading\">Kontaktieren Sie uns jetzt, falls Sie Fragen haben!<\/h3>\n","protected":false},"excerpt":{"rendered":"<p>Wenn Sie auf der Suche nach der besten Gesundheitsvorsorge sind, k\u00f6nnte der Check-up f\u00fcr M\u00e4nner \u00fcber 40 die perfekte L\u00f6sung [&hellip;]<\/p>\n","protected":false},"author":4,"featured_media":91905,"parent":0,"menu_order":0,"comment_status":"closed","ping_status":"closed","template":"","meta":{"site-sidebar-layout":"default","site-content-layout":"","ast-site-content-layout":"default","site-content-style":"default","site-sidebar-style":"default","ast-global-header-display":"","ast-banner-title-visibility":"","ast-main-header-display":"","ast-hfb-above-header-display":"","ast-hfb-below-header-display":"","ast-hfb-mobile-header-display":"","site-post-title":"","ast-breadcrumbs-content":"","ast-featured-img":"","footer-sml-layout":"","ast-disable-related-posts":"","theme-transparent-header-meta":"","adv-header-id-meta":"","stick-header-meta":"","header-above-stick-meta":"","header-main-stick-meta":"","header-below-stick-meta":"","astra-migrate-meta-layouts":"default","ast-page-background-enabled":"default","ast-page-background-meta":{"desktop":{"background-color":"var(--ast-global-color-4)","background-image":"","background-repeat":"repeat","background-position":"center center","background-size":"auto","background-attachment":"scroll","background-type":"","background-media":"","overlay-type":"","overlay-color":"","overlay-opacity":"","overlay-gradient":""},"tablet":{"background-color":"","background-image":"","background-repeat":"repeat","background-position":"center center","background-size":"auto","background-attachment":"scroll","background-type":"","background-media":"","overlay-type":"","overlay-color":"","overlay-opacity":"","overlay-gradient":""},"mobile":{"background-color":"","background-image":"","background-repeat":"repeat","background-position":"center center","background-size":"auto","background-attachment":"scroll","background-type":"","background-media":"","overlay-type":"","overlay-color":"","overlay-opacity":"","overlay-gradient":""}},"ast-content-background-meta":{"desktop":{"background-color":"var(--ast-global-color-5)","background-image":"","background-repeat":"repeat","background-position":"center center","background-size":"auto","background-attachment":"scroll","background-type":"","background-media":"","overlay-type":"","overlay-color":"","overlay-opacity":"","overlay-gradient":""},"tablet":{"background-color":"var(--ast-global-color-5)","background-image":"","background-repeat":"repeat","background-position":"center center","background-size":"auto","background-attachment":"scroll","background-type":"","background-media":"","overlay-type":"","overlay-color":"","overlay-opacity":"","overlay-gradient":""},"mobile":{"background-color":"var(--ast-global-color-5)","background-image":"","background-repeat":"repeat","background-position":"center center","background-size":"auto","background-attachment":"scroll","background-type":"","background-media":"","overlay-type":"","overlay-color":"","overlay-opacity":"","overlay-gradient":""}},"footnotes":""},"class_list":["post-146821","page","type-page","status-publish","has-post-thumbnail","hentry"],"_links":{"self":[{"href":"https:\/\/medclinics.com\/de\/wp-json\/wp\/v2\/pages\/146821","targetHints":{"allow":["GET"]}}],"collection":[{"href":"https:\/\/medclinics.com\/de\/wp-json\/wp\/v2\/pages"}],"about":[{"href":"https:\/\/medclinics.com\/de\/wp-json\/wp\/v2\/types\/page"}],"author":[{"embeddable":true,"href":"https:\/\/medclinics.com\/de\/wp-json\/wp\/v2\/users\/4"}],"replies":[{"embeddable":true,"href":"https:\/\/medclinics.com\/de\/wp-json\/wp\/v2\/comments?post=146821"}],"version-history":[{"count":0,"href":"https:\/\/medclinics.com\/de\/wp-json\/wp\/v2\/pages\/146821\/revisions"}],"wp:featuredmedia":[{"embeddable":true,"href":"https:\/\/medclinics.com\/de\/wp-json\/wp\/v2\/media\/91905"}],"wp:attachment":[{"href":"https:\/\/medclinics.com\/de\/wp-json\/wp\/v2\/media?parent=146821"}],"curies":[{"name":"wp","href":"https:\/\/api.w.org\/{rel}","templated":true}]}}