{"id":146811,"date":"2023-05-25T12:05:20","date_gmt":"2023-05-25T09:05:20","guid":{"rendered":"https:\/\/medclinics.com\/umfassender-check-up-fur-frauen-uber-40\/"},"modified":"2024-12-30T19:30:25","modified_gmt":"2024-12-30T16:30:25","slug":"umfassender-check-up-fur-frauen-uber-40","status":"publish","type":"page","link":"https:\/\/medclinics.com\/de\/umfassender-check-up-fur-frauen-uber-40\/","title":{"rendered":"Umfassender Check-up f\u00fcr Frauen \u00fcber 40"},"content":{"rendered":"\n<h2 class=\"wp-block-heading\">Wenn Sie nach einer M\u00f6glichkeit suchen, die gr\u00f6\u00dfte Gesundheitsvorsorge zu betreiben, sind Check-up-Behandlungen vielleicht die perfekte L\u00f6sung.<\/h2>\n\n<p><br\/>Regelm\u00e4\u00dfige Vorsorgeuntersuchungen f\u00fcr Frauen \u00fcber 40 sind wichtig, um ihre Gesundheit und ihr Wohlbefinden in den Vordergrund zu stellen. Diese Untersuchungen umfassen in der Regel umfassende Beurteilungen verschiedener Aspekte der k\u00f6rperlichen und reproduktiven Gesundheit der Frauen.  <\/p>\n\n<p>Bei diesen Untersuchungen kann das medizinische Fachpersonal eine gr\u00fcndliche k\u00f6rperliche Untersuchung durchf\u00fchren, bei der unter anderem die Vitalparameter gemessen, Gewicht und Gr\u00f6\u00dfe bestimmt und die Gesundheit der Brust und des Beckens beurteilt werden.<\/p>\n\n<p>Au\u00dferdem k\u00f6nnen sie Vorsorgeuntersuchungen wie Mammographien zur Erkennung von Brustanomalien und Pap-Abstriche zur Erkennung von Geb\u00e4rmutterhalskrebs empfehlen. Blutuntersuchungen zur Bestimmung des Cholesterinspiegels, des Blutzuckers und des Hormonspiegels k\u00f6nnen ebenfalls empfohlen werden.  <\/p>\n\n<p>Diese Routineuntersuchungen bieten die Gelegenheit, alle Bedenken, Wechseljahrsbeschwerden, hormonelle Ver\u00e4nderungen und altersbedingte Gesundheitsfragen zu besprechen.  <\/p>\n\n<p>Eigeninitiative und regelm\u00e4\u00dfige <a href=\"https:\/\/en.wikipedia.org\/wiki\/Check-Up\" target=\"_blank\" rel=\"noopener\">Vorsorgeuntersuchungen<\/a> f\u00fcr Frauen \u00fcber 40 sind wichtige Schritte zur Fr\u00fcherkennung, Pr\u00e4vention und allgemeinen Gesunderhaltung.<\/p>\n\n<figure class=\"wp-block-image size-full\"><img fetchpriority=\"high\" decoding=\"async\" width=\"960\" height=\"540\" src=\"https:\/\/medclinics.com\/wp-content\/uploads\/2023\/07\/comprehensive-check-up-for-women-over-40-near-me-1.jpg\" alt=\"Umfassender Check-up f&#xFC;r Frauen &#xFC;ber 40 in meiner N&#xE4;he T&#xFC;rkei\" class=\"wp-image-97545\" srcset=\"https:\/\/medclinics.com\/wp-content\/uploads\/2023\/07\/comprehensive-check-up-for-women-over-40-near-me-1.jpg 960w, https:\/\/medclinics.com\/wp-content\/uploads\/2023\/07\/comprehensive-check-up-for-women-over-40-near-me-1-500x281.jpg 500w, https:\/\/medclinics.com\/wp-content\/uploads\/2023\/07\/comprehensive-check-up-for-women-over-40-near-me-1-768x432.jpg 768w, https:\/\/medclinics.com\/wp-content\/uploads\/2023\/07\/comprehensive-check-up-for-women-over-40-near-me-1-24x14.jpg 24w, https:\/\/medclinics.com\/wp-content\/uploads\/2023\/07\/comprehensive-check-up-for-women-over-40-near-me-1-36x20.jpg 36w, https:\/\/medclinics.com\/wp-content\/uploads\/2023\/07\/comprehensive-check-up-for-women-over-40-near-me-1-48x27.jpg 48w\" sizes=\"(max-width: 960px) 100vw, 960px\" \/><\/figure>\n\n<p><strong>Check-up f\u00fcr Frauen \u00fcber 40 Pakete:<\/strong><\/p>\n\n<div class=\"wp-block-columns is-layout-flex wp-container-core-columns-is-layout-28f84493 wp-block-columns-is-layout-flex\">\n<div class=\"wp-block-column is-layout-flow wp-block-column-is-layout-flow\">\n<p><strong>UNTERSUCHUNGEN<\/strong><\/p>\n\n\n\n<ul class=\"wp-block-list\">\n<li>Check-Up-Untersuchung<\/li>\n\n\n\n<li>HNO-Untersuchung<\/li>\n\n\n\n<li>Gyn\u00e4kologische Untersuchung<\/li>\n\n\n\n<li>Augenuntersuchung<\/li>\n\n\n\n<li>Dermatologische Untersuchung<\/li>\n\n\n\n<li>Kardiologische Untersuchung<\/li>\n<\/ul>\n\n\n\n<p><strong>ZAHN\u00c4RZTLICHE LEISTUNGEN<\/strong><\/p>\n\n\n\n<ul class=\"wp-block-list\">\n<li>Zahn\u00e4rztliche Check-up-Untersuchung<\/li>\n\n\n\n<li>Panoramafilm<\/li>\n\n\n\n<li>Zahnsteinentfernung (Einzelkiefer)<\/li>\n<\/ul>\n\n\n\n<p><strong>KARDIOLOGISCHE UNTERSUCHUNGEN<\/strong><\/p>\n\n\n\n<ul class=\"wp-block-list\">\n<li>EKG mit Anstrengung<\/li>\n\n\n\n<li>EKG<\/li>\n\n\n\n<li>Echokardiographie (Doppler+Farbmodus+M+B)<\/li>\n\n\n\n<li>Spannungsholter (24 Stunden)<\/li>\n<\/ul>\n\n\n\n<p><strong>RADIOLOGISCHE UNTERSUCHUNGEN<\/strong><\/p>\n\n\n\n<ul class=\"wp-block-list\">\n<li>Herz-CT &#8211; Kalzium-Scoring<\/li>\n\n\n\n<li>Thorax-CT (f\u00fcr Screening-Zwecke \/ niedrige Dosis)<\/li>\n\n\n\n<li>Schilddr\u00fcsen-Ultrasonographie<\/li>\n\n\n\n<li>Ganzk\u00f6rper-Ultraschalluntersuchung des Abdomens<\/li>\n\n\n\n<li>Brust-Ultraschall (zweiseitig)<\/li>\n\n\n\n<li>Carotis Bilaterales Farbdoppler-USG<\/li>\n\n\n\n<li>Mammographie (bilateral)<\/li>\n\n\n\n<li>Knochendichtemessung (FeKnochendichtemessung (Oberschenkelknochen)<\/li>\n\n\n\n<li>Knochendichtemessung (lumbaler AP)<\/li>\n\n\n\n<li>Gehirn (Sch\u00e4del) MR (1,5 T)<\/li>\n\n\n\n<li>MRT-Angiographie (intrakraniell) (3,0 T)<\/li>\n<\/ul>\n\n\n\n<p><strong>NEUROLOGISCHE UNTERSUCHUNGEN<\/strong><\/p>\n\n\n\n<ul class=\"wp-block-list\">\n<li>Schlaf-Polysomnographie<\/li>\n\n\n\n<li>AUDIOLOGISCHE UNTERSUCHUNGEN<\/li>\n\n\n\n<li>Audio- und Paukenmessung<\/li>\n\n\n\n<li>Reintonaudiometrie<\/li>\n<\/ul>\n\n\n\n<p><strong>TESTS ZUR BEHANDLUNG DER ATEMWEGE<\/strong><\/p>\n\n\n\n<ul class=\"wp-block-list\">\n<li>Atmungsfunktion Test<\/li>\n<\/ul>\n\n\n\n<p><strong>INITIATIVEN<\/strong><\/p>\n\n\n\n<ul class=\"wp-block-list\">\n<li>Dermatoskopie<\/li>\n<\/ul>\n\n\n\n<p><strong>ENDOSKOPISCHE ANWENDUNGEN<\/strong><\/p>\n\n\n\n<ul class=\"wp-block-list\">\n<li>\u00d6sophagoskopie, Gastroskopie, Duodenoskopie + Biopsie<\/li>\n\n\n\n<li>Dickdarmspiegelung + Biopsie<\/li>\n\n\n\n<li>Kolonoskopische Polypektomie (f\u00fcr jeden Polypen bis zu 2 Polypen)<\/li>\n<\/ul>\n\n\n\n<p><strong>AN\u00c4STHESIE-UNTERSUCHUNGEN<\/strong><\/p>\n\n\n\n<ul class=\"wp-block-list\">\n<li>Sedierung und lokale An\u00e4sthesie  <\/li>\n<\/ul>\n\n\n\n<p><strong>PATHOLOGISCHE UNTERSUCHUNGEN<\/strong><\/p>\n\n\n\n<ul class=\"wp-block-list\">\n<li>Zytopathologie, D\u00fcnnpr\u00e4paration<\/li>\n\n\n\n<li>Magen, Biopsie<\/li>\n\n\n\n<li>S\u00e4ule, Biopsie<\/li>\n<\/ul>\n<\/div>\n\n\n\n<div class=\"wp-block-column is-layout-flow wp-block-column-is-layout-flow\">\n<p><strong>LABORUNTERSUCHUNGEN<\/strong><\/p>\n\n\n\n<ul class=\"wp-block-list\">\n<li>Alpha-Fetoprotein (AFP)<\/li>\n\n\n\n<li>Alkalische Phosphatase (ALP)<\/li>\n\n\n\n<li>Alanin-Aminotransferase (ALT)<\/li>\n\n\n\n<li>Aspartat-Aminotransferase (AST)<\/li>\n\n\n\n<li>Amylase<\/li>\n\n\n\n<li>Zink (Zn)<\/li>\n\n\n\n<li>Eisen<\/li>\n\n\n\n<li>Eisenbindungsverm\u00f6gen<\/li>\n\n\n\n<li>Ferritin<\/li>\n\n\n\n<li>Fols\u00e4ure<\/li>\n\n\n\n<li>Okkultes Blut, Stuhl<\/li>\n\n\n\n<li>Gamma-Glutamyl-Transferase (GGT)<\/li>\n\n\n\n<li>Glukose, N\u00fcchtern<\/li>\n\n\n\n<li>H\u00e4moglobin A1c (HbA1c)<\/li>\n\n\n\n<li>Homocystein<\/li>\n\n\n\n<li>Kalzium (Ca)<\/li>\n\n\n\n<li>Chlorid (Cl)<\/li>\n\n\n\n<li>Cholesterin, HDL<\/li>\n\n\n\n<li>Cholesterin, LDL (direkt)<\/li>\n\n\n\n<li>Cholesterin, gesamt<\/li>\n\n\n\n<li>Cholesterin, VLDL<\/li>\n\n\n\n<li>Kreatinin, Serum<\/li>\n\n\n\n<li>Laktat-Dehydrogenase (LDH)<\/li>\n\n\n\n<li>Lipase<\/li>\n\n\n\n<li>Lipoprotein (a) (Lp(a))<\/li>\n\n\n\n<li>Magnesium (Mg)<\/li>\n\n\n\n<li>Kalium (K)<\/li>\n\n\n\n<li>Eiwei\u00df, gesamt<\/li>\n\n\n\n<li>Natrium (Na)<\/li>\n\n\n\n<li>Urinanalyse<\/li>\n\n\n\n<li>Triglyceride<\/li>\n\n\n\n<li>Blut-Harnstoff-Stickstoff (BUN)<\/li>\n\n\n\n<li>Harns\u00e4ure<\/li>\n\n\n\n<li>Vitamin B12<\/li>\n\n\n\n<li>Vitamin D, 25-Hydroxy<\/li>\n\n\n\n<li>aPTT<\/li>\n\n\n\n<li>Vollblutbild (Erweitertes Panel)<\/li>\n\n\n\n<li>Prolaktin (PRL)<\/li>\n\n\n\n<li>Schilddr\u00fcsenstimulierendes Hormon (TSH)<\/li>\n\n\n\n<li>Thyroxin, frei (FT4)<\/li>\n\n\n\n<li>Trijodthyronin, frei (FT3)<\/li>\n\n\n\n<li>CA 125<\/li>\n\n\n\n<li>CA 15-3<\/li>\n\n\n\n<li>CA 19-9<\/li>\n\n\n\n<li>Kultur, Kehle<\/li>\n\n\n\n<li>Parasiten, Stuhl<\/li>\n\n\n\n<li>Kultur, Urin<\/li>\n\n\n\n<li>SARS-CoV-2-Antigen-Test (Schnelltest)<\/li>\n\n\n\n<li>SARS-CoV-2-Antik\u00f6rper, IgG, quantitativ<\/li>\n\n\n\n<li>Hepatitis B s-Antigen (HBsAg)<\/li>\n\n\n\n<li>Hepatitis B s-Antik\u00f6rper (Anti-HBs)<\/li>\n\n\n\n<li>Hepatitis-C-Antik\u00f6rper (Anti-HCV)<\/li>\n\n\n\n<li>HIV-Antik\u00f6rper (1-2) + p24-Antigen<\/li>\n<\/ul>\n<\/div>\n<\/div>\n\n<h2 class=\"wp-block-heading\">Alles, was Sie \u00fcber <a href=\"https:\/\/medclinics.com\/check-up\/\" target=\"_blank\" rel=\"noreferrer noopener\">medizinische Vorsorgeuntersuchungen<\/a> wissen m\u00fcssen, finden Sie hier, <a href=\"https:\/\/medclinics.com\/wp-admin\/post.php?post=90485&amp;action=edit#requestform\">kontaktieren Sie uns<\/a>!<\/h2>\n\n<h2 class=\"wp-block-heading\">FAQ <\/h2>\n<div id=\"rank-math-faq\" class=\"rank-math-block\">\n<div class=\"rank-math-list \">\n<div id=\"faq-question-1685015425845\" class=\"rank-math-list-item\">\n<h3 class=\"rank-math-question \">In welchem Alter sollten sich Frauen untersuchen lassen?<\/h3>\n<div class=\"rank-math-answer \">\n\n<p>Frauen sollten schon in der Pubert\u00e4t damit beginnen, regelm\u00e4\u00dfig Untersuchungen und Screenings durchf\u00fchren zu lassen, um ihre Gesundheit zu sch\u00fctzen. Im Alter von etwa 21 Jahren wird Frauen empfohlen, sich einem Pap-Abstrich zu unterziehen, um sich auf Geb\u00e4rmutterhalskrebs untersuchen zu lassen. Selbstuntersuchungen der Brust k\u00f6nnen bereits im sp\u00e4ten Teenageralter oder in den fr\u00fchen Zwanzigern durchgef\u00fchrt werden, um das Bewusstsein f\u00fcr die Brustgesundheit zu f\u00f6rdern. Routinemammografien werden in der Regel im Alter zwischen 40 und 50 Jahren durchgef\u00fchrt, je nach Richtlinien und individuellen Risikofaktoren. Der Blutdruck sollte ab dem Jugendalter regelm\u00e4\u00dfig gemessen werden, um Bluthochdruck festzustellen. Cholesterin-Screenings beginnen in der Regel im Alter von 20 Jahren und werden alle vier bis sechs Jahre wiederholt. Die Untersuchung der Knochendichte wird in der Regel im Alter von 65 Jahren empfohlen, und Blutzuckerscreenings f\u00fcr Diabetes oder Pr\u00e4diabetes beginnen in der Regel im Alter von 45 Jahren.<\/p>\n\n<\/div>\n<\/div>\n<div id=\"faq-question-1685015427304\" class=\"rank-math-list-item\">\n<h3 class=\"rank-math-question \">Wie oft sollte eine Frau \u00fcber 60 einen Pap-Abstrich machen lassen?<\/h3>\n<div class=\"rank-math-answer \">\n\n<p>Bei Frauen \u00fcber 60 kann die H\u00e4ufigkeit der Pap-Abstriche je nach den individuellen Umst\u00e4nden variieren. Im Allgemeinen ist bei Frauen, die seit Jahren normale Pap-Abstrich-Ergebnisse haben, nicht zu erwarten, dass sie nach dem Alter von 65 Jahren Anomalien haben. Liegen Risikofaktoren vor oder besteht eine Vorgeschichte mit bestimmten Erkrankungen, k\u00f6nnen jedoch weitere Untersuchungen erforderlich sein. Es ist wichtig, dass Frauen sich mit ihrem Gesundheitsdienstleister beraten, um die angemessene H\u00e4ufigkeit der Pap-Abstriche in Abh\u00e4ngigkeit von ihrer individuellen Situation zu bestimmen.<\/p>\n\n<\/div>\n<\/div>\n<div id=\"faq-question-1685015428971\" class=\"rank-math-list-item\">\n<h3 class=\"rank-math-question \">Welche Tests sind f\u00fcr Frauen wichtig?<\/h3>\n<div class=\"rank-math-answer \">\n\n<p>Regelm\u00e4\u00dfige medizinische Untersuchungen sind f\u00fcr Frauen von entscheidender Bedeutung, um ihr allgemeines Wohlbefinden zu gew\u00e4hrleisten und m\u00f6gliche gesundheitliche Probleme fr\u00fchzeitig zu erkennen. Zu den wichtigen Untersuchungen, die f\u00fcr Frauen empfohlen werden, geh\u00f6ren Pap-Abstriche, bei denen die Zellen des Geb\u00e4rmutterhalses auf Anomalien untersucht werden, um Geb\u00e4rmutterhalskrebs zu erkennen. Mammographien sind f\u00fcr die Fr\u00fcherkennung von Brustkrebs unerl\u00e4sslich und werden in der Regel ab einem Alter von 40 Jahren oder nach bestimmten Richtlinien empfohlen. Regelm\u00e4\u00dfige Blutdruckmessungen helfen dabei, das Risiko von Bluthochdruck und damit verbundenen Komplikationen wie Herzerkrankungen und Schlaganfall einzusch\u00e4tzen. Cholesterin-Screenings alle vier bis sechs Jahre geben Hinweise auf die kardiovaskul\u00e4re Gesundheit. Knochendichtemessungen, die in der Regel um das 65. Lebensjahr herum durchgef\u00fchrt werden, helfen bei der Diagnose von Osteoporose und der Einsch\u00e4tzung des Frakturrisikos. Blutzuckertests dienen der Erkennung von Diabetes oder Pr\u00e4diabetes, in der Regel ab einem Alter von 45 Jahren oder fr\u00fcher bei Vorliegen bestimmter Risikofaktoren.<\/p>\n\n<\/div>\n<\/div>\n<\/div>\n<\/div>\n<p><\/p>\n\n<h3 class=\"wp-block-heading\">Kontaktieren Sie uns jetzt, falls Sie Fragen haben!<\/h3>\n","protected":false},"excerpt":{"rendered":"<p>Wenn Sie nach einer M\u00f6glichkeit suchen, die gr\u00f6\u00dfte Gesundheitsvorsorge zu betreiben, sind Check-up-Behandlungen vielleicht die perfekte L\u00f6sung. Regelm\u00e4\u00dfige Vorsorgeuntersuchungen f\u00fcr [&hellip;]<\/p>\n","protected":false},"author":4,"featured_media":91936,"parent":0,"menu_order":0,"comment_status":"closed","ping_status":"closed","template":"","meta":{"site-sidebar-layout":"default","site-content-layout":"","ast-site-content-layout":"default","site-content-style":"default","site-sidebar-style":"default","ast-global-header-display":"","ast-banner-title-visibility":"","ast-main-header-display":"","ast-hfb-above-header-display":"","ast-hfb-below-header-display":"","ast-hfb-mobile-header-display":"","site-post-title":"","ast-breadcrumbs-content":"","ast-featured-img":"","footer-sml-layout":"","ast-disable-related-posts":"","theme-transparent-header-meta":"","adv-header-id-meta":"","stick-header-meta":"","header-above-stick-meta":"","header-main-stick-meta":"","header-below-stick-meta":"","astra-migrate-meta-layouts":"default","ast-page-background-enabled":"default","ast-page-background-meta":{"desktop":{"background-color":"var(--ast-global-color-4)","background-image":"","background-repeat":"repeat","background-position":"center center","background-size":"auto","background-attachment":"scroll","background-type":"","background-media":"","overlay-type":"","overlay-color":"","overlay-opacity":"","overlay-gradient":""},"tablet":{"background-color":"","background-image":"","background-repeat":"repeat","background-position":"center center","background-size":"auto","background-attachment":"scroll","background-type":"","background-media":"","overlay-type":"","overlay-color":"","overlay-opacity":"","overlay-gradient":""},"mobile":{"background-color":"","background-image":"","background-repeat":"repeat","background-position":"center center","background-size":"auto","background-attachment":"scroll","background-type":"","background-media":"","overlay-type":"","overlay-color":"","overlay-opacity":"","overlay-gradient":""}},"ast-content-background-meta":{"desktop":{"background-color":"var(--ast-global-color-5)","background-image":"","background-repeat":"repeat","background-position":"center center","background-size":"auto","background-attachment":"scroll","background-type":"","background-media":"","overlay-type":"","overlay-color":"","overlay-opacity":"","overlay-gradient":""},"tablet":{"background-color":"var(--ast-global-color-5)","background-image":"","background-repeat":"repeat","background-position":"center center","background-size":"auto","background-attachment":"scroll","background-type":"","background-media":"","overlay-type":"","overlay-color":"","overlay-opacity":"","overlay-gradient":""},"mobile":{"background-color":"var(--ast-global-color-5)","background-image":"","background-repeat":"repeat","background-position":"center center","background-size":"auto","background-attachment":"scroll","background-type":"","background-media":"","overlay-type":"","overlay-color":"","overlay-opacity":"","overlay-gradient":""}},"footnotes":""},"class_list":["post-146811","page","type-page","status-publish","has-post-thumbnail","hentry"],"_links":{"self":[{"href":"https:\/\/medclinics.com\/de\/wp-json\/wp\/v2\/pages\/146811","targetHints":{"allow":["GET"]}}],"collection":[{"href":"https:\/\/medclinics.com\/de\/wp-json\/wp\/v2\/pages"}],"about":[{"href":"https:\/\/medclinics.com\/de\/wp-json\/wp\/v2\/types\/page"}],"author":[{"embeddable":true,"href":"https:\/\/medclinics.com\/de\/wp-json\/wp\/v2\/users\/4"}],"replies":[{"embeddable":true,"href":"https:\/\/medclinics.com\/de\/wp-json\/wp\/v2\/comments?post=146811"}],"version-history":[{"count":0,"href":"https:\/\/medclinics.com\/de\/wp-json\/wp\/v2\/pages\/146811\/revisions"}],"wp:featuredmedia":[{"embeddable":true,"href":"https:\/\/medclinics.com\/de\/wp-json\/wp\/v2\/media\/91936"}],"wp:attachment":[{"href":"https:\/\/medclinics.com\/de\/wp-json\/wp\/v2\/media?parent=146811"}],"curies":[{"name":"wp","href":"https:\/\/api.w.org\/{rel}","templated":true}]}}