{"id":146799,"date":"2023-05-25T11:41:36","date_gmt":"2023-05-25T08:41:36","guid":{"rendered":"https:\/\/medclinics.com\/umfassender-check-up-fur-frauen-unter-40\/"},"modified":"2024-12-30T19:30:25","modified_gmt":"2024-12-30T16:30:25","slug":"umfassender-check-up-fur-frauen-unter-40","status":"publish","type":"page","link":"https:\/\/medclinics.com\/de\/umfassender-check-up-fur-frauen-unter-40\/","title":{"rendered":"Umfassender Check-up f\u00fcr Frauen unter 40"},"content":{"rendered":"\n<h2 class=\"wp-block-heading\">Check-up-Behandlungen k\u00f6nnen die ideale Option sein, wenn Sie auf der Suche nach der besten Gesundheitsvorsorge sind.<\/h2>\n\n<p>Regelm\u00e4\u00dfige Vorsorgeuntersuchungen sind wichtig f\u00fcr die Erhaltung der Gesundheit und die Vorbeugung k\u00fcnftiger Gesundheitsprobleme. Frauen unter 40 Jahren wird empfohlen, mindestens einmal im Jahr einen Hausarzt oder Gyn\u00e4kologen aufzusuchen, um sich untersuchen zu lassen.<\/p>\n\n<p>W\u00e4hrend der Untersuchung f\u00fchrt der Arzt eine k\u00f6rperliche Untersuchung durch, misst die Vitalwerte und untersucht die Brust. Dar\u00fcber hinaus kann der Gesundheitsdienstleister Bluttests, einen Pap-Abstrich oder andere Untersuchungen anordnen, die von der individuellen Krankengeschichte und den Risikofaktoren abh\u00e4ngen.<\/p>\n\n<p>Frauen sollten ihren Gesundheitsdienstleister auch \u00fcber alle Ver\u00e4nderungen in ihrem Gesundheitszustand oder in der Familienanamnese informieren, da dies zu einer fr\u00fchzeitigen Diagnose und rechtzeitigen Behandlung von Gesundheitsproblemen beitragen kann.<\/p>\n\n<p>Durch proaktive Ma\u00dfnahmen f\u00fcr regelm\u00e4\u00dfige <a href=\"https:\/\/en.wikipedia.org\/wiki\/Check-Up\" target=\"_blank\" rel=\"noopener\">Voruntersuchungen<\/a> k\u00f6nnen Frauen unter 40 Jahren sicherstellen, dass sie gesund bleiben und ihr Wohlbefinden f\u00fcr die kommenden Jahre erhalten.<\/p>\n\n<figure class=\"wp-block-image size-full\"><img fetchpriority=\"high\" decoding=\"async\" width=\"960\" height=\"540\" src=\"https:\/\/medclinics.com\/wp-content\/uploads\/2023\/07\/comprehensive-check-up-for-women-under-40-near-me.jpg\" alt=\"Umfassender Check-up f&#xFC;r Frauen unter 40 in meiner N&#xE4;he\" class=\"wp-image-97505\" srcset=\"https:\/\/medclinics.com\/wp-content\/uploads\/2023\/07\/comprehensive-check-up-for-women-under-40-near-me.jpg 960w, https:\/\/medclinics.com\/wp-content\/uploads\/2023\/07\/comprehensive-check-up-for-women-under-40-near-me-500x281.jpg 500w, https:\/\/medclinics.com\/wp-content\/uploads\/2023\/07\/comprehensive-check-up-for-women-under-40-near-me-768x432.jpg 768w, https:\/\/medclinics.com\/wp-content\/uploads\/2023\/07\/comprehensive-check-up-for-women-under-40-near-me-24x14.jpg 24w, https:\/\/medclinics.com\/wp-content\/uploads\/2023\/07\/comprehensive-check-up-for-women-under-40-near-me-36x20.jpg 36w, https:\/\/medclinics.com\/wp-content\/uploads\/2023\/07\/comprehensive-check-up-for-women-under-40-near-me-48x27.jpg 48w\" sizes=\"(max-width: 960px) 100vw, 960px\" \/><\/figure>\n\n<p><strong>Check-up-Pakete f\u00fcr Frauen unter 40:<\/strong><\/p>\n\n<div class=\"wp-block-columns is-layout-flex wp-container-core-columns-is-layout-28f84493 wp-block-columns-is-layout-flex\">\n<div class=\"wp-block-column is-layout-flow wp-block-column-is-layout-flow\">\n<p><strong>UNTERSUCHUNGEN<\/strong><\/p>\n\n\n\n<ul class=\"wp-block-list\">\n<li>Check-Up-Untersuchung<\/li>\n\n\n\n<li>HNO-Untersuchung<\/li>\n\n\n\n<li>Gyn\u00e4kologische Untersuchung<\/li>\n\n\n\n<li>Augenuntersuchung<\/li>\n\n\n\n<li>Dermatologische Untersuchung<\/li>\n\n\n\n<li>Kardiologische Untersuchung<\/li>\n<\/ul>\n\n\n\n<p><strong>ZAHN\u00c4RZTLICHE LEISTUNGEN<\/strong><\/p>\n\n\n\n<ul class=\"wp-block-list\">\n<li>Zahn\u00e4rztliche Check-up-Untersuchung<\/li>\n\n\n\n<li>Panoramafilm<\/li>\n\n\n\n<li>Zahnsteinentfernung (Einzelkiefer)<\/li>\n<\/ul>\n\n\n\n<p><strong>KARDIOLOGISCHE UNTERSUCHUNGEN<\/strong><\/p>\n\n\n\n<ul class=\"wp-block-list\">\n<li>EKG<\/li>\n\n\n\n<li>Echokardiographie (Doppler+Farbmodus+M+B)<\/li>\n\n\n\n<li>Spannungsholter (24 Stunden)<\/li>\n<\/ul>\n\n\n\n<p><strong>RADIOLOGISCHE UNTERSUCHUNGEN<\/strong><\/p>\n\n\n\n<ul class=\"wp-block-list\">\n<li>Herz-CT &#8211; Kalzium-Scoring<\/li>\n\n\n\n<li>Thorax-CT (f\u00fcr Screening-Zwecke \/ niedrige Dosis)<\/li>\n\n\n\n<li>Schilddr\u00fcsen-Ultrasonographie<\/li>\n\n\n\n<li>Ganzk\u00f6rper-Ultraschalluntersuchung des Abdomens<\/li>\n\n\n\n<li>Brust-Ultraschall (zweiseitig)<\/li>\n\n\n\n<li>Carotis Bilaterales Farbdoppler-USG<\/li>\n\n\n\n<li>Knochendichtemessung (FeKnochendichtemessung (Oberschenkelknochen)<\/li>\n\n\n\n<li>Knochendichtemessung (lumbaler AP)<\/li>\n\n\n\n<li>Gehirn (Sch\u00e4del) MR (1,5 T)<\/li>\n\n\n\n<li>MRT-Angiographie (intrakraniell) (3,0 T)<\/li>\n<\/ul>\n\n\n\n<p><strong>NEUROLOGISCHE UNTERSUCHUNGEN<\/strong><\/p>\n\n\n\n<ul class=\"wp-block-list\">\n<li>Schlaf-Polysomnographie<\/li>\n<\/ul>\n\n\n\n<p><strong>AUDIOLOGISCHE UNTERSUCHUNGEN<\/strong><\/p>\n\n\n\n<ul class=\"wp-block-list\">\n<li>Audio- und Paukenmessung<\/li>\n\n\n\n<li>Reintonaudiometrie<\/li>\n<\/ul>\n\n\n\n<p><strong>TESTS ZUR BEHANDLUNG DER ATEMWEGE<\/strong><\/p>\n\n\n\n<ul class=\"wp-block-list\">\n<li>Atmungsfunktion Test<\/li>\n<\/ul>\n\n\n\n<p><strong>INITIATIVEN<\/strong><\/p>\n\n\n\n<ul class=\"wp-block-list\">\n<li>Dermatoskopie<\/li>\n<\/ul>\n\n\n\n<p><strong>ENDOSKOPISCHE ANWENDUNGEN<\/strong><\/p>\n\n\n\n<ul class=\"wp-block-list\">\n<li>\u00d6sophagoskopie<\/li>\n\n\n\n<li>Gastroskopie<\/li>\n\n\n\n<li>Duodenoskopie<\/li>\n\n\n\n<li>Biopsie<\/li>\n<\/ul>\n\n\n\n<p><strong>AN\u00c4STHESIE-UNTERSUCHUNGEN<\/strong><\/p>\n\n\n\n<ul class=\"wp-block-list\">\n<li>Sedierung und lokale An\u00e4sthesie  <\/li>\n<\/ul>\n\n\n\n<p><strong>PATHOLOGISCHE UNTERSUCHUNGEN<\/strong><\/p>\n\n\n\n<ul class=\"wp-block-list\">\n<li>Zytopathologie, D\u00fcnnpr\u00e4paration<\/li>\n\n\n\n<li>Magen, Biopsie<\/li>\n<\/ul>\n<\/div>\n\n\n\n<div class=\"wp-block-column is-layout-flow wp-block-column-is-layout-flow\">\n<p><strong>LABORUNTERSUCHUNGEN<\/strong><\/p>\n\n\n\n<ul class=\"wp-block-list\">\n<li>Alpha-Fetoprotein (AFP)<\/li>\n\n\n\n<li>Alkalische Phosphatase (ALP)<\/li>\n\n\n\n<li>Alanin-Aminotransferase (ALT)<\/li>\n\n\n\n<li>Aspartat-Aminotransferase (AST)<\/li>\n\n\n\n<li>Amylase<\/li>\n\n\n\n<li>Zink (Zn)<\/li>\n\n\n\n<li>Eisen<\/li>\n\n\n\n<li>Eisenbindungsverm\u00f6gen<\/li>\n\n\n\n<li>Ferritin<\/li>\n\n\n\n<li>Fols\u00e4ure<\/li>\n\n\n\n<li>Okkultes Blut, Stuhl<\/li>\n\n\n\n<li>Gamma-Glutamyl-Transferase (GGT)<\/li>\n\n\n\n<li>Glukose, N\u00fcchtern<\/li>\n\n\n\n<li>H\u00e4moglobin A1c (HbA1c)<\/li>\n\n\n\n<li>Homocystein<\/li>\n\n\n\n<li>Kalzium (Ca)<\/li>\n\n\n\n<li>Chlorid (Cl)<\/li>\n\n\n\n<li>Cholesterin, HDL<\/li>\n\n\n\n<li>Cholesterin, LDL (direkt)<\/li>\n\n\n\n<li>Cholesterin, gesamt<\/li>\n\n\n\n<li>Cholesterin, VLDL<\/li>\n\n\n\n<li>Kreatinin, Serum<\/li>\n\n\n\n<li>Laktat-Dehydrogenase (LDH)<\/li>\n\n\n\n<li>Lipase<\/li>\n\n\n\n<li>Lipoprotein (a) (Lp(a))<\/li>\n\n\n\n<li>Magnesium (Mg)<\/li>\n\n\n\n<li>Kalium (K)<\/li>\n\n\n\n<li>Eiwei\u00df, gesamt<\/li>\n\n\n\n<li>Natrium (Na)<\/li>\n\n\n\n<li>Urinanalyse<\/li>\n\n\n\n<li>Triglyceride<\/li>\n\n\n\n<li>Blut-Harnstoff-Stickstoff (BUN)<\/li>\n\n\n\n<li>Harns\u00e4ure<\/li>\n\n\n\n<li>Vitamin B12<\/li>\n\n\n\n<li>Vitamin D, 25-Hydroxy<\/li>\n\n\n\n<li>aPTT<\/li>\n\n\n\n<li>Vollblutbild (Erweitertes Panel)<\/li>\n\n\n\n<li>Prolaktin (PRL)<\/li>\n\n\n\n<li>Schilddr\u00fcsenstimulierendes Hormon (TSH)<\/li>\n\n\n\n<li>Thyroxin, frei (FT4)<\/li>\n\n\n\n<li>Trijodthyronin, frei (FT3)<\/li>\n\n\n\n<li>CA 125<\/li>\n\n\n\n<li>CA 15-3<\/li>\n\n\n\n<li>CA 19-9<\/li>\n\n\n\n<li>Kultur, Kehle<\/li>\n\n\n\n<li>Parasiten, Stuhl<\/li>\n\n\n\n<li>Kultur, Urin<\/li>\n\n\n\n<li>SARS-CoV-2-Antigen-Test (Schnelltest)<\/li>\n\n\n\n<li>SARS-CoV-2-Antik\u00f6rper, IgG, quantitativ<\/li>\n\n\n\n<li>Hepatitis B s-Antigen (HBsAg)<\/li>\n\n\n\n<li>Hepatitis B s-Antik\u00f6rper (Anti-HBs)<\/li>\n\n\n\n<li>Hepatitis-C-Antik\u00f6rper (Anti-HCV)<\/li>\n\n\n\n<li>HIV-Antik\u00f6rper (1-2) + p24-Antigen<\/li>\n<\/ul>\n<\/div>\n<\/div>\n\n<h3 class=\"wp-block-heading\">Alles, was Sie \u00fcber <a href=\"https:\/\/medclinics.com\/check-up\/\" target=\"_blank\" rel=\"noreferrer noopener\">Vorsorgeuntersuchungen<\/a> wissen m\u00fcssen, einschlie\u00dflich der Preise, oder <a href=\"#requestform\">kontaktieren Sie uns<\/a>!<\/h3>\n\n<h2 class=\"wp-block-heading\">FAQ<\/h2>\n<div id=\"rank-math-faq\" class=\"rank-math-block\">\n<div class=\"rank-math-list \">\n<div id=\"faq-question-1685014616676\" class=\"rank-math-list-item\">\n<h3 class=\"rank-math-question \">In welchem Alter sollten sich Frauen untersuchen lassen?<\/h3>\n<div class=\"rank-math-answer \">\n\n<p>Frauen sollten bereits im sp\u00e4ten Teenageralter oder mit Anfang 20 zu regelm\u00e4\u00dfigen Vorsorgeuntersuchungen gehen. J\u00e4hrliche Kontrolluntersuchungen werden f\u00fcr Frauen unter 40 Jahren empfohlen, und die H\u00e4ufigkeit der Untersuchungen kann je nach individueller Gesundheitsgeschichte und Risikofaktoren erh\u00f6ht werden. Es ist wichtig, dass sich Frauen w\u00e4hrend ihrer fruchtbaren Jahre regelm\u00e4\u00dfig von ihrem Hausarzt oder Gyn\u00e4kologen untersuchen lassen, um gesundheitliche Ver\u00e4nderungen festzustellen, fr\u00fche Anzeichen von Krankheiten zu erkennen und eine angemessene vorbeugende Behandlung zu erhalten. Eine fr\u00fchzeitige Erkennung und Behandlung kann Frauen helfen, ihr Wohlbefinden zu erhalten und zuk\u00fcnftige gesundheitliche Komplikationen zu vermeiden.<\/p>\n\n<\/div>\n<\/div>\n<div id=\"faq-question-1685014618758\" class=\"rank-math-list-item\">\n<h3 class=\"rank-math-question \">Wie oft sollte sich eine Frau untersuchen lassen?<\/h3>\n<div class=\"rank-math-answer \">\n\n<p>Frauen sollten sich einmal im Jahr untersuchen lassen.<\/p>\n\n<\/div>\n<\/div>\n<div id=\"faq-question-1685014620028\" class=\"rank-math-list-item\">\n<h3 class=\"rank-math-question \">Welche Tests sind f\u00fcr Frauen wichtig?<\/h3>\n<div class=\"rank-math-answer \">\n\n<p>Es gibt mehrere wichtige Untersuchungen, die Frauen im Laufe ihres Lebens durchf\u00fchren lassen sollten, um ihre allgemeine Gesundheit und ihr Wohlbefinden sicherzustellen. Einige der wichtigsten Untersuchungen, die Frauen in Betracht ziehen sollten, sind: Abstrich, Brustuntersuchung, Mammographie, Blutdruckmessung, Cholesterintest, Knochendichtetest, Darmspiegelung.<\/p>\n\n<\/div>\n<\/div>\n<\/div>\n<\/div>\n<p>\u00a0<\/p>\n\n<h3 class=\"wp-block-heading\">Kontaktieren Sie uns jetzt, falls Sie Fragen haben!<\/h3>\n","protected":false},"excerpt":{"rendered":"<p>Check-up-Behandlungen k\u00f6nnen die ideale Option sein, wenn Sie auf der Suche nach der besten Gesundheitsvorsorge sind. Regelm\u00e4\u00dfige Vorsorgeuntersuchungen sind wichtig [&hellip;]<\/p>\n","protected":false},"author":4,"featured_media":91952,"parent":0,"menu_order":0,"comment_status":"closed","ping_status":"closed","template":"","meta":{"site-sidebar-layout":"default","site-content-layout":"","ast-site-content-layout":"default","site-content-style":"default","site-sidebar-style":"default","ast-global-header-display":"","ast-banner-title-visibility":"","ast-main-header-display":"","ast-hfb-above-header-display":"","ast-hfb-below-header-display":"","ast-hfb-mobile-header-display":"","site-post-title":"","ast-breadcrumbs-content":"","ast-featured-img":"","footer-sml-layout":"","ast-disable-related-posts":"","theme-transparent-header-meta":"","adv-header-id-meta":"","stick-header-meta":"","header-above-stick-meta":"","header-main-stick-meta":"","header-below-stick-meta":"","astra-migrate-meta-layouts":"default","ast-page-background-enabled":"default","ast-page-background-meta":{"desktop":{"background-color":"var(--ast-global-color-4)","background-image":"","background-repeat":"repeat","background-position":"center center","background-size":"auto","background-attachment":"scroll","background-type":"","background-media":"","overlay-type":"","overlay-color":"","overlay-opacity":"","overlay-gradient":""},"tablet":{"background-color":"","background-image":"","background-repeat":"repeat","background-position":"center center","background-size":"auto","background-attachment":"scroll","background-type":"","background-media":"","overlay-type":"","overlay-color":"","overlay-opacity":"","overlay-gradient":""},"mobile":{"background-color":"","background-image":"","background-repeat":"repeat","background-position":"center center","background-size":"auto","background-attachment":"scroll","background-type":"","background-media":"","overlay-type":"","overlay-color":"","overlay-opacity":"","overlay-gradient":""}},"ast-content-background-meta":{"desktop":{"background-color":"var(--ast-global-color-5)","background-image":"","background-repeat":"repeat","background-position":"center center","background-size":"auto","background-attachment":"scroll","background-type":"","background-media":"","overlay-type":"","overlay-color":"","overlay-opacity":"","overlay-gradient":""},"tablet":{"background-color":"var(--ast-global-color-5)","background-image":"","background-repeat":"repeat","background-position":"center center","background-size":"auto","background-attachment":"scroll","background-type":"","background-media":"","overlay-type":"","overlay-color":"","overlay-opacity":"","overlay-gradient":""},"mobile":{"background-color":"var(--ast-global-color-5)","background-image":"","background-repeat":"repeat","background-position":"center center","background-size":"auto","background-attachment":"scroll","background-type":"","background-media":"","overlay-type":"","overlay-color":"","overlay-opacity":"","overlay-gradient":""}},"footnotes":""},"class_list":["post-146799","page","type-page","status-publish","has-post-thumbnail","hentry"],"_links":{"self":[{"href":"https:\/\/medclinics.com\/de\/wp-json\/wp\/v2\/pages\/146799","targetHints":{"allow":["GET"]}}],"collection":[{"href":"https:\/\/medclinics.com\/de\/wp-json\/wp\/v2\/pages"}],"about":[{"href":"https:\/\/medclinics.com\/de\/wp-json\/wp\/v2\/types\/page"}],"author":[{"embeddable":true,"href":"https:\/\/medclinics.com\/de\/wp-json\/wp\/v2\/users\/4"}],"replies":[{"embeddable":true,"href":"https:\/\/medclinics.com\/de\/wp-json\/wp\/v2\/comments?post=146799"}],"version-history":[{"count":0,"href":"https:\/\/medclinics.com\/de\/wp-json\/wp\/v2\/pages\/146799\/revisions"}],"wp:featuredmedia":[{"embeddable":true,"href":"https:\/\/medclinics.com\/de\/wp-json\/wp\/v2\/media\/91952"}],"wp:attachment":[{"href":"https:\/\/medclinics.com\/de\/wp-json\/wp\/v2\/media?parent=146799"}],"curies":[{"name":"wp","href":"https:\/\/api.w.org\/{rel}","templated":true}]}}