{"id":146787,"date":"2023-05-25T11:22:30","date_gmt":"2023-05-25T08:22:30","guid":{"rendered":"https:\/\/medclinics.com\/umfassender-check-up-fur-manner-unter-40\/"},"modified":"2024-12-30T19:30:26","modified_gmt":"2024-12-30T16:30:26","slug":"umfassender-check-up-fur-manner-unter-40","status":"publish","type":"page","link":"https:\/\/medclinics.com\/de\/umfassender-check-up-fur-manner-unter-40\/","title":{"rendered":"Umfassender Check-up f\u00fcr M\u00e4nner unter 40"},"content":{"rendered":"\n<h2 class=\"wp-block-heading\">Wenn Sie auf der Suche nach der besten Gesundheitsvorsorge und einem Weg zu mehr Selbstvertrauen sind, k\u00f6nnten Check-up-Behandlungen die perfekte L\u00f6sung sein.<\/h2>\n\n<p>Eine \u00e4rztliche Untersuchung f\u00fcr M\u00e4nner unter 40 Jahren ist ein proaktiver Schritt, um Ihre Gesundheit und Ihr Wohlbefinden in den Vordergrund zu stellen. Sie umfasst eine umfassende Bewertung Ihres allgemeinen Gesundheitszustands, wobei der Schwerpunkt auf Faktoren liegt, die f\u00fcr Ihre Altersgruppe relevant sind.<\/p>\n\n<p>Bei dieser Untersuchung wird Ihr medizinischer Betreuer Ihre Krankengeschichte erheben, eine k\u00f6rperliche Untersuchung durchf\u00fchren und m\u00f6glicherweise bestimmte Tests oder Untersuchungen anordnen, die auf Ihrem individuellen Gesundheitsprofil basieren.<\/p>\n\n<p>Diese Untersuchungen k\u00f6nnen Blutdruckmessungen, Cholesterin- und Blutzuckerkontrollen, die Bestimmung von Gewicht und Body-Mass-Index (BMI) sowie Gespr\u00e4che \u00fcber Lebensgewohnheiten wie Bewegung, Ern\u00e4hrung und psychische Gesundheit umfassen.<\/p>\n\n<p>Ziel dieser Untersuchung ist es, Ihren aktuellen <a href=\"https:\/\/en.wikipedia.org\/wiki\/Check-Up\" target=\"_blank\" rel=\"noreferrer noopener\">Gesundheitszustand<\/a> zu beurteilen, potenzielle Risikofaktoren zu ermitteln und Ihnen Ratschl\u00e4ge f\u00fcr Pr\u00e4ventionsma\u00dfnahmen und eine gesunde Lebensweise zu geben.<\/p>\n\n<p>Durch Eigeninitiative und regelm\u00e4\u00dfige Vorsorgeuntersuchungen k\u00f6nnen Sie Ihre Gesundheit selbst in die Hand nehmen und daf\u00fcr sorgen, dass m\u00f6gliche gesundheitliche Probleme fr\u00fchzeitig erkannt werden, um ein langes und erf\u00fclltes Leben zu f\u00fchren. Denken Sie daran, dass es nie zu fr\u00fch ist, Ihr Wohlbefinden in den Vordergrund zu stellen!<\/p>\n\n<figure class=\"wp-block-image size-full\"><img fetchpriority=\"high\" decoding=\"async\" width=\"960\" height=\"540\" src=\"https:\/\/medclinics.com\/wp-content\/uploads\/2023\/07\/comprehensive-check-up-for-men-under-40-near-me.jpg\" alt=\"Umfassender Check-up f&#xFC;r M&#xE4;nner unter 40 in meiner N&#xE4;he T&#xFC;rkei\" class=\"wp-image-97514\" srcset=\"https:\/\/medclinics.com\/wp-content\/uploads\/2023\/07\/comprehensive-check-up-for-men-under-40-near-me.jpg 960w, https:\/\/medclinics.com\/wp-content\/uploads\/2023\/07\/comprehensive-check-up-for-men-under-40-near-me-500x281.jpg 500w, https:\/\/medclinics.com\/wp-content\/uploads\/2023\/07\/comprehensive-check-up-for-men-under-40-near-me-768x432.jpg 768w, https:\/\/medclinics.com\/wp-content\/uploads\/2023\/07\/comprehensive-check-up-for-men-under-40-near-me-24x14.jpg 24w, https:\/\/medclinics.com\/wp-content\/uploads\/2023\/07\/comprehensive-check-up-for-men-under-40-near-me-36x20.jpg 36w, https:\/\/medclinics.com\/wp-content\/uploads\/2023\/07\/comprehensive-check-up-for-men-under-40-near-me-48x27.jpg 48w\" sizes=\"(max-width: 960px) 100vw, 960px\" \/><\/figure>\n\n<h4 class=\"wp-block-heading\"><strong>Check-up Pakete f\u00fcr M\u00e4nner unter 40:<\/strong><\/h4>\n\n<div class=\"wp-block-columns is-layout-flex wp-container-core-columns-is-layout-28f84493 wp-block-columns-is-layout-flex\">\n<div class=\"wp-block-column is-layout-flow wp-block-column-is-layout-flow\">\n<p><strong>UNTERSUCHUNGEN<\/strong><\/p>\n\n\n\n<ul class=\"wp-block-list\">\n<li>Check-Up-Untersuchung<\/li>\n\n\n\n<li>HNO-Untersuchung<\/li>\n\n\n\n<li>Urologie-Untersuchung<\/li>\n\n\n\n<li>Augenuntersuchung<\/li>\n\n\n\n<li>Dermatologische Untersuchung<\/li>\n\n\n\n<li>Kardiologische Untersuchung<\/li>\n<\/ul>\n\n\n\n<p><strong>ZAHN\u00c4RZTLICHE LEISTUNGEN<\/strong><\/p>\n\n\n\n<ul class=\"wp-block-list\">\n<li>Zahn\u00e4rztliche Check-up-Untersuchung<\/li>\n\n\n\n<li>Panoramafilm<\/li>\n\n\n\n<li>Zahnsteinentfernung (Einzelkiefer)<\/li>\n<\/ul>\n\n\n\n<p><strong>KARDIOLOGISCHE UNTERSUCHUNGEN<\/strong><\/p>\n\n\n\n<ul class=\"wp-block-list\">\n<li>EKG<\/li>\n\n\n\n<li>Echokardiographie (Doppler+Farbmodus+M+B)<\/li>\n\n\n\n<li>Spannungsholter (24 Stunden)<\/li>\n<\/ul>\n\n\n\n<p><strong>RADIOLOGISCHE UNTERSUCHUNGEN<\/strong><\/p>\n\n\n\n<ul class=\"wp-block-list\">\n<li>Herz-CT &#8211; Kalzium-Scoring<\/li>\n\n\n\n<li>Thorax-CT (f\u00fcr Screening-Zwecke \/ niedrige Dosis)<\/li>\n\n\n\n<li>Schilddr\u00fcsen-Ultrasonographie<\/li>\n\n\n\n<li>Ganzk\u00f6rper-Ultraschalluntersuchung des Abdomens<\/li>\n\n\n\n<li>Carotis Bilaterales Farbdoppler-USG<\/li>\n\n\n\n<li>Knochendichtemessung (FeKnochendichtemessung (Oberschenkelknochen)<\/li>\n\n\n\n<li>Knochendichtemessung (lumbaler AP)<\/li>\n\n\n\n<li>Gehirn (Sch\u00e4del) MR (1,5 T)<\/li>\n\n\n\n<li>MRT-Angiographie (intrakraniell) (3,0 T)<\/li>\n<\/ul>\n\n\n\n<p><strong>NEUROLOGISCHE UNTERSUCHUNGEN<\/strong><\/p>\n\n\n\n<ul class=\"wp-block-list\">\n<li>Schlaf-Polysomnographie<\/li>\n<\/ul>\n\n\n\n<p><strong>AUDIOLOGISCHE UNTERSUCHUNGEN<\/strong><\/p>\n\n\n\n<ul class=\"wp-block-list\">\n<li>Audio- und Paukenmessung<\/li>\n\n\n\n<li>Reintonaudiometrie<\/li>\n<\/ul>\n\n\n\n<p><strong>TESTS ZUR BEHANDLUNG DER ATEMWEGE<\/strong><\/p>\n\n\n\n<ul class=\"wp-block-list\">\n<li>Atmungsfunktion Test<\/li>\n<\/ul>\n\n\n\n<p><strong>INITIATIVEN<\/strong><\/p>\n\n\n\n<ul class=\"wp-block-list\">\n<li>Dermatoskopie<\/li>\n<\/ul>\n\n\n\n<p><strong>ENDOSKOPISCHE ANWENDUNGEN<\/strong><\/p>\n\n\n\n<ul class=\"wp-block-list\">\n<li>\u00d6sophagoskopie<\/li>\n\n\n\n<li>Gastroskopie<\/li>\n\n\n\n<li>Duodenoskopie<\/li>\n\n\n\n<li>Biopsie<\/li>\n<\/ul>\n\n\n\n<p><strong>PATHOLOGISCHE UNTERSUCHUNGEN<\/strong><\/p>\n\n\n\n<ul class=\"wp-block-list\">\n<li>Magen, Biopsie<\/li>\n<\/ul>\n\n\n\n<p><strong>AN\u00c4STHESIE-UNTERSUCHUNGEN<\/strong><\/p>\n\n\n\n<ul class=\"wp-block-list\">\n<li>Sedierung und lokale An\u00e4sthesie  <\/li>\n<\/ul>\n<\/div>\n\n\n\n<div class=\"wp-block-column is-layout-flow wp-block-column-is-layout-flow\">\n<p><strong>LABORUNTERSUCHUNGEN<\/strong><\/p>\n\n\n\n<ul class=\"wp-block-list\">\n<li>Alpha-Fetoprotein (AFP)<\/li>\n\n\n\n<li>Alkalische Phosphatase (ALP)<\/li>\n\n\n\n<li>Alanin-Aminotransferase (ALT)<\/li>\n\n\n\n<li>Aspartat-Aminotransferase (AST)<\/li>\n\n\n\n<li>Amylase<\/li>\n\n\n\n<li>Zink (Zn)<\/li>\n\n\n\n<li>Eisen<\/li>\n\n\n\n<li>Eisenbindungsverm\u00f6gen<\/li>\n\n\n\n<li>Ferritin<\/li>\n\n\n\n<li>Fols\u00e4ure<\/li>\n\n\n\n<li>Okkultes Blut, Stuhl<\/li>\n\n\n\n<li>Gamma-Glutamyl-Transferase (GGT)<\/li>\n\n\n\n<li>Glukose, N\u00fcchtern<\/li>\n\n\n\n<li>H\u00e4moglobin A1c (HbA1c)<\/li>\n\n\n\n<li>Homocystein<\/li>\n\n\n\n<li>Kalzium (Ca)<\/li>\n\n\n\n<li>Chlorid (Cl)<\/li>\n\n\n\n<li>Cholesterin, HDL<\/li>\n\n\n\n<li>Cholesterin, LDL (direkt)<\/li>\n\n\n\n<li>Cholesterin, gesamt<\/li>\n\n\n\n<li>Cholesterin, VLDL<\/li>\n\n\n\n<li>Kreatinin, Serum<\/li>\n\n\n\n<li>Laktat-Dehydrogenase (LDH)<\/li>\n\n\n\n<li>Lipase<\/li>\n\n\n\n<li>Lipoprotein (a) (Lp(a))<\/li>\n\n\n\n<li>Magnesium (Mg)<\/li>\n\n\n\n<li>Kalium (K)<\/li>\n\n\n\n<li>Eiwei\u00df, gesamt<\/li>\n\n\n\n<li>Natrium (Na)<\/li>\n\n\n\n<li>Urinanalyse<\/li>\n\n\n\n<li>Triglyceride<\/li>\n\n\n\n<li>Blut-Harnstoff-Stickstoff (BUN)<\/li>\n\n\n\n<li>Harns\u00e4ure<\/li>\n\n\n\n<li>Vitamin B12<\/li>\n\n\n\n<li>Vitamin D, 25-Hydroxy<\/li>\n\n\n\n<li>aPTT<\/li>\n\n\n\n<li>Vollblutbild (Erweitertes Panel)<\/li>\n\n\n\n<li>Prolaktin (PRL)<\/li>\n\n\n\n<li>Schilddr\u00fcsenstimulierendes Hormon (TSH)<\/li>\n\n\n\n<li>Thyroxin, frei (FT4)<\/li>\n\n\n\n<li>Trijodthyronin, frei (FT3)<\/li>\n\n\n\n<li>CA 15-3<\/li>\n\n\n\n<li>CA 19-9<\/li>\n\n\n\n<li>Prostata-spezifisches Antigen (PSA), gesamt<\/li>\n\n\n\n<li>Prostata-spezifisches Antigen (PSA), frei<\/li>\n\n\n\n<li>Kultur, Kehle<\/li>\n\n\n\n<li>Parasiten, Stuhl<\/li>\n\n\n\n<li>SARS-CoV-2-Antigen-Test (Schnelltest)<\/li>\n\n\n\n<li>SARS-CoV-2-Antik\u00f6rper, IgG, quantitativ<\/li>\n\n\n\n<li>Hepatitis B s-Antigen (HBsAg)<\/li>\n\n\n\n<li>Hepatitis B s-Antik\u00f6rper (Anti-HBs)<\/li>\n\n\n\n<li>Hepatitis-C-Antik\u00f6rper (Anti-HCV)<\/li>\n\n\n\n<li>HIV-Antik\u00f6rper (1-2) + p24-Antigen  <\/li>\n<\/ul>\n<\/div>\n<\/div>\n\n<p>\u00a0<\/p>\n\n<h3 class=\"wp-block-heading\">Alles, was Sie \u00fcber <a href=\"https:\/\/medclinics.com\/check-up\/\" target=\"_blank\" rel=\"noreferrer noopener\">medizinische Vorsorgeuntersuchungen<\/a> wissen m\u00fcssen, einschlie\u00dflich Preis und mehr, oder <a href=\"#requestform\">kontaktieren Sie uns<\/a>!<\/h3>\n\n<h2 class=\"wp-block-heading\">FAQ<\/h2>\n<div id=\"rank-math-faq\" class=\"rank-math-block\">\n<div class=\"rank-math-list \">\n<div id=\"faq-question-1685012774513\" class=\"rank-math-list-item\">\n<h3 class=\"rank-math-question \">Wie oft sollten sich M\u00e4nner untersuchen lassen?<\/h3>\n<div class=\"rank-math-answer \">\n\n<p>M\u00e4nnern unter 40 Jahren wird im Allgemeinen empfohlen, alle zwei bis drei Jahre eine Routineuntersuchung bei einem Gesundheitsdienstleister durchf\u00fchren zu lassen, sofern keine besonderen gesundheitlichen Bedenken oder Risikofaktoren vorliegen.<\/p>\n\n<\/div>\n<\/div>\n<div id=\"faq-question-1685012904008\" class=\"rank-math-list-item\">\n<h3 class=\"rank-math-question \">Brauchen Sie eine Prostatauntersuchung?<\/h3>\n<div class=\"rank-math-answer \">\n\n<p>Die Untersuchung der Prostata ist ein wichtiger Bestandteil der Gesundheitsvorsorge f\u00fcr M\u00e4nner, insbesondere mit zunehmendem Alter. Die Notwendigkeit einer Prostatauntersuchung h\u00e4ngt in der Regel von mehreren Faktoren ab, darunter das Alter, die pers\u00f6nliche und famili\u00e4re Krankengeschichte sowie individuelle Risikofaktoren. F\u00fcr die meisten M\u00e4nner wird ab einem Alter von 50 Jahren allgemein empfohlen, die potenziellen Vorteile und Risiken eines Prostatascreenings, einschlie\u00dflich einer digitalen rektalen Untersuchung (DRE) und eines Bluttests auf prostataspezifisches Antigen (PSA), mit ihrem Arzt zu besprechen. Diese Tests k\u00f6nnen helfen, fr\u00fche Anzeichen von Prostatakrebs oder anderen Prostataproblemen zu erkennen. Bei M\u00e4nnern mit erh\u00f6htem Risiko oder bestimmten Risikofaktoren wie Prostatakrebs in der Familie, afroamerikanischer Abstammung oder anderen gesundheitlichen Bedenken kann das Gespr\u00e4ch \u00fcber die Prostatavorsorge jedoch schon in einem fr\u00fcheren Alter beginnen, typischerweise um die 40 oder 45.<\/p>\n\n<\/div>\n<\/div>\n<div id=\"faq-question-1685013016627\" class=\"rank-math-list-item\">\n<h3 class=\"rank-math-question \">Gibt es einen Hormontest f\u00fcr M\u00e4nner?<\/h3>\n<div class=\"rank-math-answer \">\n\n<p>Ja, es gibt Hormontests f\u00fcr M\u00e4nner, um den Hormonhaushalt und die allgemeine Gesundheit zu beurteilen. Diese Tests umfassen in der Regel die Messung des Testosteronspiegels, da Testosteron das wichtigste m\u00e4nnliche Sexualhormon ist und eine entscheidende Rolle bei verschiedenen K\u00f6rperfunktionen spielt. Auch andere Hormone wie \u00d6strogen, Cortisol und Schilddr\u00fcsenhormone k\u00f6nnen je nach spezifischen Symptomen oder Bedenken untersucht werden.<\/p>\n\n<\/div>\n<\/div>\n<\/div>\n<\/div>\n<p>\u00a0<\/p>\n\n<h3 class=\"wp-block-heading\">Kontaktieren Sie uns jetzt, falls Sie Fragen haben!<\/h3>\n","protected":false},"excerpt":{"rendered":"<p>Wenn Sie auf der Suche nach der besten Gesundheitsvorsorge und einem Weg zu mehr Selbstvertrauen sind, k\u00f6nnten Check-up-Behandlungen die perfekte [&hellip;]<\/p>\n","protected":false},"author":4,"featured_media":91920,"parent":0,"menu_order":0,"comment_status":"closed","ping_status":"closed","template":"","meta":{"site-sidebar-layout":"default","site-content-layout":"","ast-site-content-layout":"default","site-content-style":"default","site-sidebar-style":"default","ast-global-header-display":"","ast-banner-title-visibility":"","ast-main-header-display":"","ast-hfb-above-header-display":"","ast-hfb-below-header-display":"","ast-hfb-mobile-header-display":"","site-post-title":"","ast-breadcrumbs-content":"","ast-featured-img":"","footer-sml-layout":"","ast-disable-related-posts":"","theme-transparent-header-meta":"","adv-header-id-meta":"","stick-header-meta":"","header-above-stick-meta":"","header-main-stick-meta":"","header-below-stick-meta":"","astra-migrate-meta-layouts":"default","ast-page-background-enabled":"default","ast-page-background-meta":{"desktop":{"background-color":"var(--ast-global-color-4)","background-image":"","background-repeat":"repeat","background-position":"center center","background-size":"auto","background-attachment":"scroll","background-type":"","background-media":"","overlay-type":"","overlay-color":"","overlay-opacity":"","overlay-gradient":""},"tablet":{"background-color":"","background-image":"","background-repeat":"repeat","background-position":"center center","background-size":"auto","background-attachment":"scroll","background-type":"","background-media":"","overlay-type":"","overlay-color":"","overlay-opacity":"","overlay-gradient":""},"mobile":{"background-color":"","background-image":"","background-repeat":"repeat","background-position":"center center","background-size":"auto","background-attachment":"scroll","background-type":"","background-media":"","overlay-type":"","overlay-color":"","overlay-opacity":"","overlay-gradient":""}},"ast-content-background-meta":{"desktop":{"background-color":"var(--ast-global-color-5)","background-image":"","background-repeat":"repeat","background-position":"center center","background-size":"auto","background-attachment":"scroll","background-type":"","background-media":"","overlay-type":"","overlay-color":"","overlay-opacity":"","overlay-gradient":""},"tablet":{"background-color":"var(--ast-global-color-5)","background-image":"","background-repeat":"repeat","background-position":"center center","background-size":"auto","background-attachment":"scroll","background-type":"","background-media":"","overlay-type":"","overlay-color":"","overlay-opacity":"","overlay-gradient":""},"mobile":{"background-color":"var(--ast-global-color-5)","background-image":"","background-repeat":"repeat","background-position":"center center","background-size":"auto","background-attachment":"scroll","background-type":"","background-media":"","overlay-type":"","overlay-color":"","overlay-opacity":"","overlay-gradient":""}},"footnotes":""},"class_list":["post-146787","page","type-page","status-publish","has-post-thumbnail","hentry"],"_links":{"self":[{"href":"https:\/\/medclinics.com\/de\/wp-json\/wp\/v2\/pages\/146787","targetHints":{"allow":["GET"]}}],"collection":[{"href":"https:\/\/medclinics.com\/de\/wp-json\/wp\/v2\/pages"}],"about":[{"href":"https:\/\/medclinics.com\/de\/wp-json\/wp\/v2\/types\/page"}],"author":[{"embeddable":true,"href":"https:\/\/medclinics.com\/de\/wp-json\/wp\/v2\/users\/4"}],"replies":[{"embeddable":true,"href":"https:\/\/medclinics.com\/de\/wp-json\/wp\/v2\/comments?post=146787"}],"version-history":[{"count":0,"href":"https:\/\/medclinics.com\/de\/wp-json\/wp\/v2\/pages\/146787\/revisions"}],"wp:featuredmedia":[{"embeddable":true,"href":"https:\/\/medclinics.com\/de\/wp-json\/wp\/v2\/media\/91920"}],"wp:attachment":[{"href":"https:\/\/medclinics.com\/de\/wp-json\/wp\/v2\/media?parent=146787"}],"curies":[{"name":"wp","href":"https:\/\/api.w.org\/{rel}","templated":true}]}}