{"id":146763,"date":"2023-05-25T09:43:54","date_gmt":"2023-05-25T06:43:54","guid":{"rendered":"https:\/\/medclinics.com\/falsche-wimpern\/"},"modified":"2024-04-04T19:34:27","modified_gmt":"2024-04-04T16:34:27","slug":"falsche-wimpern","status":"publish","type":"page","link":"https:\/\/medclinics.com\/de\/falsche-wimpern\/","title":{"rendered":"Falsche Wimpern"},"content":{"rendered":"\n<h3 class=\"wp-block-heading\">Wimpernverl\u00e4ngerungen<\/h3>\n\n<p class=\"has-medium-font-size\">ist ein kosmetisches Verfahren zur Verl\u00e4ngerung und Vergr\u00f6\u00dferung der nat\u00fcrlichen Wimpern durch Zusammenkleben von Kunsthaaren mit einem speziellen Klebstoff.<\/p>\n\n<p class=\"has-medium-font-size\">Bei Wimpernverl\u00e4ngerungen werden Wimpern in verschiedenen L\u00e4ngen, St\u00e4rken, Schwungformen und Farben verwendet. Die L\u00e4nge kann zwischen 6 und 14 Millimetern variieren. Unsere nat\u00fcrlichen Wimpern sind entlang der Wachstumslinie von ungleichm\u00e4\u00dfiger L\u00e4nge. Um diesen Effekt zu erzielen, kombinieren die Wimpernmacher bei der Verl\u00e4ngerung etwa 5 verschiedene L\u00e4ngen.<br\/>Die Dicke schwankt zwischen 0,05 und 0,25 Millimetern. Erfahrene Wimpernmacher auf der ganzen Welt weigern sich, dickere Wimpern zu verwenden, da sie am Auge weniger nat\u00fcrlich aussehen und die nat\u00fcrlichen Wimpern beschweren.<\/p>\n\n<h3 class=\"wp-block-heading\">Die wichtigsten Arten von k\u00fcnstlichen Wimpern:<\/h3>\n\n<ul class=\"has-medium-font-size wp-block-list\">\n<li><strong>Nat\u00fcrliche Wirkung<\/strong><br\/>ist der Klassiker, den Sie bevorzugen sollten, wenn Ihr Ziel ein nat\u00fcrlicher Augenaufschlag und gleichzeitig atemberaubende Wimpern sind. Bei dieser Variante muss der Wimpernmacher das nat\u00fcrliche Wachstum der Wimpern nachbilden, indem er verschiedene L\u00e4ngen kombiniert &#8211; kurz im inneren Augenwinkel und l\u00e4nger zum \u00e4u\u00dferen Augenwinkel hin. Dieser Effekt ist wirklich vielseitig, er sieht gro\u00dfartig aus und ist zu jeder Tageszeit und an jedem Ort angebracht.<\/li>\n<\/ul>\n\n<ul class=\"has-medium-font-size wp-block-list\">\n<li><strong>Foxy-Effekt<\/strong><br\/>ist eine Art der Verl\u00e4ngerung, bei der der \u00dcbergang von kurzen Wimpern im inneren Winkel zu l\u00e4ngeren Wimpern im \u00e4u\u00dferen Winkel erfolgt, und der \u00dcbergang ist sch\u00e4rfer als beim nat\u00fcrlichen Effekt. Dieser Effekt erweitert und vergr\u00f6\u00dfert die Augen optisch.  <\/li>\n<\/ul>\n\n<ul class=\"has-medium-font-size wp-block-list\">\n<li><strong>&#8222;Puppe eff<\/strong><br\/>bedeutet die Verwendung von Wimpern gleicher L\u00e4nge entlang des oberen Lidstrichs. Diese Version sieht nicht sehr nat\u00fcrlich aus, aber sie ist nicht unattraktiv. Es ist nur wichtig zu verstehen, f\u00fcr welche Augenform, f\u00fcr welches Bild und f\u00fcr welches Alter solche Verl\u00e4ngerungen gemacht werden. Die Augen eines M\u00e4dchens mit einem solchen K\u00f6rperbau sehen naiv und kokett aus.ect&#8220;<\/li>\n<\/ul>\n\n<ul class=\"has-medium-font-size wp-block-list\">\n<li><strong>&#8222;Ray&#8220;-Effekt<\/strong><br\/>ist eine Art der Wimpernverl\u00e4ngerung, bei der lange Wimpern mit kurzen Wimpern entlang des gesamten oberen Augenlids kombiniert werden. Dieser Effekt wird auch als Cocktaileffekt bezeichnet. Es sieht sehr interessant und ungew\u00f6hnlich aus, verleiht den Augen Ausdruckskraft und verleiht dem ganzen Bild ein wenig Schwung. Es sieht weder grell noch vulg\u00e4r aus, so dass es durchaus angemessen ist, diese Extensions im Alltag zu tragen.<\/li>\n<\/ul>\n\n<ul class=\"has-medium-font-size wp-block-list\">\n<li><strong>Farbe Wimpern<\/strong><br\/>Jeder der oben genannten Effekte kann mit farbigen <a href=\"https:\/\/en.wikipedia.org\/wiki\/False_eyelashes\" target=\"_blank\" rel=\"noreferrer noopener\">k\u00fcnstlichen Wimpern<\/a> erzielt werden. Mit dem richtigen Farbton k\u00f6nnen farbige Extensions erstaunlich aussehen. Es gibt viele M\u00f6glichkeiten, mit der Farbe auf den Wimpern zu spielen: \u00dcbergang (Farbverlauf) vom inneren zum \u00e4u\u00dferen Augenwinkel, Kombination (Vermischung) bestimmter Farbt\u00f6ne, Einf\u00fcgen von farbigen Wimpern in bestimmten Bereichen zur Akzentuierung, Abwechslung mehrerer Farben entlang des Lidstrichs usw.<\/li>\n<\/ul>\n\n<h3 class=\"wp-block-heading\">Bei Wimpernverl\u00e4ngerungen gibt es die folgenden Volumenvarianten:<\/h3>\n\n<ul class=\"has-medium-font-size wp-block-list\">\n<li><strong>Klassischer Band<\/strong><br\/>wenn jeder Wimper eine k\u00fcnstliche Wimper hinzugef\u00fcgt wird &#8211; eine beliebte Option, besonders beliebt bei denjenigen, deren Wimpern von Natur aus recht dicht sind, die aber eine zus\u00e4tzliche L\u00e4nge und einen sch\u00f6nen Schwung brauchen.<\/li>\n<\/ul>\n\n<ul class=\"has-medium-font-size wp-block-list\">\n<li><strong>Doppeltes Volumen<\/strong><br\/>impliziert das Aufkleben von zwei k\u00fcnstlichen Wimpern auf eine nat\u00fcrliche Wimper. Dadurch sehen die Wimpern fast doppelt so dicht aus. Trotz des doppelten Volumens wirken die Wimpern nat\u00fcrlich und der Augenaufschlag ist nat\u00fcrlich. Ein ausgepr\u00e4gter, klarer, sch\u00f6ner Blick, strahlende Augen ohne einen Tropfen Make-up und Nat\u00fcrlichkeit &#8211; das ist es, was es so beliebt macht, diese Art von Extensions zu bevorzugen.<\/li>\n<\/ul>\n\n<ul class=\"has-medium-font-size wp-block-list\">\n<li><strong>Dreifaches Volumen<\/strong><br\/>ist auch sehr beliebt, aber die Wimpern sehen in diesem Fall ein wenig unnat\u00fcrlich aus, sie sind zu dick. Es gibt jedoch F\u00e4lle, in denen die Kunden genau diese Wirkung erzielen wollen und dieses Ergebnis ben\u00f6tigen. Wenn Sie ein dramatisches, auff\u00e4lliges, unvergessliches Bild schaffen wollen, k\u00f6nnen Sie diese Technik verwenden! Wenn leichte und d\u00fcnne Wimpern verwendet werden, werden die nat\u00fcrlichen Wimpern nicht besch\u00e4digt, und die Extensions wirken nicht zu schwer auf den Augenlidern und verleihen einen auff\u00e4lligen Look.<\/li>\n<\/ul>\n\n<ul class=\"has-medium-font-size wp-block-list\">\n<li><strong>Es gibt sogar eine 6D-Verl\u00e4ngerung<\/strong><br\/>&#8211; 6 k\u00fcnstliche Wimpern auf einer nat\u00fcrlichen Wimper. Dank der modernen ultrad\u00fcnnen und schwerelosen k\u00fcnstlichen Wimpern ist diese Art der Verl\u00e4ngerung ohne Gefahr und Besch\u00e4digung der nat\u00fcrlichen Wimpern m\u00f6glich. Nat\u00fcrlich ist es nicht empfehlenswert, solche Extensions \u00fcber einen l\u00e4ngeren Zeitraum zu tragen.  <\/li>\n<\/ul>\n\n<h3 class=\"wp-block-heading\">Falsche Wimpern sind nicht f\u00fcr:<\/h3>\n\n<ul class=\"wp-block-list\">\n<li class=\"has-medium-font-size\">Augenerkrankungen wie Bindehautentz\u00fcndung, Gerste, Wimpernmilbe usw.  <\/li>\n\n\n\n<li class=\"has-medium-font-size\">Dermatitis, Schuppenflechte  <\/li>\n\n\n\n<li class=\"has-medium-font-size\">Asthma  <\/li>\n\n\n\n<li class=\"has-medium-font-size\">Allergie gegen Wimpernapplikationsmaterialien  <\/li>\n<\/ul>\n\n<h3 class=\"wp-block-heading\">Nachsorge:<\/h3>\n\n<ul class=\"wp-block-list\">\n<li class=\"has-medium-font-size\">In den ersten 24 Stunden nach der Wimpernverl\u00e4ngerung sollten Sie den Kontakt mit Wasser vermeiden. Besuche in der Sauna, im Badehaus, im Schwimmbad, am Strand oder an anderen Orten mit hoher Luftfeuchtigkeit sollten verschoben werden.<\/li>\n\n\n\n<li class=\"has-medium-font-size\">Vermeiden Sie es, sich die Augen zu reiben, um mechanische Sch\u00e4den zu vermeiden. Beschr\u00e4nken Sie den Hand-Augen-Kontakt auf ein Minimum.<\/li>\n\n\n\n<li class=\"has-medium-font-size\">Schlafen Sie mit dem Gesicht zum Kopfkissen &#8211; lernen Sie, auf dem R\u00fccken zu schlafen.<\/li>\n\n\n\n<li class=\"has-medium-font-size\">Vermeiden Sie die Verwendung von Wimperntusche.  <\/li>\n\n\n\n<li class=\"has-medium-font-size\">Vermeiden Sie \u00f6lige Eyeliner und fettige Stifte.<\/li>\n\n\n\n<li class=\"has-medium-font-size\">Verwenden Sie keine Lockenwickler.  <\/li>\n\n\n\n<li class=\"has-medium-font-size\">Vermeiden Sie fettige Augencremes.<\/li>\n<\/ul>\n\n<div class=\"wp-block-columns is-layout-flex wp-container-core-columns-is-layout-28f84493 wp-block-columns-is-layout-flex\">\n<div class=\"wp-block-column is-layout-flow wp-block-column-is-layout-flow\" style=\"flex-basis:33.33%\">\n<figure class=\"wp-block-image alignright size-full is-resized\"><img fetchpriority=\"high\" decoding=\"async\" width=\"280\" height=\"210\" src=\"https:\/\/medclinics.com\/wp-content\/uploads\/2023\/12\/luxus-logo-1.webp\" alt=\"\" class=\"wp-image-119607\" style=\"width:265px;height:auto\" srcset=\"https:\/\/medclinics.com\/wp-content\/uploads\/2023\/12\/luxus-logo-1.webp 280w, https:\/\/medclinics.com\/wp-content\/uploads\/2023\/12\/luxus-logo-1-24x18.webp 24w, https:\/\/medclinics.com\/wp-content\/uploads\/2023\/12\/luxus-logo-1-36x27.webp 36w, https:\/\/medclinics.com\/wp-content\/uploads\/2023\/12\/luxus-logo-1-48x36.webp 48w\" sizes=\"(max-width: 280px) 100vw, 280px\" \/><\/figure>\n<\/div>\n\n\n\n<div class=\"wp-block-column is-vertically-aligned-center is-layout-flow wp-block-column-is-layout-flow\" style=\"flex-basis:66.66%\">\n<h3 class=\"wp-block-heading has-text-align-center\"><strong>Erhalten Sie Ihre Wimpern mit  <\/strong><br\/><strong>&#8222;Luxus Hair Group&#8220;<\/strong><\/h3>\n\n\n\n<p class=\"has-text-align-center\"><em><strong>&#8220; Haar- und Sch\u00f6nheitspflege, Luxus f\u00fcr alle! &#8222;<\/strong><\/em><\/p>\n\n\n\n<div class=\"wp-block-buttons is-content-justification-center is-layout-flex wp-container-core-buttons-is-layout-a89b3969 wp-block-buttons-is-layout-flex\">\n<div class=\"wp-block-button\"><a class=\"wp-block-button__link has-vivid-green-cyan-background-color has-background has-text-align-left wp-element-button\" href=\"https:\/\/wa.me\/905322662716?text=From%20MedClinics\" target=\"_blank\" rel=\"noreferrer noopener nofollow\">Online buchen \u00fcber WhatsApp<\/a><\/div>\n<\/div>\n<\/div>\n<\/div>\n\n<h3 class=\"wp-block-heading\">Alles, was Sie \u00fcber <a href=\"https:\/\/medclinics.com\/de\/nicht-chirurgische-operationen\/\" target=\"_blank\" rel=\"noreferrer noopener\">nicht-chirurgische Operationen<\/a> wissen m\u00fcssen, einschlie\u00dflich Preis und mehr <a href=\"#requestform\">, erfahren Sie bei uns<\/a>!<\/h3>\n\n<h2 class=\"wp-block-heading\">FAQ <\/h2>\n<div id=\"rank-math-faq\" class=\"rank-math-block\">\n<div class=\"rank-math-list \">\n<div id=\"faq-question-1685007538335\" class=\"rank-math-list-item\">\n<h3 class=\"rank-math-question \">Sind Wimpernverl\u00e4ngerungen sicher?<\/h3>\n<div class=\"rank-math-answer \">\n\n<p>Wimpernverl\u00e4ngerungen sind sicher und rufen keine allergischen Reaktionen hervor, aber Wimpernverl\u00e4ngerungen werden nicht f\u00fcr Personen empfohlen, die eine individuelle Unvertr\u00e4glichkeit gegen\u00fcber den verwendeten Materialien haben, was sehr selten ist. Auch f\u00fcr Menschen mit chronischen, akuten oder viralen Augenkrankheiten wird es nicht empfohlen.<\/p>\n\n<\/div>\n<\/div>\n<div id=\"faq-question-1685007561290\" class=\"rank-math-list-item\">\n<h3 class=\"rank-math-question \">Kann ich meine Wimpern ohne Unterbrechung verl\u00e4ngern lassen?<\/h3>\n<div class=\"rank-math-answer \">\n\n<p>Die richtige Wahl der Gr\u00f6\u00dfe der k\u00fcnstlichen Wimpern und die Einhaltung der Technik der Verl\u00e4ngerung erm\u00f6glicht es, den Eingriff durchzuf\u00fchren, ohne die nat\u00fcrlichen Wimpern zu besch\u00e4digen, d.h. ohne den Zyklus der Erneuerung der Wimpern zu unterbrechen. Das bedeutet, dass es m\u00f6glich ist, Wimpernverl\u00e4ngerungen immer wieder zu machen. Es ist sinnvoll, eine Pause einzulegen, wenn die Wimpern besch\u00e4digt sind. In diesem Fall ist es besser, die vollst\u00e4ndige Regeneration der Wimpern abzuwarten (ca. 3 Monate). In dieser Zeit k\u00f6nnen Sie Produkte f\u00fcr das Wachstum und die St\u00e4rkung der Wimpern verwenden.<\/p>\n\n<\/div>\n<\/div>\n<div id=\"faq-question-1685007598307\" class=\"rank-math-list-item\">\n<h3 class=\"rank-math-question \">Tut es weh, Wimpernverl\u00e4ngerungen zu bekommen?<\/h3>\n<div class=\"rank-math-answer \">\n\n<p>Nein, die Wimpernverl\u00e4ngerung ist v\u00f6llig schmerzfrei und sicher. Die k\u00fcnstlichen Wimpern werden mit geringem Abstand auf die nat\u00fcrlichen Wimpern gesetzt, so dass Sie Ihre Wimpern w\u00e4hrend und nach dem Eingriff nicht sp\u00fcren.<\/p>\n\n<\/div>\n<\/div>\n<div id=\"faq-question-1685007627392\" class=\"rank-math-list-item\">\n<h3 class=\"rank-math-question \">Schadet die Wimpernverl\u00e4ngerung meinen nat\u00fcrlichen Wimpern?<\/h3>\n<div class=\"rank-math-answer \">\n\n<p>Wimpernverl\u00e4ngerungen sind nicht sch\u00e4dlich f\u00fcr die Wimpern, solange die Prozedur korrekt und in voller \u00dcbereinstimmung mit der Technologie durchgef\u00fchrt wird. Die Wimpern f\u00fcr die Verl\u00e4ngerung werden auf der Grundlage der L\u00e4nge und Dicke Ihrer eigenen Wimpern ausgew\u00e4hlt.<\/p>\n\n<\/div>\n<\/div>\n<div id=\"faq-question-1685007656902\" class=\"rank-math-list-item\">\n<h3 class=\"rank-math-question \">Kann ich bei Wimpernverl\u00e4ngerungen Kontaktlinsen tragen?<\/h3>\n<div class=\"rank-math-answer \">\n\n<p>Wimpernverl\u00e4ngerungen haben keinen Einfluss auf das Tragen von Kontaktlinsen. Die Wimpern behindern Sie nicht beim Herausnehmen und Einsetzen der Linsen, und Sie werden die Wimpern nicht auf Ihren Augen sp\u00fcren, genau wie die Linsen.<\/p>\n\n<\/div>\n<\/div>\n<\/div>\n<\/div>\n<p><\/p>\n\n<h3 class=\"wp-block-heading\">Kontaktieren Sie uns jetzt, falls Sie Fragen haben!<\/h3>\n","protected":false},"excerpt":{"rendered":"<p>Wimpernverl\u00e4ngerungen ist ein kosmetisches Verfahren zur Verl\u00e4ngerung und Vergr\u00f6\u00dferung der nat\u00fcrlichen Wimpern durch Zusammenkleben von Kunsthaaren mit einem speziellen Klebstoff. [&hellip;]<\/p>\n","protected":false},"author":4,"featured_media":92169,"parent":0,"menu_order":0,"comment_status":"closed","ping_status":"closed","template":"","meta":{"site-sidebar-layout":"default","site-content-layout":"","ast-site-content-layout":"default","site-content-style":"default","site-sidebar-style":"default","ast-global-header-display":"","ast-banner-title-visibility":"","ast-main-header-display":"","ast-hfb-above-header-display":"","ast-hfb-below-header-display":"","ast-hfb-mobile-header-display":"","site-post-title":"","ast-breadcrumbs-content":"","ast-featured-img":"","footer-sml-layout":"","ast-disable-related-posts":"","theme-transparent-header-meta":"","adv-header-id-meta":"","stick-header-meta":"","header-above-stick-meta":"","header-main-stick-meta":"","header-below-stick-meta":"","astra-migrate-meta-layouts":"default","ast-page-background-enabled":"default","ast-page-background-meta":{"desktop":{"background-color":"var(--ast-global-color-4)","background-image":"","background-repeat":"repeat","background-position":"center center","background-size":"auto","background-attachment":"scroll","background-type":"","background-media":"","overlay-type":"","overlay-color":"","overlay-opacity":"","overlay-gradient":""},"tablet":{"background-color":"","background-image":"","background-repeat":"repeat","background-position":"center center","background-size":"auto","background-attachment":"scroll","background-type":"","background-media":"","overlay-type":"","overlay-color":"","overlay-opacity":"","overlay-gradient":""},"mobile":{"background-color":"","background-image":"","background-repeat":"repeat","background-position":"center center","background-size":"auto","background-attachment":"scroll","background-type":"","background-media":"","overlay-type":"","overlay-color":"","overlay-opacity":"","overlay-gradient":""}},"ast-content-background-meta":{"desktop":{"background-color":"var(--ast-global-color-5)","background-image":"","background-repeat":"repeat","background-position":"center center","background-size":"auto","background-attachment":"scroll","background-type":"","background-media":"","overlay-type":"","overlay-color":"","overlay-opacity":"","overlay-gradient":""},"tablet":{"background-color":"var(--ast-global-color-5)","background-image":"","background-repeat":"repeat","background-position":"center center","background-size":"auto","background-attachment":"scroll","background-type":"","background-media":"","overlay-type":"","overlay-color":"","overlay-opacity":"","overlay-gradient":""},"mobile":{"background-color":"var(--ast-global-color-5)","background-image":"","background-repeat":"repeat","background-position":"center center","background-size":"auto","background-attachment":"scroll","background-type":"","background-media":"","overlay-type":"","overlay-color":"","overlay-opacity":"","overlay-gradient":""}},"footnotes":""},"class_list":["post-146763","page","type-page","status-publish","has-post-thumbnail","hentry"],"_links":{"self":[{"href":"https:\/\/medclinics.com\/de\/wp-json\/wp\/v2\/pages\/146763","targetHints":{"allow":["GET"]}}],"collection":[{"href":"https:\/\/medclinics.com\/de\/wp-json\/wp\/v2\/pages"}],"about":[{"href":"https:\/\/medclinics.com\/de\/wp-json\/wp\/v2\/types\/page"}],"author":[{"embeddable":true,"href":"https:\/\/medclinics.com\/de\/wp-json\/wp\/v2\/users\/4"}],"replies":[{"embeddable":true,"href":"https:\/\/medclinics.com\/de\/wp-json\/wp\/v2\/comments?post=146763"}],"version-history":[{"count":0,"href":"https:\/\/medclinics.com\/de\/wp-json\/wp\/v2\/pages\/146763\/revisions"}],"wp:featuredmedia":[{"embeddable":true,"href":"https:\/\/medclinics.com\/de\/wp-json\/wp\/v2\/media\/92169"}],"wp:attachment":[{"href":"https:\/\/medclinics.com\/de\/wp-json\/wp\/v2\/media?parent=146763"}],"curies":[{"name":"wp","href":"https:\/\/api.w.org\/{rel}","templated":true}]}}