{"id":146751,"date":"2023-05-25T09:31:48","date_gmt":"2023-05-25T06:31:48","guid":{"rendered":"https:\/\/medclinics.com\/prothesennagel\/"},"modified":"2024-04-04T19:34:33","modified_gmt":"2024-04-04T16:34:33","slug":"prothesennagel","status":"publish","type":"page","link":"https:\/\/medclinics.com\/de\/prothesennagel\/","title":{"rendered":"Prothesenn\u00e4gel"},"content":{"rendered":"\n<h3 class=\"wp-block-heading\">Bei der Nagelprothetik werden Gel- oder Acrylmaterialien verwendet, um den N\u00e4geln ein langes und \u00e4sthetisches Aussehen zu verleihen oder die Form zu ver\u00e4ndern.<\/h3>\n\n<p>Es wird nicht nur zu \u00e4sthetischen Zwecken verwendet, sondern auch zum Schutz empfindlicher N\u00e4gel und des Nagelbetts oder zur Reparatur eines abgebrochenen Nagels.<\/p>\n\n<h3 class=\"wp-block-heading\">Arten von Prothesenn\u00e4geln:<\/h3>\n\n<ul class=\"wp-block-list\">\n<li><strong>Nagelprothetik mit Acryl.<\/strong>  Acryl ist ein synthetisches Material auf der Basis von Acryl- und Methacryls\u00e4ure. Zum Aufbau mischt ein Nagelmeister ein spezielles Pulver mit einer besonderen Fl\u00fcssigkeit, einem Monomer. Das Ergebnis ist eine z\u00e4hfl\u00fcssige Masse, die unter dem Einfluss von Luft leicht aush\u00e4rtet. Es dauert etwa 7 Minuten, bis die Oberfl\u00e4che ausgeh\u00e4rtet ist. Acryl kann bis zu mehreren Monaten getragen werden. Nachteile: Toxizit\u00e4t. Nach einer solchen Nagelverl\u00e4ngerung wird die Nagelplatte, die nicht normal ern\u00e4hrt wird, d\u00fcnn und sehr br\u00fcchig. Vorteile: Acryl wird mit einem speziellen Mittel entfernt &#8211; Schleifstaub gelangt nicht in die Atemwege, man kann ein unglaubliches Design damit gestalten &#8211; ein sehr flexibles Material. Und es hilft auch, den abgebrochenen Nagel zu &#8222;reparieren&#8220;.  <\/li>\n\n\n\n<li><strong>Gel-Nagelprothetik<\/strong>. Nagelverl\u00e4ngerungsgele gibt es in mehreren Varianten: einphasig, zweiphasig und dreiphasig. Die einphasigen Gele haften gut auf der Platte und dienen als Grund- und Deckschicht. Es kann mehrere Stunden dauern, bis sich die Dreiphasengels gebildet haben. Wie Acrylate sind diese Gele Polymere, die unter UV-Licht aush\u00e4rten. Vorteile: Die Gele sind ungiftig, fast geruchsneutral und gelten als v\u00f6llig sicher. Mit ihrer Hilfe k\u00f6nnen Sie den nat\u00fcrlichsten Effekt erzielen &#8211; die Nagelplatte wird flexibel und sehr d\u00fcnn. Nachteile: Abs\u00e4gen beim Entfernen. Menschen mit Asthma bronchiale und anderen Atemproblemen sind bei dieser Art der Nagelverl\u00e4ngerung kontraindiziert.<\/li>\n\n\n\n<li><strong>Biogel-Nagelverl\u00e4ngerungen.<\/strong>  Biogel ist eine Art gew\u00f6hnliches Verl\u00e4ngerungsgel, aber es hat eine wichtige Eigenschaft &#8211; es besteht zu fast 100 % aus nat\u00fcrlichen, nicht aus synthetischen Materialien. Deshalb gibt es praktisch keine Kontraindikationen &#8211; auch nicht f\u00fcr Schwangerschaft und Stillzeit. Die Grundlage fast aller Biogele ist das Harz des Maulbeerbaums, das sich positiv auf die Nagelplatte auswirkt (diese Art der Nagelverl\u00e4ngerung gilt als therapeutisch): Es enth\u00e4lt Proteine und andere Bestandteile, die die Struktur verbessern und den Stoffwechsel anregen. Das Material erm\u00f6glicht die Herstellung einer plastischen, aber haltbaren Beschichtung. Es haftet fest auf dem Nagel, verhindert das Eindringen von Feuchtigkeit und bietet Schutz vor Pilzinfektionen.<\/li>\n\n\n\n<li><strong>Kombinierte <a href=\"https:\/\/en.wikipedia.org\/wiki\/Nail_art\" target=\"_blank\" rel=\"noopener\">Nagelprothetik<\/a>. <\/strong>Diese Art der Nagelverl\u00e4ngerung wurde entwickelt, um die besten Eigenschaften von Gel und Acryl zu kombinieren. Es bietet die M\u00f6glichkeit, die N\u00e4gel haltbarer zu machen, wie bei der Acryl-Nagelverl\u00e4ngerung, aber auch gl\u00e4nzend, wie bei der Gel-Nagelverl\u00e4ngerung. Auch beim Nageldesign gibt es mehr M\u00f6glichkeiten.<\/li>\n\n\n\n<li><strong>Nagelverl\u00e4ngerungen aus Seide.<\/strong>  F\u00fcr diese Nagelverl\u00e4ngerung wird Stoff verwendet &#8211; Leinen, Seide, Glasfaser. Wegen ihrer Weichheit werden sie vorher in einer speziellen Substanz getr\u00e4nkt, die die F\u00e4higkeit hat, zu polymerisieren. Dar\u00fcber hinaus k\u00f6nnen auch Basismaterialien wie Gel und Acryl verwendet werden. Seidenverl\u00e4ngerungen k\u00f6nnen verwendet werden, um die nat\u00fcrlichen N\u00e4gel zu sch\u00fctzen und ihnen zu helfen, st\u00e4rker zu werden. Das Ergebnis ist eine sehr gepflegte und nat\u00fcrlich aussehende Manik\u00fcre.<\/li>\n<\/ul>\n\n<h3 class=\"wp-block-heading\">Methoden der Nagelverl\u00e4ngerung<\/h3>\n\n<ul class=\"wp-block-list\">\n<li><strong>Tip Nagelverl\u00e4ngerungen.  <\/strong>Tips sind Kunststoffn\u00e4gel, die mit einem speziellen Klebstoff auf das eigene Nagelbett geklebt werden. Manik\u00fcristen verwenden sie zum Auftragen von Gelen. Das Verfahren ist wie folgt: die Spitze kleben, abschneiden und in Form bringen.<\/li>\n\n\n\n<li>Es werden auch so genannte<strong> Fl\u00fcssigkeitsspitzen <\/strong>verwendet. Ein spezielles Gel wird in eine kleine Form gegossen und bedeckt die Nagelplatte zu 70 %. Das Produkt wird etwa drei Minuten lang unter UV-Licht ausgeh\u00e4rtet. Anschlie\u00dfend poliert und modelliert der Techniker die N\u00e4gel.<\/li>\n\n\n\n<li><strong>Verl\u00e4ngerung der N\u00e4gel auf den Formularen.<\/strong>  Formulare sind spezielle Vorlagen, die einmalig und wiederverwendbar sind. Die ersten sind aus Spezialfolie oder dickem Papier, die zweiten aus Teflon, Metall oder Kunststoff (vor jedem Gebrauch werden sie mit einem Antiseptikum behandelt). Die Verl\u00e4ngerung des Nagels auf dem Formular hat mehrere Vorteile. Erstens &#8211; und das ist das Wichtigste &#8211; wird die Nagelplatte nicht abgeschliffen. Diese Methode bietet die M\u00f6glichkeit, eine glatte Kurve zu erstellen, die absolut jede Form annehmen und sogar die Wachstumsrichtung \u00e4ndern kann.  <\/li>\n<\/ul>\n\n<h3 class=\"wp-block-heading\">Prothesenn\u00e4gel sind nicht f\u00fcr:<\/h3>\n\n<ul class=\"wp-block-list\">\n<li>Einnahme von Antibiotika und hormonellen Medikamenten.<\/li>\n\n\n\n<li>Menstruation zum Zeitpunkt des Eingriffs und am Tag vor Beginn des Zyklus.<\/li>\n\n\n\n<li>Schwangerschaft und Laktation.<\/li>\n\n\n\n<li>Diabetes, Herz-Kreislauf-Erkrankungen, Durchblutungsst\u00f6rungen.<\/li>\n\n\n\n<li>Herpes, vor allem wenn ein Ausschlag an den H\u00e4nden auftritt.<\/li>\n\n\n\n<li>Die Basedowsche Krankheit.<\/li>\n\n\n\n<li>Pilzerkrankungen.<\/li>\n\n\n\n<li>Erh\u00f6hte Feuchtigkeit in den H\u00e4nden. Dies ist keine absolute Kontraindikation, aber Kunstn\u00e4gel l\u00f6sen sich schnell in Teilen ab, was dazu f\u00fchrt, dass man zu oft Korrekturen vornehmen muss.<\/li>\n\n\n\n<li>Verletzungen und blaue Flecken an den Fingern und unter den N\u00e4geln.<\/li>\n<\/ul>\n\n<h3 class=\"wp-block-heading\">Nachsorge:<\/h3>\n\n<ul class=\"wp-block-list\">\n<li>Verwenden Sie keinen Nagellack auf Acetonbasis.  <\/li>\n\n\n\n<li>Die Hausarbeit sollte mit Handschuhen erledigt werden.  <\/li>\n\n\n\n<li>Die Berichtigung sollte rechtzeitig erfolgen.  <\/li>\n\n\n\n<li>Es ist stets Vorsicht geboten und mechanische Besch\u00e4digungen sollten vermieden werden. Es ist verboten, mit den N\u00e4geln zu klopfen und etwas damit zu \u00f6ffnen.  <\/li>\n\n\n\n<li>Bei Temperaturschwankungen sollte man vorsichtig sein. Die N\u00e4gel sollten nicht mit Hitze ber\u00fchrt werden, da die Manik\u00fcre sonst vergilbt, rissig und unbrauchbar wird.<\/li>\n<\/ul>\n\n<div class=\"wp-block-columns is-layout-flex wp-container-core-columns-is-layout-28f84493 wp-block-columns-is-layout-flex\">\n<div class=\"wp-block-column is-layout-flow wp-block-column-is-layout-flow\" style=\"flex-basis:33.33%\">\n<figure class=\"wp-block-image alignright size-full is-resized\"><img fetchpriority=\"high\" decoding=\"async\" width=\"280\" height=\"210\" src=\"https:\/\/medclinics.com\/wp-content\/uploads\/2023\/12\/luxus-logo-1.webp\" alt=\"\" class=\"wp-image-119607\" style=\"width:193px;height:auto\" srcset=\"https:\/\/medclinics.com\/wp-content\/uploads\/2023\/12\/luxus-logo-1.webp 280w, https:\/\/medclinics.com\/wp-content\/uploads\/2023\/12\/luxus-logo-1-24x18.webp 24w, https:\/\/medclinics.com\/wp-content\/uploads\/2023\/12\/luxus-logo-1-36x27.webp 36w, https:\/\/medclinics.com\/wp-content\/uploads\/2023\/12\/luxus-logo-1-48x36.webp 48w\" sizes=\"(max-width: 280px) 100vw, 280px\" \/><\/figure>\n<\/div>\n\n\n\n<div class=\"wp-block-column is-vertically-aligned-center is-layout-flow wp-block-column-is-layout-flow\" style=\"flex-basis:66.66%\">\n<h3 class=\"wp-block-heading has-text-align-center\"><strong>Erhalten Sie Ihre k\u00fcnstlichen N\u00e4gel mit  <\/strong><br\/><strong>&#8222;Luxus Hair Group&#8220;<\/strong><\/h3>\n\n\n\n<p class=\"has-text-align-center\"><em><strong>&#8220; Haar- und Sch\u00f6nheitspflege, Luxus f\u00fcr alle! &#8222;<\/strong><\/em><\/p>\n\n\n\n<div class=\"wp-block-buttons is-content-justification-center is-layout-flex wp-container-core-buttons-is-layout-a89b3969 wp-block-buttons-is-layout-flex\">\n<div class=\"wp-block-button\"><a class=\"wp-block-button__link has-vivid-green-cyan-background-color has-background wp-element-button\" href=\"https:\/\/wa.me\/905322662716?text=From%20MedClinics\" target=\"_blank\" rel=\"noreferrer noopener nofollow\">Online buchen \u00fcber WhatsApp<\/a><\/div>\n<\/div>\n<\/div>\n<\/div>\n\n<h3 class=\"wp-block-heading\">Alles, was Sie \u00fcber <a href=\"https:\/\/medclinics.com\/de\/nicht-chirurgische-operationen\/\" target=\"_blank\" rel=\"noreferrer noopener\">nicht-chirurgische Operationen<\/a> wissen m\u00fcssen, einschlie\u00dflich Preis, Nachsorge und Heilungsprozess, oder <a href=\"#requestform\">kontaktieren Sie uns<\/a>!<\/h3>\n\n<h2 class=\"wp-block-heading\">FAQ <\/h2>\n<div id=\"rank-math-faq\" class=\"rank-math-block\">\n<div class=\"rank-math-list \">\n<div id=\"faq-question-1685006580743\" class=\"rank-math-list-item\">\n<h3 class=\"rank-math-question \">Sind Prothesenn\u00e4gel sicher?<\/h3>\n<div class=\"rank-math-answer \">\n\n<p>Prothesenn\u00e4gel oder k\u00fcnstliche N\u00e4gel k\u00f6nnen bei richtiger Anwendung und Pflege sicher sein. Es ist wichtig, dass sie von einer professionellen Nageltechnikerin unter Verwendung hochwertiger Materialien angebracht werden. Regelm\u00e4\u00dfige Pflege, richtige Hygiene und schonende Entfernung sind f\u00fcr ihre Sicherheit unerl\u00e4sslich. Es ist auch wichtig, sich \u00fcber eventuelle Allergien oder Empfindlichkeiten gegen\u00fcber Nagelprodukten im Klaren zu sein. Wenn Sie diese Vorsichtsma\u00dfnahmen befolgen und professionelle Hilfe in Anspruch nehmen, k\u00f6nnen Sie sich an Ihren k\u00fcnstlichen N\u00e4geln erfreuen und gleichzeitig die m\u00f6glichen Risiken minimieren.<\/p>\n\n<\/div>\n<\/div>\n<div id=\"faq-question-1685006702278\" class=\"rank-math-list-item\">\n<h3 class=\"rank-math-question \">Sind Prothesenn\u00e4gel wiederverwendbar?<\/h3>\n<div class=\"rank-math-answer \">\n\n<p>Die Wiederverwendbarkeit von Prothesenn\u00e4geln h\u00e4ngt von der Art der N\u00e4gel und dem verwendeten Klebstoff ab. Einige k\u00fcnstliche N\u00e4gel, wie z. B. Druckn\u00e4gel oder wiederverwendbare Nageltips, k\u00f6nnen bei gutem Zustand und richtiger Pflege mehrmals entfernt und wieder aufgetragen werden. Andere Arten von k\u00fcnstlichen N\u00e4geln, wie Acryl- oder Geln\u00e4gel, sind jedoch in der Regel nicht wiederverwendbar, da sie mit einem starken Klebstoff angebracht werden und so lange getragen werden sollen, bis sie professionell entfernt und ersetzt werden.<\/p>\n\n<\/div>\n<\/div>\n<div id=\"faq-question-1685006822117\" class=\"rank-math-list-item\">\n<h3 class=\"rank-math-question \">Wie werden Prothesenn\u00e4gel entfernt?<\/h3>\n<div class=\"rank-math-answer \">\n\n<p>Nagelprothesen wie Acryl- oder Geln\u00e4gel werden in der Regel in wenigen einfachen Schritten entfernt. Zun\u00e4chst wird die gl\u00e4nzende Deckschicht der Prothesenn\u00e4gel leicht angeraut, um die Versiegelung zu brechen. Anschlie\u00dfend werden die N\u00e4gel in Aceton-Nagellackentferner eingeweicht, indem man die Fingerspitzen in eine Schale mit Aceton legt oder sie mit in Aceton getr\u00e4nkten Watteb\u00e4llchen umwickelt. Nach einer Einweichzeit von etwa 10-15 Minuten k\u00f6nnen die aufgeweichten Prothesenn\u00e4gel mit einem Nagelhautschieber oder einem Manik\u00fcrest\u00e4bchen aus Holz vorsichtig von den Naturn\u00e4geln geschoben und abgehoben werden. Es ist wichtig, behutsam vorzugehen und zu aggressives Aufdr\u00fccken oder Aufbrechen zu vermeiden, um die nat\u00fcrlichen N\u00e4gel nicht zu besch\u00e4digen. Sobald die Prothesenn\u00e4gel entfernt sind, k\u00f6nnen eventuelle R\u00fcckst\u00e4nde mit einem Nagelpuffer gegl\u00e4ttet und anschlie\u00dfend die H\u00e4nde gewaschen werden, um alle verbleibenden R\u00fcckst\u00e4nde zu entfernen. Schlie\u00dflich hilft ein feuchtigkeitsspendendes Nagel- und Nagelhaut\u00f6l, die Naturn\u00e4gel zu n\u00e4hren und mit Feuchtigkeit zu versorgen. F\u00fcr eine optimale Sicherheit und um m\u00f6gliche Sch\u00e4den an den Naturn\u00e4geln zu vermeiden, wird eine professionelle Entfernung in einem Salon empfohlen.<\/p>\n\n<\/div>\n<\/div>\n<div id=\"faq-question-1685006864179\" class=\"rank-math-list-item\">\n<h3 class=\"rank-math-question \">Welche k\u00fcnstlichen N\u00e4gel halten am l\u00e4ngsten?<\/h3>\n<div class=\"rank-math-answer \">\n\n<p>Acryln\u00e4gel, Hartgeln\u00e4gel und Polygeln\u00e4gel sind f\u00fcr ihre Haltbarkeit und ihr lang anhaltendes Ergebnis bekannt. Acryln\u00e4gel halten 2 bis 3 Wochen, Hartgeln\u00e4gel 3 bis 4 Wochen, und Polygeln\u00e4gel halten in der Regel 2 bis 3 Wochen, bevor sie gepflegt oder aufgef\u00fcllt werden m\u00fcssen. Richtige Nagelpflege, Instandhaltung und der Besuch einer qualifizierten Nageltechnikerin sind wichtige Faktoren, um die Lebensdauer der Prothesenn\u00e4gel zu verl\u00e4ngern.<\/p>\n\n<\/div>\n<\/div>\n<div id=\"faq-question-1685009218702\" class=\"rank-math-list-item\">\n<h3 class=\"rank-math-question \">Wann sollte ich meine N\u00e4gel nicht machen lassen?<\/h3>\n<div class=\"rank-math-answer \">\n\n<p>Nagelverl\u00e4ngerungen sind nicht erlaubt, wenn Sie sich einer Chemotherapie unterziehen oder Antibiotika einnehmen (da der K\u00f6rper Stoffe produziert, die zur Absto\u00dfung der Verl\u00e4ngerungen beitragen). Auch bei einer Pilzinfektion d\u00fcrfen Sie Ihre N\u00e4gel nicht behandeln lassen. Auch Nagelverl\u00e4ngerungen w\u00e4hrend der Schwangerschaft sind nicht ratsam.<\/p>\n\n<\/div>\n<\/div>\n<div id=\"faq-question-1685009219593\" class=\"rank-math-list-item\">\n<h3 class=\"rank-math-question \">Brauche ich eine Manik\u00fcre, bevor ich mir die N\u00e4gel machen lasse?<\/h3>\n<div class=\"rank-math-answer \">\n\n<p>Eine Manik\u00fcre vor der Nagelverl\u00e4ngerung ist nicht ratsam, da die Nagelhaut nicht besch\u00e4digt werden darf. Wenn Sie eine feuchte Manik\u00fcre bevorzugen, sollten Sie diese entweder drei bis vier Tage vor oder nach der Nagelverl\u00e4ngerung machen lassen, nicht nur davor. Bei der maschinellen Manik\u00fcre gibt es keine solchen Einschr\u00e4nkungen.<\/p>\n\n<\/div>\n<\/div>\n<div id=\"faq-question-1685009220534\" class=\"rank-math-list-item\">\n<h3 class=\"rank-math-question \">Stimmt es, dass die N\u00e4gel nach dem Entfernen von Nagelverl\u00e4ngerungen besch\u00e4digt werden, brechen und nicht mehr richtig wachsen?<\/h3>\n<div class=\"rank-math-answer \">\n\n<p>Die moderne Nagelverl\u00e4ngerungstechnologie ist nicht sch\u00e4dlicher als Nagellack. N\u00e4gel werden von unprofessionellen Meistern verdorben &#8211; durch starkes Feilen und die Verwendung von minderwertigen Materialien.<\/p>\n\n<\/div>\n<\/div>\n<div id=\"faq-question-1685009221638\" class=\"rank-math-list-item\">\n<h3 class=\"rank-math-question \">Was ist der Unterschied zwischen Acryl- und Gel-Nagelverl\u00e4ngerungen?<\/h3>\n<div class=\"rank-math-answer \">\n\n<p>Bei Acryl- und Gel-Nagelverl\u00e4ngerungen kommen unterschiedliche Techniken zum Einsatz. Bei der Gel-Behandlung wird die Nagelplatte mit Gel beschichtet und anschlie\u00dfend unter einer UV-Lampe ausgeh\u00e4rtet. Acrylnagelverl\u00e4ngerungen ben\u00f6tigen keine UV-Bestrahlung.<\/p>\n\n<\/div>\n<\/div>\n<div id=\"faq-question-1685009222253\" class=\"rank-math-list-item\">\n<h3 class=\"rank-math-question \">Welche N\u00e4gel sind st\u00e4rker: Acryl- oder Geln\u00e4gel?<\/h3>\n<div class=\"rank-math-answer \">\n\n<p>Im Allgemeinen gelten Acryln\u00e4gel als st\u00e4rker, w\u00e4hrend Geln\u00e4gel schonender f\u00fcr die eigenen N\u00e4gel sind.<\/p>\n\n<\/div>\n<\/div>\n<div id=\"faq-question-1685009223605\" class=\"rank-math-list-item\">\n<h3 class=\"rank-math-question \">Was ist eine Nagelverst\u00e4rkung mit Gel?<\/h3>\n<div class=\"rank-math-answer \">\n\n<p>Die N\u00e4gel werden mit Gel \u00fcber Ihre eigenen N\u00e4gel verst\u00e4rkt. Das bedeutet, dass L\u00e4nge und Form der N\u00e4gel erhalten bleiben, sie aber an Festigkeit und Glanz gewinnen.<\/p>\n\n<\/div>\n<\/div>\n<div id=\"faq-question-1685009225608\" class=\"rank-math-list-item\">\n<h3 class=\"rank-math-question \">Warum muss ich meine N\u00e4gel korrigieren lassen?<\/h3>\n<div class=\"rank-math-answer \">\n\n<p>Wenn der Nagel nachw\u00e4chst, bildet sich in der N\u00e4he der Nagelhaut eine gelfreie (Acryl-)Linie. Es wird daher empfohlen, die N\u00e4gel alle 3-4 Wochen korrigieren zu lassen, um ein gepflegtes Aussehen zu erhalten.<\/p>\n\n<\/div>\n<\/div>\n<div id=\"faq-question-1685009226200\" class=\"rank-math-list-item\">\n<h3 class=\"rank-math-question \">Sind Nagelverl\u00e4ngerungen sch\u00e4dlich?<\/h3>\n<div class=\"rank-math-answer \">\n\n<p>Absolut kein Schaden, da die Nagelplatte vollst\u00e4ndig ausgeh\u00e4rtet ist. Wenn Sie die richtige Verl\u00e4ngerungstechnik anwenden, sind Ihre nat\u00fcrlichen N\u00e4gel unter dem k\u00fcnstlichen Material nicht der Au\u00dfenwelt ausgesetzt.<\/p>\n\n<\/div>\n<\/div>\n<div id=\"faq-question-1685009226903\" class=\"rank-math-list-item\">\n<h3 class=\"rank-math-question \">Kann ich meine N\u00e4gel lackieren?<\/h3>\n<div class=\"rank-math-answer \">\n\n<p>Auf jeden Fall, ja. \u00dcbrigens, der Nagellack h\u00e4lt viel l\u00e4nger und sieht auf dauerhaften N\u00e4geln viel besser aus. Sie m\u00fcssen aber immer einen Nagellackentferner verwenden, der kein Aceton enth\u00e4lt.<\/p>\n\n<\/div>\n<\/div>\n<div id=\"faq-question-1685009484830\" class=\"rank-math-list-item\">\n<h3 class=\"rank-math-question \">Auf welche L\u00e4nge k\u00f6nnen meine N\u00e4gel verl\u00e4ngert werden?<\/h3>\n<div class=\"rank-math-answer \">\n\n<p>Die N\u00e4gel k\u00f6nnen auf jede gew\u00fcnschte L\u00e4nge verl\u00e4ngert werden &#8211; das h\u00e4ngt ganz vom pers\u00f6nlichen Geschmack und den Vorlieben ab. Bei der Wahl der L\u00e4nge sollten Sie jedoch den Haushaltsfaktor ber\u00fccksichtigen &#8211; wenn Sie zum Beispiel ein Kleinkind betreuen, sollten Sie Ihre N\u00e4gel nicht zu lang machen. Die optimale L\u00e4nge ist, wenn der freie Rand die H\u00e4lfte der L\u00e4nge der nat\u00fcrlichen Nagelplatte betr\u00e4gt.<\/p>\n\n<\/div>\n<\/div>\n<div id=\"faq-question-1685009486016\" class=\"rank-math-list-item\">\n<h3 class=\"rank-math-question \">Welche Art von Design kann ich f\u00fcr meine Erweiterungen verwenden?<\/h3>\n<div class=\"rank-math-answer \">\n\n<p>Sie k\u00f6nnen jedes Nageldesign w\u00e4hlen, das Ihnen gef\u00e4llt: French: Die Nagelplatte wird mit einer m\u00f6glichst nat\u00fcrlichen Farbe bedeckt, w\u00e4hrend auf die Nagelspitze eine wei\u00dfe Farbe aufgetragen wird. Aquarium: ein Bild-unter-Glas-Effekt; K\u00fcnstlerische Malerei: alle Arten von Mustern und Designs werden mit einem d\u00fcnnen Pinsel auf die N\u00e4gel gezeichnet; Dreidimensional: hervorstehende Elemente werden auf der Nagelplatte angebracht, Verzierung der N\u00e4gel mit Kristallen und Blattgold. Heute haben die Manik\u00fcre-Meister eine gro\u00dfe Anzahl von Angeboten. Welche Sie bevorzugen, h\u00e4ngt allein von Ihrem Geschmack und Ihren W\u00fcnschen ab.<\/p>\n\n<\/div>\n<\/div>\n<div id=\"faq-question-1685009486828\" class=\"rank-math-list-item\">\n<h3 class=\"rank-math-question \">Was sind Nagelhautabl\u00f6sungen?<\/h3>\n<div class=\"rank-math-answer \">\n\n<p>Wenn Sie Ihre Naturn\u00e4gel vor der Verl\u00e4ngerung nicht richtig vorbereiten oder wenn Sie minderwertiges Acryl oder Gel verwenden, beginnt sich das Material an der Nagelhaut abzul\u00f6sen &#8211; dies wird als Peeling bezeichnet. Er sch\u00e4lt sich in der Mitte der Naturn\u00e4gel ab und f\u00e4llt manchmal ganz ab. In die L\u00f6cher k\u00f6nnen Schmutz und Feuchtigkeit eindringen, und das ist sehr schlecht f\u00fcr die N\u00e4gel, da sich dort alle m\u00f6glichen Bakterien ansiedeln k\u00f6nnen. Wenn sich Ihre N\u00e4gel abl\u00f6sen, ist das ein erstes Anzeichen daf\u00fcr, dass Sie das System und m\u00f6glicherweise auch den Techniker wechseln m\u00fcssen. In sehr seltenen F\u00e4llen kann es vorkommen, dass das Material vom K\u00f6rper des Kunden abgesto\u00dfen wird.<\/p>\n\n<\/div>\n<\/div>\n<div id=\"faq-question-1685009488696\" class=\"rank-math-list-item\">\n<h3 class=\"rank-math-question \">Wie oft sollte ich meine Prothesenn\u00e4gel entfernen, um meinen nat\u00fcrlichen N\u00e4geln eine Chance zum Atmen zu geben?<\/h3>\n<div class=\"rank-math-answer \">\n\n<p>N\u00e4gel sind Hornhautgebilde, die eine lamellare Struktur haben. Sie sind nicht in der Lage zu atmen, Feuchtigkeit zu verdampfen, N\u00e4gel brauchen keine Nahrung und Ruhe, nur die Matrix (das Herz des Nagels) ist lebendig. Sie befindet sich unter dem hinteren Nagelbett und wird \u00fcber die Blutversorgung mit Sauerstoff versorgt. Die Nagelplatte selbst, die wir bei Verl\u00e4ngerungen verwenden, ist eine tote Keratinschicht. Die N\u00e4gel m\u00fcssen nur dann entfernt werden, wenn Sie sie nicht mehr \u00fcber einen l\u00e4ngeren Zeitraum verl\u00e4ngern m\u00f6chten.<\/p>\n\n<\/div>\n<\/div>\n<\/div>\n<\/div>\n<p><\/p>\n\n<h3 class=\"wp-block-heading\">Kontaktieren Sie uns jetzt, falls Sie Fragen haben!<\/h3>\n","protected":false},"excerpt":{"rendered":"<p>Bei der Nagelprothetik werden Gel- oder Acrylmaterialien verwendet, um den N\u00e4geln ein langes und \u00e4sthetisches Aussehen zu verleihen oder die [&hellip;]<\/p>\n","protected":false},"author":4,"featured_media":91143,"parent":0,"menu_order":0,"comment_status":"closed","ping_status":"closed","template":"","meta":{"site-sidebar-layout":"default","site-content-layout":"","ast-site-content-layout":"default","site-content-style":"default","site-sidebar-style":"default","ast-global-header-display":"","ast-banner-title-visibility":"","ast-main-header-display":"","ast-hfb-above-header-display":"","ast-hfb-below-header-display":"","ast-hfb-mobile-header-display":"","site-post-title":"","ast-breadcrumbs-content":"","ast-featured-img":"","footer-sml-layout":"","ast-disable-related-posts":"","theme-transparent-header-meta":"","adv-header-id-meta":"","stick-header-meta":"","header-above-stick-meta":"","header-main-stick-meta":"","header-below-stick-meta":"","astra-migrate-meta-layouts":"default","ast-page-background-enabled":"default","ast-page-background-meta":{"desktop":{"background-color":"var(--ast-global-color-4)","background-image":"","background-repeat":"repeat","background-position":"center center","background-size":"auto","background-attachment":"scroll","background-type":"","background-media":"","overlay-type":"","overlay-color":"","overlay-opacity":"","overlay-gradient":""},"tablet":{"background-color":"","background-image":"","background-repeat":"repeat","background-position":"center center","background-size":"auto","background-attachment":"scroll","background-type":"","background-media":"","overlay-type":"","overlay-color":"","overlay-opacity":"","overlay-gradient":""},"mobile":{"background-color":"","background-image":"","background-repeat":"repeat","background-position":"center center","background-size":"auto","background-attachment":"scroll","background-type":"","background-media":"","overlay-type":"","overlay-color":"","overlay-opacity":"","overlay-gradient":""}},"ast-content-background-meta":{"desktop":{"background-color":"var(--ast-global-color-5)","background-image":"","background-repeat":"repeat","background-position":"center center","background-size":"auto","background-attachment":"scroll","background-type":"","background-media":"","overlay-type":"","overlay-color":"","overlay-opacity":"","overlay-gradient":""},"tablet":{"background-color":"var(--ast-global-color-5)","background-image":"","background-repeat":"repeat","background-position":"center center","background-size":"auto","background-attachment":"scroll","background-type":"","background-media":"","overlay-type":"","overlay-color":"","overlay-opacity":"","overlay-gradient":""},"mobile":{"background-color":"var(--ast-global-color-5)","background-image":"","background-repeat":"repeat","background-position":"center center","background-size":"auto","background-attachment":"scroll","background-type":"","background-media":"","overlay-type":"","overlay-color":"","overlay-opacity":"","overlay-gradient":""}},"footnotes":""},"class_list":["post-146751","page","type-page","status-publish","has-post-thumbnail","hentry"],"_links":{"self":[{"href":"https:\/\/medclinics.com\/de\/wp-json\/wp\/v2\/pages\/146751","targetHints":{"allow":["GET"]}}],"collection":[{"href":"https:\/\/medclinics.com\/de\/wp-json\/wp\/v2\/pages"}],"about":[{"href":"https:\/\/medclinics.com\/de\/wp-json\/wp\/v2\/types\/page"}],"author":[{"embeddable":true,"href":"https:\/\/medclinics.com\/de\/wp-json\/wp\/v2\/users\/4"}],"replies":[{"embeddable":true,"href":"https:\/\/medclinics.com\/de\/wp-json\/wp\/v2\/comments?post=146751"}],"version-history":[{"count":0,"href":"https:\/\/medclinics.com\/de\/wp-json\/wp\/v2\/pages\/146751\/revisions"}],"wp:featuredmedia":[{"embeddable":true,"href":"https:\/\/medclinics.com\/de\/wp-json\/wp\/v2\/media\/91143"}],"wp:attachment":[{"href":"https:\/\/medclinics.com\/de\/wp-json\/wp\/v2\/media?parent=146751"}],"curies":[{"name":"wp","href":"https:\/\/api.w.org\/{rel}","templated":true}]}}