{"id":146739,"date":"2023-05-25T09:16:47","date_gmt":"2023-05-25T06:16:47","guid":{"rendered":"https:\/\/medclinics.com\/haarverlangerung\/"},"modified":"2024-04-04T19:34:37","modified_gmt":"2024-04-04T16:34:37","slug":"haarverlangerung","status":"publish","type":"page","link":"https:\/\/medclinics.com\/de\/haarverlangerung\/","title":{"rendered":"Haarverl\u00e4ngerung"},"content":{"rendered":"\n<h2 class=\"wp-block-heading\">Haarverl\u00e4ngerungen sind eine Verl\u00e4ngerung der eigenen Haarstr\u00e4hnen durch das Anbringen von Spenderhaar, entweder k\u00fcnstlich oder nat\u00fcrlich.<\/h2>\n\n<p>Der Hauptunterschied zwischen Haarverl\u00e4ngerungen und Per\u00fccken, Haarteilen und abnehmbaren Verl\u00e4ngerungen ist die sichere Fixierung der Str\u00e4hnen und das lang anhaltende Ergebnis &#8211; ohne Korrektur werden Haarverl\u00e4ngerungen 2 bis 4 Monate lang getragen.<\/p>\n\n<h3 class=\"wp-block-heading\">Kapsel-Haarverl\u00e4ngerungen<\/h3>\n\n<p>Enhancement beinhaltet die Verwendung von Kapseln. Es handelt sich um eine Kapsel, die unauff\u00e4llig und klein ist und aus verschiedenen Keratin-, Gel-, Harz- und Klebematerialien besteht. Es gibt auch Mikrokapseln, die noch schwereloser sind. Alle Kapseltechniken werden in hei\u00dfe und kalte Verl\u00e4ngerungsmethoden unterteilt.<\/p>\n\n<ul class=\"wp-block-list\">\n<li>Hei\u00dfe Verl\u00e4ngerung  <\/li>\n<\/ul>\n\n<p>Bei einer Warmverl\u00e4ngerung wird eine 90-180 Grad hei\u00dfe Zange verwendet, die die Kapsel schmilzt, die das Eigenhaar mit dem Spenderhaar verbindet. Die hei\u00dfe Methode wird in die folgenden zwei Arten unterteilt:<\/p>\n\n<ul class=\"wp-block-list\">\n<li><strong>Italienische Extensions<\/strong> &#8211; Die Kapsel besteht aus Keratin und \u00e4hnelt nach dem Aush\u00e4rten einer flachen Platte, die nahezu unempfindlich ist. Eine Korrektur ist nach 3 Monaten erforderlich.  <\/li>\n\n\n\n<li><strong>Englische Verl\u00e4ngerung<\/strong> &#8211; Keratinharz wird als &#8222;Klebstoff&#8220; verwendet &#8211; nach dem Erhitzen mit einer Zange wird es zu einem runden Korn geformt. Eine Korrektur ist nach 3 Monaten erforderlich.  <\/li>\n<\/ul>\n\n<p>Ein gro\u00dfer Nachteil der Hot Extension ist, dass die Kapseln nicht erhitzt werden k\u00f6nnen: Sie sollten Ihr Haar nicht in sehr hei\u00dfem Wasser waschen, nicht in die Sauna gehen, keinen Lockenstab oder andere thermische Ger\u00e4te verwenden, da die Kapseln sonst schmelzen und die Locken herausfallen.<\/p>\n\n<ul class=\"wp-block-list\">\n<li>Kalte Verl\u00e4ngerung  <\/li>\n<\/ul>\n\n<p>Bei der Kaltverl\u00e4ngerung wird das Haar nicht thermisch belastet und gilt daher als sicherer f\u00fcr die Gesundheit Ihrer Locken. Die kalte Verl\u00e4ngerung ist in den folgenden Ausf\u00fchrungen erh\u00e4ltlich:<\/p>\n\n<ul class=\"wp-block-list\">\n<li><strong>Spanische Verl\u00e4ngerung<\/strong> &#8211; zur Befestigung der Str\u00e4hnen wird chirurgischer Kleber verwendet. Eine Korrektur ist nach 3 Monaten erforderlich.<\/li>\n\n\n\n<li><strong>Ultraschall- oder Hollywood-Haarverl\u00e4ngerung<\/strong> &#8211; Spenderstr\u00e4hnen werden mit Hilfe von Keratinkapseln und einem Ultraschallger\u00e4t befestigt. Eine Korrektur ist nach 2-3 Monaten erforderlich.<\/li>\n\n\n\n<li><strong>Japanische Haarverl\u00e4ngerung<\/strong> &#8211; Metallclips mit einer Gr\u00f6\u00dfe von 2-3 mm werden verwendet, um das Haar zu verl\u00e4ngern und das Kunsthaar am nat\u00fcrlichen Haar zu befestigen. Eine Korrektur ist nach 2 Monaten erforderlich.<\/li>\n\n\n\n<li><strong>Brasilianische Haarverl\u00e4ngerung<\/strong> &#8211; Haarstr\u00e4hnen werden am Haarschaft befestigt, indem Spenderhaar mit nat\u00fcrlichen Str\u00e4hnen geflochten und die Verbindung mit synthetischen Fasern fixiert wird, was technisch gesehen Dreadlocks und Flechtungen mit Kanekalons \u00e4hnelt. Eine Korrektur ist nach 3 Monaten erforderlich.<\/li>\n\n\n\n<li><strong>Gel-Haarverl\u00e4ngerung &#8211; <a href=\"https:\/\/en.wikipedia.org\/wiki\/Artificial_hair_integrations\" target=\"_blank\" rel=\"noopener\">\u00fcbereinander<\/a><\/strong> liegende Str\u00e4hnen werden von den Friseuren in einem speziellen Gel am Haar befestigt, und die Fixierungskapsel wird gebildet. Eine Korrektur ist nach 2-4 Monaten erforderlich.<\/li>\n<\/ul>\n\n<h3 class=\"wp-block-heading\">Kapsellose Haarverl\u00e4ngerungen<\/h3>\n\n<p>Diese kapsellose Haarverl\u00e4ngerung unterscheidet sich von der vorherigen Methode dadurch, dass weder Klebstoff noch Kapseln verwendet werden m\u00fcssen. Die Str\u00e4hnen werden durch hitzeempfindliche H\u00fclsen gehalten, die das Eigenhaar und das zu verl\u00e4ngernde Haar halten, und dann werden die H\u00fclsen durch eine auf 120 Grad erhitzte Zange fixiert. Das Tolle an dieser Methode ist, dass sich die Befestigungspunkte am Hinterkopf befinden und f\u00fcr das Auge und den Tastsinn v\u00f6llig unsichtbar sind. Es gibt jedoch einen Nachteil: Sie sollten Ihr Haar nicht \u00fcber 100 Grad erhitzen, da die hohen Temperaturen die \u00c4rmel schmelzen k\u00f6nnen. Nach Monaten sind Korrekturen erforderlich.<\/p>\n\n<h3 class=\"wp-block-heading\">Band-Haarverl\u00e4ngerungen<\/h3>\n\n<p>B\u00e4ndchenverl\u00e4ngerungen sind eine sanfte Art, Ihre Haarstr\u00e4hnen zu verl\u00e4ngern, indem die urspr\u00fcnglichen Str\u00e4hnen zwischen zwei Klebeb\u00e4ndern aus Spenderstr\u00e4hnen eingef\u00fcgt werden. Tape-Extensions werden h\u00e4ufig verwendet, um sp\u00e4rliches Haar zu verdichten, Fransen und sehr kurze Locken zu verl\u00e4ngern und auch f\u00fcr d\u00fcnne, geschw\u00e4chte Locken aufgrund des ultraleichten Gewichts des Tapes. Die Korrektur der Bandverl\u00e4ngerungen ist sehr kurz und wird alle 6-8 Wochen durchgef\u00fchrt.<\/p>\n\n<h3 class=\"wp-block-heading\">Lockenverl\u00e4ngerungen<\/h3>\n\n<p>Eine weitere sanfte Methode, um die begehrte L\u00e4nge zu erhalten, sind Haarverl\u00e4ngerungen mit Tressen. Tressen sind Haarstr\u00e4hnen, die durch einen einzelnen Stoffstreifen an Ort und Stelle gehalten werden. Sie k\u00f6nnen abnehmbar (sie werden mit Mikronadeln befestigt und k\u00f6nnen jederzeit wieder entfernt werden) oder fest angebracht sein (die Str\u00e4hnen werden mit einem speziellen Kleber oder N\u00e4hgarn an Z\u00f6pfen oder Haarstr\u00e4hnen befestigt). Eine Korrektur ist nach 2-3 Monaten erforderlich.<\/p>\n\n<h3 class=\"wp-block-heading\">Haarverl\u00e4ngerung ist nicht f\u00fcr:<\/h3>\n\n<ul class=\"wp-block-list\">\n<li>Haarl\u00e4nge weniger als 5 cm<\/li>\n\n\n\n<li>Ihr Alter betr\u00e4gt weniger als 16 Jahre<\/li>\n\n\n\n<li>Schwere Migr\u00e4ne oder Kopfschmerzen<\/li>\n\n\n\n<li>Empfindliche Kopfhaut<\/li>\n\n\n\n<li>Kratzer, Absch\u00fcrfungen, frische Narben und andere Verletzungen oder starker Haarausfall<\/li>\n\n\n\n<li>Geschw\u00e4chtes Haar  <\/li>\n\n\n\n<li>Allergieanf\u00e4llig<\/li>\n\n\n\n<li>Kopfhauterkrankungen wie Ekzeme, Seborrhoe, Psoriasis, Pedikulose, Alopezie und verschiedene Pilzerkrankungen.<\/li>\n\n\n\n<li>Einnahme von starken Antibiotika, hormonellen Medikamenten, Chemotherapie<\/li>\n<\/ul>\n\n<h3 class=\"wp-block-heading\">Nachsorge:<\/h3>\n\n<ul class=\"wp-block-list\">\n<li>Es wird empfohlen, die Haare mit einem Shampoo zu waschen, das einen neutralen pH-Wert hat.  <\/li>\n\n\n\n<li>Trocknen Sie Ihr Haar nach dem Waschen, indem Sie es sanft mit einem Handtuch abtupfen und das Handtuch nicht kr\u00e4useln.<\/li>\n\n\n\n<li>Verwenden Sie beim Trocknen so wenig wie m\u00f6glich einen Haartrockner und andere W\u00e4rmeger\u00e4te.  <\/li>\n\n\n\n<li>Gehen Sie nicht mit einem nassen Kopf ins Bett. Das Haar sollte vor dem Schlafengehen gut getrocknet sein, und die Str\u00e4hnen sollten zu einem lockeren Pferdeschwanz zusammengefasst oder geflochten werden.<\/li>\n\n\n\n<li>Wenn Sie eine Sauna, ein Bad oder ein Solarium besuchen, sollten Sie Ihr Haar und Ihre Haarverl\u00e4ngerungen durch das Tragen einer M\u00fctze vor \u00dcberhitzung sch\u00fctzen.  <\/li>\n\n\n\n<li>Sie k\u00f6nnen Ihr Haar von einem erfahrenen Salonfachmann f\u00e4rben lassen, der das Haar gleichm\u00e4\u00dfig \u00fcber die gesamte L\u00e4nge f\u00e4rbt.<\/li>\n\n\n\n<li>Es ist besser, sich die Haare in einem Salon stylen zu lassen.<\/li>\n\n\n\n<li>Nach einer Haarverl\u00e4ngerung ist es notwendig, das Wachstum des Eigenhaars regelm\u00e4\u00dfig zu korrigieren.<\/li>\n\n\n\n<li>Um Ihr eigenes Haar zu schonen, ist es ratsam, Ihre Haarverl\u00e4ngerungen alle 3 Monate entfernen zu lassen. Dies geschieht ausschlie\u00dflich im Friseursalon.  <\/li>\n<\/ul>\n\n<div class=\"wp-block-columns is-layout-flex wp-container-core-columns-is-layout-28f84493 wp-block-columns-is-layout-flex\">\n<div class=\"wp-block-column is-layout-flow wp-block-column-is-layout-flow\" style=\"flex-basis:33.33%\">\n<figure class=\"wp-block-image alignright size-full is-resized\"><img fetchpriority=\"high\" decoding=\"async\" width=\"280\" height=\"210\" src=\"https:\/\/medclinics.com\/wp-content\/uploads\/2023\/12\/luxus-logo-1.webp\" alt=\"\" class=\"wp-image-119607\" style=\"width:193px;height:auto\" srcset=\"https:\/\/medclinics.com\/wp-content\/uploads\/2023\/12\/luxus-logo-1.webp 280w, https:\/\/medclinics.com\/wp-content\/uploads\/2023\/12\/luxus-logo-1-24x18.webp 24w, https:\/\/medclinics.com\/wp-content\/uploads\/2023\/12\/luxus-logo-1-36x27.webp 36w, https:\/\/medclinics.com\/wp-content\/uploads\/2023\/12\/luxus-logo-1-48x36.webp 48w\" sizes=\"(max-width: 280px) 100vw, 280px\" \/><\/figure>\n<\/div>\n\n\n\n<div class=\"wp-block-column is-vertically-aligned-center is-layout-flow wp-block-column-is-layout-flow\" style=\"flex-basis:66.66%\">\n<h3 class=\"wp-block-heading has-text-align-center\"><strong>Holen Sie sich Ihre Haarverl\u00e4ngerung mit  <\/strong><br\/><strong>&#8222;Luxus Hair Group&#8220;<\/strong><\/h3>\n\n\n\n<p class=\"has-text-align-center\"><em><strong>&#8220; Haar- und Sch\u00f6nheitspflege, Luxus f\u00fcr alle! &#8222;<\/strong><\/em><\/p>\n<\/div>\n<\/div>\n\n<div class=\"wp-block-columns is-layout-flex wp-container-core-columns-is-layout-28f84493 wp-block-columns-is-layout-flex\">\n<div class=\"wp-block-column is-layout-flow wp-block-column-is-layout-flow\">\n<div class=\"wp-block-buttons is-content-justification-center is-layout-flex wp-container-core-buttons-is-layout-a89b3969 wp-block-buttons-is-layout-flex\">\n<div class=\"wp-block-button\"><a class=\"wp-block-button__link has-vivid-green-cyan-background-color has-background wp-element-button\" href=\"https:\/\/wa.me\/905322662716?text=From%20MedClinics\" target=\"_blank\" rel=\"noreferrer noopener nofollow\">Online buchen \u00fcber WhatsApp<\/a><\/div>\n<\/div>\n<\/div>\n<\/div>\n\n<h3 class=\"wp-block-heading\" style=\"font-size:18px\">Alles, was Sie \u00fcber <a href=\"https:\/\/medclinics.com\/de\/nicht-chirurgische-operationen\/\" target=\"_blank\" rel=\"noreferrer noopener\">nicht-chirurgische Operationen<\/a> wissen m\u00fcssen, einschlie\u00dflich Preis und mehr, oder <a href=\"#requestform\">kontaktieren Sie uns<\/a>!<\/h3>\n\n<h2 class=\"wp-block-heading\">FAQ <\/h2>\n<div id=\"rank-math-faq\" class=\"rank-math-block\">\n<div class=\"rank-math-list \">\n<div id=\"faq-question-1685005867417\" class=\"rank-math-list-item\">\n<h3 class=\"rank-math-question \">Ist die Haarverl\u00e4ngerung dauerhaft?<\/h3>\n<div class=\"rank-math-answer \">\n\n<p>Haarverl\u00e4ngerungen gelten nicht als dauerhaft, da es sich um vor\u00fcbergehende Erg\u00e4nzungen des nat\u00fcrlichen Haares handelt. Sie werden in der Regel mit verschiedenen Methoden am vorhandenen Haar befestigt, z. B. mit Clips, B\u00e4ndern, Haftvermittlern oder Flechttechniken. Die Befestigungsmethode bestimmt, wie lange die Haarverl\u00e4ngerungen an ihrem Platz bleiben. Einige Methoden erlauben zwar eine l\u00e4ngerfristige Abnutzung, m\u00fcssen aber dennoch regelm\u00e4\u00dfig gewartet und schlie\u00dflich entfernt werden. Die Lebensdauer von Haarverl\u00e4ngerungen h\u00e4ngt von Faktoren wie der Qualit\u00e4t der Extensions, der Pflege und der Wachstumsrate des nat\u00fcrlichen Haares ab. Letztendlich sind Haarverl\u00e4ngerungen eine vor\u00fcbergehende L\u00f6sung, um dem Haar L\u00e4nge, Volumen oder die gew\u00fcnschte Frisur zu verleihen, und bieten so Vielseitigkeit und die M\u00f6glichkeit, das Aussehen nach Belieben zu ver\u00e4ndern.<\/p>\n\n<\/div>\n<\/div>\n<div id=\"faq-question-1685005876240\" class=\"rank-math-list-item\">\n<h3 class=\"rank-math-question \">Kann man seine Haare mit Extensions waschen?<\/h3>\n<div class=\"rank-math-answer \">\n\n<p>Ja, Sie k\u00f6nnen Ihr Haar mit Extensions waschen. Die Methode und die H\u00e4ufigkeit k\u00f6nnen jedoch je nach Art der Verl\u00e4ngerung variieren. Clip-in-Extensions sollten vor dem Waschen entfernt werden, w\u00e4hrend andere Typen mit den Extensions gewaschen werden k\u00f6nnen. Verwenden Sie sanfte Produkte und vermeiden Sie es, schwere Produkte direkt auf die Extensions aufzutragen. Richtiges Trocknen ist wichtig, um feuchtigkeitsbedingte Probleme zu vermeiden. Befolgen Sie die Pflegeanweisungen Ihres Friseurs oder des Herstellers, um optimale Ergebnisse zu erzielen.<\/p>\n\n<\/div>\n<\/div>\n<div id=\"faq-question-1685005948999\" class=\"rank-math-list-item\">\n<h3 class=\"rank-math-question \">K\u00f6nnen Haarverl\u00e4ngerungen Ihr Haar sch\u00e4digen?<\/h3>\n<div class=\"rank-math-answer \">\n\n<p>Haarverl\u00e4ngerungen k\u00f6nnen Ihr nat\u00fcrliches Haar sch\u00e4digen, wenn sie nicht richtig angebracht oder gepflegt werden. Unsachgem\u00e4\u00dfe Anwendung, Entfernung und \u00fcberm\u00e4\u00dfige Spannung k\u00f6nnen zu Haarbruch und Haarausfall f\u00fchren. Unzureichende Pflege, wie z. B. die Verwendung inkompatibler Produkte oder die Vernachl\u00e4ssigung des richtigen Waschens und Pflegens, kann zu Verfilzungen, Verknotungen und Trockenheit f\u00fchren. Um das Risiko einer Besch\u00e4digung zu minimieren, sollten Sie unbedingt einen seri\u00f6sen Friseur aufsuchen, der sich auf Extensions spezialisiert hat, und dessen Anleitungen zur Anbringung und Pflege befolgen sowie geeignete Produkte sowohl f\u00fcr Ihr nat\u00fcrliches Haar als auch f\u00fcr die Extensions verwenden. Regelm\u00e4\u00dfige Pflegetermine und ein schonender Umgang mit den Extensions k\u00f6nnen dazu beitragen, die Gesundheit Ihres nat\u00fcrlichen Haares zu erhalten und gleichzeitig die Vorteile der Haarverl\u00e4ngerung zu genie\u00dfen.<\/p>\n\n<\/div>\n<\/div>\n<div id=\"faq-question-1685006019098\" class=\"rank-math-list-item\">\n<h3 class=\"rank-math-question \">Sind Haarverl\u00e4ngerungen es wert?<\/h3>\n<div class=\"rank-math-answer \">\n\n<p>Der Wert von Haarverl\u00e4ngerungen ist subjektiv und h\u00e4ngt von individuellen Vorlieben und Umst\u00e4nden ab. F\u00fcr diejenigen, die l\u00e4ngeres oder volleres Haar w\u00fcnschen, k\u00f6nnen Haarverl\u00e4ngerungen eine wertvolle Investition sein, da sie sofort f\u00fcr L\u00e4nge und Volumen sorgen. Sie lassen sich vielseitig stylen, erm\u00f6glichen verschiedene Frisuren und verbessern das Gesamtbild. Haarverl\u00e4ngerungen k\u00f6nnen vor allem f\u00fcr Personen mit d\u00fcnnem oder feinem Haar von Vorteil sein, da sie den Anschein von dickeren, volumin\u00f6seren Locken erwecken. Au\u00dferdem bieten sie eine vor\u00fcbergehende Ver\u00e4nderung, ohne das Haar dauerhaft zu ver\u00e4ndern.<\/p>\n\n<\/div>\n<\/div>\n<div id=\"faq-question-1685006098473\" class=\"rank-math-list-item\">\n<h3 class=\"rank-math-question \">Sind Haarverl\u00e4ngerungen sicher?<\/h3>\n<div class=\"rank-math-answer \">\n\n<p>Bei richtiger Anwendung und Pflege sind Haarverl\u00e4ngerungen in der Regel sicher in der Anwendung. Es ist wichtig, sie von einem professionellen Stylisten anbringen zu lassen, der sich auf Extensions spezialisiert hat, um eine korrekte Befestigung zu gew\u00e4hrleisten und das Risiko einer Besch\u00e4digung Ihres nat\u00fcrlichen Haares zu minimieren. Die Verwendung hochwertiger Extensions aus nat\u00fcrlichem Echthaar oder hochwertigen synthetischen Materialien kann ebenfalls zu ihrer Sicherheit und Langlebigkeit beitragen. Es ist wichtig, die empfohlenen Wartungs- und Pflegeanweisungen Ihres Stylisten zu befolgen und die Verwendung von scharfen Produkten oder \u00fcberm\u00e4\u00dfiger Hitze bei den Extensions zu vermeiden.<\/p>\n\n<\/div>\n<\/div>\n<div id=\"faq-question-1685008015061\" class=\"rank-math-list-item\">\n<h3 class=\"rank-math-question \">Kann ich meine Haare unmittelbar nach der Haarverl\u00e4ngerung waschen oder f\u00e4rben?<\/h3>\n<div class=\"rank-math-answer \">\n\n<p>Nein, das kann man nicht sofort nach der Haarverl\u00e4ngerung machen. Sie k\u00f6nnen dies erst zwei Tage nach dem Eingriff tun.<\/p>\n\n<\/div>\n<\/div>\n<div id=\"faq-question-1685008879124\" class=\"rank-math-list-item\">\n<h3 class=\"rank-math-question \">Warum flechten Sie sich nachts die Haare?<\/h3>\n<div class=\"rank-math-answer \">\n\n<p>Der Grund daf\u00fcr ist, dass sich die Haare nachts verheddern. Deshalb empfehlen Experten, die Locken zu einem lockeren Zopf oder Pferdeschwanz zu flechten. Diese Methode sorgt nicht nur daf\u00fcr, dass Ihr Haar in Form bleibt, sondern verleiht Ihren Locken auch eine sch\u00f6ne Welle.<\/p>\n\n<\/div>\n<\/div>\n<div id=\"faq-question-1685008907059\" class=\"rank-math-list-item\">\n<h3 class=\"rank-math-question \">Treten Unbehagen, Schweregef\u00fchl oder Kopfschmerzen auf?<\/h3>\n<div class=\"rank-math-answer \">\n\n<p>Wenn die Haarverl\u00e4ngerungen technologisch korrekt ausgef\u00fchrt werden, gibt es keine Unannehmlichkeiten. Zum Beispiel ist es wichtig, die Str\u00e4hnen nicht an der Kopfhaut zu fixieren und etwa 0,5-1 cm zur\u00fcckzutreten. Das Gef\u00fchl der Schwere ist ganz nat\u00fcrlich, wenn Sie jahrelang eine leichte Kurzhaarfrisur getragen haben und sich nun f\u00fcr eine Verl\u00e4ngerung der langen Haare entscheiden.<\/p>\n\n<\/div>\n<\/div>\n<div id=\"faq-question-1685008943857\" class=\"rank-math-list-item\">\n<h3 class=\"rank-math-question \">Kann ich meine Haarverl\u00e4ngerungen f\u00e4rben?<\/h3>\n<div class=\"rank-math-answer \">\n\n<p>Sie k\u00f6nnen. Es gibt spezielle T\u00f6nungsfarben und Shampoos, mit denen Sie Ihrem Haar den richtigen Farbton geben k\u00f6nnen. Das F\u00e4rben des Haaransatzes sollte mit Sorgfalt erfolgen und ebenfalls einem Fachmann \u00fcberlassen werden. Allerdings sollte man vermeiden, dass die zus\u00e4tzlichen F\u00e4den Farbe auf die Bindungen bringen. Bei Bandverl\u00e4ngerungen zum Beispiel kann eine falsche Technik zum F\u00e4rben der Wurzeln dazu f\u00fchren, dass das Polymerband weich wird.<\/p>\n\n<\/div>\n<\/div>\n<div id=\"faq-question-1685008978182\" class=\"rank-math-list-item\">\n<h3 class=\"rank-math-question \">Wie lang k\u00f6nnen Haarverl\u00e4ngerungen sein?<\/h3>\n<div class=\"rank-math-answer \">\n\n<p>Bei einigen Technologien kann das Haar auf bis zu 70 cm verl\u00e4ngert werden. Die Mindestl\u00e4nge der zus\u00e4tzlichen Str\u00e4nge betr\u00e4gt 15 cm. Die optimale L\u00e4nge der Extensions richtet sich nach der L\u00e4nge Ihres Eigenhaars.<\/p>\n\n<\/div>\n<\/div>\n<div id=\"faq-question-1685009008316\" class=\"rank-math-list-item\">\n<h3 class=\"rank-math-question \">Wie lang sollte mein eigenes Haar sein?<\/h3>\n<div class=\"rank-math-answer \">\n\n<p>Ihr eigenes Haar sollte nicht k\u00fcrzer als 7-10 cm sein. Wenn Ihr urspr\u00fcngliches Haar mittellang ist (10-15 cm), sollten Sie sich f\u00fcr eine 50 cm lange Stufenfrisur mit Extensions entscheiden. Wenn Ihr urspr\u00fcngliches Haar schon lang genug ist (z. B. 20 cm), k\u00f6nnen Sie die zus\u00e4tzlichen Str\u00e4hnen in beliebiger L\u00e4nge anbringen.<\/p>\n\n<\/div>\n<\/div>\n<div id=\"faq-question-1685009036754\" class=\"rank-math-list-item\">\n<h3 class=\"rank-math-question \">Sind die Extensions sicher an meinem Kopf befestigt?<\/h3>\n<div class=\"rank-math-answer \">\n\n<p>Haarverl\u00e4ngerungen werden auf besondere Weise am Kopf befestigt: mit B\u00e4ndern, Kapseln usw., je nach Technologie. Die Befestigung ist sicher, und die Belastung f\u00fcr das eigene Haar wird so verteilt, dass es nicht traumatisiert und die Wurzeln nicht \u00fcberlastet werden. Wenn Sie einige einfache Regeln befolgen, k\u00f6nnen Sie Ihre Haarverl\u00e4ngerungen lange Zeit, einige Monate, tragen und sie dann korrigieren lassen und weiter tragen.<\/p>\n\n<\/div>\n<\/div>\n<div id=\"faq-question-1685009064784\" class=\"rank-math-list-item\">\n<h3 class=\"rank-math-question \">Kann ich mit Verl\u00e4ngerungen auf dem Meer Urlaub machen?<\/h3>\n<div class=\"rank-math-answer \">\n\n<p>Ja, das k\u00f6nnen Sie. Sie k\u00f6nnen auch in die Sauna und ins Schwimmbad gehen.<\/p>\n\n<\/div>\n<\/div>\n<div id=\"faq-question-1685009090629\" class=\"rank-math-list-item\">\n<h3 class=\"rank-math-question \">Wie viele Str\u00e4hnen oder B\u00e4nder ben\u00f6tige ich f\u00fcr meine Haarverl\u00e4ngerungen?<\/h3>\n<div class=\"rank-math-answer \">\n\n<p>Bei Extensions wird das Haar nach Farbe, Struktur, gew\u00fcnschter L\u00e4nge und nat\u00fcrlich Volumen ausgew\u00e4hlt. Jeder von uns hat sein eigenes Volumen, seine eigene Anzahl und seine eigene Haarstruktur. Im Durchschnitt werden 125-150 Haarstr\u00e4hnen ben\u00f6tigt.<\/p>\n\n<\/div>\n<\/div>\n<div id=\"faq-question-1685009120132\" class=\"rank-math-list-item\">\n<h3 class=\"rank-math-question \">Werden die Kapseln oder B\u00e4nder auf dem Kopf sichtbar sein?<\/h3>\n<div class=\"rank-math-answer \">\n\n<p>Wenn Sie sehr d\u00fcnnes Haar haben und nicht viel davon, dann werden bei einem hohen Pferdeschwanz die Seitenkapseln durchscheinen. Aber in diesem Fall gibt es kleine Tricks, um dies zu vermeiden, zum Beispiel kann man die Kapseln so platzieren, dass sie nicht sichtbar sind. Ein erfahrener Meister kennt diese Geheimnisse. Wenn Ihr Haar jedoch kurz ist, sollten Sie den hohen Pferdeschwanz weglassen. Sie k\u00f6nnen aber jederzeit einen niedrigen Pferdeschwanz machen.<\/p>\n\n<\/div>\n<\/div>\n<\/div>\n<\/div>\n<p><\/p>\n\n<h3 class=\"wp-block-heading\">Kontaktieren Sie uns jetzt, falls Sie Fragen haben!<\/h3>\n","protected":false},"excerpt":{"rendered":"<p>Haarverl\u00e4ngerungen sind eine Verl\u00e4ngerung der eigenen Haarstr\u00e4hnen durch das Anbringen von Spenderhaar, entweder k\u00fcnstlich oder nat\u00fcrlich. Der Hauptunterschied zwischen Haarverl\u00e4ngerungen [&hellip;]<\/p>\n","protected":false},"author":4,"featured_media":92643,"parent":0,"menu_order":0,"comment_status":"closed","ping_status":"closed","template":"","meta":{"site-sidebar-layout":"default","site-content-layout":"","ast-site-content-layout":"default","site-content-style":"default","site-sidebar-style":"default","ast-global-header-display":"","ast-banner-title-visibility":"","ast-main-header-display":"","ast-hfb-above-header-display":"","ast-hfb-below-header-display":"","ast-hfb-mobile-header-display":"","site-post-title":"","ast-breadcrumbs-content":"","ast-featured-img":"","footer-sml-layout":"","ast-disable-related-posts":"","theme-transparent-header-meta":"","adv-header-id-meta":"","stick-header-meta":"","header-above-stick-meta":"","header-main-stick-meta":"","header-below-stick-meta":"","astra-migrate-meta-layouts":"default","ast-page-background-enabled":"default","ast-page-background-meta":{"desktop":{"background-color":"var(--ast-global-color-4)","background-image":"","background-repeat":"repeat","background-position":"center center","background-size":"auto","background-attachment":"scroll","background-type":"","background-media":"","overlay-type":"","overlay-color":"","overlay-opacity":"","overlay-gradient":""},"tablet":{"background-color":"","background-image":"","background-repeat":"repeat","background-position":"center center","background-size":"auto","background-attachment":"scroll","background-type":"","background-media":"","overlay-type":"","overlay-color":"","overlay-opacity":"","overlay-gradient":""},"mobile":{"background-color":"","background-image":"","background-repeat":"repeat","background-position":"center center","background-size":"auto","background-attachment":"scroll","background-type":"","background-media":"","overlay-type":"","overlay-color":"","overlay-opacity":"","overlay-gradient":""}},"ast-content-background-meta":{"desktop":{"background-color":"var(--ast-global-color-5)","background-image":"","background-repeat":"repeat","background-position":"center center","background-size":"auto","background-attachment":"scroll","background-type":"","background-media":"","overlay-type":"","overlay-color":"","overlay-opacity":"","overlay-gradient":""},"tablet":{"background-color":"var(--ast-global-color-5)","background-image":"","background-repeat":"repeat","background-position":"center center","background-size":"auto","background-attachment":"scroll","background-type":"","background-media":"","overlay-type":"","overlay-color":"","overlay-opacity":"","overlay-gradient":""},"mobile":{"background-color":"var(--ast-global-color-5)","background-image":"","background-repeat":"repeat","background-position":"center center","background-size":"auto","background-attachment":"scroll","background-type":"","background-media":"","overlay-type":"","overlay-color":"","overlay-opacity":"","overlay-gradient":""}},"footnotes":""},"class_list":["post-146739","page","type-page","status-publish","has-post-thumbnail","hentry"],"_links":{"self":[{"href":"https:\/\/medclinics.com\/de\/wp-json\/wp\/v2\/pages\/146739","targetHints":{"allow":["GET"]}}],"collection":[{"href":"https:\/\/medclinics.com\/de\/wp-json\/wp\/v2\/pages"}],"about":[{"href":"https:\/\/medclinics.com\/de\/wp-json\/wp\/v2\/types\/page"}],"author":[{"embeddable":true,"href":"https:\/\/medclinics.com\/de\/wp-json\/wp\/v2\/users\/4"}],"replies":[{"embeddable":true,"href":"https:\/\/medclinics.com\/de\/wp-json\/wp\/v2\/comments?post=146739"}],"version-history":[{"count":0,"href":"https:\/\/medclinics.com\/de\/wp-json\/wp\/v2\/pages\/146739\/revisions"}],"wp:featuredmedia":[{"embeddable":true,"href":"https:\/\/medclinics.com\/de\/wp-json\/wp\/v2\/media\/92643"}],"wp:attachment":[{"href":"https:\/\/medclinics.com\/de\/wp-json\/wp\/v2\/media?parent=146739"}],"curies":[{"name":"wp","href":"https:\/\/api.w.org\/{rel}","templated":true}]}}