{"id":146727,"date":"2023-05-25T09:04:49","date_gmt":"2023-05-25T09:04:49","guid":{"rendered":"https:\/\/medclinics.com\/permanentes-make-up\/"},"modified":"2024-04-04T19:34:43","modified_gmt":"2024-04-04T16:34:43","slug":"permanentes-make-up","status":"publish","type":"page","link":"https:\/\/medclinics.com\/de\/permanentes-make-up\/","title":{"rendered":"Permanentes Make-up"},"content":{"rendered":"\n<h3 class=\"wp-block-heading\">Permanent Make-up ist ein Verfahren, bei dem ein Pigment, ein spezieller Farbstoff auf Mineralbasis, der eigens f\u00fcr Permanent Make-up entwickelt wurde, in die Haut injiziert wird.<\/h3>\n\n<p>Der Meister injiziert das Pigment in die obersten Schichten der Haut. Die Tiefe betr\u00e4gt nicht mehr als 0,8-1 mm. Dies erm\u00f6glicht eine k\u00fcrzere Wirkungsdauer. Im Laufe der Zeit wird das Pigment allm\u00e4hlich aufgel\u00f6st, verblasst und wird mit der Zeit vom K\u00f6rper abgebaut und auf nat\u00fcrliche Weise entfernt. Das Ergebnis ist ein &#8222;langanhaltendes&#8220; Make-up, das Ihre Gesichtsz\u00fcge perfekt zur Geltung bringt.<\/p>\n\n<h4 class=\"wp-block-heading\">Es gibt verschiedene Permanent-Make-up-Techniken, je nach betroffenem Bereich.<\/h4>\n\n<h3 class=\"wp-block-heading\">Die Lippen:<\/h3>\n\n<ul class=\"wp-block-list\">\n<li>Konturierung. Ideal f\u00fcr Damen mittleren Alters. Das Make-up korrigiert eine rissige Lippenform. Optisch sehen die Lippen wie mit einem Bleistift nachgezogen aus;<\/li>\n\n\n\n<li>Kontur mit Umriss. Ein permanenter Wisch verleiht den Lippen eine definierte und schicke Kontur und eine leuchtende Farbe. Ein verwischter Lippenstift-Effekt, der den Lippen optisch mehr Volumen verleiht;<\/li>\n\n\n\n<li>Naturale. Dabei handelt es sich um eine Technik, bei der nat\u00fcrliche und biologische Inhaltsstoffe verwendet werden. Es ist eine leichte Korrektur, die schwer zu erkennen ist;<\/li>\n\n\n\n<li>Heller Kajal. Geeignet f\u00fcr perfekt geformte Lippen. Ein leichtes Pigment wird in die Lippenkontur gespritzt und verleiht zus\u00e4tzliches Volumen;<\/li>\n\n\n\n<li>Aquarell. Ein subtiles, nat\u00fcrliches Pigment, das sich \u00fcber die gesamte Lippe verteilt, ohne eine definierte Kontur zu hinterlassen;<\/li>\n\n\n\n<li>Permanenter Lippenstift. In diesem Fall wird das Pigment sehr sorgf\u00e4ltig ausgew\u00e4hlt, da es den Lippenbereich vollst\u00e4ndig ausf\u00fcllt;<\/li>\n\n\n\n<li>3D-Technik. Gilt als die anspruchsvollste Art der Dauerwelle. Er kaschiert eine ungleichm\u00e4\u00dfige, asymmetrische Lippenform, verleiht das gew\u00fcnschte Volumen und l\u00e4sst die nat\u00fcrliche Farbe \u00fcppiger erscheinen. Das Verfahren nimmt viel Zeit in Anspruch, da es in mehreren Sitzungen mit mehreren Farben durchgef\u00fchrt wird.<\/li>\n<\/ul>\n\n<h3 class=\"wp-block-heading\">Augenbrauen:<\/h3>\n\n<ul class=\"wp-block-list\">\n<li>Haar-Methode. Die Haare werden einzeln oder in B\u00fcscheln mit Pigmentstrichen gezeichnet.<\/li>\n\n\n\n<li>Pulver-Methode. Das Pigment wird punktf\u00f6rmig eingespritzt, wodurch ein Schatteneffekt entsteht.<\/li>\n\n\n\n<li>Eine Mischtechnik ist eine Kombination aus Pulver- und Haartechnik.<\/li>\n\n\n\n<li>Nano-Spr\u00fchen. In diesem Fall gibt es keine klare Kontur, und das Pigment selbst verleiht das gew\u00fcnschte Volumen und macht die Farbe heller;<\/li>\n\n\n\n<li>Ombr\u00e9. Die Augenbrauen werden mit Pigmenten in verschiedenen Schattierungen und sanfter Schattierung gezeichnet, wobei die helleren Farben am Nasenr\u00fccken und die dunkleren an den Spitzen verwendet werden.<\/li>\n<\/ul>\n\n<h3 class=\"wp-block-heading\">Die Augen:<\/h3>\n\n<ul class=\"wp-block-list\">\n<li>Pfeil. Der Farbstoff wird als fester Liner in verschiedenen L\u00e4ngen und Dicken aufgetragen.<\/li>\n\n\n\n<li>Inter Eyeliner. Das Pigment wird zwischen den Wimpern aufgetragen und sorgt f\u00fcr einen dramatischen Look.<\/li>\n\n\n\n<li>Stouche. Der Smokey-Eye-Effekt wird durch das Tupfen des Pigments in verschiedenen Intensit\u00e4ten erzielt.<\/li>\n<\/ul>\n\n<h3 class=\"wp-block-heading\">Dermopigmentierung<\/h3>\n\n<p>ist eine Methode zur Korrektur dauerhafter oder vor\u00fcbergehender \u00e4sthetischer Hautm\u00e4ngel durch flaches Permanent Make-up.<\/p>\n\n<ul class=\"wp-block-list\">\n<li>Wiederherstellung der Brustwarzenfarbe und postoperative Narbenbildung des Brustwarzenhofs (einer der beliebtesten Bereiche f\u00fcr die Camouflage)<\/li>\n\n\n\n<li>Vitiligo-Korrektur;<\/li>\n\n\n\n<li>Kaschierung von oberfl\u00e4chlichen Falten;<\/li>\n\n\n\n<li>Deckung kleiner Ver\u00e4tzungen;<\/li>\n\n\n\n<li>Verdecken von Narben und Narben (Aknenarben, Narben nach Fettabsaugung, Narben im Bereich der Ohren und der Kopfhaut nach einem Facelifting);<\/li>\n\n\n\n<li>Camouflage von Dehnungsstreifen<\/li>\n<\/ul>\n\n<h3 class=\"wp-block-heading\">Dauer:<\/h3>\n\n<h4 class=\"wp-block-heading\"><a href=\"https:\/\/en.wikipedia.org\/wiki\/Permanent_makeup\" target=\"_blank\" rel=\"noreferrer noopener\">Permanent Make-up<\/a> (Augenbrauen, Augenlider, Lippen) h\u00e4lt zwischen 1 und 3 Jahren. Wie lange das PM in der Haut verbleibt, h\u00e4ngt von vielen Faktoren ab:<\/h4>\n\n<ul class=\"wp-block-list\">\n<li>Das Immunsystem (wenn eine Person selten krank ist, funktioniert das Immunsystem gut &#8211; es beseitigt das Pigment schneller);<\/li>\n\n\n\n<li>Hauttyp (fettige Haut speichert weniger dauerhaft als trockene Haut)<\/li>\n\n\n\n<li>Alter (je \u00e4lter die Person, desto l\u00e4nger h\u00e4lt die PM an)<\/li>\n\n\n\n<li>Pigmentfarbe (hellere Farbt\u00f6ne halten weniger, hellere Farbt\u00f6ne halten l\u00e4nger);<\/li>\n\n\n\n<li>Sonne\/Br\u00e4unen (UVA-Strahlen haben negative Auswirkungen auf Permanent Make-up, Br\u00e4unung erfordert die Verwendung von T\u00e4towier-\/Permanentschutzstiften, Sonnenschutz SPF 30, 50);<\/li>\n\n\n\n<li>Der Lebensstil (Training, Schwimmbad, Sauna, kosmetische Behandlungen wie Peelings, Reinigungen usw. tragen zur schnellen Freisetzung des Pigments bei).<\/li>\n<\/ul>\n\n<h3 class=\"wp-block-heading\">PM ist nicht f\u00fcr:<\/h3>\n\n<ul class=\"wp-block-list\">\n<li>Insulinabh\u00e4ngiger Diabetes mellitus<\/li>\n\n\n\n<li>Krankheiten, die mit einer deutlichen Verringerung der Blutgerinnung einhergehen<\/li>\n\n\n\n<li>Schwere somatische Krankheiten<\/li>\n\n\n\n<li>Akute entz\u00fcndliche Erkrankungen<\/li>\n\n\n\n<li>Psychiatrische St\u00f6rungen<\/li>\n\n\n\n<li>Epilepsie<\/li>\n\n\n\n<li>Hepatitis, HIV, AIDS<\/li>\n\n\n\n<li>Schwangerschaft<\/li>\n\n\n\n<li>Laktationsperiode<\/li>\n<\/ul>\n\n<h3 class=\"wp-block-heading\">Nachsorge:<\/h3>\n\n<h4 class=\"wp-block-heading\">Damit Permanent Make-up l\u00e4nger h\u00e4lt, sind eine sorgf\u00e4ltige Pflege und regelm\u00e4\u00dfige Farbkorrekturen unerl\u00e4sslich:<\/h4>\n\n<ul class=\"wp-block-list\">\n<li>Selbstentfernung oder Kratzen sowie jede mechanische Besch\u00e4digung der nach dem Eingriff gebildeten Krusten kann zum Verschwinden des Pigments f\u00fchren;<\/li>\n\n\n\n<li>Benutzen Sie vierzehn Tage lang keine Sonnenbank, kein Spa, kein Schwimmbad und keine Sauna;<\/li>\n\n\n\n<li>W\u00e4hrend der Heilungsphase sollte kein Make-up verwendet werden.<\/li>\n\n\n\n<li>Um das Pigment lange Zeit in der Sonne zu erhalten, sollte ein Sonnenschutzmittel verwendet werden;<\/li>\n\n\n\n<li>W\u00e4hrend der ersten Zeit der Permanent-Make-up-Behandlung ist es sinnvoll, ein von der Kosmetikerin verschriebenes antivirales Medikament einzunehmen;<\/li>\n\n\n\n<li>F\u00fcr die Pflege der behandelten Hautpartien m\u00fcssen Sie Produkte verwenden, die Ihnen Ihre Kosmetikerin empfiehlt;<\/li>\n\n\n\n<li>Es sollte eine Korrektur der Pigmentierung vorgenommen werden, die vom individuellen Hauttyp abh\u00e4ngt. In den meisten F\u00e4llen erfolgt die erste Korrektur nach einem Monat und die n\u00e4chste nach einem Jahr.<\/li>\n\n\n\n<li>Um eine Verf\u00e4rbung des Pigments bei der ersten Behandlung zu vermeiden, sollten Sie Produkte mit Wasserstoffperoxid und Alkohol vermeiden.<\/li>\n<\/ul>\n\n<h3 class=\"wp-block-heading\">Alles, was Sie \u00fcber <a href=\"https:\/\/medclinics.com\/de\/nicht-chirurgische-operationen\/\" target=\"_blank\" rel=\"noreferrer noopener\">nicht-chirurgische Operationen<\/a> wissen m\u00fcssen, einschlie\u00dflich Preis und mehr, oder <a href=\"#requestform\">kontaktieren Sie uns<\/a>!<\/h3>\n\n<h2 class=\"wp-block-heading\">FAQ <\/h2>\n<div id=\"rank-math-faq\" class=\"rank-math-block\">\n<div class=\"rank-math-list \">\n<div id=\"faq-question-1685004925144\" class=\"rank-math-list-item\">\n<h3 class=\"rank-math-question \">Wie wird Permanent Make-up gemacht?<\/h3>\n<div class=\"rank-math-answer \">\n\n<p>Permanent Make-up, auch bekannt als kosmetische T\u00e4towierung oder Mikropigmentierung, ist ein Verfahren, bei dem Pigmente aufgetragen werden, um das Aussehen von herk\u00f6mmlichem Make-up zu verbessern oder nachzubilden. Der Prozess beginnt mit einem Beratungsgespr\u00e4ch, in dem der Kunde und ein erfahrener Permanent-Make-up-K\u00fcnstler das gew\u00fcnschte Ergebnis und Design besprechen. Um die Beschwerden w\u00e4hrend des Eingriffs zu lindern, kann eine Bet\u00e4ubungscreme aufgetragen werden. Mit Hilfe eines Handger\u00e4ts mit sterilen Nadeln bringt der K\u00fcnstler vorsichtig Pigmente in die Haut ein, um die gew\u00fcnschte Farbe und den gew\u00fcnschten Effekt zu erzielen. Es werden Anweisungen f\u00fcr die Nachbehandlung gegeben, einschlie\u00dflich der richtigen Reinigung und der Anwendung von Heilsalbe. Zur Verfeinerung von Farbe und Form k\u00f6nnen Nachbesserungen erforderlich sein. Es ist wichtig, einen seri\u00f6sen K\u00fcnstler zu w\u00e4hlen, der strenge Hygienepraktiken einh\u00e4lt. Permanentes Make-up ist zwar langlebig, kann aber im Laufe der Zeit verblassen, so dass Pflegesitzungen erforderlich sind, um das gew\u00fcnschte Aussehen zu erhalten.<\/p>\n\n<\/div>\n<\/div>\n<div id=\"faq-question-1685005140519\" class=\"rank-math-list-item\">\n<h3 class=\"rank-math-question \">Ist Permanent Make-up sicher?<\/h3>\n<div class=\"rank-math-answer \">\n\n<p>Ja, Permanent Make-up gilt im Allgemeinen als sicher, wenn es von einer geschulten und erfahrenen Fachkraft in einer sterilen und kontrollierten Umgebung durchgef\u00fchrt wird. Wie bei jedem kosmetischen Eingriff gibt es jedoch auch hier Risiken. Es ist wichtig, einen seri\u00f6sen und qualifizierten K\u00fcnstler zu w\u00e4hlen, der strenge Hygienepraktiken befolgt, hochwertige Pigmente verwendet und sich an die Sicherheitsprotokolle h\u00e4lt.<\/p>\n\n<\/div>\n<\/div>\n<div id=\"faq-question-1685005208738\" class=\"rank-math-list-item\">\n<h3 class=\"rank-math-question \">Ist Permanent Make-up schmerzhaft?<\/h3>\n<div class=\"rank-math-answer \">\n\n<p>Das Schmerzempfinden bei einem Permanent-Make-up-Verfahren kann von Person zu Person unterschiedlich sein. Die meisten Patienten berichten \u00fcber minimale bis m\u00e4\u00dfige Beschwerden, die durch die Anwendung bet\u00e4ubender Cremes oder \u00f6rtlicher An\u00e4sthetika gelindert werden k\u00f6nnen. Das Verfahren ist im Allgemeinen gut vertr\u00e4glich, aber die individuelle Schmerztoleranz kann variieren.<\/p>\n\n<\/div>\n<\/div>\n<div id=\"faq-question-1685005210371\" class=\"rank-math-list-item\">\n<h3 class=\"rank-math-question \">Lohnt sich Permanent Make-up?<\/h3>\n<div class=\"rank-math-answer \">\n\n<p>Der Wert von Permanent Make-up ist eine subjektive Entscheidung, die von individuellen Vorlieben und Umst\u00e4nden abh\u00e4ngt. F\u00fcr diejenigen, die Bequemlichkeit und Zeitersparnis suchen, kann Permanent Make-up wertvoll sein, da es die Notwendigkeit des t\u00e4glichen Auftragens von Make-up \u00fcberfl\u00fcssig macht. Die Langlebigkeit von Permanent Make-up ist auch f\u00fcr Personen interessant, die sich ein gleichm\u00e4\u00dfiges Aussehen w\u00fcnschen, ohne sich mit h\u00e4ufigen Auffrischungen herumschlagen zu m\u00fcssen. Das gew\u00fcnschte Aussehen und die spezifischen Merkmale, die man hervorheben oder definieren m\u00f6chte, k\u00f6nnen ebenfalls den wahrgenommenen Wert von Permanent Make-up beeinflussen. Es ist jedoch wichtig, die Kosten, den Aufwand und die m\u00f6glichen Risiken des Verfahrens zu ber\u00fccksichtigen. Sicherheit und Vertrauen in die F\u00e4higkeiten des ausgew\u00e4hlten K\u00fcnstlers sind entscheidende Faktoren, um ein positives Erlebnis zu gew\u00e4hrleisten. Letztendlich kann die Abw\u00e4gung der Vor- und Nachteile zusammen mit pers\u00f6nlichen Erw\u00e4gungen dazu beitragen, zu entscheiden, ob sich Permanent Make-up im Einzelfall lohnt.<\/p>\n\n<\/div>\n<\/div>\n<div id=\"faq-question-1685008030170\" class=\"rank-math-list-item\">\n<h3 class=\"rank-math-question \">Wie pflege ich mein Permanent Make-up?<\/h3>\n<div class=\"rank-math-answer \">\n\n<p>Bis zur vollst\u00e4ndigen Abheilung schmieren Sie den Permanent-Make-up-Bereich 2-3 Mal t\u00e4glich mit den von Ihrer Kosmetikerin empfohlenen Produkten ein. Verwenden Sie ein Wattest\u00e4bchen, leicht und sparsam. Vermeiden Sie B\u00e4der, Saunas, Schwimmb\u00e4der, Solarien und den Kontakt mit hei\u00dfen Getr\u00e4nken. Setzen Sie sich nicht der Sonne aus. Wenn das Permanent Make-up verkrustet ist, sollten Sie es nicht nass machen, reiben, kratzen oder Kosmetika verwenden.<\/p>\n\n<\/div>\n<\/div>\n<div id=\"faq-question-1685008031042\" class=\"rank-math-list-item\">\n<h3 class=\"rank-math-question \">Was ist Permanent Make-up?<\/h3>\n<div class=\"rank-math-answer \">\n\n<p>Es ist fast dasselbe wie eine T\u00e4towierung, nur etwas oberfl\u00e4chlicher. Es handelt sich um das Einbringen eines nat\u00fcrlich vorkommenden Pigments in die oberen Hautschichten mit Hilfe einer kleinen Nadel und einer speziellen maschinellen oder manuellen Methode im Gesichtsbereich, um Permanent Make-up, Form und Farbe im Augen-, Augenbrauen- oder Lippenbereich zu erzeugen.<\/p>\n\n<\/div>\n<\/div>\n<div id=\"faq-question-1685008091743\" class=\"rank-math-list-item\">\n<h3 class=\"rank-math-question \">Tut es weh, eine PM zu bekommen?<\/h3>\n<div class=\"rank-math-answer \">\n\n<p>Vor dem Eingriff wird der pigmentierte Bereich mit einem Lokalan\u00e4sthetikum bet\u00e4ubt. Moderne Formulierungen f\u00fcr die topische Anwendung sind schnell und wirksam bei der Beseitigung der Schmerzen.<\/p>\n\n<\/div>\n<\/div>\n<div id=\"faq-question-1685008121226\" class=\"rank-math-list-item\">\n<h3 class=\"rank-math-question \">Wer kann sich nicht dauerhaft schminken lassen?<\/h3>\n<div class=\"rank-math-answer \">\n\n<p>Personen, die an Diabetes, mittelschweren oder schweren Herz-Kreislauf-Erkrankungen, Epilepsie, Asthma bronchiale, Herpes, Verschlimmerung von Hautkrankheiten an der Pigmentierungsstelle, Blutkrankheiten, Neigung zur Bildung von Keloidnarben, allergischen Reaktionen auf Bet\u00e4ubungsmittel oder Permanent-Make-up-Farben leiden. PM wird nicht empfohlen bei Schwangerschaft, Menstruation, Viruserkrankungen, Verschlimmerung chronischer Krankheiten, vegetativer Dystonie und anderen Gef\u00e4\u00dferkrankungen.<\/p>\n\n<\/div>\n<\/div>\n<div id=\"faq-question-1685008155376\" class=\"rank-math-list-item\">\n<h3 class=\"rank-math-question \">Was ist der Unterschied zwischen Permanent Make-up und T\u00e4towierung?<\/h3>\n<div class=\"rank-math-answer \">\n\n<p>Die Methode der Farbstoffeinbringung beim Permanent Make-up unterscheidet sich von der Methode des T\u00e4towierens durch eine oberfl\u00e4chlichere Einbringung des Farbstoffs in die Haut, auf der Ebene der Epidermis. Die Ausr\u00fcstung f\u00fcr das Permanent Make-up ist komplexer und wurde f\u00fcr eine empfindlichere und sensiblere Arbeit entwickelt. Farbstoffe f\u00fcr Permanent Make-up unterscheiden sich in Zusammensetzung, Konsistenz und Gr\u00f6\u00dfe der Farbpartikel von T\u00e4towierfarben, wodurch sie sich leichter und schneller von der Haut entfernen lassen.  <\/p>\n\n<\/div>\n<\/div>\n<div id=\"faq-question-1685008194999\" class=\"rank-math-list-item\">\n<h3 class=\"rank-math-question \">Wie lange h\u00e4lt das Permanent Make-up?<\/h3>\n<div class=\"rank-math-answer \">\n\n<p>Die Wirkung von Permanent Make-up h\u00e4lt im Allgemeinen zwischen einem und f\u00fcnf Jahren an. Dieser Zeitunterschied h\u00e4ngt von vielen Faktoren ab. Es kann vom Hauttyp und -zustand abh\u00e4ngen, von der Geschwindigkeit des Stoffwechsels im K\u00f6rper, von hellen Farbt\u00f6nen, die schneller verschwinden, von der Intensit\u00e4t der Blutzirkulation, von der Dauer des Permanent Make-ups an verschiedenen Stellen. Es wird empfohlen, nach einem Jahr einen Termin bei der Kosmetikerin zu vereinbaren, und um das Permanent Make-up in perfektem Zustand zu halten, wird es alle ein bis zwei Jahre nachgearbeitet.<\/p>\n\n<\/div>\n<\/div>\n<div id=\"faq-question-1685008219442\" class=\"rank-math-list-item\">\n<h3 class=\"rank-math-question \">Wie schnell heilt PM?<\/h3>\n<div class=\"rank-math-answer \">\n\n<p>Die Heilung nach einem Permanent Make-up ist individuell und dauert drei bis acht Tage. Nach dem Eingriff kann es zu einer vor\u00fcbergehenden Schwellung kommen, die am Tag des Eingriffs nach 2-3 Stunden abklingt und am n\u00e4chsten Tag morgens auftritt und innerhalb weniger Stunden wieder verschwindet. Die Schwellung wird durch eine kalte, trockene Kompresse gelindert, die 5-7 Minuten lang auf die behandelte Stelle gelegt wird.<\/p>\n\n<\/div>\n<\/div>\n<div id=\"faq-question-1685008245334\" class=\"rank-math-list-item\">\n<h3 class=\"rank-math-question \">Wann kann ich Make-up nach der PM verwenden?<\/h3>\n<div class=\"rank-math-answer \">\n\n<p>Es wird nicht empfohlen, an den Stellen, an denen Permanent Make-up aufgetragen wurde, Make-up zu verwenden, bis es vollst\u00e4ndig abgeheilt ist (bis sich die Krusten vollst\u00e4ndig abgel\u00f6st haben). Nach der Abheilung k\u00f6nnen Sie wie gewohnt Make-up auftragen.<\/p>\n\n<\/div>\n<\/div>\n<div id=\"faq-question-1685008275591\" class=\"rank-math-list-item\">\n<h3 class=\"rank-math-question \">Kann ich am Tag des Permanent Make-up-Verfahrens Sport treiben und schwimmen gehen?<\/h3>\n<div class=\"rank-math-answer \">\n\n<p>Am Tag des Eingriffs und in den Tagen danach, wenn der Heilungsprozess noch nicht abgeschlossen ist, sollten Sie keinen Sport treiben. Vermeiden Sie Schwimmb\u00e4der, Saunen und Dampfb\u00e4der f\u00fcr mindestens einen Monat.<\/p>\n\n<\/div>\n<\/div>\n<div id=\"faq-question-1685008346236\" class=\"rank-math-list-item\">\n<h3 class=\"rank-math-question \">Wann ist die beste Jahreszeit f\u00fcr Permanent Make-up?<\/h3>\n<div class=\"rank-math-answer \">\n\n<p>Permanent Make-up kann zu jeder Jahreszeit sicher durchgef\u00fchrt werden.<\/p>\n\n<\/div>\n<\/div>\n<div id=\"faq-question-1685008377808\" class=\"rank-math-list-item\">\n<h3 class=\"rank-math-question \">Wie hoch ist das Risiko einer Infektion w\u00e4hrend des Permanent-Make-up-Verfahrens?<\/h3>\n<div class=\"rank-math-answer \">\n\n<p>In allen Phasen des Verfahrens h\u00e4lt sich der Meister an alle sanit\u00e4ren und hygienischen Anforderungen. F\u00fcr das Verfahren werden ausschlie\u00dflich sterile Einwegnadeln (Einwegmodule) verwendet, die im Beisein des Klienten ge\u00f6ffnet werden.<\/p>\n\n<\/div>\n<\/div>\n<div id=\"faq-question-1685008417812\" class=\"rank-math-list-item\">\n<h3 class=\"rank-math-question \">Warum wird Permanent Make-up w\u00e4hrend der Schwangerschaft und Stillzeit nicht empfohlen?<\/h3>\n<div class=\"rank-math-answer \">\n\n<p>Es ist besser, den Eingriff zu verschieben, da Frauen w\u00e4hrend der Schwangerschaft und Stillzeit einen erh\u00f6hten Prolaktinspiegel haben, so dass es unm\u00f6glich ist, die Farbstabilisierung und den Restpigmentgehalt der Haut vorherzusagen!<\/p>\n\n<\/div>\n<\/div>\n<div id=\"faq-question-1685008467767\" class=\"rank-math-list-item\">\n<h3 class=\"rank-math-question \">Wie wirkt sich das permanente Augenbrauen-Make-up auf das Haarwachstum aus?<\/h3>\n<div class=\"rank-math-answer \">\n\n<p>Permanent Make-up hat keinen Einfluss auf das Wachstum der Haarfollikel. Das Pigment wird in die obere Schicht des Epithels injiziert, und die Haare wachsen viel tiefer, so dass kein Trauma entsteht. Im Gegensatz dazu wachsen bei der dauerhaften T\u00e4towierung endlich wieder Haare nach, die zuvor ausgerissen oder rasiert wurden.<\/p>\n\n<\/div>\n<\/div>\n<div id=\"faq-question-1685008570291\" class=\"rank-math-list-item\">\n<h3 class=\"rank-math-question \">Muss ich vor dem permanenten Lippen-Make-up etwas einnehmen?<\/h3>\n<div class=\"rank-math-answer \">\n\n<p>Vor dem permanenten Lippen-Make-up ist es obligatorisch, 3-5 Tage lang Medikamente gegen Herpes einzunehmen. Zur Vorbeugung ist es ratsam, sie noch 5-7 Tage nach dem Eingriff einzunehmen.<\/p>\n\n<\/div>\n<\/div>\n<div id=\"faq-question-1685008632342\" class=\"rank-math-list-item\">\n<h3 class=\"rank-math-question \">Kann ich direkt nach der Laserentfernung eines alten PMs ein Permanent Make-up machen lassen?<\/h3>\n<div class=\"rank-math-answer \">\n\n<p>Permanent Make-up kann nach der Laserentfernung fr\u00fchestens nach 1-1,5 Monaten aufgetragen werden. W\u00e4hrend dieser Zeit wird das Pigment aus der Haut entfernt und die Haut ist bereit f\u00fcr eine neue Mikropigmentierung.<\/p>\n\n<\/div>\n<\/div>\n<div id=\"faq-question-1685008666677\" class=\"rank-math-list-item\">\n<h3 class=\"rank-math-question \">Muss ich mein Permanent Make-up korrigieren lassen?<\/h3>\n<div class=\"rank-math-answer \">\n\n<p>Eine Permanent-Make-up-Korrektur ist immer notwendig. Es handelt sich um ein Verfahren, das notwendig ist, um die Form, die Farbe und den Farbton festzulegen. Nach der Korrektur sieht das Permanent Make-up vollst\u00e4ndig aus.<\/p>\n\n<\/div>\n<\/div>\n<div id=\"faq-question-1685008695720\" class=\"rank-math-list-item\">\n<h3 class=\"rank-math-question \">Wie lange dauert es, bis das Permanent Make-up vollst\u00e4ndig aussieht?<\/h3>\n<div class=\"rank-math-answer \">\n\n<p>Drei Wochen nach dem Eingriff ist das endg\u00fcltige Ergebnis des Permanent Make-ups sichtbar.<\/p>\n\n<\/div>\n<\/div>\n<div id=\"faq-question-1685008727424\" class=\"rank-math-list-item\">\n<h3 class=\"rank-math-question \">Kann ich eine neue permanente Augenbrauent\u00e4towierung \u00fcber die alte bekommen?<\/h3>\n<div class=\"rank-math-answer \">\n\n<p>Das ist m\u00f6glich, es wird durch \u00dcberlappung erreicht. Wenn Sie mit der Farbe der alten T\u00e4towierung unzufrieden sind, muss diese zun\u00e4chst mit dem Laser entfernt werden.<\/p>\n\n<\/div>\n<\/div>\n<\/div>\n<\/div>\n<p><\/p>\n\n<h3 class=\"wp-block-heading\">Kontaktieren Sie uns jetzt, falls Sie Fragen haben!<\/h3>\n","protected":false},"excerpt":{"rendered":"<p>Permanent Make-up ist ein Verfahren, bei dem ein Pigment, ein spezieller Farbstoff auf Mineralbasis, der eigens f\u00fcr Permanent Make-up entwickelt [&hellip;]<\/p>\n","protected":false},"author":4,"featured_media":92713,"parent":0,"menu_order":0,"comment_status":"closed","ping_status":"closed","template":"","meta":{"site-sidebar-layout":"default","site-content-layout":"","ast-site-content-layout":"default","site-content-style":"default","site-sidebar-style":"default","ast-global-header-display":"","ast-banner-title-visibility":"","ast-main-header-display":"","ast-hfb-above-header-display":"","ast-hfb-below-header-display":"","ast-hfb-mobile-header-display":"","site-post-title":"","ast-breadcrumbs-content":"","ast-featured-img":"","footer-sml-layout":"","ast-disable-related-posts":"","theme-transparent-header-meta":"","adv-header-id-meta":"","stick-header-meta":"","header-above-stick-meta":"","header-main-stick-meta":"","header-below-stick-meta":"","astra-migrate-meta-layouts":"default","ast-page-background-enabled":"default","ast-page-background-meta":{"desktop":{"background-color":"var(--ast-global-color-4)","background-image":"","background-repeat":"repeat","background-position":"center center","background-size":"auto","background-attachment":"scroll","background-type":"","background-media":"","overlay-type":"","overlay-color":"","overlay-opacity":"","overlay-gradient":""},"tablet":{"background-color":"","background-image":"","background-repeat":"repeat","background-position":"center center","background-size":"auto","background-attachment":"scroll","background-type":"","background-media":"","overlay-type":"","overlay-color":"","overlay-opacity":"","overlay-gradient":""},"mobile":{"background-color":"","background-image":"","background-repeat":"repeat","background-position":"center center","background-size":"auto","background-attachment":"scroll","background-type":"","background-media":"","overlay-type":"","overlay-color":"","overlay-opacity":"","overlay-gradient":""}},"ast-content-background-meta":{"desktop":{"background-color":"var(--ast-global-color-5)","background-image":"","background-repeat":"repeat","background-position":"center center","background-size":"auto","background-attachment":"scroll","background-type":"","background-media":"","overlay-type":"","overlay-color":"","overlay-opacity":"","overlay-gradient":""},"tablet":{"background-color":"var(--ast-global-color-5)","background-image":"","background-repeat":"repeat","background-position":"center center","background-size":"auto","background-attachment":"scroll","background-type":"","background-media":"","overlay-type":"","overlay-color":"","overlay-opacity":"","overlay-gradient":""},"mobile":{"background-color":"var(--ast-global-color-5)","background-image":"","background-repeat":"repeat","background-position":"center center","background-size":"auto","background-attachment":"scroll","background-type":"","background-media":"","overlay-type":"","overlay-color":"","overlay-opacity":"","overlay-gradient":""}},"footnotes":""},"class_list":["post-146727","page","type-page","status-publish","has-post-thumbnail","hentry"],"_links":{"self":[{"href":"https:\/\/medclinics.com\/de\/wp-json\/wp\/v2\/pages\/146727","targetHints":{"allow":["GET"]}}],"collection":[{"href":"https:\/\/medclinics.com\/de\/wp-json\/wp\/v2\/pages"}],"about":[{"href":"https:\/\/medclinics.com\/de\/wp-json\/wp\/v2\/types\/page"}],"author":[{"embeddable":true,"href":"https:\/\/medclinics.com\/de\/wp-json\/wp\/v2\/users\/4"}],"replies":[{"embeddable":true,"href":"https:\/\/medclinics.com\/de\/wp-json\/wp\/v2\/comments?post=146727"}],"version-history":[{"count":0,"href":"https:\/\/medclinics.com\/de\/wp-json\/wp\/v2\/pages\/146727\/revisions"}],"wp:featuredmedia":[{"embeddable":true,"href":"https:\/\/medclinics.com\/de\/wp-json\/wp\/v2\/media\/92713"}],"wp:attachment":[{"href":"https:\/\/medclinics.com\/de\/wp-json\/wp\/v2\/media?parent=146727"}],"curies":[{"name":"wp","href":"https:\/\/api.w.org\/{rel}","templated":true}]}}