{"id":146701,"date":"2023-05-23T08:24:33","date_gmt":"2023-05-23T05:24:33","guid":{"rendered":"https:\/\/medclinics.com\/stammzelltherapie-in-der-kosmetik\/"},"modified":"2025-01-03T01:46:45","modified_gmt":"2025-01-02T22:46:45","slug":"stammzelltherapie-in-der-kosmetik","status":"publish","type":"page","link":"https:\/\/medclinics.com\/de\/stammzelltherapie-in-der-kosmetik\/","title":{"rendered":"Stammzelltherapie in der Kosmetik"},"content":{"rendered":"\n<h2 class=\"wp-block-heading\">Wenn Sie auf der Suche nach den grenzenlosen M\u00f6glichkeiten der Stammzelltherapie in der Kosmetik sind, sind Sie hier genau richtig.<\/h2>\n\n<p>Die Stammzellentherapie in der Kosmetik bietet eine bemerkenswerte L\u00f6sung zur Verbesserung von Feuchtigkeit, Spannkraft und Elastizit\u00e4t der Haut. Durch die Nutzung der regenerativen Eigenschaften von Stammzellen kann diese hochmoderne Therapie alternde oder gesch\u00e4digte Haut revitalisieren, ihr Feuchtigkeit zuf\u00fchren und einen geschmeidigen und strahlenden Teint f\u00f6rdern.  <\/p>\n\n<p>Dar\u00fcber hinaus stimulieren die <a href=\"https:\/\/en.wikipedia.org\/wiki\/Stem_cell\" target=\"_blank\" rel=\"noreferrer noopener\">Stammzellen<\/a> die Kollagen- und Elastinproduktion, verbessern den Hautton und die Festigkeit der Haut und sorgen so f\u00fcr ein jugendlicheres und elastischeres Aussehen. Die Stammzelltherapie in der Kosmetik ebnet den Weg f\u00fcr transformative Fortschritte, denn es gibt noch ungenutzte Potenziale, die es zu erforschen gilt.<\/p>\n\n<p>Da die Forscher weiterhin alle Vorteile aufdecken, sind die M\u00f6glichkeiten der Stammzelltherapie in der Kosmetik grenzenlos. Freuen Sie sich auf diesen unglaublichen Durchbruch und vergessen Sie nicht, unsere Experten f\u00fcr die kommenden au\u00dfergew\u00f6hnlichen Entwicklungen zu konsultieren!<\/p>\n\n<h3 class=\"wp-block-heading\">Alles, was Sie \u00fcber die <a href=\"https:\/\/medclinics.com\/de\/stem-cell-therapy-2\/\" target=\"_blank\" rel=\"noreferrer noopener\">Stammzelltherapie<\/a> wissen m\u00fcssen, finden Sie hier, <a href=\"#requestform\">kontaktieren Sie uns<\/a> jetzt!<\/h3>\n\n<figure class=\"wp-block-image size-full\"><img fetchpriority=\"high\" decoding=\"async\" width=\"960\" height=\"540\" src=\"https:\/\/medclinics.com\/wp-content\/uploads\/2023\/07\/stem-cell-therapy-in-cosmetics-near-me.jpg\" alt=\"Stammzellentherapie in der Kosmetikbranche in meiner N&#xE4;he\" class=\"wp-image-97414\" srcset=\"https:\/\/medclinics.com\/wp-content\/uploads\/2023\/07\/stem-cell-therapy-in-cosmetics-near-me.jpg 960w, https:\/\/medclinics.com\/wp-content\/uploads\/2023\/07\/stem-cell-therapy-in-cosmetics-near-me-500x281.jpg 500w, https:\/\/medclinics.com\/wp-content\/uploads\/2023\/07\/stem-cell-therapy-in-cosmetics-near-me-768x432.jpg 768w, https:\/\/medclinics.com\/wp-content\/uploads\/2023\/07\/stem-cell-therapy-in-cosmetics-near-me-24x14.jpg 24w, https:\/\/medclinics.com\/wp-content\/uploads\/2023\/07\/stem-cell-therapy-in-cosmetics-near-me-36x20.jpg 36w, https:\/\/medclinics.com\/wp-content\/uploads\/2023\/07\/stem-cell-therapy-in-cosmetics-near-me-48x27.jpg 48w\" sizes=\"(max-width: 960px) 100vw, 960px\" \/><\/figure>\n\n<h2 class=\"wp-block-heading\">FAQ <\/h2>\n<div id=\"rank-math-faq\" class=\"rank-math-block\">\n<div class=\"rank-math-list \">\n<div id=\"faq-question-1685002520472\" class=\"rank-math-list-item\">\n<h3 class=\"rank-math-question \">Werden Stammzellen in Kosmetika verwendet?<\/h3>\n<div class=\"rank-math-answer \">\n\n<p>Ja, Stammzellen werden tats\u00e4chlich in Kosmetika verwendet. Die Stammzelltechnologie hat aufgrund ihrer potenziellen regenerativen Eigenschaften in der Kosmetikindustrie an Aufmerksamkeit gewonnen. Pflanzliche Stammzellen, die aus Quellen wie \u00c4pfeln, Trauben oder Edelwei\u00df gewonnen werden, werden h\u00e4ufig in Hautpflegeprodukten verwendet. Es wird angenommen, dass diese Stammzellen antioxidative Eigenschaften besitzen und die F\u00e4higkeit haben, die Haut vor Umweltsch\u00e4den zu sch\u00fctzen und zu reparieren. Durch die Aufnahme von Stammzellen in kosmetische Formulierungen wollen die Hersteller die Kollagenproduktion anregen, das Erscheinungsbild von feinen Linien und Falten reduzieren und die allgemeine Textur und den Ton der Haut verbessern.<\/p>\n\n<\/div>\n<\/div>\n<div id=\"faq-question-1685002653278\" class=\"rank-math-list-item\">\n<h3 class=\"rank-math-question \">Sind Stammzellen f\u00fcr die Hautpflege sicher?<\/h3>\n<div class=\"rank-math-answer \">\n\n<p>Die Sicherheit der Verwendung von Stammzellen in der Hautpflege wird derzeit noch untersucht. Stammzellen auf pflanzlicher Basis, die in Hautpflegeprodukten verwendet werden, gelten im Allgemeinen als sicher, aber die Sicherheit anderer Arten von Stammzellen, wie z. B. von Menschen stammende Stammzellen, wird noch untersucht. Die Aufsichtsbeh\u00f6rden \u00fcberwachen die Angaben der Kosmetikhersteller, und es ist wichtig, nach Produkten zu suchen, die Sicherheitstests unterzogen wurden und den Richtlinien entsprechen.  <\/p>\n\n<\/div>\n<\/div>\n<\/div>\n<\/div>\n<p><\/p>\n\n<h3 class=\"wp-block-heading\">Kontaktieren Sie uns jetzt, falls Sie Fragen haben!<\/h3>\n","protected":false},"excerpt":{"rendered":"<p>Wenn Sie auf der Suche nach den grenzenlosen M\u00f6glichkeiten der Stammzelltherapie in der Kosmetik sind, sind Sie hier genau richtig. [&hellip;]<\/p>\n","protected":false},"author":4,"featured_media":91967,"parent":0,"menu_order":0,"comment_status":"closed","ping_status":"closed","template":"","meta":{"site-sidebar-layout":"default","site-content-layout":"","ast-site-content-layout":"default","site-content-style":"default","site-sidebar-style":"default","ast-global-header-display":"","ast-banner-title-visibility":"","ast-main-header-display":"","ast-hfb-above-header-display":"","ast-hfb-below-header-display":"","ast-hfb-mobile-header-display":"","site-post-title":"","ast-breadcrumbs-content":"","ast-featured-img":"","footer-sml-layout":"","ast-disable-related-posts":"","theme-transparent-header-meta":"","adv-header-id-meta":"","stick-header-meta":"","header-above-stick-meta":"","header-main-stick-meta":"","header-below-stick-meta":"","astra-migrate-meta-layouts":"default","ast-page-background-enabled":"default","ast-page-background-meta":{"desktop":{"background-color":"var(--ast-global-color-4)","background-image":"","background-repeat":"repeat","background-position":"center center","background-size":"auto","background-attachment":"scroll","background-type":"","background-media":"","overlay-type":"","overlay-color":"","overlay-opacity":"","overlay-gradient":""},"tablet":{"background-color":"","background-image":"","background-repeat":"repeat","background-position":"center center","background-size":"auto","background-attachment":"scroll","background-type":"","background-media":"","overlay-type":"","overlay-color":"","overlay-opacity":"","overlay-gradient":""},"mobile":{"background-color":"","background-image":"","background-repeat":"repeat","background-position":"center center","background-size":"auto","background-attachment":"scroll","background-type":"","background-media":"","overlay-type":"","overlay-color":"","overlay-opacity":"","overlay-gradient":""}},"ast-content-background-meta":{"desktop":{"background-color":"var(--ast-global-color-5)","background-image":"","background-repeat":"repeat","background-position":"center center","background-size":"auto","background-attachment":"scroll","background-type":"","background-media":"","overlay-type":"","overlay-color":"","overlay-opacity":"","overlay-gradient":""},"tablet":{"background-color":"var(--ast-global-color-5)","background-image":"","background-repeat":"repeat","background-position":"center center","background-size":"auto","background-attachment":"scroll","background-type":"","background-media":"","overlay-type":"","overlay-color":"","overlay-opacity":"","overlay-gradient":""},"mobile":{"background-color":"var(--ast-global-color-5)","background-image":"","background-repeat":"repeat","background-position":"center center","background-size":"auto","background-attachment":"scroll","background-type":"","background-media":"","overlay-type":"","overlay-color":"","overlay-opacity":"","overlay-gradient":""}},"footnotes":""},"class_list":["post-146701","page","type-page","status-publish","has-post-thumbnail","hentry"],"_links":{"self":[{"href":"https:\/\/medclinics.com\/de\/wp-json\/wp\/v2\/pages\/146701","targetHints":{"allow":["GET"]}}],"collection":[{"href":"https:\/\/medclinics.com\/de\/wp-json\/wp\/v2\/pages"}],"about":[{"href":"https:\/\/medclinics.com\/de\/wp-json\/wp\/v2\/types\/page"}],"author":[{"embeddable":true,"href":"https:\/\/medclinics.com\/de\/wp-json\/wp\/v2\/users\/4"}],"replies":[{"embeddable":true,"href":"https:\/\/medclinics.com\/de\/wp-json\/wp\/v2\/comments?post=146701"}],"version-history":[{"count":0,"href":"https:\/\/medclinics.com\/de\/wp-json\/wp\/v2\/pages\/146701\/revisions"}],"wp:featuredmedia":[{"embeddable":true,"href":"https:\/\/medclinics.com\/de\/wp-json\/wp\/v2\/media\/91967"}],"wp:attachment":[{"href":"https:\/\/medclinics.com\/de\/wp-json\/wp\/v2\/media?parent=146701"}],"curies":[{"name":"wp","href":"https:\/\/api.w.org\/{rel}","templated":true}]}}