{"id":146689,"date":"2023-05-23T07:38:19","date_gmt":"2023-05-23T04:38:19","guid":{"rendered":"https:\/\/medclinics.com\/intratubaler-gametentransfer-gift\/"},"modified":"2025-01-02T16:25:35","modified_gmt":"2025-01-02T13:25:35","slug":"intratubaler-gametentransfer-gift","status":"publish","type":"page","link":"https:\/\/medclinics.com\/de\/intratubaler-gametentransfer-gift\/","title":{"rendered":"Intratubaler Gametentransfer (GIFT)"},"content":{"rendered":"\n<h2 class=\"wp-block-heading\">Lesen Sie weiter, um alles zu erfahren, was Sie \u00fcber GIFT wissen m\u00fcssen.<\/h2>\n\n<p>GIFT ist die Abk\u00fcrzung f\u00fcr intratubalen Gametentransfer. Dies ist eine Mischung aus Insemination und <a href=\"https:\/\/en.wikipedia.org\/wiki\/In_vitro_fertilisation\" target=\"_blank\" rel=\"noreferrer noopener\">In-vitro-Fertilisation.<\/a><\/p>\n\n<p>Diese Methode wird h\u00e4ufig angewandt, wenn die Ursache der Unfruchtbarkeit nicht festgestellt werden kann. Diese Methode eignet sich auch, wenn sich geb\u00e4rmutterschleimhaut\u00e4hnliches Gewebe au\u00dferhalb der Geb\u00e4rmutter angesiedelt hat.<\/p>\n\n<p>Auch hier wird der Eisprung der Frau mit Hilfe von Hormonen ausgel\u00f6st.<br\/>Spermien werden vom m\u00e4nnlichen Partner entnommen.<br\/>Anschlie\u00dfend werden Spermien und Eizellen getrennt in den Eileiter \u00fcbertragen.<br\/>Die eigentliche Befruchtung der Eizellen findet in den Eileitern statt. Das Ei wandert dann auf nat\u00fcrliche Weise in die Geb\u00e4rmutter und nistet sich dort ein.<\/p>\n\n<p><strong>Die Erfolgsquote liegt bei etwa 20 %.<\/strong><\/p>\n\n<h3 class=\"wp-block-heading\">Alles, was Sie \u00fcber die <a href=\"https:\/\/medclinics.com\/de\/ivf-2\/\" target=\"_blank\" rel=\"noreferrer noopener\">In-vitro-Fertilisation<\/a> wissen m\u00fcssen, einschlie\u00dflich Nachsorge und Heilungsprozess, oder <a href=\"#requestform\">kontaktieren Sie uns<\/a>!<\/h3>\n\n<figure class=\"wp-block-image size-full\"><img fetchpriority=\"high\" decoding=\"async\" width=\"960\" height=\"540\" src=\"https:\/\/medclinics.com\/wp-content\/uploads\/2023\/07\/intratubal-gamete-transfer-near-me.jpg\" alt=\"Intratubaler Gameten-Transfer (GIFT) in meiner N&#xE4;he Istanbul\" class=\"wp-image-97432\" srcset=\"https:\/\/medclinics.com\/wp-content\/uploads\/2023\/07\/intratubal-gamete-transfer-near-me.jpg 960w, https:\/\/medclinics.com\/wp-content\/uploads\/2023\/07\/intratubal-gamete-transfer-near-me-500x281.jpg 500w, https:\/\/medclinics.com\/wp-content\/uploads\/2023\/07\/intratubal-gamete-transfer-near-me-768x432.jpg 768w, https:\/\/medclinics.com\/wp-content\/uploads\/2023\/07\/intratubal-gamete-transfer-near-me-24x14.jpg 24w, https:\/\/medclinics.com\/wp-content\/uploads\/2023\/07\/intratubal-gamete-transfer-near-me-36x20.jpg 36w, https:\/\/medclinics.com\/wp-content\/uploads\/2023\/07\/intratubal-gamete-transfer-near-me-48x27.jpg 48w\" sizes=\"(max-width: 960px) 100vw, 960px\" \/><\/figure>\n\n<h2 class=\"wp-block-heading\">FAQ<\/h2>\n<div id=\"rank-math-faq\" class=\"rank-math-block\">\n<div class=\"rank-math-list \">\n<div id=\"faq-question-1684999618844\" class=\"rank-math-list-item\">\n<h3 class=\"rank-math-question \">Was ist ein Gametentransfer?<\/h3>\n<div class=\"rank-math-answer \">\n\n<p>Der Gametentransfer bezeichnet die \u00dcbertragung von Ei- oder Samenzellen von einer Person auf eine andere zu Fortpflanzungszwecken. Es wird h\u00e4ufig im Rahmen der assistierten Reproduktionstechnologien eingesetzt, um die Befruchtung und Schwangerschaft zu erleichtern. Beim Eizellentransfer werden die Eizellen in die Geb\u00e4rmutter einer anderen Frau \u00fcbertragen, w\u00e4hrend beim Spermientransfer die Spermien zum Zweck der Befruchtung oder der assistierten Reproduktion auf einen Empf\u00e4nger \u00fcbertragen werden. Diese Techniken bieten Optionen f\u00fcr Einzelpersonen und Paare, die mit Unfruchtbarkeit oder Reproduktionsproblemen konfrontiert sind.<\/p>\n\n<\/div>\n<\/div>\n<div id=\"faq-question-1684999620877\" class=\"rank-math-list-item\">\n<h3 class=\"rank-math-question \">Was ist der intra-fallopische Gametentransfer (GIFT)?<\/h3>\n<div class=\"rank-math-answer \">\n\n<p>Der intrafallopische Gametentransfer ist eine Fruchtbarkeitsbehandlung, bei der sowohl Eizellen als auch Spermien in die Eileiter \u00fcbertragen werden, so dass die Befruchtung auf nat\u00fcrliche Weise im K\u00f6rper der Frau stattfinden kann. Sie ist eine Alternative zur In-vitro-Fertilisation (IVF), bei der die Befruchtung au\u00dferhalb des K\u00f6rpers in einer Laborumgebung stattfindet.<\/p>\n\n<\/div>\n<\/div>\n<div id=\"faq-question-1684999746357\" class=\"rank-math-list-item\">\n<h3 class=\"rank-math-question \">Was ist GIFT im Vergleich zu IVF?<\/h3>\n<div class=\"rank-math-answer \">\n\n<p>GIFT und IVF sind beides Fruchtbarkeitsbehandlungen, die sich jedoch darin unterscheiden, wie und wo die Befruchtung stattfindet. Bei der GIFT werden Ei- und Samenzellen in einer Laborschale zusammengebracht und dann in die Eileiter der Frau \u00fcbertragen, so dass die Befruchtung auf nat\u00fcrliche Weise im K\u00f6rper stattfinden kann. Bei der IVF hingegen werden die Eizellen im Labor mit Spermien befruchtet und die daraus entstehenden Embryonen kultiviert, bevor sie in die Geb\u00e4rmutter der Frau \u00fcbertragen werden. Die GIFT eignet sich f\u00fcr Paare mit normaler Spermienfunktion und durchg\u00e4ngigen Eileitern, w\u00e4hrend die IVF eine vielseitigere Option f\u00fcr verschiedene Fruchtbarkeitsprobleme ist, darunter blockierte Eileiter, niedrige Spermienzahl oder fortgeschrittenes m\u00fctterliches Alter. Die Entscheidung zwischen GIFT und IVF h\u00e4ngt von den individuellen Umst\u00e4nden und den Empfehlungen eines Fruchtbarkeitsspezialisten ab.<\/p>\n\n<\/div>\n<\/div>\n<\/div>\n<\/div>\n<p>\u00a0<\/p>\n\n<h3 class=\"wp-block-heading\">Kontaktieren Sie uns jetzt, falls Sie Fragen haben!<\/h3>\n","protected":false},"excerpt":{"rendered":"<p>Lesen Sie weiter, um alles zu erfahren, was Sie \u00fcber GIFT wissen m\u00fcssen. GIFT ist die Abk\u00fcrzung f\u00fcr intratubalen Gametentransfer. [&hellip;]<\/p>\n","protected":false},"author":4,"featured_media":91627,"parent":0,"menu_order":0,"comment_status":"closed","ping_status":"closed","template":"","meta":{"site-sidebar-layout":"default","site-content-layout":"","ast-site-content-layout":"default","site-content-style":"default","site-sidebar-style":"default","ast-global-header-display":"","ast-banner-title-visibility":"","ast-main-header-display":"","ast-hfb-above-header-display":"","ast-hfb-below-header-display":"","ast-hfb-mobile-header-display":"","site-post-title":"","ast-breadcrumbs-content":"","ast-featured-img":"","footer-sml-layout":"","ast-disable-related-posts":"","theme-transparent-header-meta":"","adv-header-id-meta":"","stick-header-meta":"","header-above-stick-meta":"","header-main-stick-meta":"","header-below-stick-meta":"","astra-migrate-meta-layouts":"default","ast-page-background-enabled":"default","ast-page-background-meta":{"desktop":{"background-color":"var(--ast-global-color-4)","background-image":"","background-repeat":"repeat","background-position":"center center","background-size":"auto","background-attachment":"scroll","background-type":"","background-media":"","overlay-type":"","overlay-color":"","overlay-opacity":"","overlay-gradient":""},"tablet":{"background-color":"","background-image":"","background-repeat":"repeat","background-position":"center center","background-size":"auto","background-attachment":"scroll","background-type":"","background-media":"","overlay-type":"","overlay-color":"","overlay-opacity":"","overlay-gradient":""},"mobile":{"background-color":"","background-image":"","background-repeat":"repeat","background-position":"center center","background-size":"auto","background-attachment":"scroll","background-type":"","background-media":"","overlay-type":"","overlay-color":"","overlay-opacity":"","overlay-gradient":""}},"ast-content-background-meta":{"desktop":{"background-color":"var(--ast-global-color-5)","background-image":"","background-repeat":"repeat","background-position":"center center","background-size":"auto","background-attachment":"scroll","background-type":"","background-media":"","overlay-type":"","overlay-color":"","overlay-opacity":"","overlay-gradient":""},"tablet":{"background-color":"var(--ast-global-color-5)","background-image":"","background-repeat":"repeat","background-position":"center center","background-size":"auto","background-attachment":"scroll","background-type":"","background-media":"","overlay-type":"","overlay-color":"","overlay-opacity":"","overlay-gradient":""},"mobile":{"background-color":"var(--ast-global-color-5)","background-image":"","background-repeat":"repeat","background-position":"center center","background-size":"auto","background-attachment":"scroll","background-type":"","background-media":"","overlay-type":"","overlay-color":"","overlay-opacity":"","overlay-gradient":""}},"footnotes":""},"class_list":["post-146689","page","type-page","status-publish","has-post-thumbnail","hentry"],"_links":{"self":[{"href":"https:\/\/medclinics.com\/de\/wp-json\/wp\/v2\/pages\/146689","targetHints":{"allow":["GET"]}}],"collection":[{"href":"https:\/\/medclinics.com\/de\/wp-json\/wp\/v2\/pages"}],"about":[{"href":"https:\/\/medclinics.com\/de\/wp-json\/wp\/v2\/types\/page"}],"author":[{"embeddable":true,"href":"https:\/\/medclinics.com\/de\/wp-json\/wp\/v2\/users\/4"}],"replies":[{"embeddable":true,"href":"https:\/\/medclinics.com\/de\/wp-json\/wp\/v2\/comments?post=146689"}],"version-history":[{"count":0,"href":"https:\/\/medclinics.com\/de\/wp-json\/wp\/v2\/pages\/146689\/revisions"}],"wp:featuredmedia":[{"embeddable":true,"href":"https:\/\/medclinics.com\/de\/wp-json\/wp\/v2\/media\/91627"}],"wp:attachment":[{"href":"https:\/\/medclinics.com\/de\/wp-json\/wp\/v2\/media?parent=146689"}],"curies":[{"name":"wp","href":"https:\/\/api.w.org\/{rel}","templated":true}]}}