{"id":146677,"date":"2023-05-21T07:19:26","date_gmt":"2023-05-21T04:19:26","guid":{"rendered":"https:\/\/medclinics.com\/intrazytoplasmatische-spermieninjektion-icsi\/"},"modified":"2025-01-02T16:25:35","modified_gmt":"2025-01-02T13:25:35","slug":"intrazytoplasmatische-spermieninjektion-icsi","status":"publish","type":"page","link":"https:\/\/medclinics.com\/de\/intrazytoplasmatische-spermieninjektion-icsi\/","title":{"rendered":"Intrazytoplasmatische Spermieninjektion (ICSI)"},"content":{"rendered":"\n<h2 class=\"wp-block-heading\">Alles \u00fcber die Intrazytoplasmatische Spermieninjektion finden Sie hier.<\/h2>\n\n<p>Diese Methode gilt als eine Variante der IVF. Ei- und Samenzellen werden von beiden Partnern entnommen, und die Befruchtung findet unter Laborbedingungen in einem Reagenzglas statt.<\/p>\n\n<p>Der einzige Unterschied ist die Methode der Befruchtung der Eizelle.<\/p>\n\n<p>In diesem Fall wird die Frau ebenfalls mit der gleichen Hormontherapie auf die Behandlung vorbereitet.<br\/>Die Spermien des Partners werden entweder aus dem Ejakulat oder chirurgisch aus den Hoden oder Nebenhoden gewonnen.<\/p>\n\n<p>Eine Samenzelle wird dann unter Laborbedingungen direkt in die Eizelle der Frau injiziert.<\/p>\n\n<p><a href=\"https:\/\/en.wikipedia.org\/wiki\/In_vitro_fertilisation\" target=\"_blank\" rel=\"noopener\">Nach 16 bis 20<\/a> Stunden kann man sehen, ob eine Befruchtung stattgefunden hat.<\/p>\n\n<p>Diese Methode wird vor allem dann angewandt, wenn der Mann zu wenige Samenzellen im Ejakulat hat oder diese nicht mobil genug sind. Die Befruchtung kann auch mit dieser Methode durchgef\u00fchrt werden, wenn die Eileiter erkrankt sind.<\/p>\n\n<p><strong>Die Erfolgsquote von ICSI liegt bei etwa 25 %.<\/strong><\/p>\n\n<h3 class=\"wp-block-heading\">Alles, was Sie \u00fcber die <a href=\"https:\/\/medclinics.com\/ivf-in-vitro-fertilisation-2\/\" target=\"_blank\" rel=\"noreferrer noopener\">In-vitro-Fertilisation<\/a> wissen m\u00fcssen, einschlie\u00dflich Preis, Nachsorge und Heilungsprozess, oder <a href=\"#requestform\">kontaktieren Sie uns<\/a>!<\/h3>\n\n<figure class=\"wp-block-image size-full\"><img fetchpriority=\"high\" decoding=\"async\" width=\"960\" height=\"540\" src=\"https:\/\/medclinics.com\/wp-content\/uploads\/2023\/07\/intracytoplasmic-sperm-injection-icsi-near-me-in-istanbul.jpg\" alt=\"Intrazytoplasmatische Spermieninjektion (ICSI) Istanbul T&#xFC;rkei\" class=\"wp-image-97472\" srcset=\"https:\/\/medclinics.com\/wp-content\/uploads\/2023\/07\/intracytoplasmic-sperm-injection-icsi-near-me-in-istanbul.jpg 960w, https:\/\/medclinics.com\/wp-content\/uploads\/2023\/07\/intracytoplasmic-sperm-injection-icsi-near-me-in-istanbul-500x281.jpg 500w, https:\/\/medclinics.com\/wp-content\/uploads\/2023\/07\/intracytoplasmic-sperm-injection-icsi-near-me-in-istanbul-768x432.jpg 768w, https:\/\/medclinics.com\/wp-content\/uploads\/2023\/07\/intracytoplasmic-sperm-injection-icsi-near-me-in-istanbul-24x14.jpg 24w, https:\/\/medclinics.com\/wp-content\/uploads\/2023\/07\/intracytoplasmic-sperm-injection-icsi-near-me-in-istanbul-36x20.jpg 36w, https:\/\/medclinics.com\/wp-content\/uploads\/2023\/07\/intracytoplasmic-sperm-injection-icsi-near-me-in-istanbul-48x27.jpg 48w\" sizes=\"(max-width: 960px) 100vw, 960px\" \/><\/figure>\n\n<h2 class=\"wp-block-heading\">FAQ<\/h2>\n<div id=\"rank-math-faq\" class=\"rank-math-block\">\n<div class=\"rank-math-list \">\n<div id=\"faq-question-1684998543223\" class=\"rank-math-list-item\">\n<h3 class=\"rank-math-question \">Was ist eine ICSI-Schwangerschaft?<\/h3>\n<div class=\"rank-math-answer \">\n\n<p>Unter einer ICSI-Schwangerschaft versteht man eine Schwangerschaft, die durch das Verfahren der intrazytoplasmatischen Spermieninjektion entsteht. Es wird h\u00e4ufig bei der assistierten Reproduktion eingesetzt, insbesondere bei schwerer m\u00e4nnlicher Unfruchtbarkeit. W\u00e4hrend des Eingriffs wird ein einzelnes Spermium ausgew\u00e4hlt und direkt in die Eizelle injiziert, wodurch die Chancen auf eine erfolgreiche Befruchtung erh\u00f6ht werden.<\/p>\n\n<\/div>\n<\/div>\n<div id=\"faq-question-1684998539975\" class=\"rank-math-list-item\">\n<h3 class=\"rank-math-question \">Wie wird ICSI durchgef\u00fchrt?<\/h3>\n<div class=\"rank-math-answer \">\n\n<p>ICSI ist ein Verfahren, das neben der In-vitro-Fertilisation (IVF) zur Behandlung der m\u00e4nnlichen Unfruchtbarkeit eingesetzt wird. Zun\u00e4chst werden die Eizellen in einem minimalinvasiven Verfahren aus den Eierst\u00f6cken der Frau entnommen. In der Zwischenzeit gibt der m\u00e4nnliche Partner eine Samenprobe ab, die im Labor aufbereitet wird, um lebensf\u00e4hige Spermien zu erhalten. Bei dieser Methode wird ein einzelnes gesundes Spermium ausgew\u00e4hlt und mit einer feinen Nadel immobilisiert. Die Spermien werden dann direkt in das Zytoplasma der Eizelle injiziert, wobei alle Hindernisse f\u00fcr die Befruchtung umgangen werden. Nach der Injektion werden die Eizellen auf ihre Befruchtung hin \u00fcberwacht, und die entstandenen Embryonen werden einige Tage lang im Labor kultiviert. Schlie\u00dflich werden ein oder mehrere hochwertige Embryonen in die Geb\u00e4rmutter der Frau \u00fcbertragen. Sie ist besonders vorteilhaft bei schwerer m\u00e4nnlicher Unfruchtbarkeit, z. B. bei niedriger Spermienzahl oder schlechter Spermienqualit\u00e4t, da sie eine erfolgreiche Befruchtung mit minimalen Spermien erm\u00f6glicht.<\/p>\n\n<\/div>\n<\/div>\n<div id=\"faq-question-1684998682015\" class=\"rank-math-list-item\">\n<h3 class=\"rank-math-question \">Ist ICSI erfolgreicher als IVF?<\/h3>\n<div class=\"rank-math-answer \">\n\n<p>Der Erfolg h\u00e4ngt von verschiedenen Faktoren ab, unter anderem von der Ursache der Unfruchtbarkeit und der allgemeinen reproduktiven Gesundheit des Paares. W\u00e4hrend ICSI bei schwerer m\u00e4nnlicher Unfruchtbarkeit sehr effektiv sein kann, sind die Erfolgsraten von IVF und ICSI im Allgemeinen vergleichbar, wenn die reproduktive Gesundheit der Partnerin normal ist.<\/p>\n\n<\/div>\n<\/div>\n<\/div>\n<\/div>\n<p>\u00a0<\/p>\n\n<h3 class=\"wp-block-heading\">Kontaktieren Sie uns jetzt, falls Sie Fragen haben!<\/h3>\n","protected":false},"excerpt":{"rendered":"<p>Alles \u00fcber die Intrazytoplasmatische Spermieninjektion finden Sie hier. Diese Methode gilt als eine Variante der IVF. Ei- und Samenzellen werden [&hellip;]<\/p>\n","protected":false},"author":4,"featured_media":91612,"parent":0,"menu_order":0,"comment_status":"closed","ping_status":"closed","template":"","meta":{"site-sidebar-layout":"default","site-content-layout":"","ast-site-content-layout":"default","site-content-style":"default","site-sidebar-style":"default","ast-global-header-display":"","ast-banner-title-visibility":"","ast-main-header-display":"","ast-hfb-above-header-display":"","ast-hfb-below-header-display":"","ast-hfb-mobile-header-display":"","site-post-title":"","ast-breadcrumbs-content":"","ast-featured-img":"","footer-sml-layout":"","ast-disable-related-posts":"","theme-transparent-header-meta":"","adv-header-id-meta":"","stick-header-meta":"","header-above-stick-meta":"","header-main-stick-meta":"","header-below-stick-meta":"","astra-migrate-meta-layouts":"default","ast-page-background-enabled":"default","ast-page-background-meta":{"desktop":{"background-color":"var(--ast-global-color-4)","background-image":"","background-repeat":"repeat","background-position":"center center","background-size":"auto","background-attachment":"scroll","background-type":"","background-media":"","overlay-type":"","overlay-color":"","overlay-opacity":"","overlay-gradient":""},"tablet":{"background-color":"","background-image":"","background-repeat":"repeat","background-position":"center center","background-size":"auto","background-attachment":"scroll","background-type":"","background-media":"","overlay-type":"","overlay-color":"","overlay-opacity":"","overlay-gradient":""},"mobile":{"background-color":"","background-image":"","background-repeat":"repeat","background-position":"center center","background-size":"auto","background-attachment":"scroll","background-type":"","background-media":"","overlay-type":"","overlay-color":"","overlay-opacity":"","overlay-gradient":""}},"ast-content-background-meta":{"desktop":{"background-color":"var(--ast-global-color-5)","background-image":"","background-repeat":"repeat","background-position":"center center","background-size":"auto","background-attachment":"scroll","background-type":"","background-media":"","overlay-type":"","overlay-color":"","overlay-opacity":"","overlay-gradient":""},"tablet":{"background-color":"var(--ast-global-color-5)","background-image":"","background-repeat":"repeat","background-position":"center center","background-size":"auto","background-attachment":"scroll","background-type":"","background-media":"","overlay-type":"","overlay-color":"","overlay-opacity":"","overlay-gradient":""},"mobile":{"background-color":"var(--ast-global-color-5)","background-image":"","background-repeat":"repeat","background-position":"center center","background-size":"auto","background-attachment":"scroll","background-type":"","background-media":"","overlay-type":"","overlay-color":"","overlay-opacity":"","overlay-gradient":""}},"footnotes":""},"class_list":["post-146677","page","type-page","status-publish","has-post-thumbnail","hentry"],"_links":{"self":[{"href":"https:\/\/medclinics.com\/de\/wp-json\/wp\/v2\/pages\/146677","targetHints":{"allow":["GET"]}}],"collection":[{"href":"https:\/\/medclinics.com\/de\/wp-json\/wp\/v2\/pages"}],"about":[{"href":"https:\/\/medclinics.com\/de\/wp-json\/wp\/v2\/types\/page"}],"author":[{"embeddable":true,"href":"https:\/\/medclinics.com\/de\/wp-json\/wp\/v2\/users\/4"}],"replies":[{"embeddable":true,"href":"https:\/\/medclinics.com\/de\/wp-json\/wp\/v2\/comments?post=146677"}],"version-history":[{"count":0,"href":"https:\/\/medclinics.com\/de\/wp-json\/wp\/v2\/pages\/146677\/revisions"}],"wp:featuredmedia":[{"embeddable":true,"href":"https:\/\/medclinics.com\/de\/wp-json\/wp\/v2\/media\/91612"}],"wp:attachment":[{"href":"https:\/\/medclinics.com\/de\/wp-json\/wp\/v2\/media?parent=146677"}],"curies":[{"name":"wp","href":"https:\/\/api.w.org\/{rel}","templated":true}]}}