{"id":146663,"date":"2023-05-23T07:00:06","date_gmt":"2023-05-23T04:00:06","guid":{"rendered":"https:\/\/medclinics.com\/ivf-2\/"},"modified":"2025-01-02T16:25:41","modified_gmt":"2025-01-02T13:25:41","slug":"ivf-2","status":"publish","type":"page","link":"https:\/\/medclinics.com\/de\/ivf-2\/","title":{"rendered":"IVF"},"content":{"rendered":"\n<h2 class=\"wp-block-heading\">Die bekannteste und meist diskutierte Methode der k\u00fcnstlichen Befruchtung ist die so genannte IVF, die In-vitro-Fertilisation.<\/h2>\n\n<p>Hier findet die Befruchtung au\u00dferhalb des K\u00f6rpers im Labor in einem speziellen Reagenzglas statt.<\/p>\n\n<p>Zuvor muss sich die Frau einer Hormonbehandlung unterziehen, bei der der Eisprung zun\u00e4chst unterdr\u00fcckt und dann nach 14 Tagen wieder stimuliert wird. Damit soll die Reifung mehrerer Eizellen erreicht werden.<br\/>W\u00e4hrend dieser Zeit werden die Blutwerte sowie die Entwicklung der Eizellen regelm\u00e4\u00dfig per Ultraschall \u00fcberwacht.<\/p>\n\n<p>Der Eisprung wird durch die Gabe von Hormonen ausgel\u00f6st. Die Eizellen werden dann durch die Vagina der Frau entnommen. Dieser Eingriff wird ambulant durchgef\u00fchrt.<\/p>\n\n<p>Die Spermien des Partners werden zusammen mit den Eizellen in ein Reagenzglas mit N\u00e4hrl\u00f6sung gegeben. Es ist notwendig, etwa 16 bis 20 Stunden zu warten, um zu sehen, ob die <a href=\"https:\/\/de.wikipedia.org\/wiki\/In-vitro-Fertilisation\" target=\"_blank\" rel=\"noopener\">Befruchtung<\/a> erfolgreich war.<\/p>\n\n<p>Die befruchteten Embryonen werden 3 bis 5 Tage nach der Entnahme der Eizellen durch die Scheide in die Geb\u00e4rmutter \u00fcbertragen. Es ist gesetzlich geregelt, wie viele Embryonen gleichzeitig \u00fcbertragen werden k\u00f6nnen.<\/p>\n\n<p>Wenn sich der Embryo in der Geb\u00e4rmutter einnistet, ist die Frau schwanger. Dies kann 14 Tage nach dem Embryotransfer durch Messung des Schwangerschaftshormons HCG im Blut festgestellt werden.<\/p>\n\n<p>Nach einem Monat wird eine Ultraschalluntersuchung durchgef\u00fchrt. Damit wird \u00fcberpr\u00fcft, ob der Embryo lebt und ob es sich um eine Einzel- oder Mehrlingsschwangerschaft handelt.<\/p>\n\n<p><strong>Die Erfolgsquote der IVF-Behandlung liegt bei 30-40 %.<\/strong><\/p>\n\n<h3 class=\"wp-block-heading\">Alles, was Sie \u00fcber <a href=\"https:\/\/medclinics.com\/ivf-in-vitro-fertilisation-2\/\" target=\"_blank\" rel=\"noreferrer noopener\">In-vitro-Fertilisation<\/a> wissen m\u00fcssen, finden Sie hier, <a href=\"#requestform\">kontaktieren Sie uns<\/a> jetzt!<\/h3>\n\n<figure class=\"wp-block-image size-full\"><img fetchpriority=\"high\" decoding=\"async\" width=\"960\" height=\"540\" src=\"https:\/\/medclinics.com\/wp-content\/uploads\/2023\/07\/ivf-in-vitro-fertilisation-near-me-in-istanbul-1.jpg\" alt=\"In Vitro Fertilisation \/ IVF in meiner N&#xE4;he Istanbul T&#xFC;rkei\" class=\"wp-image-97480\" srcset=\"https:\/\/medclinics.com\/wp-content\/uploads\/2023\/07\/ivf-in-vitro-fertilisation-near-me-in-istanbul-1.jpg 960w, https:\/\/medclinics.com\/wp-content\/uploads\/2023\/07\/ivf-in-vitro-fertilisation-near-me-in-istanbul-1-500x281.jpg 500w, https:\/\/medclinics.com\/wp-content\/uploads\/2023\/07\/ivf-in-vitro-fertilisation-near-me-in-istanbul-1-768x432.jpg 768w, https:\/\/medclinics.com\/wp-content\/uploads\/2023\/07\/ivf-in-vitro-fertilisation-near-me-in-istanbul-1-24x14.jpg 24w, https:\/\/medclinics.com\/wp-content\/uploads\/2023\/07\/ivf-in-vitro-fertilisation-near-me-in-istanbul-1-36x20.jpg 36w, https:\/\/medclinics.com\/wp-content\/uploads\/2023\/07\/ivf-in-vitro-fertilisation-near-me-in-istanbul-1-48x27.jpg 48w\" sizes=\"(max-width: 960px) 100vw, 960px\" \/><\/figure>\n\n<h2 class=\"wp-block-heading\">FAQ<\/h2>\n<div id=\"rank-math-faq\" class=\"rank-math-block\">\n<div class=\"rank-math-list \">\n<div id=\"faq-question-1684996659059\" class=\"rank-math-list-item\">\n<h3 class=\"rank-math-question \">Wird ivf funktionieren?<\/h3>\n<div class=\"rank-math-answer \">\n\n<p>Der Erfolg einer In-vitro-Fertilisation kann von verschiedenen Faktoren abh\u00e4ngen, darunter das Alter der Frau, die Qualit\u00e4t der Eizellen und Spermien, die Ursache der Unfruchtbarkeit und die Erfahrung des Kinderwunschzentrums. Auch wenn es vielen Paaren hilft, schwanger zu werden, ist es wichtig, daran zu denken, dass es keine Garantie f\u00fcr den Erfolg ist. Die durchschnittliche Erfolgsquote der IVF variiert stark und wird von Faktoren wie dem Alter der Frau und der Anzahl der vorangegangenen IVF-Zyklen beeinflusst. J\u00fcngere Frauen haben im Allgemeinen h\u00f6here Erfolgsquoten als \u00e4ltere Frauen, da die Qualit\u00e4t ihrer Eizellen in der Regel besser ist. Die Fortschritte in der Reproduktionstechnologie und -technik haben die Erfolgsquoten im Laufe der Jahre erh\u00f6ht. Es ist jedoch sehr wichtig zu verstehen, dass der Erfolg nicht garantiert ist und mehrere Versuche f\u00fcr ein erfolgreiches Ergebnis notwendig sein k\u00f6nnen.<\/p>\n\n<\/div>\n<\/div>\n<div id=\"faq-question-1684997161248\" class=\"rank-math-list-item\">\n<h3 class=\"rank-math-question \">Ist ivf sicher?<\/h3>\n<div class=\"rank-math-answer \">\n\n<p>Im Allgemeinen gilt die In-vitro-Fertilisation (IVF) als ein sicheres und gut etabliertes medizinisches Verfahren. Wie bei jedem medizinischen Eingriff gibt es jedoch potenzielle Risiken und \u00dcberlegungen, die beachtet werden m\u00fcssen. Es ist wichtig, einen qualifizierten Fertilit\u00e4tsspezialisten zu konsultieren, um sich \u00fcber die potenziellen Risiken und Vorteile in Abh\u00e4ngigkeit von Ihren individuellen Umst\u00e4nden zu informieren.<\/p>\n\n<\/div>\n<\/div>\n<div id=\"faq-question-1684997648315\" class=\"rank-math-list-item\">\n<h3 class=\"rank-math-question \">Wer ist nicht f\u00fcr eine IVF geeignet?<\/h3>\n<div class=\"rank-math-answer \">\n\n<p>Die IVF ist nicht f\u00fcr jeden geeignet, da bestimmte Faktoren oder Bedingungen die Wirksamkeit beeintr\u00e4chtigen oder zus\u00e4tzliche Risiken mit sich bringen k\u00f6nnen. Ein fortgeschrittenes Alter, in der Regel \u00fcber 40, kann die Erfolgsquote aufgrund einer geringeren Eierstockreserve und schlechter Eizellqualit\u00e4t verringern. Schwere Funktionsst\u00f6rungen der Eierst\u00f6cke oder sehr niedrige Eizellreserven k\u00f6nnen eine IVF unm\u00f6glich machen und die Untersuchung von Spendereiern erforderlich machen. In schweren F\u00e4llen von Unfruchtbarkeit durch den m\u00e4nnlichen Faktor k\u00f6nnen zus\u00e4tzliche Techniken wie ICSI oder Spermienentnahmeverfahren erforderlich sein. Strukturelle Anomalien in der Geb\u00e4rmutter, wie gro\u00dfe Myome oder Fehlbildungen, k\u00f6nnen den Erfolg einer IVF beeintr\u00e4chtigen und erfordern m\u00f6glicherweise eine chirurgische Korrektur. Bestimmte Krankheiten wie unkontrollierte Diabetes, schwere Herz- oder Nierenerkrankungen oder aktiver Krebs k\u00f6nnen eine IVF ungeeignet oder riskant machen. Unbehandelte Fortpflanzungsst\u00f6rungen wie Endometriose oder entz\u00fcndliche Beckenerkrankungen sollten behandelt werden, bevor eine IVF in Betracht gezogen wird.<\/p>\n\n<\/div>\n<\/div>\n<\/div>\n<\/div>\n<p>\u00a0<\/p>\n\n<h3 class=\"wp-block-heading\">Kontaktieren Sie uns jetzt, falls Sie Fragen haben!<\/h3>\n","protected":false},"excerpt":{"rendered":"<p>Die bekannteste und meist diskutierte Methode der k\u00fcnstlichen Befruchtung ist die so genannte IVF, die In-vitro-Fertilisation. Hier findet die Befruchtung [&hellip;]<\/p>\n","protected":false},"author":4,"featured_media":91656,"parent":0,"menu_order":0,"comment_status":"closed","ping_status":"closed","template":"","meta":{"site-sidebar-layout":"default","site-content-layout":"","ast-site-content-layout":"default","site-content-style":"default","site-sidebar-style":"default","ast-global-header-display":"","ast-banner-title-visibility":"","ast-main-header-display":"","ast-hfb-above-header-display":"","ast-hfb-below-header-display":"","ast-hfb-mobile-header-display":"","site-post-title":"","ast-breadcrumbs-content":"","ast-featured-img":"","footer-sml-layout":"","ast-disable-related-posts":"","theme-transparent-header-meta":"","adv-header-id-meta":"","stick-header-meta":"","header-above-stick-meta":"","header-main-stick-meta":"","header-below-stick-meta":"","astra-migrate-meta-layouts":"default","ast-page-background-enabled":"default","ast-page-background-meta":{"desktop":{"background-color":"var(--ast-global-color-4)","background-image":"","background-repeat":"repeat","background-position":"center center","background-size":"auto","background-attachment":"scroll","background-type":"","background-media":"","overlay-type":"","overlay-color":"","overlay-opacity":"","overlay-gradient":""},"tablet":{"background-color":"","background-image":"","background-repeat":"repeat","background-position":"center center","background-size":"auto","background-attachment":"scroll","background-type":"","background-media":"","overlay-type":"","overlay-color":"","overlay-opacity":"","overlay-gradient":""},"mobile":{"background-color":"","background-image":"","background-repeat":"repeat","background-position":"center center","background-size":"auto","background-attachment":"scroll","background-type":"","background-media":"","overlay-type":"","overlay-color":"","overlay-opacity":"","overlay-gradient":""}},"ast-content-background-meta":{"desktop":{"background-color":"var(--ast-global-color-5)","background-image":"","background-repeat":"repeat","background-position":"center center","background-size":"auto","background-attachment":"scroll","background-type":"","background-media":"","overlay-type":"","overlay-color":"","overlay-opacity":"","overlay-gradient":""},"tablet":{"background-color":"var(--ast-global-color-5)","background-image":"","background-repeat":"repeat","background-position":"center center","background-size":"auto","background-attachment":"scroll","background-type":"","background-media":"","overlay-type":"","overlay-color":"","overlay-opacity":"","overlay-gradient":""},"mobile":{"background-color":"var(--ast-global-color-5)","background-image":"","background-repeat":"repeat","background-position":"center center","background-size":"auto","background-attachment":"scroll","background-type":"","background-media":"","overlay-type":"","overlay-color":"","overlay-opacity":"","overlay-gradient":""}},"footnotes":""},"class_list":["post-146663","page","type-page","status-publish","has-post-thumbnail","hentry"],"_links":{"self":[{"href":"https:\/\/medclinics.com\/de\/wp-json\/wp\/v2\/pages\/146663","targetHints":{"allow":["GET"]}}],"collection":[{"href":"https:\/\/medclinics.com\/de\/wp-json\/wp\/v2\/pages"}],"about":[{"href":"https:\/\/medclinics.com\/de\/wp-json\/wp\/v2\/types\/page"}],"author":[{"embeddable":true,"href":"https:\/\/medclinics.com\/de\/wp-json\/wp\/v2\/users\/4"}],"replies":[{"embeddable":true,"href":"https:\/\/medclinics.com\/de\/wp-json\/wp\/v2\/comments?post=146663"}],"version-history":[{"count":0,"href":"https:\/\/medclinics.com\/de\/wp-json\/wp\/v2\/pages\/146663\/revisions"}],"wp:featuredmedia":[{"embeddable":true,"href":"https:\/\/medclinics.com\/de\/wp-json\/wp\/v2\/media\/91656"}],"wp:attachment":[{"href":"https:\/\/medclinics.com\/de\/wp-json\/wp\/v2\/media?parent=146663"}],"curies":[{"name":"wp","href":"https:\/\/api.w.org\/{rel}","templated":true}]}}