{"id":146631,"date":"2023-05-24T13:42:41","date_gmt":"2023-05-24T13:42:41","guid":{"rendered":"https:\/\/medclinics.com\/narben-mesotherapie\/"},"modified":"2024-04-01T16:22:02","modified_gmt":"2024-04-01T13:22:02","slug":"narben-mesotherapie","status":"publish","type":"page","link":"https:\/\/medclinics.com\/de\/narben-mesotherapie\/","title":{"rendered":"Narben-Mesotherapie"},"content":{"rendered":"\n<h2 class=\"wp-block-heading\">M\u00f6chten Sie das Erscheinungsbild von Narben reduzieren? Die Narben-Mesotherapie k\u00f6nnte genau das Richtige f\u00fcr Sie sein!<\/h2>\n\n<p>Bei diesem innovativen kosmetischen Verfahren wird eine ma\u00dfgeschneiderte Mischung aus Vitaminen, Mineralien, Enzymen und anderen Substanzen in die Mesodermschicht Ihrer Haut injiziert. Durch die F\u00f6rderung der Kollagenproduktion und Zellregeneration bei gleichzeitiger Verbesserung der allgemeinen Hautgesundheit kann die <a href=\"https:\/\/en.wikipedia.org\/wiki\/Mesotherapy\" target=\"_blank\" rel=\"noreferrer noopener\">Narbenmesotherapie<\/a> dazu beitragen, das Aussehen selbst hartn\u00e4ckiger Narben zu verbessern.<\/p>\n\n<p>W\u00e4hrend der Behandlungssitzungen mit einem geschulten Mediziner oder Dermatologen, der feine Nadeln f\u00fcr Injektionen in mehreren Intervallen je nach den individuellen Bed\u00fcrfnissen verwendet &#8211; einschlie\u00dflich Hyalurons\u00e4ure, Peptiden, Wachstumsfaktoren, Vitaminen u.a. &#8211; haben die Patienten gro\u00dfartige Ergebnisse bei der Reduzierung ihrer Narbenbildung erzielt!<\/p>\n\n<p>Denken Sie daran, dass nicht alle Arten oder Schweregrade gleich gut ansprechen; es ist wichtig, dass Sie sich mit einem Experten beraten, der Ihre individuelle Situation beurteilt, bevor Sie entscheiden, ob diese Technik f\u00fcr Sie geeignet ist. Lassen Sie nicht zu, dass unsch\u00f6ne Flecken Ihr Selbstvertrauen beeintr\u00e4chtigen &#8211; probieren Sie die Narbenmesotherapie noch heute aus!<\/p>\n\n<h3 class=\"wp-block-heading\">Alles, was Sie \u00fcber <a href=\"https:\/\/medclinics.com\/de\/schonheit\/\" target=\"_blank\" rel=\"noreferrer noopener\">Sch\u00f6nheitsbehandlungen<\/a> wissen m\u00fcssen, einschlie\u00dflich Nachsorge, Heilungsprozess und mehr, finden Sie hier, <a href=\"#requestform\">kontaktieren Sie uns<\/a>!<\/h3>\n\n<h3 class=\"wp-block-heading\">FAQ<\/h3>\n<div id=\"rank-math-faq\" class=\"rank-math-block\">\n<div class=\"rank-math-list \">\n<div id=\"faq-question-1684935536581\" class=\"rank-math-list-item\">\n<h3 class=\"rank-math-question \">Ist die Mesotherapie f\u00fcr das Gesicht sicher?<\/h3>\n<div class=\"rank-math-answer \">\n\n<p>Die Mesotherapie f\u00fcr das Gesicht kann als sicher angesehen werden, wenn sie von einer qualifizierten und erfahrenen medizinischen Fachkraft durchgef\u00fchrt wird. Bei diesem Verfahren wird eine ma\u00dfgeschneiderte Mischung aus Vitaminen, Mineralien, Aminos\u00e4uren und anderen Substanzen in die Haut injiziert, um bestimmte Hautprobleme zu behandeln.<\/p>\n\n<\/div>\n<\/div>\n<div id=\"faq-question-1684935615740\" class=\"rank-math-list-item\">\n<h3 class=\"rank-math-question \">Was bewirkt die Mesotherapie im Gesicht?<\/h3>\n<div class=\"rank-math-answer \">\n\n<p>Die Mesotherapie f\u00fcr das Gesicht ist ein kosmetisches Verfahren, bei dem eine ma\u00dfgeschneiderte Mischung aus Vitaminen, Mineralien, Aminos\u00e4uren, Hyalurons\u00e4ure und anderen Substanzen in die Haut injiziert wird. Das Ziel der Mesotherapie ist es, verschiedene Hautprobleme zu behandeln und das allgemeine Erscheinungsbild des Gesichts zu verbessern.<\/p>\n\n<\/div>\n<\/div>\n<div id=\"faq-question-1684935616789\" class=\"rank-math-list-item\">\n<h3 class=\"rank-math-question \">Ist die Mesotherapie sicher?<\/h3>\n<div class=\"rank-math-answer \">\n\n<p>Wenn sie von einer qualifizierten und erfahrenen medizinischen Fachkraft durchgef\u00fchrt wird, gilt die Mesotherapie, auch Narbenmesotherapie, im Allgemeinen als sicher. Wie bei jedem medizinischen Verfahren gibt es jedoch potenzielle Risiken und Nebenwirkungen, \u00fcber die man sich im Klaren sein muss.<\/p>\n\n<\/div>\n<\/div>\n<\/div>\n<\/div>\n<p><\/p>\n\n<h3 class=\"wp-block-heading\">Kontaktieren Sie uns jetzt, falls Sie Fragen haben!<\/h3>\n","protected":false},"excerpt":{"rendered":"<p>M\u00f6chten Sie das Erscheinungsbild von Narben reduzieren? Die Narben-Mesotherapie k\u00f6nnte genau das Richtige f\u00fcr Sie sein! Bei diesem innovativen kosmetischen [&hellip;]<\/p>\n","protected":false},"author":4,"featured_media":93005,"parent":0,"menu_order":0,"comment_status":"closed","ping_status":"closed","template":"","meta":{"site-sidebar-layout":"default","site-content-layout":"","ast-site-content-layout":"default","site-content-style":"default","site-sidebar-style":"default","ast-global-header-display":"","ast-banner-title-visibility":"","ast-main-header-display":"","ast-hfb-above-header-display":"","ast-hfb-below-header-display":"","ast-hfb-mobile-header-display":"","site-post-title":"","ast-breadcrumbs-content":"","ast-featured-img":"","footer-sml-layout":"","ast-disable-related-posts":"","theme-transparent-header-meta":"","adv-header-id-meta":"","stick-header-meta":"","header-above-stick-meta":"","header-main-stick-meta":"","header-below-stick-meta":"","astra-migrate-meta-layouts":"default","ast-page-background-enabled":"default","ast-page-background-meta":{"desktop":{"background-color":"var(--ast-global-color-4)","background-image":"","background-repeat":"repeat","background-position":"center center","background-size":"auto","background-attachment":"scroll","background-type":"","background-media":"","overlay-type":"","overlay-color":"","overlay-opacity":"","overlay-gradient":""},"tablet":{"background-color":"","background-image":"","background-repeat":"repeat","background-position":"center center","background-size":"auto","background-attachment":"scroll","background-type":"","background-media":"","overlay-type":"","overlay-color":"","overlay-opacity":"","overlay-gradient":""},"mobile":{"background-color":"","background-image":"","background-repeat":"repeat","background-position":"center center","background-size":"auto","background-attachment":"scroll","background-type":"","background-media":"","overlay-type":"","overlay-color":"","overlay-opacity":"","overlay-gradient":""}},"ast-content-background-meta":{"desktop":{"background-color":"var(--ast-global-color-5)","background-image":"","background-repeat":"repeat","background-position":"center center","background-size":"auto","background-attachment":"scroll","background-type":"","background-media":"","overlay-type":"","overlay-color":"","overlay-opacity":"","overlay-gradient":""},"tablet":{"background-color":"var(--ast-global-color-5)","background-image":"","background-repeat":"repeat","background-position":"center center","background-size":"auto","background-attachment":"scroll","background-type":"","background-media":"","overlay-type":"","overlay-color":"","overlay-opacity":"","overlay-gradient":""},"mobile":{"background-color":"var(--ast-global-color-5)","background-image":"","background-repeat":"repeat","background-position":"center center","background-size":"auto","background-attachment":"scroll","background-type":"","background-media":"","overlay-type":"","overlay-color":"","overlay-opacity":"","overlay-gradient":""}},"footnotes":""},"class_list":["post-146631","page","type-page","status-publish","has-post-thumbnail","hentry"],"_links":{"self":[{"href":"https:\/\/medclinics.com\/de\/wp-json\/wp\/v2\/pages\/146631","targetHints":{"allow":["GET"]}}],"collection":[{"href":"https:\/\/medclinics.com\/de\/wp-json\/wp\/v2\/pages"}],"about":[{"href":"https:\/\/medclinics.com\/de\/wp-json\/wp\/v2\/types\/page"}],"author":[{"embeddable":true,"href":"https:\/\/medclinics.com\/de\/wp-json\/wp\/v2\/users\/4"}],"replies":[{"embeddable":true,"href":"https:\/\/medclinics.com\/de\/wp-json\/wp\/v2\/comments?post=146631"}],"version-history":[{"count":0,"href":"https:\/\/medclinics.com\/de\/wp-json\/wp\/v2\/pages\/146631\/revisions"}],"wp:featuredmedia":[{"embeddable":true,"href":"https:\/\/medclinics.com\/de\/wp-json\/wp\/v2\/media\/93005"}],"wp:attachment":[{"href":"https:\/\/medclinics.com\/de\/wp-json\/wp\/v2\/media?parent=146631"}],"curies":[{"name":"wp","href":"https:\/\/api.w.org\/{rel}","templated":true}]}}