{"id":146617,"date":"2023-05-24T13:33:21","date_gmt":"2023-05-24T10:33:21","guid":{"rendered":"https:\/\/medclinics.com\/plasma-behandlung\/"},"modified":"2024-04-01T16:03:41","modified_gmt":"2024-04-01T13:03:41","slug":"plasma-behandlung","status":"publish","type":"page","link":"https:\/\/medclinics.com\/de\/plasma-behandlung\/","title":{"rendered":"Plasma-Behandlung"},"content":{"rendered":"\n<h2 class=\"wp-block-heading\">Lassen Sie sich nicht l\u00e4nger von chronischen Schmerzen zur\u00fcckhalten. Testen Sie die Plasmabehandlung noch heute!<\/h2>\n\n<p>Sind Sie es leid, mit chronischen Schmerzen oder unsch\u00f6nen Hautkrankheiten zu k\u00e4mpfen? Die Plasmabehandlung ist ein revolution\u00e4res medizinisches Verfahren, bei dem k\u00f6rpereigene Blutpl\u00e4ttchen verwendet werden, um die Heilung und Geweberegeneration zu f\u00f6rdern.<\/p>\n\n<p>In einem einfachen Prozess, der Zentrifugation genannt wird, wird eine kleine Probe Ihres Blutes verarbeitet, um konzentrierte Blutpl\u00e4ttchen zusammen mit Plasma zu gewinnen. Diese wirkungsvolle Kombination wird dann in bestimmte Bereiche wie Gelenke, Sehnen, Muskeln oder auch zu kosmetischen Zwecken im Gesicht injiziert.<\/p>\n\n<p>Die Wachstumsfaktoren und Proteine in diesem <a href=\"https:\/\/en.wikipedia.org\/wiki\/Platelet-rich_plasma\" target=\"_blank\" rel=\"noreferrer noopener\">pl\u00e4ttchenreichen Plasma<\/a> tragen dazu bei, die Gewebereparatur zu stimulieren und gleichzeitig die Entz\u00fcndung zu verringern, was das Wachstum neuer Zellen f\u00f6rdert. Es wird in verschiedenen Bereichen eingesetzt, darunter in der Orthop\u00e4die und der Dermatologie, und hat sich bei der Behandlung von Arthrose, Sehnenentz\u00fcndungen und B\u00e4nderverletzungen ebenso bew\u00e4hrt wie bei Behandlungen zur Gesichtsverj\u00fcngung, zur Verbesserung von Falten und Narben sowie zur Haarwiederherstellung!<\/p>\n\n<h3 class=\"wp-block-heading\">Alles, was Sie \u00fcber <a href=\"https:\/\/medclinics.com\/de\/schonheit\/\" target=\"_blank\" rel=\"noreferrer noopener\">Sch\u00f6nheitsbehandlungen<\/a> wissen m\u00fcssen, einschlie\u00dflich Preis und mehr, <a href=\"#requestform\">erfahren Sie bei uns<\/a>!<\/h3>\n\n<h3 class=\"wp-block-heading\">FAQ<\/h3>\n<div id=\"rank-math-faq\" class=\"rank-math-block\">\n<div class=\"rank-math-list \">\n<div id=\"faq-question-1684934878835\" class=\"rank-math-list-item\">\n<h3 class=\"rank-math-question \">Hilft eine Plasmabehandlung beim Haarwachstum?<\/h3>\n<div class=\"rank-math-answer \">\n\n<p>Die Therapie mit pl\u00e4ttchenreichem Plasma (PRP) f\u00fcr das Haar hat vielversprechende Ergebnisse bei der F\u00f6rderung des Haarwachstums und der Verbesserung der Haardichte gezeigt. Dabei wird dem Patienten eine kleine Menge Blut entnommen, aufbereitet, um das pl\u00e4ttchenreiche Plasma abzutrennen, und dann das konzentrierte Plasma in die Kopfhaut injiziert.<\/p>\n\n<\/div>\n<\/div>\n<div id=\"faq-question-1684934871151\" class=\"rank-math-list-item\">\n<h3 class=\"rank-math-question \">Ist eine Plasmabehandlung gut f\u00fcr das Haar?<\/h3>\n<div class=\"rank-math-answer \">\n\n<p>Ja, eine Plasmabehandlung kann f\u00fcr das Haar von Vorteil sein.<\/p>\n\n<\/div>\n<\/div>\n<div id=\"faq-question-1684934961677\" class=\"rank-math-list-item\">\n<h3 class=\"rank-math-question \">Funktioniert die Plasmabehandlung?<\/h3>\n<div class=\"rank-math-answer \">\n\n<p>Ja, die Plasmabehandlung, insbesondere die Therapie mit pl\u00e4ttchenreichem Plasma (PRP), hat sich als wirksam erwiesen, um das Haarwachstum zu f\u00f6rdern und die Haardichte in bestimmten F\u00e4llen zu verbessern. Die individuellen Ergebnisse k\u00f6nnen jedoch variieren. Es wird empfohlen, eine qualifizierte medizinische Fachkraft zu konsultieren, um festzustellen, ob diese Therapie f\u00fcr Ihre speziellen Haarprobleme geeignet ist.<\/p>\n\n<\/div>\n<\/div>\n<div id=\"faq-question-1684935038005\" class=\"rank-math-list-item\">\n<h3 class=\"rank-math-question \">Lohnt sich PRP f\u00fcr das Haarwachstum?<\/h3>\n<div class=\"rank-math-answer \">\n\n<p>Der Wert der PRP-Therapie f\u00fcr das Haarwachstum h\u00e4ngt von individuellen Faktoren und Erwartungen ab. Es wird empfohlen, sich von einem auf Haarwiederherstellung spezialisierten Arzt beraten zu lassen, um festzustellen, ob diese Therapie f\u00fcr Ihre speziellen Bed\u00fcrfnisse geeignet ist.<\/p>\n\n<\/div>\n<\/div>\n<\/div>\n<\/div>\n<p><\/p>\n\n<h3 class=\"wp-block-heading\">Kontaktieren Sie uns jetzt, falls Sie Fragen haben!<\/h3>\n","protected":false},"excerpt":{"rendered":"<p>Lassen Sie sich nicht l\u00e4nger von chronischen Schmerzen zur\u00fcckhalten. Testen Sie die Plasmabehandlung noch heute! Sind Sie es leid, mit [&hellip;]<\/p>\n","protected":false},"author":4,"featured_media":52953,"parent":0,"menu_order":0,"comment_status":"closed","ping_status":"closed","template":"","meta":{"site-sidebar-layout":"default","site-content-layout":"","ast-site-content-layout":"default","site-content-style":"default","site-sidebar-style":"default","ast-global-header-display":"","ast-banner-title-visibility":"","ast-main-header-display":"","ast-hfb-above-header-display":"","ast-hfb-below-header-display":"","ast-hfb-mobile-header-display":"","site-post-title":"","ast-breadcrumbs-content":"","ast-featured-img":"","footer-sml-layout":"","ast-disable-related-posts":"","theme-transparent-header-meta":"","adv-header-id-meta":"","stick-header-meta":"","header-above-stick-meta":"","header-main-stick-meta":"","header-below-stick-meta":"","astra-migrate-meta-layouts":"default","ast-page-background-enabled":"default","ast-page-background-meta":{"desktop":{"background-color":"var(--ast-global-color-4)","background-image":"","background-repeat":"repeat","background-position":"center center","background-size":"auto","background-attachment":"scroll","background-type":"","background-media":"","overlay-type":"","overlay-color":"","overlay-opacity":"","overlay-gradient":""},"tablet":{"background-color":"","background-image":"","background-repeat":"repeat","background-position":"center center","background-size":"auto","background-attachment":"scroll","background-type":"","background-media":"","overlay-type":"","overlay-color":"","overlay-opacity":"","overlay-gradient":""},"mobile":{"background-color":"","background-image":"","background-repeat":"repeat","background-position":"center center","background-size":"auto","background-attachment":"scroll","background-type":"","background-media":"","overlay-type":"","overlay-color":"","overlay-opacity":"","overlay-gradient":""}},"ast-content-background-meta":{"desktop":{"background-color":"var(--ast-global-color-5)","background-image":"","background-repeat":"repeat","background-position":"center center","background-size":"auto","background-attachment":"scroll","background-type":"","background-media":"","overlay-type":"","overlay-color":"","overlay-opacity":"","overlay-gradient":""},"tablet":{"background-color":"var(--ast-global-color-5)","background-image":"","background-repeat":"repeat","background-position":"center center","background-size":"auto","background-attachment":"scroll","background-type":"","background-media":"","overlay-type":"","overlay-color":"","overlay-opacity":"","overlay-gradient":""},"mobile":{"background-color":"var(--ast-global-color-5)","background-image":"","background-repeat":"repeat","background-position":"center center","background-size":"auto","background-attachment":"scroll","background-type":"","background-media":"","overlay-type":"","overlay-color":"","overlay-opacity":"","overlay-gradient":""}},"footnotes":""},"class_list":["post-146617","page","type-page","status-publish","has-post-thumbnail","hentry"],"_links":{"self":[{"href":"https:\/\/medclinics.com\/de\/wp-json\/wp\/v2\/pages\/146617","targetHints":{"allow":["GET"]}}],"collection":[{"href":"https:\/\/medclinics.com\/de\/wp-json\/wp\/v2\/pages"}],"about":[{"href":"https:\/\/medclinics.com\/de\/wp-json\/wp\/v2\/types\/page"}],"author":[{"embeddable":true,"href":"https:\/\/medclinics.com\/de\/wp-json\/wp\/v2\/users\/4"}],"replies":[{"embeddable":true,"href":"https:\/\/medclinics.com\/de\/wp-json\/wp\/v2\/comments?post=146617"}],"version-history":[{"count":0,"href":"https:\/\/medclinics.com\/de\/wp-json\/wp\/v2\/pages\/146617\/revisions"}],"wp:featuredmedia":[{"embeddable":true,"href":"https:\/\/medclinics.com\/de\/wp-json\/wp\/v2\/media\/52953"}],"wp:attachment":[{"href":"https:\/\/medclinics.com\/de\/wp-json\/wp\/v2\/media?parent=146617"}],"curies":[{"name":"wp","href":"https:\/\/api.w.org\/{rel}","templated":true}]}}