{"id":146607,"date":"2023-05-24T13:17:52","date_gmt":"2023-05-24T10:17:52","guid":{"rendered":"https:\/\/medclinics.com\/nasenfuller\/"},"modified":"2024-04-14T23:04:57","modified_gmt":"2024-04-14T20:04:57","slug":"nasenfuller","status":"publish","type":"page","link":"https:\/\/medclinics.com\/de\/nasenfuller\/","title":{"rendered":"Nasenf\u00fcller"},"content":{"rendered":"\n<h2 class=\"wp-block-heading\">Sind Sie mit der Form oder dem Aussehen Ihrer Nase unzufrieden?<\/h2>\n\n<h3 class=\"wp-block-heading\">Erw\u00e4gen Sie eine nicht-chirurgische Nasenkorrektur, auch bekannt als Nasenf\u00fcller!<\/h3>\n\n<p>Bei diesem kosmetischen Verfahren werden Dermalf\u00fcller aus Hyalurons\u00e4ure in die Nase injiziert, um ihre Form zu ver\u00e4ndern und ihr Gesamtbild zu verbessern.<\/p>\n\n<p>Dieser 15- bis 30-min\u00fctige Eingriff wird von einem qualifizierten Arzt unter \u00f6rtlicher Bet\u00e4ubung oder mit einer Bet\u00e4ubungscreme durchgef\u00fchrt, um die Unannehmlichkeiten zu minimieren, und kann verschiedene Probleme wie Unebenheiten, Asymmetrien, das Anheben der Nasenspitzen und das Auff\u00fcllen eingesunkener Bereiche beheben.<\/p>\n\n<p>Die Ergebnisse sind sofort sichtbar! Unmittelbar nach der Behandlung werden Sie Ver\u00e4nderungen sehen, die je nach individuellen Faktoren zwischen sechs Monaten und zwei Jahren anhalten. Nasenf\u00fcller gelten als vor\u00fcbergehend, da sie sich im Laufe der Zeit allm\u00e4hlich abbauen, so dass bei Bedarf weitere Injektionen oder andere Optionen wie eine Operation in Betracht gezogen werden sollten.<\/p>\n\n<p>Lassen Sie sich nicht l\u00e4nger von der Unzufriedenheit mit Ihrem Aussehen zur\u00fcckhalten &#8211; erw\u00e4gen Sie noch heute eine nicht-chirurgische Nasenkorrektur!<\/p>\n\n<figure class=\"wp-block-image size-full\"><img fetchpriority=\"high\" decoding=\"async\" width=\"780\" height=\"488\" src=\"https:\/\/medclinics.com\/wp-content\/uploads\/2024\/04\/nose-filler-beauty-salon-turkey.jpg\" alt=\"Nasenf&#xFC;ller Sch&#xF6;nheitssalon T&#xFC;rkei Istanbul\" class=\"wp-image-161573\" srcset=\"https:\/\/medclinics.com\/wp-content\/uploads\/2024\/04\/nose-filler-beauty-salon-turkey.jpg 780w, https:\/\/medclinics.com\/wp-content\/uploads\/2024\/04\/nose-filler-beauty-salon-turkey-300x188.jpg 300w, https:\/\/medclinics.com\/wp-content\/uploads\/2024\/04\/nose-filler-beauty-salon-turkey-768x480.jpg 768w\" sizes=\"(max-width: 780px) 100vw, 780px\" \/><\/figure>\n\n<h3 class=\"wp-block-heading\">Alles, was Sie \u00fcber <a href=\"https:\/\/medclinics.com\/de\/schonheit\/\" target=\"_blank\" rel=\"noreferrer noopener\">Sch\u00f6nheitsbehandlungen<\/a> wissen m\u00fcssen, einschlie\u00dflich Preis, Nachsorge und Heilungsprozess, finden Sie hier, <a href=\"#requestform\">kontaktieren Sie uns<\/a> jetzt!<\/h3>\n\n<h3 class=\"wp-block-heading\">FAQ<\/h3>\n<div id=\"rank-math-faq\" class=\"rank-math-block\">\n<div class=\"rank-math-list \">\n<div id=\"faq-question-1684933972371\" class=\"rank-math-list-item\">\n<h3 class=\"rank-math-question \">Wie funktioniert Nasenf\u00fcller?<\/h3>\n<div class=\"rank-math-answer \">\n\n<p>Nasenf\u00fcller, auch bekannt als Dermal Filler, dienen der Volumenvergr\u00f6\u00dferung und der Umformung der Nase. Filler enthalten in der Regel Hyalurons\u00e4ure, eine k\u00f6rpereigene Substanz. W\u00e4hrend des Eingriffs wird der F\u00fcller in bestimmte Bereiche der Nase injiziert, um die Konturen zu gl\u00e4tten, kleinere Unebenheiten zu korrigieren und das allgemeine Erscheinungsbild zu verbessern. Der F\u00fcller verleiht der Nase mehr Volumen und Struktur, was zu einer ausgewogeneren und \u00e4sthetisch ansprechenderen Nasenform f\u00fchrt. Die Wirkung von Nasenf\u00fcllern ist sofort sichtbar, und das Ergebnis kann je nach Art des verwendeten F\u00fcllers und individuellen Faktoren einige Monate bis zu einem Jahr anhalten.<\/p>\n\n<\/div>\n<\/div>\n<div id=\"faq-question-1684933938508\" class=\"rank-math-list-item\">\n<h3 class=\"rank-math-question \">Sind Nasenf\u00fcller sicher?<\/h3>\n<div class=\"rank-math-answer \">\n\n<p>Wenn sie von einem qualifizierten Fachmann angewendet werden, gelten Nasenf\u00fcller im Allgemeinen als sicher. Wie bei jedem medizinischen Verfahren gibt es jedoch potenzielle Risiken und Nebenwirkungen, \u00fcber die man sich im Klaren sein muss. Dazu k\u00f6nnen vor\u00fcbergehende Schwellungen, R\u00f6tungen, Bluterg\u00fcsse und Unbehagen geh\u00f6ren.  <\/p>\n\n<\/div>\n<\/div>\n<div id=\"faq-question-1684934082824\" class=\"rank-math-list-item\">\n<h3 class=\"rank-math-question \">Sind Nasenf\u00fcller dauerhaft?<\/h3>\n<div class=\"rank-math-answer \">\n\n<p>Die Wirkung von Nasenf\u00fcllern ist vor\u00fcbergehend, und die Dauer des Ergebnisses kann je nach Faktoren wie der Art des verwendeten F\u00fcllers, dem individuellen Stoffwechsel und den Lebensgewohnheiten variieren. Im Allgemeinen k\u00f6nnen Nasenf\u00fcller mehrere Monate bis zu einem Jahr oder l\u00e4nger halten. Im Laufe der Zeit baut sich der F\u00fcllstoff allm\u00e4hlich ab und wird auf nat\u00fcrliche Weise vom K\u00f6rper absorbiert. Um das gew\u00fcnschte Ergebnis zu erhalten, k\u00f6nnen Wiederholungsbehandlungen oder Auffrischungen erforderlich sein.<\/p>\n\n<\/div>\n<\/div>\n<div id=\"faq-question-1684934083903\" class=\"rank-math-list-item\">\n<h3 class=\"rank-math-question \">Sind Nasenf\u00fcller es wert?<\/h3>\n<div class=\"rank-math-answer \">\n\n<p>Ob sich Nasenf\u00fcller lohnen, ist eine subjektive Entscheidung, die von den individuellen Vorlieben und Zielen abh\u00e4ngt. Nasenf\u00fcller k\u00f6nnen eine nicht-chirurgische Option sein, um das Aussehen der Nase zu verbessern, kleinere Unvollkommenheiten zu korrigieren und ein ausgewogeneres Aussehen zu erreichen. Es ist jedoch wichtig, Faktoren wie die Kosten, die Vorl\u00e4ufigkeit der Ergebnisse und m\u00f6gliche Risiken oder Nebenwirkungen zu ber\u00fccksichtigen. Eine Beratung durch eine qualifizierte medizinische Fachkraft kann Ihnen dabei helfen, festzustellen, ob Nasenf\u00fcller Ihren Erwartungen entsprechen und ob sie f\u00fcr Ihr gew\u00fcnschtes Ergebnis in Frage kommen.<\/p>\n\n<\/div>\n<\/div>\n<div id=\"faq-question-1684934211227\" class=\"rank-math-list-item\">\n<h3 class=\"rank-math-question \">Sind Nasenf\u00fcller schmerzhaft?<\/h3>\n<div class=\"rank-math-answer \">\n\n<p>Das Ausma\u00df der Unannehmlichkeiten, die bei einer Nasenf\u00fcller-Behandlung auftreten, kann von Person zu Person unterschiedlich sein. Viele Menschen berichten jedoch von minimalen Schmerzen oder Unannehmlichkeiten w\u00e4hrend der Behandlung. Vor dem Eingriff kann eine \u00f6rtliche Bet\u00e4ubungscreme oder eine Lokalan\u00e4sthesie auf die Nase aufgetragen werden, um m\u00f6gliche Unannehmlichkeiten zu minimieren. Dar\u00fcber hinaus enthalten die meisten Nasenf\u00fcller Lidocain, ein Bet\u00e4ubungsmittel, das den Komfort w\u00e4hrend der Injektion weiter erh\u00f6ht. Einige Personen k\u00f6nnen w\u00e4hrend der Injektionen ein leichtes Zwicken oder ein Druckgef\u00fchl versp\u00fcren, aber im Allgemeinen wird es gut vertragen.<\/p>\n\n<\/div>\n<\/div>\n<\/div>\n<\/div>\n<h3 class=\"wp-block-heading\">Kontaktieren Sie uns jetzt, falls Sie Fragen haben!<\/h3>\n","protected":false},"excerpt":{"rendered":"<p>Sind Sie mit der Form oder dem Aussehen Ihrer Nase unzufrieden? Erw\u00e4gen Sie eine nicht-chirurgische Nasenkorrektur, auch bekannt als Nasenf\u00fcller! [&hellip;]<\/p>\n","protected":false},"author":4,"featured_media":161576,"parent":0,"menu_order":0,"comment_status":"closed","ping_status":"closed","template":"","meta":{"site-sidebar-layout":"default","site-content-layout":"","ast-site-content-layout":"default","site-content-style":"default","site-sidebar-style":"default","ast-global-header-display":"","ast-banner-title-visibility":"","ast-main-header-display":"","ast-hfb-above-header-display":"","ast-hfb-below-header-display":"","ast-hfb-mobile-header-display":"","site-post-title":"","ast-breadcrumbs-content":"","ast-featured-img":"","footer-sml-layout":"","ast-disable-related-posts":"","theme-transparent-header-meta":"","adv-header-id-meta":"","stick-header-meta":"","header-above-stick-meta":"","header-main-stick-meta":"","header-below-stick-meta":"","astra-migrate-meta-layouts":"default","ast-page-background-enabled":"default","ast-page-background-meta":{"desktop":{"background-color":"var(--ast-global-color-4)","background-image":"","background-repeat":"repeat","background-position":"center center","background-size":"auto","background-attachment":"scroll","background-type":"","background-media":"","overlay-type":"","overlay-color":"","overlay-opacity":"","overlay-gradient":""},"tablet":{"background-color":"","background-image":"","background-repeat":"repeat","background-position":"center center","background-size":"auto","background-attachment":"scroll","background-type":"","background-media":"","overlay-type":"","overlay-color":"","overlay-opacity":"","overlay-gradient":""},"mobile":{"background-color":"","background-image":"","background-repeat":"repeat","background-position":"center center","background-size":"auto","background-attachment":"scroll","background-type":"","background-media":"","overlay-type":"","overlay-color":"","overlay-opacity":"","overlay-gradient":""}},"ast-content-background-meta":{"desktop":{"background-color":"var(--ast-global-color-5)","background-image":"","background-repeat":"repeat","background-position":"center center","background-size":"auto","background-attachment":"scroll","background-type":"","background-media":"","overlay-type":"","overlay-color":"","overlay-opacity":"","overlay-gradient":""},"tablet":{"background-color":"var(--ast-global-color-5)","background-image":"","background-repeat":"repeat","background-position":"center center","background-size":"auto","background-attachment":"scroll","background-type":"","background-media":"","overlay-type":"","overlay-color":"","overlay-opacity":"","overlay-gradient":""},"mobile":{"background-color":"var(--ast-global-color-5)","background-image":"","background-repeat":"repeat","background-position":"center center","background-size":"auto","background-attachment":"scroll","background-type":"","background-media":"","overlay-type":"","overlay-color":"","overlay-opacity":"","overlay-gradient":""}},"footnotes":""},"class_list":["post-146607","page","type-page","status-publish","has-post-thumbnail","hentry"],"_links":{"self":[{"href":"https:\/\/medclinics.com\/de\/wp-json\/wp\/v2\/pages\/146607","targetHints":{"allow":["GET"]}}],"collection":[{"href":"https:\/\/medclinics.com\/de\/wp-json\/wp\/v2\/pages"}],"about":[{"href":"https:\/\/medclinics.com\/de\/wp-json\/wp\/v2\/types\/page"}],"author":[{"embeddable":true,"href":"https:\/\/medclinics.com\/de\/wp-json\/wp\/v2\/users\/4"}],"replies":[{"embeddable":true,"href":"https:\/\/medclinics.com\/de\/wp-json\/wp\/v2\/comments?post=146607"}],"version-history":[{"count":0,"href":"https:\/\/medclinics.com\/de\/wp-json\/wp\/v2\/pages\/146607\/revisions"}],"wp:featuredmedia":[{"embeddable":true,"href":"https:\/\/medclinics.com\/de\/wp-json\/wp\/v2\/media\/161576"}],"wp:attachment":[{"href":"https:\/\/medclinics.com\/de\/wp-json\/wp\/v2\/media?parent=146607"}],"curies":[{"name":"wp","href":"https:\/\/api.w.org\/{rel}","templated":true}]}}