{"id":146581,"date":"2023-05-24T12:54:53","date_gmt":"2023-05-24T09:54:53","guid":{"rendered":"https:\/\/medclinics.com\/lumecca-3\/"},"modified":"2024-04-04T19:32:38","modified_gmt":"2024-04-04T16:32:38","slug":"lumecca-3","status":"publish","type":"page","link":"https:\/\/medclinics.com\/de\/lumecca-3\/","title":{"rendered":"Lumecca"},"content":{"rendered":"\n<h2 class=\"wp-block-heading\">Wenn Sie Ihren Teint verj\u00fcngen oder Pigmentunregelm\u00e4\u00dfigkeiten reduzieren m\u00f6chten, k\u00f6nnte Lumecca genau das Richtige f\u00fcr Sie sein!<\/h2>\n\n<p>Lumecca ist eine au\u00dfergew\u00f6hnliche Methode zur Behandlung mit <a href=\"https:\/\/en.wikipedia.org\/wiki\/Intense_pulsed_light\" target=\"_blank\" rel=\"noreferrer noopener\">intensiv gepulstem Licht<\/a> (IPL), mit der verschiedene Hautprobleme behandelt werden k\u00f6nnen. Bei diesem nicht-invasiven Verfahren werden hochintensive Pulse von Breitbandlicht eingesetzt, um bestimmte Hautprobleme effektiv zu behandeln, was es zu einer beliebten Wahl f\u00fcr diejenigen macht, die eine strahlende und jugendlich aussehende Haut w\u00fcnschen.<\/p>\n\n<p>W\u00e4hrend einer Sitzung mit diesem tragbaren Ger\u00e4t werden Lichtblitze auf die zu behandelnden Stellen im Gesicht oder am K\u00f6rper abgegeben, die tief in die Zellen eindringen und diese erw\u00e4rmen, so dass sie sich mit der Zeit allm\u00e4hlich aufl\u00f6sen; dadurch werden nat\u00fcrliche Heilungsreaktionen angeregt, die zu besseren Ergebnissen in den behandelten Bereichen f\u00fchren.<\/p>\n\n<p>Es ist wichtig zu wissen, dass manche Menschen das gew\u00fcnschte Ergebnis nach einer einzigen Behandlung erreichen, w\u00e4hrend andere mehrere Sitzungen im Abstand von einigen Wochen ben\u00f6tigen, je nach den individuellen Bed\u00fcrfnissen, die immer vorher von qualifizierten Fachleuten besprochen werden sollten, die die Risiken und Vorteile abw\u00e4gen k\u00f6nnen, bevor sie geeignete Pl\u00e4ne empfehlen, die speziell auf die einzigartigen Anforderungen jeder Person zugeschnitten sind!<\/p>\n\n<h3 class=\"wp-block-heading\">Alles, was Sie \u00fcber <a href=\"https:\/\/medclinics.com\/de\/schonheit\/\" target=\"_blank\" rel=\"noreferrer noopener\">Sch\u00f6nheitsbehandlungen<\/a> wissen m\u00fcssen, einschlie\u00dflich Preis, Nachbehandlung und Heilungsprozess finden Sie hier. Oder <a href=\"#requestform\">kontaktieren Sie uns<\/a>!<\/h3>\n\n<h3 class=\"wp-block-heading\">FAQ<\/h3>\n<div id=\"rank-math-faq\" class=\"rank-math-block\">\n<div class=\"rank-math-list \">\n<div id=\"faq-question-1684932444387\" class=\"rank-math-list-item\">\n<h3 class=\"rank-math-question \">Ist Lumecca sicher?<\/h3>\n<div class=\"rank-math-answer \">\n\n<p>Lumecca, eine Behandlung mit intensiv gepulstem Licht (IPL), gilt im Allgemeinen als sicher, wenn sie von einer qualifizierten Fachkraft durchgef\u00fchrt wird. Zu den \u00fcblichen Nebenwirkungen geh\u00f6ren vor\u00fcbergehende R\u00f6tungen, Schwellungen oder leichte Beschwerden, die in der Regel innerhalb weniger Tage abklingen. Schwerwiegende Komplikationen sind selten, k\u00f6nnen aber Verbrennungen oder Ver\u00e4nderungen der Hautpigmentierung umfassen.<\/p>\n\n<\/div>\n<\/div>\n<div id=\"faq-question-1684932547476\" class=\"rank-math-list-item\">\n<h3 class=\"rank-math-question \">Ist Lumecca dauerhaft?<\/h3>\n<div class=\"rank-math-answer \">\n\n<p>Lumecca wird nicht als dauerhafte Behandlung angesehen. Sie kann zwar das Hautbild deutlich verbessern, aber die Langlebigkeit der Ergebnisse kann von Person zu Person variieren. Faktoren wie individuelle Hautmerkmale, Lebensgewohnheiten und anhaltende Sonneneinstrahlung k\u00f6nnen die Dauer der Wirkung von Lumecca beeinflussen. Lumecca kann bei Problemen wie Sonnensch\u00e4den, Altersflecken, vaskul\u00e4ren L\u00e4sionen und ungleichm\u00e4\u00dfigem Hautton helfen. Im Laufe der Zeit k\u00f6nnen jedoch neue Hautsch\u00e4den oder -verf\u00e4rbungen aufgrund von Faktoren wie Sonneneinstrahlung, Alterung oder Lebensgewohnheiten auftreten. Um das Ergebnis aufrechtzuerhalten und die Vorteile von Lumecca zu maximieren, ist es wichtig, eine angemessene Hautpflegeroutine einzuhalten, die Haut vor der Sonne zu sch\u00fctzen und die von Ihrem Arzt empfohlenen Pflegebehandlungen zu ber\u00fccksichtigen.<\/p>\n\n<\/div>\n<\/div>\n<div id=\"faq-question-1684932548821\" class=\"rank-math-list-item\">\n<h3 class=\"rank-math-question \">Wie lange halten die Ergebnisse von Lumecca an?<\/h3>\n<div class=\"rank-math-answer \">\n\n<p>Im Durchschnitt k\u00f6nnen die Ergebnisse von Lumecca mehrere Monate bis zu einem Jahr oder l\u00e4nger anhalten. Es ist jedoch wichtig zu wissen, dass die Erfahrungen im Einzelfall unterschiedlich sein k\u00f6nnen. Faktoren wie Hauttyp, Lebensstil und anhaltende Sonneneinstrahlung k\u00f6nnen die Langlebigkeit des Ergebnisses beeinflussen.<\/p>\n\n<\/div>\n<\/div>\n<div id=\"faq-question-1684932825426\" class=\"rank-math-list-item\">\n<h3 class=\"rank-math-question \">Was passiert mit der Haut nach Lumecca?<\/h3>\n<div class=\"rank-math-answer \">\n\n<p>Nach einer Lumecca-Behandlung k\u00f6nnen Sie einige sofortige und sp\u00e4tere Auswirkungen auf die Haut erwarten. Unmittelbar nach dem Eingriff ist eine vor\u00fcbergehende R\u00f6tung im behandelten Bereich \u00fcblich, die in der Regel innerhalb weniger Stunden bis zu ein paar Tagen abklingt. In den folgenden Tagen k\u00f6nnen Sie eine Verdunkelung der behandelten Stellen feststellen, was auf den Abbau der pigmentierten L\u00e4sionen hinweist. Die Haut kann schuppen oder sich abl\u00f6sen, da die Haut einen nat\u00fcrlichen Abschilferungsprozess durchl\u00e4uft. Es ist wichtig, dass Sie w\u00e4hrend dieser Zeit nicht an der Haut zupfen oder kratzen. In den Wochen nach der Behandlung sind allm\u00e4hliche Verbesserungen bei den behandelten Hautproblemen, wie Sonnensch\u00e4den und Altersflecken, zu beobachten, was zu einem ebenm\u00e4\u00dfigeren und verj\u00fcngten Teint f\u00fchrt.<\/p>\n\n<\/div>\n<\/div>\n<\/div>\n<\/div>\n<p><\/p>\n\n<h3 class=\"wp-block-heading\">Kontaktieren Sie uns jetzt, falls Sie Fragen haben!<\/h3>\n","protected":false},"excerpt":{"rendered":"<p>Wenn Sie Ihren Teint verj\u00fcngen oder Pigmentunregelm\u00e4\u00dfigkeiten reduzieren m\u00f6chten, k\u00f6nnte Lumecca genau das Richtige f\u00fcr Sie sein! Lumecca ist eine [&hellip;]<\/p>\n","protected":false},"author":4,"featured_media":92920,"parent":0,"menu_order":0,"comment_status":"closed","ping_status":"closed","template":"","meta":{"site-sidebar-layout":"default","site-content-layout":"","ast-site-content-layout":"default","site-content-style":"default","site-sidebar-style":"default","ast-global-header-display":"","ast-banner-title-visibility":"","ast-main-header-display":"","ast-hfb-above-header-display":"","ast-hfb-below-header-display":"","ast-hfb-mobile-header-display":"","site-post-title":"","ast-breadcrumbs-content":"","ast-featured-img":"","footer-sml-layout":"","ast-disable-related-posts":"","theme-transparent-header-meta":"","adv-header-id-meta":"","stick-header-meta":"","header-above-stick-meta":"","header-main-stick-meta":"","header-below-stick-meta":"","astra-migrate-meta-layouts":"default","ast-page-background-enabled":"default","ast-page-background-meta":{"desktop":{"background-color":"var(--ast-global-color-4)","background-image":"","background-repeat":"repeat","background-position":"center center","background-size":"auto","background-attachment":"scroll","background-type":"","background-media":"","overlay-type":"","overlay-color":"","overlay-opacity":"","overlay-gradient":""},"tablet":{"background-color":"","background-image":"","background-repeat":"repeat","background-position":"center center","background-size":"auto","background-attachment":"scroll","background-type":"","background-media":"","overlay-type":"","overlay-color":"","overlay-opacity":"","overlay-gradient":""},"mobile":{"background-color":"","background-image":"","background-repeat":"repeat","background-position":"center center","background-size":"auto","background-attachment":"scroll","background-type":"","background-media":"","overlay-type":"","overlay-color":"","overlay-opacity":"","overlay-gradient":""}},"ast-content-background-meta":{"desktop":{"background-color":"var(--ast-global-color-5)","background-image":"","background-repeat":"repeat","background-position":"center center","background-size":"auto","background-attachment":"scroll","background-type":"","background-media":"","overlay-type":"","overlay-color":"","overlay-opacity":"","overlay-gradient":""},"tablet":{"background-color":"var(--ast-global-color-5)","background-image":"","background-repeat":"repeat","background-position":"center center","background-size":"auto","background-attachment":"scroll","background-type":"","background-media":"","overlay-type":"","overlay-color":"","overlay-opacity":"","overlay-gradient":""},"mobile":{"background-color":"var(--ast-global-color-5)","background-image":"","background-repeat":"repeat","background-position":"center center","background-size":"auto","background-attachment":"scroll","background-type":"","background-media":"","overlay-type":"","overlay-color":"","overlay-opacity":"","overlay-gradient":""}},"footnotes":""},"class_list":["post-146581","page","type-page","status-publish","has-post-thumbnail","hentry"],"_links":{"self":[{"href":"https:\/\/medclinics.com\/de\/wp-json\/wp\/v2\/pages\/146581","targetHints":{"allow":["GET"]}}],"collection":[{"href":"https:\/\/medclinics.com\/de\/wp-json\/wp\/v2\/pages"}],"about":[{"href":"https:\/\/medclinics.com\/de\/wp-json\/wp\/v2\/types\/page"}],"author":[{"embeddable":true,"href":"https:\/\/medclinics.com\/de\/wp-json\/wp\/v2\/users\/4"}],"replies":[{"embeddable":true,"href":"https:\/\/medclinics.com\/de\/wp-json\/wp\/v2\/comments?post=146581"}],"version-history":[{"count":0,"href":"https:\/\/medclinics.com\/de\/wp-json\/wp\/v2\/pages\/146581\/revisions"}],"wp:featuredmedia":[{"embeddable":true,"href":"https:\/\/medclinics.com\/de\/wp-json\/wp\/v2\/media\/92920"}],"wp:attachment":[{"href":"https:\/\/medclinics.com\/de\/wp-json\/wp\/v2\/media?parent=146581"}],"curies":[{"name":"wp","href":"https:\/\/api.w.org\/{rel}","templated":true}]}}