{"id":146569,"date":"2023-05-24T12:42:23","date_gmt":"2023-05-24T09:42:23","guid":{"rendered":"https:\/\/medclinics.com\/lipolyse-behandlungen\/"},"modified":"2024-04-01T15:28:25","modified_gmt":"2024-04-01T12:28:25","slug":"lipolyse-behandlungen","status":"publish","type":"page","link":"https:\/\/medclinics.com\/de\/lipolyse-behandlungen\/","title":{"rendered":"Lipolyse-Behandlungen"},"content":{"rendered":"\n<h2 class=\"wp-block-heading\">K\u00e4mpfen Sie trotz Di\u00e4t und Sport damit, hartn\u00e4ckiges Fett an bestimmten Stellen loszuwerden? Eine Lipolyse-Behandlung kann die L\u00f6sung f\u00fcr Sie sein.<\/h2>\n\n<p>Diese medizinischen oder kosmetischen Verfahren zielen auf lokalisierte Fettdepots ab, die sich oft gegen herk\u00f6mmliche Abnehmmethoden wehren.<\/p>\n\n<p>Es gibt verschiedene Arten von <a href=\"https:\/\/en.wikipedia.org\/wiki\/Lipolysis\" target=\"_blank\" rel=\"noreferrer noopener\">Lipolyse-Behandlungen<\/a>, jede mit ihrem eigenen einzigartigen Ansatz. Bei der Injektionslipolyse werden Substanzen direkt in das Fettgewebe injiziert, die die Fettzellen mit der Zeit abbauen. Bei der Laserlipolyse wird Laserenergie eingesetzt, um unerw\u00fcnschtes Fett zu verfl\u00fcssigen und durch einen kleinen Schnitt oder durch nat\u00fcrliche Ausscheidung durch den K\u00f6rper zu entfernen. Bei der Ultraschall-Lipolyse werden die Fettzellen mit Hilfe von Ultraschallwellen zerst\u00f6rt, so dass sie aufplatzen und ihren Inhalt freigeben, bevor sie verstoffwechselt und aus Ihrem K\u00f6rper ausgeschieden werden.<\/p>\n\n<p>Es ist wichtig, diese wirksamen Behandlungsm\u00f6glichkeiten nicht mit einer allgemeinen Strategie zur Gewichtsreduzierung zu verwechseln, sondern sie als Teil eines umfassenden Plans zu betrachten, der darauf abzielt, bestimmte K\u00f6rperpartien \u00e4sthetisch zu konturieren und gleichzeitig \u00fcbersch\u00fcssiges Fett zu reduzieren. Es wird dringend empfohlen, dass nur qualifizierte Fachleute solche Verfahren durchf\u00fchren, nachdem sie sich mit den Gesundheitsdienstleistern beraten haben, die entscheiden werden, ob es den individuellen Bed\u00fcrfnissen am besten entspricht!<\/p>\n\n<h3 class=\"wp-block-heading\">Alles, was Sie \u00fcber <a href=\"https:\/\/medclinics.com\/de\/schonheit\/\" target=\"_blank\" rel=\"noreferrer noopener\">Sch\u00f6nheitsbehandlungen<\/a> wissen m\u00fcssen, einschlie\u00dflich Preis und mehr, finden Sie hier, <a href=\"#requestform\">kontaktieren Sie uns<\/a>!<\/h3>\n\n<h2 class=\"wp-block-heading\">FAQ <\/h2>\n<div id=\"rank-math-faq\" class=\"rank-math-block\">\n<div class=\"rank-math-list \">\n<div id=\"faq-question-1684931785598\" class=\"rank-math-list-item\">\n<h3 class=\"rank-math-question \">Was ist Lipolyse?<\/h3>\n<div class=\"rank-math-answer \">\n\n<p>Es handelt sich um eine kosmetische Behandlung, bei der eine L\u00f6sung in bestimmte K\u00f6rperregionen injiziert wird, um lokale Fettpolster aufzul\u00f6sen und zu reduzieren. Die L\u00f6sung enth\u00e4lt in der Regel Substanzen wie Phosphatidylcholin und Desoxychols\u00e4ure, die den Abbau von Fettzellen bewirken. Das Verfahren wird in der Regel zur Behandlung von Bereichen wie Bauch, Oberschenkel, H\u00fcften und Kinn eingesetzt. Die Lipolyse-Injektionen dienen der Konturierung und Modellierung des K\u00f6rpers, indem hartn\u00e4ckige Fettpolster reduziert werden.  <\/p>\n\n<\/div>\n<\/div>\n<div id=\"faq-question-1684931739942\" class=\"rank-math-list-item\">\n<h3 class=\"rank-math-question \">Sind Lipolyse-Injektionen sicher?<\/h3>\n<div class=\"rank-math-answer \">\n\n<p>Lipolyse oder fettaufl\u00f6sende Injektionen k\u00f6nnen sicher sein, wenn sie von einer qualifizierten Fachkraft durchgef\u00fchrt werden. Es gibt jedoch potenzielle Risiken und Nebenwirkungen, darunter vor\u00fcbergehende Schwellungen, Bluterg\u00fcsse und seltene Komplikationen wie Infektionen oder Hautunregelm\u00e4\u00dfigkeiten. Es ist wichtig, einen seri\u00f6sen Anbieter zu w\u00e4hlen und vor dem Eingriff alle Krankheiten oder Allergien offenzulegen.<\/p>\n\n<\/div>\n<\/div>\n<div id=\"faq-question-1684931856598\" class=\"rank-math-list-item\">\n<h3 class=\"rank-math-question \">Wie funktioniert die Lipolyse?<\/h3>\n<div class=\"rank-math-answer \">\n\n<p>Dabei wird eine L\u00f6sung in bestimmte K\u00f6rperregionen injiziert, um Fettzellen abzubauen und aufzul\u00f6sen. Die L\u00f6sung unterbricht die Membranen der Fettzellen, so dass diese das gespeicherte Fett freigeben. Dieses freigesetzte Fett wird dann verstoffwechselt und aus dem K\u00f6rper ausgeschieden. Das Ergebnis ist ein schlankeres und konturierteres Aussehen im behandelten Bereich. Es ist wichtig, einen gesunden Lebensstil beizubehalten, um die Wirksamkeit und die langfristigen Ergebnisse der Lipolyse zu maximieren.<\/p>\n\n<\/div>\n<\/div>\n<div id=\"faq-question-1684931955241\" class=\"rank-math-list-item\">\n<h3 class=\"rank-math-question \">Ist die Lipolyse dauerhaft?<\/h3>\n<div class=\"rank-math-answer \">\n\n<p>Lipolyse-Behandlungen gelten im Allgemeinen als semi-permanent. Das Verfahren funktioniert durch den Abbau und die Beseitigung von Fettzellen im Zielgebiet. Sobald diese Fettzellen entfernt sind, regenerieren sie sich in der Regel nicht und kehren auch nicht zur\u00fcck. Es ist jedoch wichtig zu wissen, dass sich immer noch neue Fettzellen im K\u00f6rper bilden k\u00f6nnen, wenn eine Person in Zukunft an Gewicht zunimmt. Um das Ergebnis aufrechtzuerhalten, ist eine gesunde Lebensweise mit regelm\u00e4\u00dfiger Bewegung und ausgewogener Ern\u00e4hrung unerl\u00e4sslich, um die Ansammlung von neuem Fett in den behandelten Bereichen zu verhindern. Au\u00dferdem k\u00f6nnen die Ergebnisse individuell variieren, und es k\u00f6nnen mehrere Behandlungssitzungen erforderlich sein, um das gew\u00fcnschte Ergebnis zu erzielen.<\/p>\n\n<\/div>\n<\/div>\n<\/div>\n<\/div>\n<p><\/p>\n\n<h3 class=\"wp-block-heading\">Kontaktieren Sie uns jetzt, falls Sie Fragen haben!<\/h3>\n","protected":false},"excerpt":{"rendered":"<p>K\u00e4mpfen Sie trotz Di\u00e4t und Sport damit, hartn\u00e4ckiges Fett an bestimmten Stellen loszuwerden? Eine Lipolyse-Behandlung kann die L\u00f6sung f\u00fcr Sie [&hellip;]<\/p>\n","protected":false},"author":4,"featured_media":92906,"parent":0,"menu_order":0,"comment_status":"closed","ping_status":"closed","template":"","meta":{"site-sidebar-layout":"default","site-content-layout":"","ast-site-content-layout":"default","site-content-style":"default","site-sidebar-style":"default","ast-global-header-display":"","ast-banner-title-visibility":"","ast-main-header-display":"","ast-hfb-above-header-display":"","ast-hfb-below-header-display":"","ast-hfb-mobile-header-display":"","site-post-title":"","ast-breadcrumbs-content":"","ast-featured-img":"","footer-sml-layout":"","ast-disable-related-posts":"","theme-transparent-header-meta":"","adv-header-id-meta":"","stick-header-meta":"","header-above-stick-meta":"","header-main-stick-meta":"","header-below-stick-meta":"","astra-migrate-meta-layouts":"default","ast-page-background-enabled":"default","ast-page-background-meta":{"desktop":{"background-color":"var(--ast-global-color-4)","background-image":"","background-repeat":"repeat","background-position":"center center","background-size":"auto","background-attachment":"scroll","background-type":"","background-media":"","overlay-type":"","overlay-color":"","overlay-opacity":"","overlay-gradient":""},"tablet":{"background-color":"","background-image":"","background-repeat":"repeat","background-position":"center center","background-size":"auto","background-attachment":"scroll","background-type":"","background-media":"","overlay-type":"","overlay-color":"","overlay-opacity":"","overlay-gradient":""},"mobile":{"background-color":"","background-image":"","background-repeat":"repeat","background-position":"center center","background-size":"auto","background-attachment":"scroll","background-type":"","background-media":"","overlay-type":"","overlay-color":"","overlay-opacity":"","overlay-gradient":""}},"ast-content-background-meta":{"desktop":{"background-color":"var(--ast-global-color-5)","background-image":"","background-repeat":"repeat","background-position":"center center","background-size":"auto","background-attachment":"scroll","background-type":"","background-media":"","overlay-type":"","overlay-color":"","overlay-opacity":"","overlay-gradient":""},"tablet":{"background-color":"var(--ast-global-color-5)","background-image":"","background-repeat":"repeat","background-position":"center center","background-size":"auto","background-attachment":"scroll","background-type":"","background-media":"","overlay-type":"","overlay-color":"","overlay-opacity":"","overlay-gradient":""},"mobile":{"background-color":"var(--ast-global-color-5)","background-image":"","background-repeat":"repeat","background-position":"center center","background-size":"auto","background-attachment":"scroll","background-type":"","background-media":"","overlay-type":"","overlay-color":"","overlay-opacity":"","overlay-gradient":""}},"footnotes":""},"class_list":["post-146569","page","type-page","status-publish","has-post-thumbnail","hentry"],"_links":{"self":[{"href":"https:\/\/medclinics.com\/de\/wp-json\/wp\/v2\/pages\/146569","targetHints":{"allow":["GET"]}}],"collection":[{"href":"https:\/\/medclinics.com\/de\/wp-json\/wp\/v2\/pages"}],"about":[{"href":"https:\/\/medclinics.com\/de\/wp-json\/wp\/v2\/types\/page"}],"author":[{"embeddable":true,"href":"https:\/\/medclinics.com\/de\/wp-json\/wp\/v2\/users\/4"}],"replies":[{"embeddable":true,"href":"https:\/\/medclinics.com\/de\/wp-json\/wp\/v2\/comments?post=146569"}],"version-history":[{"count":0,"href":"https:\/\/medclinics.com\/de\/wp-json\/wp\/v2\/pages\/146569\/revisions"}],"wp:featuredmedia":[{"embeddable":true,"href":"https:\/\/medclinics.com\/de\/wp-json\/wp\/v2\/media\/92906"}],"wp:attachment":[{"href":"https:\/\/medclinics.com\/de\/wp-json\/wp\/v2\/media?parent=146569"}],"curies":[{"name":"wp","href":"https:\/\/api.w.org\/{rel}","templated":true}]}}