{"id":146559,"date":"2023-05-24T12:30:12","date_gmt":"2023-05-24T09:30:12","guid":{"rendered":"https:\/\/medclinics.com\/mesotherapie-der-lippen\/"},"modified":"2024-04-01T15:28:22","modified_gmt":"2024-04-01T12:28:22","slug":"mesotherapie-der-lippen","status":"publish","type":"page","link":"https:\/\/medclinics.com\/de\/mesotherapie-der-lippen\/","title":{"rendered":"Mesotherapie der Lippen"},"content":{"rendered":"\n<h2 class=\"wp-block-heading\">Sind Sie es leid, d\u00fcnne und glanzlose Lippen zu haben, die Sie \u00e4lter als Ihre Jahre aussehen lassen? Die Lippen-Mesotherapie ist die L\u00f6sung f\u00fcr einen pralleren, jugendlicheren Schmollmund.<\/h2>\n\n<p>Bei diesem kosmetischen Verfahren wird eine sorgf\u00e4ltig zusammengestellte Mischung aus Vitaminen, Mineralien, Aminos\u00e4uren und anderen Substanzen direkt in die Lippenpartie injiziert, um deren Form, Volumen und Textur zu verbessern.<\/p>\n\n<p>Die in jeder Injektion verwendeten Inhaltsstoffe werden von einem erfahrenen Arzt auf Ihre spezifischen Bed\u00fcrfnisse abgestimmt. Hyalurons\u00e4ure spendet Feuchtigkeit und f\u00f6rdert die F\u00fclle; <a href=\"https:\/\/en.wikipedia.org\/wiki\/Antioxidant\" target=\"_blank\" data-type=\"URL\" data-id=\"https:\/\/en.wikipedia.org\/wiki\/Antioxidant\" rel=\"noreferrer noopener\">Antioxidantien<\/a> f\u00f6rdern die Gesundheit der Haut und sorgen f\u00fcr \u00fcppig aussehende Lippen!<\/p>\n\n<p>Die Lippen-Mesotherapie kann in einer einzigen ambulanten Sitzung ohne Vollnarkose durchgef\u00fchrt werden! Vor Beginn der Behandlung kann ein \u00f6rtliches Bet\u00e4ubungsmittel aufgetragen werden, so dass die Unannehmlichkeiten bestenfalls minimal sind. Nach 30 Minuten bis zu einer Stunde pro Sitzung ist das Ergebnis beeindruckend, wobei je nach gew\u00fcnschtem Ergebnis mehrere Sitzungen erforderlich sind.<\/p>\n\n<p>Die Anweisungen f\u00fcr die Nachsorge nach der Behandlung gew\u00e4hrleisten eine ordnungsgem\u00e4\u00dfe Heilung und minimieren Nebenwirkungen wie vor\u00fcbergehende Schwellungen oder Bluterg\u00fcsse, die innerhalb weniger Tage nach der Behandlung abklingen sollten.<\/p>\n\n<p>Sprechen Sie noch heute mit uns dar\u00fcber, wie wir Ihnen helfen k\u00f6nnen, Ihr Selbstvertrauen durch voller aussehende, \u00fcppige Lippen zur\u00fcckzugewinnen!<\/p>\n\n<h3 class=\"wp-block-heading\">Alles, was Sie \u00fcber <a href=\"https:\/\/medclinics.com\/de\/schonheit\/\" target=\"_blank\" rel=\"noreferrer noopener\">Sch\u00f6nheitsbehandlungen<\/a> wissen m\u00fcssen, einschlie\u00dflich Preis, Nachbehandlung und Heilungsprozess finden Sie hier. Oder <a href=\"#requestform\">kontaktieren Sie uns<\/a>!<\/h3>\n\n<h2 class=\"wp-block-heading\">FAQ <\/h2>\n<div id=\"rank-math-faq\" class=\"rank-math-block\">\n<div class=\"rank-math-list \">\n<div id=\"faq-question-1684930699023\" class=\"rank-math-list-item\">\n<h3 class=\"rank-math-question \">Was ist die Lippen-Mesotherapie?<\/h3>\n<div class=\"rank-math-answer \">\n\n<p>Die Lippenmesotherapie ist ein kosmetisches Verfahren, bei dem eine Mischung aus Vitaminen, Mineralien und anderen Substanzen in die Lippen injiziert wird, um ihr Aussehen zu verbessern. Die Behandlung zielt darauf ab, die Lippen mit Feuchtigkeit zu versorgen, sie aufzupolstern und zu verj\u00fcngen und das Erscheinungsbild von feinen Linien und F\u00e4ltchen zu reduzieren. F\u00fcr optimale Ergebnisse werden in der Regel mehrere Sitzungen empfohlen.<\/p>\n\n<\/div>\n<\/div>\n<div id=\"faq-question-1684930941350\" class=\"rank-math-list-item\">\n<h3 class=\"rank-math-question \">Ist die Lippen-Mesotherapie sicher?<\/h3>\n<div class=\"rank-math-answer \">\n\n<p>Wenn sie von einer qualifizierten Fachkraft durchgef\u00fchrt wird, gilt die Lippen-Mesotherapie im Allgemeinen als sicher. Vor\u00fcbergehende Nebenwirkungen wie Schwellungen oder Bluterg\u00fcsse k\u00f6nnen auftreten, klingen aber normalerweise innerhalb weniger Tage ab. Es ist wichtig, einen seri\u00f6sen Anbieter zu w\u00e4hlen und vor dem Eingriff alle Krankheiten oder Allergien offenzulegen.<\/p>\n\n<\/div>\n<\/div>\n<div id=\"faq-question-1684931037154\" class=\"rank-math-list-item\">\n<h3 class=\"rank-math-question \">Welche Risiken bestehen bei einer Lippenunterspritzung?<\/h3>\n<div class=\"rank-math-answer \">\n\n<p>Lippenunterspritzungen sind zwar im Allgemeinen sicher, bergen aber einige potenzielle Risiken und Nebenwirkungen. Dazu geh\u00f6ren vor\u00fcbergehende Schwellungen und Bluterg\u00fcsse, die normal sind und innerhalb weniger Tage abklingen. Allergische Reaktionen auf die F\u00fcllstoffbestandteile sind selten, aber m\u00f6glich, daher ist es wichtig, alle bekannten Allergien anzugeben. Es besteht auch ein geringes Risiko einer Infektion, einer Asymmetrie oder eines ungleichm\u00e4\u00dfigen Ergebnisses. In seltenen F\u00e4llen k\u00f6nnen sich Kn\u00f6tchen oder Klumpen bilden, die sich oft mit zus\u00e4tzlichen Behandlungen aufl\u00f6sen lassen. Vaskul\u00e4re Komplikationen sind zwar extrem selten, aber dennoch m\u00f6glich. Um die Risiken zu minimieren, ist es entscheidend, einen seri\u00f6sen Anbieter zu w\u00e4hlen und dessen Nachsorgeanweisungen zu befolgen.<\/p>\n\n<\/div>\n<\/div>\n<div id=\"faq-question-1684931116410\" class=\"rank-math-list-item\">\n<h3 class=\"rank-math-question \">Kann die Mesotherapie schiefgehen?<\/h3>\n<div class=\"rank-math-answer \">\n\n<p>Zu den Faktoren, die das Risiko von Komplikationen erh\u00f6hen k\u00f6nnen, geh\u00f6ren eine unsachgem\u00e4\u00dfe Verabreichung, die Verwendung von unsterilen Ger\u00e4ten oder Substanzen oder allergische Reaktionen auf die injizierten Substanzen. Um das Risiko unerw\u00fcnschter Wirkungen zu minimieren, ist es wichtig, eine qualifizierte und erfahrene medizinische Fachkraft zu w\u00e4hlen, die die richtigen Protokolle befolgt und sterile Techniken anwendet.<\/p>\n\n<\/div>\n<\/div>\n<\/div>\n<\/div>\n<p><\/p>\n\n<h3 class=\"wp-block-heading\">Kontaktieren Sie uns jetzt, falls Sie Fragen haben!<\/h3>\n","protected":false},"excerpt":{"rendered":"<p>Sind Sie es leid, d\u00fcnne und glanzlose Lippen zu haben, die Sie \u00e4lter als Ihre Jahre aussehen lassen? Die Lippen-Mesotherapie [&hellip;]<\/p>\n","protected":false},"author":4,"featured_media":92892,"parent":0,"menu_order":0,"comment_status":"closed","ping_status":"closed","template":"","meta":{"site-sidebar-layout":"default","site-content-layout":"","ast-site-content-layout":"default","site-content-style":"default","site-sidebar-style":"default","ast-global-header-display":"","ast-banner-title-visibility":"","ast-main-header-display":"","ast-hfb-above-header-display":"","ast-hfb-below-header-display":"","ast-hfb-mobile-header-display":"","site-post-title":"","ast-breadcrumbs-content":"","ast-featured-img":"","footer-sml-layout":"","ast-disable-related-posts":"","theme-transparent-header-meta":"","adv-header-id-meta":"","stick-header-meta":"","header-above-stick-meta":"","header-main-stick-meta":"","header-below-stick-meta":"","astra-migrate-meta-layouts":"default","ast-page-background-enabled":"default","ast-page-background-meta":{"desktop":{"background-color":"var(--ast-global-color-4)","background-image":"","background-repeat":"repeat","background-position":"center center","background-size":"auto","background-attachment":"scroll","background-type":"","background-media":"","overlay-type":"","overlay-color":"","overlay-opacity":"","overlay-gradient":""},"tablet":{"background-color":"","background-image":"","background-repeat":"repeat","background-position":"center center","background-size":"auto","background-attachment":"scroll","background-type":"","background-media":"","overlay-type":"","overlay-color":"","overlay-opacity":"","overlay-gradient":""},"mobile":{"background-color":"","background-image":"","background-repeat":"repeat","background-position":"center center","background-size":"auto","background-attachment":"scroll","background-type":"","background-media":"","overlay-type":"","overlay-color":"","overlay-opacity":"","overlay-gradient":""}},"ast-content-background-meta":{"desktop":{"background-color":"var(--ast-global-color-5)","background-image":"","background-repeat":"repeat","background-position":"center center","background-size":"auto","background-attachment":"scroll","background-type":"","background-media":"","overlay-type":"","overlay-color":"","overlay-opacity":"","overlay-gradient":""},"tablet":{"background-color":"var(--ast-global-color-5)","background-image":"","background-repeat":"repeat","background-position":"center center","background-size":"auto","background-attachment":"scroll","background-type":"","background-media":"","overlay-type":"","overlay-color":"","overlay-opacity":"","overlay-gradient":""},"mobile":{"background-color":"var(--ast-global-color-5)","background-image":"","background-repeat":"repeat","background-position":"center center","background-size":"auto","background-attachment":"scroll","background-type":"","background-media":"","overlay-type":"","overlay-color":"","overlay-opacity":"","overlay-gradient":""}},"footnotes":""},"class_list":["post-146559","page","type-page","status-publish","has-post-thumbnail","hentry"],"_links":{"self":[{"href":"https:\/\/medclinics.com\/de\/wp-json\/wp\/v2\/pages\/146559","targetHints":{"allow":["GET"]}}],"collection":[{"href":"https:\/\/medclinics.com\/de\/wp-json\/wp\/v2\/pages"}],"about":[{"href":"https:\/\/medclinics.com\/de\/wp-json\/wp\/v2\/types\/page"}],"author":[{"embeddable":true,"href":"https:\/\/medclinics.com\/de\/wp-json\/wp\/v2\/users\/4"}],"replies":[{"embeddable":true,"href":"https:\/\/medclinics.com\/de\/wp-json\/wp\/v2\/comments?post=146559"}],"version-history":[{"count":0,"href":"https:\/\/medclinics.com\/de\/wp-json\/wp\/v2\/pages\/146559\/revisions"}],"wp:featuredmedia":[{"embeddable":true,"href":"https:\/\/medclinics.com\/de\/wp-json\/wp\/v2\/media\/92892"}],"wp:attachment":[{"href":"https:\/\/medclinics.com\/de\/wp-json\/wp\/v2\/media?parent=146559"}],"curies":[{"name":"wp","href":"https:\/\/api.w.org\/{rel}","templated":true}]}}