{"id":146535,"date":"2023-05-24T11:57:47","date_gmt":"2023-05-24T08:57:47","guid":{"rendered":"https:\/\/medclinics.com\/kiefer-lipolyse\/"},"modified":"2024-04-01T15:18:34","modified_gmt":"2024-04-01T12:18:34","slug":"kiefer-lipolyse","status":"publish","type":"page","link":"https:\/\/medclinics.com\/de\/kiefer-lipolyse\/","title":{"rendered":"Kiefer-Lipolyse"},"content":{"rendered":"\n<h2 class=\"wp-block-heading\">Sind Sie es leid, dass \u00fcbersch\u00fcssige Fettablagerungen das Aussehen Ihrer Kieferpartie beeintr\u00e4chtigen? Dann sind Sie bei der Kiefer-Lipolyse genau richtig.<\/h2>\n\n<p>Die Kieferlipolyse, auch bekannt als Kieferkonturierung oder Fettabsaugung, ist ein minimalinvasiver kosmetischer Eingriff, der Ihre Gesichtsz\u00fcge perfekt konturieren und formen kann. Bei dieser Technik werden hartn\u00e4ckige Fettp\u00f6lsterchen im Zielbereich mit speziellen Werkzeugen abgebaut und entfernt.<\/p>\n\n<p>Das Verfahren der Kieferlipolyse ist einfach: Mit einem kleinen Schnitt an unauff\u00e4lligen Stellen wie hinter den Ohrl\u00e4ppchen oder unter dem Kinn werden d\u00fcnne Kan\u00fclen in diese \u00d6ffnungen eingef\u00fchrt, um unerw\u00fcnschtes Fettgewebe sanft abzusaugen. Durch die Hin- und Herbewegung werden die Zellen gelockert und k\u00f6nnen mit vakuum\u00e4hnlichen Ger\u00e4ten leicht entfernt werden.<\/p>\n\n<p>Die Kieferlipolyse bietet im Vergleich zu invasiveren chirurgischen Eingriffen eine kurze Erholungszeit und liefert verbl\u00fcffende Ergebnisse, wie z. B. die Definition und Verfeinerung der nat\u00fcrlichen Knochenstruktur &#8211; und damit ein \u00e4sthetisch ansprechendes Aussehen. Das ist nicht nur wichtig, weil es die Sch\u00f6nheit f\u00f6rdert, sondern auch das Selbstvertrauen!<\/p>\n\n<p>Es sollte beachtet werden, dass die Kiefer-Lipolyse nicht zur <a href=\"https:\/\/en.wikipedia.org\/wiki\/Weight_loss\" target=\"_blank\" rel=\"noreferrer noopener\">Gewichtsreduzierung<\/a> gedacht ist, sondern sich auf die Verbesserung der Gesichtskonturen konzentriert, indem lokalisierte Fette aus bestimmten Bereichen entfernt werden, wo sie resistent gegen Di\u00e4t- und Bewegungsanstrengungen sind &#8211; was diejenigen zu idealen Kandidaten macht, die eine gute Hautelastizit\u00e4t und einen guten allgemeinen Gesundheitszustand haben!<\/p>\n\n<h3 class=\"wp-block-heading\">Alles, was Sie \u00fcber <a href=\"https:\/\/medclinics.com\/de\/schonheit\/\" target=\"_blank\" rel=\"noreferrer noopener\">Sch\u00f6nheitsbehandlungen<\/a> wissen m\u00fcssen, finden Sie hier, <a href=\"#requestform\">kontaktieren Sie uns<\/a> jetzt!<\/h3>\n\n<h2 class=\"wp-block-heading\">FAQ <\/h2>\n<div id=\"rank-math-faq\" class=\"rank-math-block\">\n<div class=\"rank-math-list \">\n<div id=\"faq-question-1684925595609\" class=\"rank-math-list-item\">\n<h3 class=\"rank-math-question \">Was ist eine Lipolyse-Behandlung?<\/h3>\n<div class=\"rank-math-answer \">\n\n<p>Die Lipolyse-Behandlung, auch Injektions-Lipolyse oder Lipodissolve genannt, ist ein nicht-chirurgisches kosmetisches Verfahren zur Reduzierung lokaler Fettablagerungen in bestimmten K\u00f6rperbereichen. Dabei wird eine spezielle L\u00f6sung in die gew\u00fcnschten Fettzellen injiziert. Die L\u00f6sung enth\u00e4lt in der Regel eine Kombination von Stoffen wie Phosphatidylcholin (PC) und Deoxycholat (DC), von denen angenommen wird, dass sie Fettzellen abbauen.<br \/>Die injizierte L\u00f6sung unterbricht die Fettzellmembranen, so dass die Fettzellen ihren Inhalt freigeben. Mit der Zeit verstoffwechselt der K\u00f6rper das freigesetzte Fett und baut es ab. Die Lipolyse-Behandlung wird in erster Linie zur K\u00f6rperkonturierung und zur Verringerung hartn\u00e4ckiger Fettpolster eingesetzt, die auf Di\u00e4t und Sport nicht gut ansprechen.<\/p>\n\n<\/div>\n<\/div>\n<div id=\"faq-question-1684925709876\" class=\"rank-math-list-item\">\n<h3 class=\"rank-math-question \">Wie lange dauern die Injektionen zur Kieferverkleinerung?<\/h3>\n<div class=\"rank-math-answer \">\n\n<p>Kieferverkleinerungs-Injektionen halten in der Regel zwischen 3 und 6 Monaten, aber die Ergebnisse k\u00f6nnen individuell variieren. In der Regel werden Folgebehandlungen empfohlen, um das gew\u00fcnschte Ergebnis zu erhalten. Es ist wichtig, dass Sie sich von einem qualifizierten Fachmann beraten lassen, damit Sie eine auf Ihre speziellen Bed\u00fcrfnisse abgestimmte Beratung erhalten.<\/p>\n\n<\/div>\n<\/div>\n<div id=\"faq-question-1684925780086\" class=\"rank-math-list-item\">\n<h3 class=\"rank-math-question \">Funktionieren fettaufl\u00f6sende Injektionen am Kiefer?<\/h3>\n<div class=\"rank-math-answer \">\n\n<p>Ja, fettaufl\u00f6sende Injektionen k\u00f6nnen gezielt eingesetzt werden, um \u00fcbersch\u00fcssiges Fett im Kieferbereich zu reduzieren. Diese Injektionen enthalten in der Regel eine Substanz namens Desoxychols\u00e4ure, die in den Zielbereich injiziert wird, um Fettzellen abzubauen und zu zerst\u00f6ren.<br \/>Bei korrekter Verabreichung durch eine qualifizierte medizinische Fachkraft k\u00f6nnen fettaufl\u00f6sende Injektionen das Erscheinungsbild eines Doppelkinns oder \u00fcbersch\u00fcssigen Fetts entlang der Kieferpartie wirksam reduzieren. Die Desoxychols\u00e4ure st\u00f6rt die Fettzellmembranen, was zu einem allm\u00e4hlichen Abbau und einer Beseitigung der Fettzellen durch die nat\u00fcrlichen Prozesse des K\u00f6rpers f\u00fchrt.<\/p>\n\n<\/div>\n<\/div>\n<\/div>\n<\/div>\n<p><\/p>\n\n<h3 class=\"wp-block-heading\">Kontaktieren Sie uns jetzt, falls Sie Fragen haben!<\/h3>\n","protected":false},"excerpt":{"rendered":"<p>Sind Sie es leid, dass \u00fcbersch\u00fcssige Fettablagerungen das Aussehen Ihrer Kieferpartie beeintr\u00e4chtigen? Dann sind Sie bei der Kiefer-Lipolyse genau richtig. [&hellip;]<\/p>\n","protected":false},"author":4,"featured_media":92861,"parent":0,"menu_order":0,"comment_status":"closed","ping_status":"closed","template":"","meta":{"site-sidebar-layout":"default","site-content-layout":"","ast-site-content-layout":"default","site-content-style":"default","site-sidebar-style":"default","ast-global-header-display":"","ast-banner-title-visibility":"","ast-main-header-display":"","ast-hfb-above-header-display":"","ast-hfb-below-header-display":"","ast-hfb-mobile-header-display":"","site-post-title":"","ast-breadcrumbs-content":"","ast-featured-img":"","footer-sml-layout":"","ast-disable-related-posts":"","theme-transparent-header-meta":"","adv-header-id-meta":"","stick-header-meta":"","header-above-stick-meta":"","header-main-stick-meta":"","header-below-stick-meta":"","astra-migrate-meta-layouts":"default","ast-page-background-enabled":"default","ast-page-background-meta":{"desktop":{"background-color":"var(--ast-global-color-4)","background-image":"","background-repeat":"repeat","background-position":"center center","background-size":"auto","background-attachment":"scroll","background-type":"","background-media":"","overlay-type":"","overlay-color":"","overlay-opacity":"","overlay-gradient":""},"tablet":{"background-color":"","background-image":"","background-repeat":"repeat","background-position":"center center","background-size":"auto","background-attachment":"scroll","background-type":"","background-media":"","overlay-type":"","overlay-color":"","overlay-opacity":"","overlay-gradient":""},"mobile":{"background-color":"","background-image":"","background-repeat":"repeat","background-position":"center center","background-size":"auto","background-attachment":"scroll","background-type":"","background-media":"","overlay-type":"","overlay-color":"","overlay-opacity":"","overlay-gradient":""}},"ast-content-background-meta":{"desktop":{"background-color":"var(--ast-global-color-5)","background-image":"","background-repeat":"repeat","background-position":"center center","background-size":"auto","background-attachment":"scroll","background-type":"","background-media":"","overlay-type":"","overlay-color":"","overlay-opacity":"","overlay-gradient":""},"tablet":{"background-color":"var(--ast-global-color-5)","background-image":"","background-repeat":"repeat","background-position":"center center","background-size":"auto","background-attachment":"scroll","background-type":"","background-media":"","overlay-type":"","overlay-color":"","overlay-opacity":"","overlay-gradient":""},"mobile":{"background-color":"var(--ast-global-color-5)","background-image":"","background-repeat":"repeat","background-position":"center center","background-size":"auto","background-attachment":"scroll","background-type":"","background-media":"","overlay-type":"","overlay-color":"","overlay-opacity":"","overlay-gradient":""}},"footnotes":""},"class_list":["post-146535","page","type-page","status-publish","has-post-thumbnail","hentry"],"_links":{"self":[{"href":"https:\/\/medclinics.com\/de\/wp-json\/wp\/v2\/pages\/146535","targetHints":{"allow":["GET"]}}],"collection":[{"href":"https:\/\/medclinics.com\/de\/wp-json\/wp\/v2\/pages"}],"about":[{"href":"https:\/\/medclinics.com\/de\/wp-json\/wp\/v2\/types\/page"}],"author":[{"embeddable":true,"href":"https:\/\/medclinics.com\/de\/wp-json\/wp\/v2\/users\/4"}],"replies":[{"embeddable":true,"href":"https:\/\/medclinics.com\/de\/wp-json\/wp\/v2\/comments?post=146535"}],"version-history":[{"count":0,"href":"https:\/\/medclinics.com\/de\/wp-json\/wp\/v2\/pages\/146535\/revisions"}],"wp:featuredmedia":[{"embeddable":true,"href":"https:\/\/medclinics.com\/de\/wp-json\/wp\/v2\/media\/92861"}],"wp:attachment":[{"href":"https:\/\/medclinics.com\/de\/wp-json\/wp\/v2\/media?parent=146535"}],"curies":[{"name":"wp","href":"https:\/\/api.w.org\/{rel}","templated":true}]}}