{"id":146521,"date":"2023-05-24T10:42:18","date_gmt":"2023-05-24T10:42:18","guid":{"rendered":"https:\/\/medclinics.com\/hydrafacial-behandlung\/"},"modified":"2024-04-04T19:32:43","modified_gmt":"2024-04-04T16:32:43","slug":"hydrafacial-behandlung","status":"publish","type":"page","link":"https:\/\/medclinics.com\/de\/hydrafacial-behandlung\/","title":{"rendered":"Hydrafacial-Behandlung"},"content":{"rendered":"\n<h2 class=\"wp-block-heading\">Wenn Sie nach einer M\u00f6glichkeit suchen, sich j\u00fcnger zu f\u00fchlen, k\u00f6nnte die Hydrafacial-Behandlung die perfekte L\u00f6sung sein.<\/h2>\n\n<p>Die <a href=\"https:\/\/istanbul-tourist-information.com\/en\/beauty-salon-treatments\/\" target=\"_blank\" rel=\"noreferrer noopener\">Hydrafacial-Behandlung<\/a> ist die ultimative L\u00f6sung f\u00fcr alle, die das Aussehen und die Gesundheit ihrer Haut verbessern m\u00f6chten, ohne sich einem invasiven Eingriff zu unterziehen. Diese nicht-invasive Gesichtsbehandlung kombiniert Reinigung, Peeling, Extraktion, Feuchtigkeitszufuhr und Antioxidantienschutz in einer Sitzung.<\/p>\n\n<p>Durch den Einsatz eines speziellen Ger\u00e4ts, das abgestorbene Hautzellen sanft entfernt und gleichzeitig Unreinheiten aus den Poren mit einer vakuum\u00e4hnlichen Ansaugtechnik absaugt, werden bei diesem innovativen Verfahren n\u00e4hrende Inhaltsstoffe wie Antioxidantien, Peptide und Hyalurons\u00e4ure in die Haut eingebracht, die f\u00fcr eine jugendliche Ausstrahlung sorgen.<\/p>\n\n<p>Sie eignet sich f\u00fcr alle Hauttypen und behebt verschiedene Probleme wie feine Linien, Falten, ungleichm\u00e4\u00dfige Hautstruktur, verstopfte Poren, Mitesser, fettige, zu Akne neigende, trockene, dehydrierte Haut, Hyperpigmentierung, Sonnensch\u00e4den &#8211; sie kann in mehreren Sitzungen durchgef\u00fchrt werden, mit sp\u00fcrbaren Ergebnissen nach nur einer Sitzung!<\/p>\n\n<p>Dieses sanfte Verfahren erfordert keine Ausfallzeiten, so dass Sie Ihre normalen Aktivit\u00e4ten unmittelbar nach jedem Termin wieder aufnehmen k\u00f6nnen! Da die Ergebnisse jedoch individuell unterschiedlich ausfallen k\u00f6nnen, empfehlen wir, sich vorher von qualifizierten Hautpflegeexperten oder Dermatologen beraten zu lassen.  <\/p>\n\n<h3 class=\"wp-block-heading\">Alles, was Sie \u00fcber <a href=\"https:\/\/medclinics.com\/de\/schonheit\/\" target=\"_blank\" rel=\"noreferrer noopener\">Sch\u00f6nheitsbehandlungen<\/a> wissen m\u00fcssen, einschlie\u00dflich Nachsorge und Heilungsprozess, oder <a href=\"#requestform\">kontaktieren Sie uns<\/a>!<\/h3>\n\n<h2 class=\"wp-block-heading\">FAQ <\/h2>\n<div id=\"rank-math-faq\" class=\"rank-math-block\">\n<div class=\"rank-math-list \">\n<div id=\"faq-question-1684924402238\" class=\"rank-math-list-item\">\n<h3 class=\"rank-math-question \">Wie lange dauert eine Hydrafacial-Behandlung?<\/h3>\n<div class=\"rank-math-answer \">\n\n<p>Die Hydrafacial-Behandlung dauert in der Regel zwischen 30 Minuten und 1 Stunde. Die Dauer der Behandlung kann je nach Behandlungsplan, behandelten Bereichen und zus\u00e4tzlichen Leistungen variieren. Die Wirkung und die Vorteile k\u00f6nnen mehrere Wochen lang anhalten, doch werden regelm\u00e4\u00dfige Behandlungen empfohlen, um optimale Ergebnisse zu erzielen. Konsequenz und Folgebehandlungen sind entscheidend f\u00fcr eine langfristige Verbesserung der Hautgesundheit und des Aussehens. Am besten lassen Sie sich von einem zugelassenen \u00c4sthetiker oder Hautpflegespezialisten beraten, um den besten Behandlungsplan f\u00fcr Ihre speziellen Bed\u00fcrfnisse zu ermitteln.<\/p>\n\n<\/div>\n<\/div>\n<div id=\"faq-question-1684924464809\" class=\"rank-math-list-item\">\n<h3 class=\"rank-math-question \">Sind Hydrafacials gut f\u00fcr Akne?<\/h3>\n<div class=\"rank-math-answer \">\n\n<p>Hydrafacials k\u00f6nnen eine vorteilhafte Behandlung f\u00fcr Menschen mit zu Akne neigender Haut sein. Der mehrstufige Prozess der Reinigung, des Peelings, der Extraktion und der N\u00e4hrstoffversorgung der Haut kann dazu beitragen, die Ursachen der Akne zu bek\u00e4mpfen. Indem sie die Haut gr\u00fcndlich reinigen und \u00fcbersch\u00fcssiges \u00d6l, Schmutz und Bakterien entfernen, k\u00f6nnen sie verstopfte Poren minimieren und Akneausbr\u00fcche reduzieren. Der Peelingschritt f\u00f6rdert den Zellumsatz und gl\u00e4ttet Aknenarben und Unebenheiten. Das sanfte Extraktionsverfahren hilft, Mitesser und Mitesser zu entfernen, ohne die Haut zu verletzen. Zus\u00e4tzlich tr\u00e4gt die Infusion von feuchtigkeitsspendenden und n\u00e4hrenden Seren w\u00e4hrend der Behandlung dazu bei, den Feuchtigkeitsgehalt auszugleichen, die Heilung zu f\u00f6rdern und die allgemeine Gesundheit der Haut zu unterst\u00fctzen.<\/p>\n\n<\/div>\n<\/div>\n<div id=\"faq-question-1684924551755\" class=\"rank-math-list-item\">\n<h3 class=\"rank-math-question \">Welche Art von Hydrafacial ist die beste?<\/h3>\n<div class=\"rank-math-answer \">\n\n<p>Die beste Art der Hydrafacial-Behandlung h\u00e4ngt von den individuellen Hautproblemen und Zielen ab. Es bietet eine Reihe von Optionen, die auf die jeweiligen Bed\u00fcrfnisse zugeschnitten werden k\u00f6nnen. Dar\u00fcber hinaus kann die Hydrafacial-Behandlung mit Wachstumsfaktoren die Kollagenproduktion anregen und die Vitalit\u00e4t der Haut verbessern. Um herauszufinden, welche Art von Hydrafacial f\u00fcr Sie am besten geeignet ist, empfiehlt sich eine Beratung durch einen Hautpflegeexperten.<\/p>\n\n<\/div>\n<\/div>\n<div id=\"faq-question-1684924582308\" class=\"rank-math-list-item\">\n<h3 class=\"rank-math-question \">Sind Hydrafacials sicher?<\/h3>\n<div class=\"rank-math-answer \">\n\n<p>Ja, HydraFacials gelten im Allgemeinen als sicher, wenn sie von geschultem Fachpersonal durchgef\u00fchrt werden. Es ist wichtig sicherzustellen, dass die verwendeten Ger\u00e4te und Produkte von hoher Qualit\u00e4t und ordnungsgem\u00e4\u00df desinfiziert sind. Die Reaktionen k\u00f6nnen individuell variieren, aber m\u00f6gliche Nebenwirkungen sind in der Regel leicht und vor\u00fcbergehend. Um Sicherheit und Wirksamkeit zu gew\u00e4hrleisten, wird empfohlen, die Behandlung von einer zugelassenen Fachkraft durchf\u00fchren zu lassen, die die entsprechenden Protokolle befolgt.<\/p>\n\n<\/div>\n<\/div>\n<\/div>\n<\/div>\n<p><\/p>\n\n<h3 class=\"wp-block-heading\">Kontaktieren Sie uns jetzt, falls Sie Fragen haben!<\/h3>\n","protected":false},"excerpt":{"rendered":"<p>Wenn Sie nach einer M\u00f6glichkeit suchen, sich j\u00fcnger zu f\u00fchlen, k\u00f6nnte die Hydrafacial-Behandlung die perfekte L\u00f6sung sein. Die Hydrafacial-Behandlung ist [&hellip;]<\/p>\n","protected":false},"author":4,"featured_media":92832,"parent":0,"menu_order":0,"comment_status":"closed","ping_status":"closed","template":"","meta":{"site-sidebar-layout":"default","site-content-layout":"","ast-site-content-layout":"default","site-content-style":"default","site-sidebar-style":"default","ast-global-header-display":"","ast-banner-title-visibility":"","ast-main-header-display":"","ast-hfb-above-header-display":"","ast-hfb-below-header-display":"","ast-hfb-mobile-header-display":"","site-post-title":"","ast-breadcrumbs-content":"","ast-featured-img":"","footer-sml-layout":"","ast-disable-related-posts":"","theme-transparent-header-meta":"","adv-header-id-meta":"","stick-header-meta":"","header-above-stick-meta":"","header-main-stick-meta":"","header-below-stick-meta":"","astra-migrate-meta-layouts":"default","ast-page-background-enabled":"default","ast-page-background-meta":{"desktop":{"background-color":"var(--ast-global-color-4)","background-image":"","background-repeat":"repeat","background-position":"center center","background-size":"auto","background-attachment":"scroll","background-type":"","background-media":"","overlay-type":"","overlay-color":"","overlay-opacity":"","overlay-gradient":""},"tablet":{"background-color":"","background-image":"","background-repeat":"repeat","background-position":"center center","background-size":"auto","background-attachment":"scroll","background-type":"","background-media":"","overlay-type":"","overlay-color":"","overlay-opacity":"","overlay-gradient":""},"mobile":{"background-color":"","background-image":"","background-repeat":"repeat","background-position":"center center","background-size":"auto","background-attachment":"scroll","background-type":"","background-media":"","overlay-type":"","overlay-color":"","overlay-opacity":"","overlay-gradient":""}},"ast-content-background-meta":{"desktop":{"background-color":"var(--ast-global-color-5)","background-image":"","background-repeat":"repeat","background-position":"center center","background-size":"auto","background-attachment":"scroll","background-type":"","background-media":"","overlay-type":"","overlay-color":"","overlay-opacity":"","overlay-gradient":""},"tablet":{"background-color":"var(--ast-global-color-5)","background-image":"","background-repeat":"repeat","background-position":"center center","background-size":"auto","background-attachment":"scroll","background-type":"","background-media":"","overlay-type":"","overlay-color":"","overlay-opacity":"","overlay-gradient":""},"mobile":{"background-color":"var(--ast-global-color-5)","background-image":"","background-repeat":"repeat","background-position":"center center","background-size":"auto","background-attachment":"scroll","background-type":"","background-media":"","overlay-type":"","overlay-color":"","overlay-opacity":"","overlay-gradient":""}},"footnotes":""},"class_list":["post-146521","page","type-page","status-publish","has-post-thumbnail","hentry"],"_links":{"self":[{"href":"https:\/\/medclinics.com\/de\/wp-json\/wp\/v2\/pages\/146521","targetHints":{"allow":["GET"]}}],"collection":[{"href":"https:\/\/medclinics.com\/de\/wp-json\/wp\/v2\/pages"}],"about":[{"href":"https:\/\/medclinics.com\/de\/wp-json\/wp\/v2\/types\/page"}],"author":[{"embeddable":true,"href":"https:\/\/medclinics.com\/de\/wp-json\/wp\/v2\/users\/4"}],"replies":[{"embeddable":true,"href":"https:\/\/medclinics.com\/de\/wp-json\/wp\/v2\/comments?post=146521"}],"version-history":[{"count":0,"href":"https:\/\/medclinics.com\/de\/wp-json\/wp\/v2\/pages\/146521\/revisions"}],"wp:featuredmedia":[{"embeddable":true,"href":"https:\/\/medclinics.com\/de\/wp-json\/wp\/v2\/media\/92832"}],"wp:attachment":[{"href":"https:\/\/medclinics.com\/de\/wp-json\/wp\/v2\/media?parent=146521"}],"curies":[{"name":"wp","href":"https:\/\/api.w.org\/{rel}","templated":true}]}}