{"id":146509,"date":"2023-07-24T09:06:17","date_gmt":"2023-07-24T06:06:17","guid":{"rendered":"https:\/\/medclinics.com\/body-mass-index-bmi-2\/"},"modified":"2025-01-25T14:29:55","modified_gmt":"2025-01-25T11:29:55","slug":"body-mass-index-bmi-2","status":"publish","type":"page","link":"https:\/\/medclinics.com\/de\/body-mass-index-bmi-2\/","title":{"rendered":"Body Mass Index (BMI)"},"content":{"rendered":"\n<h2 class=\"wp-block-heading\">Die Berechnung Ihres BMI ist der erste Schritt auf dem Weg zu Ihrem Idealgewicht!<\/h2>\n\n<p>Der <a href=\"https:\/\/en.wikipedia.org\/wiki\/Body_mass_index\" target=\"_blank\" rel=\"noreferrer noopener\">Body-Mass-Index (BMI<\/a> ) ist ein wertvolles Instrument zur Beurteilung Ihres Gewichts im Verh\u00e4ltnis zu Ihrer K\u00f6rpergr\u00f6\u00dfe. Er gibt Aufschluss \u00fcber Ihre allgemeine Gesundheit und kann Ihnen helfen, einen ausgewogenen und erf\u00fcllten Lebensstil zu f\u00fchren. Lassen Sie uns besprechen, was der BMI ist, wie er berechnet wird und wie Sie ihn nutzen k\u00f6nnen, um Ihre Gesundheit zu verbessern.<\/p>\n\n<ul class=\"wp-block-list\">\n<li>Sie wird berechnet, indem Ihr Gewicht in Kilogramm durch das Quadrat Ihrer K\u00f6rpergr\u00f6\u00dfe in Metern geteilt wird.<\/li>\n\n\n\n<li>Es gibt eine Reihe von Kategorien, darunter Untergewicht, Normalgewicht, \u00dcbergewicht und Fettleibigkeit, die helfen, Ihren Gewichtsstatus zu klassifizieren.<\/li>\n<\/ul>\n\n<p>Hier erfahren Sie, wie Sie den BMI berechnen:<\/p>\n\n<ul class=\"wp-block-list\">\n<li><strong>Messen Sie Ihr Gewicht: <\/strong>Verwenden Sie eine Waage, um Ihr Gewicht genau zu messen. Notieren Sie das Gewicht in Kilogramm (kg) f\u00fcr die Berechnung.<\/li>\n\n\n\n<li><strong>Messen Sie Ihre K\u00f6rpergr\u00f6\u00dfe: <\/strong>Benutzen Sie ein Ma\u00dfband oder eine Skala, um Ihre K\u00f6rpergr\u00f6\u00dfe in Metern (m) zu messen. Wenn Sie Ihre K\u00f6rpergr\u00f6\u00dfe in Zentimetern (cm) haben, teilen Sie sie durch 100, um sie in Meter umzurechnen.<\/li>\n\n\n\n<li><strong>Quadrieren Sie Ihre H\u00f6he<\/strong>: Multiplizieren Sie Ihr H\u00f6henma\u00df mit sich selbst, um den Quadratwert zu erhalten. Dieser Schritt ist f\u00fcr die Berechnung des BMI erforderlich.<\/li>\n\n\n\n<li><strong>Berechnen Sie Ihren BMI:<\/strong> Teilen Sie Ihr Gewicht in Kilogramm durch das Quadrat Ihrer K\u00f6rpergr\u00f6\u00dfe in Metern. Die Formel lautet BMI = Gewicht (kg) \/ <sup>Gr\u00f6\u00dfe2<\/sup> (<sup>m2<\/sup>)<\/li>\n<\/ul>\n\n<figure class=\"wp-block-image size-full\"><img fetchpriority=\"high\" decoding=\"async\" width=\"960\" height=\"540\" src=\"https:\/\/medclinics.com\/wp-content\/uploads\/2023\/07\/body-mass-index-bmi-near-me.jpg\" alt=\"Body Mass Index \/ BMI-Berechnungen in Istanbul\" class=\"wp-image-97816\" srcset=\"https:\/\/medclinics.com\/wp-content\/uploads\/2023\/07\/body-mass-index-bmi-near-me.jpg 960w, https:\/\/medclinics.com\/wp-content\/uploads\/2023\/07\/body-mass-index-bmi-near-me-500x281.jpg 500w, https:\/\/medclinics.com\/wp-content\/uploads\/2023\/07\/body-mass-index-bmi-near-me-768x432.jpg 768w, https:\/\/medclinics.com\/wp-content\/uploads\/2023\/07\/body-mass-index-bmi-near-me-24x14.jpg 24w, https:\/\/medclinics.com\/wp-content\/uploads\/2023\/07\/body-mass-index-bmi-near-me-36x20.jpg 36w, https:\/\/medclinics.com\/wp-content\/uploads\/2023\/07\/body-mass-index-bmi-near-me-48x27.jpg 48w\" sizes=\"(max-width: 960px) 100vw, 960px\" \/><\/figure>\n\n<p>Berechnungsbeispiel: Angenommen, Sie wiegen 80 Kilogramm (kg) und sind 1,70 Meter (m) gro\u00df.<\/p>\n\n<p>Body Mass Index (BMI) = 80 kg \/ (1,70 m x 1,70 m) = 80 kg \/ 2,89<sup>m2<\/sup> \u2248 27,68<\/p>\n\n<p><\/p>\n\n<ul class=\"wp-block-list\">\n<li>Untergewicht: BMI weniger als 18,5<\/li>\n\n\n\n<li>Normales Gewicht: BMI zwischen 18,5 und 24,9<\/li>\n\n\n\n<li>\u00dcbergewicht: BMI zwischen 25 und 29,9<\/li>\n\n\n\n<li>Fettleibig: BMI von 30 oder h\u00f6her<\/li>\n<\/ul>\n\n<p><\/p>\n\n<h3 class=\"wp-block-heading\">Alles, was Sie \u00fcber die Behandlung von <a href=\"https:\/\/medclinics.com\/de\/obesity-treatment-2\/\" target=\"_blank\" rel=\"noreferrer noopener\">Adipositas<\/a> <a href=\"https:\/\/medclinics.com\/de\/obesity-treatment\/\" target=\"_blank\" rel=\"noreferrer noopener\">wissen<\/a> <a href=\"https:\/\/medclinics.com\/de\/obesity-treatment-2\/\" target=\"_blank\" rel=\"noreferrer noopener\">m\u00fcssen<\/a>, einschlie\u00dflich der Preise und mehr, finden Sie hier, <a href=\"#requestform\">kontaktieren Sie uns<\/a> jetzt!<\/h3>\n\n<h2 class=\"wp-block-heading\">FAQ<\/h2>\n<div id=\"rank-math-faq\" class=\"rank-math-block\">\n<div class=\"rank-math-list \">\n<div id=\"faq-question-1684918733545\" class=\"rank-math-list-item\">\n<h3 class=\"rank-math-question \">Warum ist der Body-Mass-Index wichtig?<\/h3>\n<div class=\"rank-math-answer \">\n\n<p>Der Body-Mass-Index (BMI) ist als Gesundheitsindikator und Screening-Instrument von gro\u00dfer Bedeutung. Sie hilft bei der Beurteilung des Gewichtsstatus und bei der Erkennung potenzieller Gesundheitsrisiken im Zusammenhang mit Krankheiten wie Herzerkrankungen, Diabetes und einigen Krebsarten. Der BMI gibt Aufschluss dar\u00fcber, ob sich eine Person in einem gesunden Gewichtsbereich befindet oder ob sie untergewichtig, \u00fcbergewichtig oder fettleibig ist, und dient somit als Orientierungshilfe bei der Festlegung von Zielen f\u00fcr das Gewichtsmanagement. Dar\u00fcber hinaus bietet es eine \u00dcberwachung der \u00f6ffentlichen Gesundheit, die es den politischen Entscheidungstr\u00e4gern erm\u00f6glicht, gewichtsbezogene Probleme auf der Ebene der Bev\u00f6lkerung anzugehen. Dar\u00fcber hinaus ist der BMI in der Forschung und Epidemiologie von gro\u00dfem Wert, da er die Untersuchung von Zusammenh\u00e4ngen zwischen Gewicht, Gesundheitszustand und verschiedenen Faktoren erleichtert. Der BMI hat zwar seine Grenzen, da er beispielsweise Unterschiede in der K\u00f6rperzusammensetzung nicht ber\u00fccksichtigt, aber eine Beratung durch medizinisches Fachpersonal kann eine individuelle Beratung und eine umfassende Bewertung erm\u00f6glichen.<\/p>\n\n<\/div>\n<\/div>\n<div id=\"faq-question-1684918735614\" class=\"rank-math-list-item\">\n<h3 class=\"rank-math-question \">Ist der BMI ein n\u00fctzliches Ma\u00df f\u00fcr die Gesundheit?<\/h3>\n<div class=\"rank-math-answer \">\n\n<p>Die N\u00fctzlichkeit des Body-Mass-Index (BMI) als Ma\u00df f\u00fcr die Gesundheit ist Gegenstand st\u00e4ndiger Diskussionen und weist gewisse Einschr\u00e4nkungen auf. Der BMI bietet zwar eine einfache und schnelle M\u00f6glichkeit, den Gewichtsstatus und m\u00f6gliche Gesundheitsrisiken im Zusammenhang mit gewichtsbedingten Erkrankungen zu beurteilen, ber\u00fccksichtigt jedoch keine Faktoren wie Muskelmasse, K\u00f6rperzusammensetzung oder Fettverteilung.<\/p>\n\n<\/div>\n<\/div>\n<div id=\"faq-question-1684918736566\" class=\"rank-math-list-item\">\n<h3 class=\"rank-math-question \">Wie wird der Body-Mass-Index berechnet?<\/h3>\n<div class=\"rank-math-answer \">\n\n<p>Der BMI wird berechnet, indem das Gewicht einer Person in Kilogramm durch das Quadrat ihrer K\u00f6rpergr\u00f6\u00dfe in Metern geteilt wird.<\/p>\n\n<\/div>\n<\/div>\n<div id=\"faq-question-1684918737595\" class=\"rank-math-list-item\">\n<h3 class=\"rank-math-question \">Ist der Body-Mass-Index genau?<\/h3>\n<div class=\"rank-math-answer \">\n\n<p>Die Genauigkeit des Body Mass Index (BMI) als Ma\u00df f\u00fcr die Gesundheit ist umstritten. Der BMI liefert zwar eine Gesamtbeurteilung des Gewichtsstatus, hat aber seine Grenzen und spiegelt den allgemeinen Gesundheitszustand einer Person m\u00f6glicherweise nicht genau wider. Beim BMI werden Faktoren wie Muskelmasse, K\u00f6rperzusammensetzung oder Fettverteilung nicht ber\u00fccksichtigt. Infolgedessen k\u00f6nnen Personen mit h\u00f6herer Muskelmasse oder dichterem Knochenbau einen h\u00f6heren BMI haben, ohne \u00fcbergewichtig zu sein oder ein Risiko f\u00fcr gewichtsbedingte Gesundheitsprobleme zu haben. Ebenso k\u00f6nnen Personen mit einem normalen BMI einen h\u00f6heren Anteil an K\u00f6rperfett und damit verbundene Gesundheitsrisiken aufweisen. Um eine genauere Gesundheitsbewertung zu erhalten, wird empfohlen, zus\u00e4tzliche Ma\u00dfnahmen wie die Analyse der K\u00f6rperzusammensetzung und die Konsultation von Gesundheitsexperten in Betracht zu ziehen, die individuelle Bewertungen und Ratschl\u00e4ge geben k\u00f6nnen.<\/p>\n\n<\/div>\n<\/div>\n<\/div>\n<\/div>\n<p><\/p>\n\n<h3 class=\"wp-block-heading\">Kontaktieren Sie uns jetzt, falls Sie Fragen haben!<\/h3>\n<\/p>\n","protected":false},"excerpt":{"rendered":"<p>Die Berechnung Ihres BMI ist der erste Schritt auf dem Weg zu Ihrem Idealgewicht! Der Body-Mass-Index (BMI ) ist ein [&hellip;]<\/p>\n","protected":false},"author":4,"featured_media":91533,"parent":0,"menu_order":0,"comment_status":"closed","ping_status":"closed","template":"","meta":{"site-sidebar-layout":"default","site-content-layout":"","ast-site-content-layout":"default","site-content-style":"default","site-sidebar-style":"default","ast-global-header-display":"","ast-banner-title-visibility":"","ast-main-header-display":"","ast-hfb-above-header-display":"","ast-hfb-below-header-display":"","ast-hfb-mobile-header-display":"","site-post-title":"","ast-breadcrumbs-content":"","ast-featured-img":"","footer-sml-layout":"","ast-disable-related-posts":"","theme-transparent-header-meta":"","adv-header-id-meta":"","stick-header-meta":"","header-above-stick-meta":"","header-main-stick-meta":"","header-below-stick-meta":"","astra-migrate-meta-layouts":"default","ast-page-background-enabled":"default","ast-page-background-meta":{"desktop":{"background-color":"var(--ast-global-color-4)","background-image":"","background-repeat":"repeat","background-position":"center center","background-size":"auto","background-attachment":"scroll","background-type":"","background-media":"","overlay-type":"","overlay-color":"","overlay-opacity":"","overlay-gradient":""},"tablet":{"background-color":"","background-image":"","background-repeat":"repeat","background-position":"center center","background-size":"auto","background-attachment":"scroll","background-type":"","background-media":"","overlay-type":"","overlay-color":"","overlay-opacity":"","overlay-gradient":""},"mobile":{"background-color":"","background-image":"","background-repeat":"repeat","background-position":"center center","background-size":"auto","background-attachment":"scroll","background-type":"","background-media":"","overlay-type":"","overlay-color":"","overlay-opacity":"","overlay-gradient":""}},"ast-content-background-meta":{"desktop":{"background-color":"var(--ast-global-color-5)","background-image":"","background-repeat":"repeat","background-position":"center center","background-size":"auto","background-attachment":"scroll","background-type":"","background-media":"","overlay-type":"","overlay-color":"","overlay-opacity":"","overlay-gradient":""},"tablet":{"background-color":"var(--ast-global-color-5)","background-image":"","background-repeat":"repeat","background-position":"center center","background-size":"auto","background-attachment":"scroll","background-type":"","background-media":"","overlay-type":"","overlay-color":"","overlay-opacity":"","overlay-gradient":""},"mobile":{"background-color":"var(--ast-global-color-5)","background-image":"","background-repeat":"repeat","background-position":"center center","background-size":"auto","background-attachment":"scroll","background-type":"","background-media":"","overlay-type":"","overlay-color":"","overlay-opacity":"","overlay-gradient":""}},"footnotes":""},"class_list":["post-146509","page","type-page","status-publish","has-post-thumbnail","hentry"],"_links":{"self":[{"href":"https:\/\/medclinics.com\/de\/wp-json\/wp\/v2\/pages\/146509","targetHints":{"allow":["GET"]}}],"collection":[{"href":"https:\/\/medclinics.com\/de\/wp-json\/wp\/v2\/pages"}],"about":[{"href":"https:\/\/medclinics.com\/de\/wp-json\/wp\/v2\/types\/page"}],"author":[{"embeddable":true,"href":"https:\/\/medclinics.com\/de\/wp-json\/wp\/v2\/users\/4"}],"replies":[{"embeddable":true,"href":"https:\/\/medclinics.com\/de\/wp-json\/wp\/v2\/comments?post=146509"}],"version-history":[{"count":0,"href":"https:\/\/medclinics.com\/de\/wp-json\/wp\/v2\/pages\/146509\/revisions"}],"wp:featuredmedia":[{"embeddable":true,"href":"https:\/\/medclinics.com\/de\/wp-json\/wp\/v2\/media\/91533"}],"wp:attachment":[{"href":"https:\/\/medclinics.com\/de\/wp-json\/wp\/v2\/media?parent=146509"}],"curies":[{"name":"wp","href":"https:\/\/api.w.org\/{rel}","templated":true}]}}