{"id":146497,"date":"2023-11-24T08:25:00","date_gmt":"2023-11-24T05:25:00","guid":{"rendered":"https:\/\/medclinics.com\/magenbypass\/"},"modified":"2025-02-04T14:34:55","modified_gmt":"2025-02-04T11:34:55","slug":"magenbypass","status":"publish","type":"page","link":"https:\/\/medclinics.com\/de\/magenbypass\/","title":{"rendered":"Magenbypass"},"content":{"rendered":"\n<h2 class=\"wp-block-heading\"><br\/>Alles, was Sie \u00fcber die Magenbypass-Operation wissen m\u00fcssen<\/h2>\n\n<p><br\/>Die <strong><a href=\"https:\/\/pubmed.ncbi.nlm.nih.gov\/?term=gastric+bypass+surgery\" target=\"_blank\" rel=\"noreferrer noopener\">Magenbypass-Operation<\/a><\/strong> ist eine Form der <strong><a href=\"https:\/\/pubmed.ncbi.nlm.nih.gov\/?term=weight+loss+treatment\" target=\"_blank\" rel=\"noreferrer noopener nofollow\">Behandlung zur Gewichtsreduktion<\/a><\/strong>. W\u00e4hrend des Eingriffs wird der Arzt einen kleinen Beutel aus Ihrem Magen bilden. Dieser Beutel wird dann mit einem Teil Ihres D\u00fcnndarms verbunden. Dadurch durchlaufen die Mahlzeiten den gr\u00f6\u00dften Teil Ihres Magens und einen Teil Ihres D\u00fcnndarms. Durch diese Technik nimmt Ihr K\u00f6rper weniger Energie und N\u00e4hrstoffe auf. Dies f\u00fchrt mit der Zeit zu einer Gewichtsabnahme.     <\/p>\n\n<p>Die chirurgische Behandlung erlaubt es den Menschen, viel weniger zu essen. Der kleinere Magenbeutel f\u00fcllt sich schnell, und man f\u00fchlt sich auch schneller besser. Au\u00dferdem werden durch die Operation die Hungerhormone reduziert, so dass man viel weniger Hunger versp\u00fcrt. Das macht es weniger kompliziert, Kilos zu verlieren.   <\/p>\n\n<h2 class=\"wp-block-heading\">Wie lange dauert eine Magenbypass-Operation?<\/h2>\n\n<p><br\/>Der Eingriff dauert im Allgemeinen zwischen <strong>1,5 und 2 Stunden<\/strong>. Die meisten Patienten k\u00f6nnen 2 bis 4 Tage nach dem chirurgischen Eingriff nach Hause gehen. Sie werden sorgf\u00e4ltig \u00fcberwacht, um sicherzustellen, dass sich alles gut erholt.  <\/p>\n\n<h2 class=\"wp-block-heading\">Was passiert nach einer Magenbypass-Operation?<\/h2>\n\n<p><\/p>\n\n<p>Nach der Operation werden Sie einige Tage im Krankenhaus bleiben. Das gibt Ihrer Klinik Zeit, Ihre Heilung zu \u00fcberwachen. Au\u00dferdem beginnen Sie sofort mit einem fl\u00fcssigen Ern\u00e4hrungsplan. Dieser Ern\u00e4hrungsplan erm\u00f6glicht es Ihrem Bauch und Ihren D\u00e4rmen zu heilen.   <\/p>\n\n<p>Wenn es Ihnen besser geht, f\u00fcgen Sie langsam leichte Mahlzeiten hinzu. Schlie\u00dflich werden Sie zu fester Nahrung \u00fcbergehen. Ihr Arzt wird Sie sorgf\u00e4ltig durch diesen Prozess begleiten. Damit soll sichergestellt werden, dass sich Ihr K\u00f6rper gut auf die Ver\u00e4nderungen einstellt.   <\/p>\n\n<h2 class=\"wp-block-heading\">Wie viel Gewicht kann man mit einem Magenbypass abnehmen?<\/h2>\n\n<p><\/p>\n\n<p>Die Menge an Gewicht, die Sie verlieren, h\u00e4ngt von vielen Faktoren ab. Die meisten Menschen verlieren in den ersten 12 Monaten nach der chirurgischen Behandlung <strong>60-70 %<\/strong> ihres zus\u00e4tzlichen Gewichts. Dies d\u00fcrfte sich stark auf Ihre Gesundheit auswirken. Viele Menschen sehen zus\u00e4tzlich Verbesserungen bei Erkrankungen wie <strong>Diabetes<\/strong> und<strong> Blutdruck<\/strong>.   <\/p>\n\n<p>Die Magenbypass-Operation wird im Allgemeinen f\u00fcr Menschen mit einem <strong><a href=\"https:\/\/medclinics.com\/de\/body-mass-index-bmi-2\/\" target=\"_blank\" rel=\"noreferrer noopener\">BMI<\/a> \u00fcber 35 oder 40<\/strong> empfohlen.<\/p>\n\n<h2 class=\"wp-block-heading\">Wer sollte eine Magenbypass-Operation in Betracht ziehen?<\/h2>\n\n<p><\/p>\n\n<p>Ein <strong>Magenbypass<\/strong> ist h\u00e4ufig die richtige Wahl f\u00fcr Menschen, die erfolglos Di\u00e4t und Training ausprobiert haben. Es ist au\u00dferdem eine erstaunliche M\u00f6glichkeit f\u00fcr Menschen mit \u00fcberm\u00e4\u00dfigen gesundheitlichen Problemen aufgrund von Gewichtsproblemen. Wenn Sie einen <strong>BMI von \u00fcber 40<\/strong> oder einen BMI <strong>von \u00fcber 35 mit gesundheitlichen Problemen<\/strong> haben, ist dieses chirurgische Verfahren wahrscheinlich das richtige f\u00fcr Sie. Ihr Arzt wird feststellen, ob ein Magenbypass die richtige Wahl f\u00fcr Sie ist.   <\/p>\n\n<p>Bedenken Sie jedoch, dass diese chirurgische Behandlung keine kurze Erholungszeit ist. Sie erfordert eine langfristige Selbstdisziplin. Nach der chirurgischen Behandlung m\u00fcssen Sie einen Gewichtsreduktionsplan erstellen und mit viel Energie leben. Dies ist die entscheidende Komponente, um Ihren Gewichtsverlust zu halten.   <\/p>\n\n<h2 class=\"wp-block-heading\">Vorteile der Magenbypass-Operation<\/h2>\n\n<p><\/p>\n\n<ul class=\"wp-block-list\">\n<li><strong>Signifikanter Gewichtsverlust:<\/strong> Die meisten Patienten verlieren innerhalb der ersten dreihundertf\u00fcnfundsechzig Tage <strong>60-70 % ihres zus\u00e4tzlichen Gewichts<\/strong>. Dieser Gewichtsverlust kann Ihre Gesundheit und Ihr Selbstbild verbessern. <\/li>\n\n\n\n<li><strong>Verbesserte Gesundheit:<\/strong> Viele Menschen sehen Verbesserungen bei Krankheiten wie <strong>Typ-2-Diabetes<\/strong>, <strong>Schlafapnoe<\/strong> und <strong>Blutdruck<\/strong>. Eine Gewichtsabnahme kann auch Gelenkschmerzen und das Risiko einer koronaren Herzerkrankung verringern. <\/li>\n\n\n\n<li><strong>Bessere Lebensqualit\u00e4t:<\/strong> Eine Gewichtsabnahme bedeutet mehr Kraft, bessere Mobilit\u00e4t und ein besseres Wohlbefinden. Sie k\u00f6nnen auch Ihr Selbstvertrauen st\u00e4rken. <\/li>\n\n\n\n<li><strong>Bew\u00e4hrte Ergebnisse:<\/strong> Der <strong>Magenbypass<\/strong> ist eine der erfolgreichsten chirurgischen Behandlungen zur Gewichtsreduktion. Sie wird seit Jahrzehnten angewandt und hat schon unz\u00e4hligen Menschen geholfen. <\/li>\n<\/ul>\n\n<h2 class=\"wp-block-heading\"><br\/>Was Sie w\u00e4hrend der Genesung erwarten k\u00f6nnen<\/h2>\n\n<p><br\/>Nach einem <strong>Magenbypass<\/strong> wird die Heilung einige Zeit in Anspruch nehmen. Hier ist, was zu erwarten ist: <\/p>\n\n<ul class=\"wp-block-list\">\n<li><strong>Krankenhausaufenthalt:<\/strong> Sie werden <strong>2 bis vier Tage<\/strong> im Krankenhaus bleiben. Ihr Arzt wird Sie sorgf\u00e4ltig \u00fcberwachen, um sicherzustellen, dass sich alles gut erholt. <\/li>\n\n\n\n<li><strong>Erste Woche:<\/strong> Sie folgen einem fl\u00fcssigkeitsbetonten Abnehmplan. Ihr Arzt wird Sie in dieser Phase behutsam anleiten. Langsam k\u00f6nnen Sie erst leichte und dann feste Nahrung zu sich nehmen.  <\/li>\n\n\n\n<li><strong>1-3 Monate:<\/strong> In dieser Zeit beginnen Sie, Gewicht zu verlieren. Die meisten Menschen k\u00f6nnen nach etwa vier bis sechs Wochen zur Arbeit und zu regelm\u00e4\u00dfigen sportlichen Aktivit\u00e4ten zur\u00fcckkehren. Ihr Arzt wird Sie ermutigen, mit m\u00e4\u00dfiger k\u00f6rperlicher Bet\u00e4tigung zu beginnen, aber halten Sie sich von schwerem Heben fern, bevor es erlaubt ist.  <\/li>\n\n\n\n<li><strong>3-6 Monate:<\/strong> Als die Monate flie\u00dfen in mit der Ressource der Nutzung der, Ihr Gewicht Reduktion wird fortgesetzt. Viele Menschen genie\u00dfen extra gesund und extra aktiv im Laufe dieser Zeit. Regelm\u00e4\u00dfige Kontrollbesuche zusammen mit Ihrem Arzt helfen Ihnen, auf dem richtigen Weg zu bleiben.  <\/li>\n\n\n\n<li><strong>Laufende Pflege:<\/strong> Um Ihre Gewichtsreduktion zu erhalten, sollten Sie eine gesunde Lebensweise beibehalten. Halten Sie sich an die Anweisungen Ihres Arztes f\u00fcr Ihr Abnehmprogramm und Ihren Sport. Vielleicht m\u00f6chten Sie auch Vitamine und Nahrungserg\u00e4nzungsmittel einnehmen, um sicherzustellen, dass Sie die ben\u00f6tigten Vitamine erhalten.  <\/li>\n<\/ul>\n\n<h2 class=\"wp-block-heading\"><br\/>Ist die Magenbypass-Operation das Richtige f\u00fcr Sie?<\/h2>\n\n<p><\/p>\n\n<p>Wenn Sie mit Gewichtsproblemen und gewichtsbedingten Fitnessproblemen zu k\u00e4mpfen haben,<strong> <\/strong>Die Magenbypass-Behandlung ist wahrscheinlich die Antwort. Es ist eine wirksame Methode, um Gewicht zu verlieren und Ihre Fitness zu verbessern. Es ist jedoch keine magische Wiederherstellung. Um dauerhafte Ergebnisse zu erzielen, m\u00fcssen Sie Ihren Lebensstil langfristig umstellen.   <\/p>\n\n<p>Bevor Sie eine Entscheidung treffen, sprechen Sie mit Ihrem Arzt. Er wird Ihnen sagen, ob <strong> <\/strong>Die Magenbypass-Operation ist eine sehr gute M\u00f6glichkeit f\u00fcr Ihr spezielles Szenario.<\/p>\n\n<h2 class=\"wp-block-heading\">Fazit<\/h2>\n\n<p><\/p>\n\n<p>Die <strong>Magenbypass-Operation<\/strong> ist eine der besten chirurgischen Techniken zur Gewichtsreduzierung, die es in letzter Zeit gibt. Damit k\u00f6nnen Sie hervorragend abnehmen und Ihre Gesundheit verbessern, wenn sie f\u00fcr Sie geeignet ist. Wenn Sie einen BMI \u00fcber vierzig oder \u00fcber 35 mit gesundheitlichen Problemen haben, ist der Magenbypass wahrscheinlich die richtige Wahl f\u00fcr Sie.  <\/p>\n\n<p>Die chirurgische Behandlung ist ein Hilfsmittel, das Ihnen hilft, Ihre Tr\u00e4ume vom Abnehmen zu verwirklichen, aber der Erfolg basiert definitiv auf Ihrer Hingabe zu einer gesunden Lebensweise. Wenn Sie Ihre Reise zur Gewichtsabnahme beginnen m\u00f6chten, kontaktieren Sie uns in diesen Tagen, um mehr \u00fcber die chirurgische Magenbypass-Operation zu erfahren und dar\u00fcber, wie Sie damit Ihre Fitness-Tr\u00e4ume verwirklichen k\u00f6nnen. <\/p>\n\n<h3 class=\"wp-block-heading\">Alles, was Sie \u00fcber die <a href=\"https:\/\/medclinics.com\/de\/fettleibigkeit\/\" target=\"_blank\" rel=\"noreferrer noopener\">Behandlung von Adipositas<\/a> wissen m\u00fcssen, einschlie\u00dflich des Heilungsprozesses oder mehr, finden Sie hier, <a href=\"#requestform\">kontaktieren Sie uns<\/a>!<\/h3>\n\n<figure class=\"wp-block-image size-full\"><img fetchpriority=\"high\" decoding=\"async\" width=\"960\" height=\"540\" src=\"https:\/\/medclinics.com\/wp-content\/uploads\/2023\/07\/gastric-bypass-near-me.jpg\" alt=\"Magenbypass in meiner N&#xE4;he Istanbul T&#xFC;rkei\" class=\"wp-image-97826\" srcset=\"https:\/\/medclinics.com\/wp-content\/uploads\/2023\/07\/gastric-bypass-near-me.jpg 960w, https:\/\/medclinics.com\/wp-content\/uploads\/2023\/07\/gastric-bypass-near-me-500x281.jpg 500w, https:\/\/medclinics.com\/wp-content\/uploads\/2023\/07\/gastric-bypass-near-me-768x432.jpg 768w, https:\/\/medclinics.com\/wp-content\/uploads\/2023\/07\/gastric-bypass-near-me-24x14.jpg 24w, https:\/\/medclinics.com\/wp-content\/uploads\/2023\/07\/gastric-bypass-near-me-36x20.jpg 36w, https:\/\/medclinics.com\/wp-content\/uploads\/2023\/07\/gastric-bypass-near-me-48x27.jpg 48w\" sizes=\"(max-width: 960px) 100vw, 960px\" \/><\/figure>\n\n<h2 class=\"wp-block-heading\">FAQ<\/h2>\n<div id=\"rank-math-faq\" class=\"rank-math-block\">\n<div class=\"rank-math-list \">\n<div id=\"faq-question-1684916450872\" class=\"rank-math-list-item\">\n<h3 class=\"rank-math-question \">Was ist eine Magenbypass-Operation?<\/h3>\n<div class=\"rank-math-answer \">\n\n<p>Die Magenbypass-Operation ist ein Verfahren zur Gewichtsreduktion, bei dem ein kleinerer Magenbeutel angelegt und der Verdauungsweg umgelenkt wird. Der kleinere Magenbeutel schr\u00e4nkt die Nahrungsaufnahme ein, w\u00e4hrend der umgeleitete Darm die Kalorien- und N\u00e4hrstoffaufnahme reduziert. Dieser chirurgische Eingriff wird in der Regel mit minimalinvasiven laparoskopischen Techniken durchgef\u00fchrt, was zu einer k\u00fcrzeren Erholungszeit f\u00fchrt. Diese Operation ist jedoch ein gr\u00f6\u00dferer Eingriff, der nach einer gr\u00fcndlichen Untersuchung des individuellen Gesundheitszustands und einer Beratung durch einen Arzt sorgf\u00e4ltig erwogen werden sollte.<\/p>\n\n<\/div>\n<\/div>\n<div id=\"faq-question-1684916409121\" class=\"rank-math-list-item\">\n<h3 class=\"rank-math-question \">Wie wird ein Magenbypass durchgef\u00fchrt?<\/h3>\n<div class=\"rank-math-answer \">\n\n<p>Die Magenbypass-Operation ist ein Verfahren zur Gewichtsabnahme, bei dem das Verdauungssystem ver\u00e4ndert wird, um eine Gewichtsreduktion zu erreichen. Der Eingriff wird in der Regel mit minimalinvasiven laparoskopischen Techniken durchgef\u00fchrt und beginnt mit kleinen Schnitten im Bauchraum. Anschlie\u00dfend teilt der Chirurg den Magen in einen kleineren oberen und einen gr\u00f6\u00dferen unteren Teil. Anschlie\u00dfend wird ein Teil des D\u00fcnndarms umgelenkt und mit dem neuen Magenbeutel verbunden, wodurch ein Teil des Verdauungstrakts umgangen wird. Durch diese Umleitung des Darms kann die Nahrung den verbleibenden Magen und den oberen Teil des Darms umgehen. Anschlie\u00dfend werden die Einschnitte verschlossen, und die Patienten werden in einem Aufwachraum \u00fcberwacht, bevor sie in ein Krankenhauszimmer verlegt oder entlassen werden. Die Magenbypass-Operation reduziert die Nahrungsaufnahme und ver\u00e4ndert die Aufnahme von Kalorien, was zu einer Gewichtsabnahme f\u00fchrt. Die Einzelheiten des Verfahrens k\u00f6nnen je nach den individuellen Umst\u00e4nden und der Operationstechnik variieren.<\/p>\n\n<\/div>\n<\/div>\n<div id=\"faq-question-1684916556620\" class=\"rank-math-list-item\">\n<h3 class=\"rank-math-question \">Ist ein Magenbypass sicher?<\/h3>\n<div class=\"rank-math-answer \">\n\n<p>Die Magenbypass-Operation gilt im Allgemeinen als sicher, aber wie jeder chirurgische Eingriff birgt sie gewisse Risiken. Die allgemeine Sicherheit eines Magenbypasses h\u00e4ngt von mehreren Faktoren ab, darunter der allgemeine Gesundheitszustand des Patienten, die Erfahrung des Operationsteams und die angemessene postoperative Betreuung. Zu den Komplikationen k\u00f6nnen Infektionen, Blutungen, Blutgerinnsel, undichte Stellen an den chirurgischen Verbindungen und Ern\u00e4hrungsm\u00e4ngel geh\u00f6ren. Schwere Komplikationen sind jedoch relativ selten. Es ist wichtig, dass Personen, die eine Magenbypass-Operation in Erw\u00e4gung ziehen, eine gr\u00fcndliche Untersuchung und Beratung durch einen qualifizierten Arzt in Anspruch nehmen, der die individuellen Risiken einsch\u00e4tzen und entsprechende Ratschl\u00e4ge geben kann.<\/p>\n\n<\/div>\n<\/div>\n<div id=\"faq-question-1684916557749\" class=\"rank-math-list-item\">\n<h3 class=\"rank-math-question \">Kann ein Magenbypass r\u00fcckg\u00e4ngig gemacht werden?<\/h3>\n<div class=\"rank-math-answer \">\n\n<p>Die Magenbypass-Operation gilt im Allgemeinen als dauerhaft und ist nicht ohne weiteres reversibel. Der Eingriff beinhaltet dauerhafte Ver\u00e4nderungen der Anatomie des Verdauungssystems, einschlie\u00dflich der Schaffung eines kleineren Magenbeutels und der Umleitung des Darms. Die R\u00fcckg\u00e4ngigmachung dieser Ver\u00e4nderungen ist komplex und birgt ihre eigenen Risiken und Komplikationen.<br \/>In einigen F\u00e4llen kann eine R\u00fcckg\u00e4ngigmachung des Magenbypasses, eine so genannte Umkehr- oder Revisionsoperation, in Betracht gezogen werden. Sie ist jedoch in der Regel spezifischen medizinischen Gr\u00fcnden vorbehalten, wie etwa schweren Komplikationen oder unertr\u00e4glichen Nebenwirkungen. Die Umkehroperation ist ein komplexes Verfahren, das eine sorgf\u00e4ltige Bewertung erfordert, da sie nicht f\u00fcr jeden Menschen geeignet oder ratsam ist.<\/p>\n\n<\/div>\n<\/div>\n<\/div>\n<\/div>\n<h3 class=\"wp-block-heading\"><a href=\"#requestform\">Kontaktieren Sie uns<\/a> jetzt, falls Sie Fragen haben!<\/h3>\n","protected":false},"excerpt":{"rendered":"<p>Alles, was Sie \u00fcber die Magenbypass-Operation wissen m\u00fcssen Die Magenbypass-Operation ist eine Form der Behandlung zur Gewichtsreduktion. W\u00e4hrend des Eingriffs [&hellip;]<\/p>\n","protected":false},"author":4,"featured_media":91553,"parent":0,"menu_order":0,"comment_status":"closed","ping_status":"closed","template":"","meta":{"site-sidebar-layout":"default","site-content-layout":"","ast-site-content-layout":"default","site-content-style":"default","site-sidebar-style":"default","ast-global-header-display":"","ast-banner-title-visibility":"","ast-main-header-display":"","ast-hfb-above-header-display":"","ast-hfb-below-header-display":"","ast-hfb-mobile-header-display":"","site-post-title":"","ast-breadcrumbs-content":"","ast-featured-img":"","footer-sml-layout":"","ast-disable-related-posts":"","theme-transparent-header-meta":"","adv-header-id-meta":"","stick-header-meta":"","header-above-stick-meta":"","header-main-stick-meta":"","header-below-stick-meta":"","astra-migrate-meta-layouts":"default","ast-page-background-enabled":"default","ast-page-background-meta":{"desktop":{"background-color":"var(--ast-global-color-4)","background-image":"","background-repeat":"repeat","background-position":"center center","background-size":"auto","background-attachment":"scroll","background-type":"","background-media":"","overlay-type":"","overlay-color":"","overlay-opacity":"","overlay-gradient":""},"tablet":{"background-color":"","background-image":"","background-repeat":"repeat","background-position":"center center","background-size":"auto","background-attachment":"scroll","background-type":"","background-media":"","overlay-type":"","overlay-color":"","overlay-opacity":"","overlay-gradient":""},"mobile":{"background-color":"","background-image":"","background-repeat":"repeat","background-position":"center center","background-size":"auto","background-attachment":"scroll","background-type":"","background-media":"","overlay-type":"","overlay-color":"","overlay-opacity":"","overlay-gradient":""}},"ast-content-background-meta":{"desktop":{"background-color":"var(--ast-global-color-5)","background-image":"","background-repeat":"repeat","background-position":"center center","background-size":"auto","background-attachment":"scroll","background-type":"","background-media":"","overlay-type":"","overlay-color":"","overlay-opacity":"","overlay-gradient":""},"tablet":{"background-color":"var(--ast-global-color-5)","background-image":"","background-repeat":"repeat","background-position":"center center","background-size":"auto","background-attachment":"scroll","background-type":"","background-media":"","overlay-type":"","overlay-color":"","overlay-opacity":"","overlay-gradient":""},"mobile":{"background-color":"var(--ast-global-color-5)","background-image":"","background-repeat":"repeat","background-position":"center center","background-size":"auto","background-attachment":"scroll","background-type":"","background-media":"","overlay-type":"","overlay-color":"","overlay-opacity":"","overlay-gradient":""}},"footnotes":""},"class_list":["post-146497","page","type-page","status-publish","has-post-thumbnail","hentry"],"_links":{"self":[{"href":"https:\/\/medclinics.com\/de\/wp-json\/wp\/v2\/pages\/146497","targetHints":{"allow":["GET"]}}],"collection":[{"href":"https:\/\/medclinics.com\/de\/wp-json\/wp\/v2\/pages"}],"about":[{"href":"https:\/\/medclinics.com\/de\/wp-json\/wp\/v2\/types\/page"}],"author":[{"embeddable":true,"href":"https:\/\/medclinics.com\/de\/wp-json\/wp\/v2\/users\/4"}],"replies":[{"embeddable":true,"href":"https:\/\/medclinics.com\/de\/wp-json\/wp\/v2\/comments?post=146497"}],"version-history":[{"count":0,"href":"https:\/\/medclinics.com\/de\/wp-json\/wp\/v2\/pages\/146497\/revisions"}],"wp:featuredmedia":[{"embeddable":true,"href":"https:\/\/medclinics.com\/de\/wp-json\/wp\/v2\/media\/91553"}],"wp:attachment":[{"href":"https:\/\/medclinics.com\/de\/wp-json\/wp\/v2\/media?parent=146497"}],"curies":[{"name":"wp","href":"https:\/\/api.w.org\/{rel}","templated":true}]}}