{"id":146469,"date":"2023-06-24T07:35:55","date_gmt":"2023-06-24T04:35:55","guid":{"rendered":"https:\/\/medclinics.com\/laparoskopisches-verstellbares-magenband\/"},"modified":"2025-01-25T14:30:18","modified_gmt":"2025-01-25T11:30:18","slug":"laparoskopisches-verstellbares-magenband","status":"publish","type":"page","link":"https:\/\/medclinics.com\/de\/laparoskopisches-verstellbares-magenband\/","title":{"rendered":"Laparoskopisches verstellbares Magenband"},"content":{"rendered":"\n<h2 class=\"wp-block-heading\">Wenn Sie nach einer M\u00f6glichkeit suchen, Ihr ideales Aussehen zu erreichen, kann das Laparoscopic Adjustable Gastric Banding eine wunderbare L\u00f6sung sein.<\/h2>\n\n<p>Das <a href=\"https:\/\/en.wikipedia.org\/wiki\/Adjustable_gastric_band\" target=\"_blank\" rel=\"noreferrer noopener nofollow\">laparoskopisch verstellbare Magenband<\/a> ist eine minimalinvasive Operation, die laparoskopisch durchgef\u00fchrt wird. Es handelt sich um eine reversible Ver\u00e4nderung der Magenform. Das Ergebnis ist eine erhebliche Gewichtsreduzierung. Bei der Magenbandoperation wird ein Silikonring (Bandage) um den oberen Teil des Magens gelegt.<\/p>\n\n<p>Infolgedessen nimmt der Bauch die Form einer Sanduhr an. Das Volumen des oberen Teils betr\u00e4gt nur 15-25 ml, und die Anastomose zwischen den beiden Teilen des Magens ist etwa 1 cm gro\u00df. Durch diesen Eingriff wird das Volumen der einzelnen Mahlzeiten des Patienten stark reduziert. Es hilft also bei einer deutlichen Gewichtsabnahme. Die Wahrscheinlichkeit eines Hungergef\u00fchls ist geringer, da sich die S\u00e4ttigungsrezeptoren im oberen Teil des Magens befinden.<\/p>\n\n<ul class=\"wp-block-list\">\n<li>Betriebsdauer: 1 Stunde<\/li>\n\n\n\n<li>Krankenhausaufenthalt: 2-4 Tage<\/li>\n\n\n\n<li>Gewichtsverlust: 40-50%<\/li>\n\n\n\n<li>F\u00fcr Personen mit einem BMI von \u00fcber 40<\/li>\n\n\n\n<li>M\u00f6gliche Risiken: Innere Blutungen, unerw\u00fcnschte Reaktionen auf das Narkosemittel, tiefe Venenthrombose, Verrutschen des Bandes, Leckage<\/li>\n<\/ul>\n\n<h3 class=\"wp-block-heading\">Alles, was Sie \u00fcber die <a href=\"https:\/\/medclinics.com\/de\/obesity-treatment\/\" target=\"_blank\" rel=\"noreferrer noopener\">Behandlung von Adipositas<\/a> wissen m\u00fcssen, einschlie\u00dflich Preis, Nachsorge und Heilungsprozess, oder <a href=\"#requestform\">kontaktieren Sie uns<\/a>!<\/h3>\n\n<figure class=\"wp-block-image size-full\"><img fetchpriority=\"high\" decoding=\"async\" width=\"960\" height=\"540\" src=\"https:\/\/medclinics.com\/wp-content\/uploads\/2023\/07\/laparoscopic-adjustable-gastric-banding-near-me.jpg\" alt=\"Laparoskopisches verstellbares Magenband in meiner N&#xE4;he\" class=\"wp-image-97850\" srcset=\"https:\/\/medclinics.com\/wp-content\/uploads\/2023\/07\/laparoscopic-adjustable-gastric-banding-near-me.jpg 960w, https:\/\/medclinics.com\/wp-content\/uploads\/2023\/07\/laparoscopic-adjustable-gastric-banding-near-me-500x281.jpg 500w, https:\/\/medclinics.com\/wp-content\/uploads\/2023\/07\/laparoscopic-adjustable-gastric-banding-near-me-768x432.jpg 768w, https:\/\/medclinics.com\/wp-content\/uploads\/2023\/07\/laparoscopic-adjustable-gastric-banding-near-me-24x14.jpg 24w, https:\/\/medclinics.com\/wp-content\/uploads\/2023\/07\/laparoscopic-adjustable-gastric-banding-near-me-36x20.jpg 36w, https:\/\/medclinics.com\/wp-content\/uploads\/2023\/07\/laparoscopic-adjustable-gastric-banding-near-me-48x27.jpg 48w\" sizes=\"(max-width: 960px) 100vw, 960px\" \/><\/figure>\n\n<h2 class=\"wp-block-heading\">FAQ<\/h2>\n<div id=\"rank-math-faq\" class=\"rank-math-block\">\n<div class=\"rank-math-list \">\n<div id=\"faq-question-1684912956995\" class=\"rank-math-list-item\">\n<h3 class=\"rank-math-question \">Was ist ein laparoskopisch verstellbares Magenband?<\/h3>\n<div class=\"rank-math-answer \">\n\n<p>Das laparoskopisch verstellbare Magenband ist ein chirurgischer Eingriff zur Gewichtsreduktion, bei dem ein Silikonband \u00fcber den oberen Teil des Magens gelegt wird, wodurch eine kleine Tasche entsteht. Das Band ist verstellbar und f\u00f6rdert die Gewichtsabnahme durch Einschr\u00e4nkung der Nahrungsaufnahme. Sie wird mit minimalinvasiven Techniken durchgef\u00fchrt und erfordert eine st\u00e4ndige \u00dcberwachung und Anpassung f\u00fcr optimale Ergebnisse.<\/p>\n\n<\/div>\n<\/div>\n<div id=\"faq-question-1684913002647\" class=\"rank-math-list-item\">\n<h3 class=\"rank-math-question \">Was sind die Vorteile des laparoskopisch verstellbaren Magenbandes?<\/h3>\n<div class=\"rank-math-answer \">\n\n<p>Das laparoskopisch verstellbare Magenband bietet als Verfahren zur Gewichtsreduktion mehrere Vorteile. Sie ist minimalinvasiv, was zu k\u00fcrzeren Krankenhausaufenthalten, weniger postoperativen Schmerzen und einer schnelleren Genesung f\u00fchrt. Die Verstellbarkeit des Magenbandes erm\u00f6glicht eine individuelle Einschr\u00e4nkung der Nahrungsaufnahme und eine m\u00f6gliche Reversibilit\u00e4t des Eingriffs. Die allm\u00e4hliche Gewichtsabnahme wird gef\u00f6rdert, wodurch das Risiko von N\u00e4hrstoffm\u00e4ngeln verringert wird. Im Vergleich zu invasiveren Verfahren hat das laparoskopisch verstellbare Magenband ein geringeres Risiko von Komplikationen. Der Erfolg des Verfahrens h\u00e4ngt jedoch davon ab, dass der Patient seinen Lebensstil \u00e4ndert, regelm\u00e4\u00dfige Nachuntersuchungen durchf\u00fchrt und sich an eine gesunde Lebensweise h\u00e4lt.<\/p>\n\n<\/div>\n<\/div>\n<div id=\"faq-question-1684913113716\" class=\"rank-math-list-item\">\n<h3 class=\"rank-math-question \">Was sind die Nachteile des laparoskopisch verstellbaren Magenbandes?<\/h3>\n<div class=\"rank-math-answer \">\n\n<p>Das laparoskopisch verstellbare Magenband bietet zwar Vorteile, hat aber auch potenzielle Nachteile, die es zu ber\u00fccksichtigen gilt. Erstens kann die Gewichtsabnahme mit einem Magenband im Vergleich zu anderen Operationen zur Gewichtsabnahme, wie z. B. einem Magenbypass, langsamer erfolgen. Dies kann Geduld und langfristiges Engagement erfordern. Dar\u00fcber hinaus kann es zu Komplikationen kommen, die mit dem Magenband selbst zusammenh\u00e4ngen, wie z. B. ein Verrutschen oder eine Erosion des Bandes, was weitere Eingriffe erforderlich machen kann. Die Notwendigkeit einer st\u00e4ndigen \u00dcberwachung, Anpassung und Nachuntersuchung kann f\u00fcr manche Menschen eine Belastung darstellen. Auch eine unzureichende Gewichtsabnahme oder eine erneute Gewichtszunahme sind m\u00f6glich, was die Bedeutung einer gesunden Lebensweise unterstreicht. Dar\u00fcber hinaus kann der restriktive Charakter des Verfahrens den Verzehr bestimmter Lebensmittel und eine angemessene Ern\u00e4hrung erschweren, so dass Ern\u00e4hrungsumstellungen und eine sorgf\u00e4ltige \u00dcberwachung der N\u00e4hrstoffzufuhr erforderlich sind.<\/p>\n\n<\/div>\n<\/div>\n<div id=\"faq-question-1684913564397\" class=\"rank-math-list-item\">\n<h3 class=\"rank-math-question \">Wie funktioniert das verstellbare Magenband?<\/h3>\n<div class=\"rank-math-answer \">\n\n<p>Beim verstellbaren Magenband, das auch als laparoskopisches verstellbares Magenband bezeichnet wird, wird ein verstellbares Silikonband um den oberen Teil des Magens gelegt. Dadurch entsteht ein kleiner Beutel, der die Menge der Nahrung einschr\u00e4nkt, die aufgenommen werden kann. Durch Anziehen oder Lockern des Bandes \u00fcber eine Zugangs\u00f6ffnung kann der Grad der Einschr\u00e4nkung an die individuellen Bed\u00fcrfnisse angepasst werden. Das Pflaster begrenzt nicht nur die Menge der Nahrung, die auf einmal gegessen werden kann, sondern verlangsamt auch den Verdauungsprozess, so dass die Betroffenen l\u00e4nger satt bleiben. Einer der Vorteile dieses Verfahrens ist seine Anpassungsf\u00e4higkeit, die es erm\u00f6glicht, je nach Gewichtsverlust \u00c4nderungen vorzunehmen. Au\u00dferdem kann das Band bei Bedarf entfernt oder \u00fcberarbeitet werden. Die Wirksamkeit des verstellbaren Magenbandes h\u00e4ngt jedoch davon ab, dass sich der Patient zu einer gesunden Lebensweise verpflichtet, und es sind regelm\u00e4\u00dfige Nachuntersuchungen erforderlich, um die Fortschritte zu \u00fcberwachen und notwendige Anpassungen vorzunehmen.<\/p>\n\n<\/div>\n<\/div>\n<\/div>\n<\/div>\n<p>\u00a0<\/p>\n\n<h3 class=\"wp-block-heading\">Kontaktieren Sie uns jetzt, falls Sie Fragen haben!<\/h3>\n\n<p><\/p>\n","protected":false},"excerpt":{"rendered":"<p>Wenn Sie nach einer M\u00f6glichkeit suchen, Ihr ideales Aussehen zu erreichen, kann das Laparoscopic Adjustable Gastric Banding eine wunderbare L\u00f6sung [&hellip;]<\/p>\n","protected":false},"author":4,"featured_media":91694,"parent":0,"menu_order":0,"comment_status":"closed","ping_status":"closed","template":"","meta":{"site-sidebar-layout":"default","site-content-layout":"","ast-site-content-layout":"default","site-content-style":"default","site-sidebar-style":"default","ast-global-header-display":"","ast-banner-title-visibility":"","ast-main-header-display":"","ast-hfb-above-header-display":"","ast-hfb-below-header-display":"","ast-hfb-mobile-header-display":"","site-post-title":"","ast-breadcrumbs-content":"","ast-featured-img":"","footer-sml-layout":"","ast-disable-related-posts":"","theme-transparent-header-meta":"","adv-header-id-meta":"","stick-header-meta":"","header-above-stick-meta":"","header-main-stick-meta":"","header-below-stick-meta":"","astra-migrate-meta-layouts":"default","ast-page-background-enabled":"default","ast-page-background-meta":{"desktop":{"background-color":"var(--ast-global-color-4)","background-image":"","background-repeat":"repeat","background-position":"center center","background-size":"auto","background-attachment":"scroll","background-type":"","background-media":"","overlay-type":"","overlay-color":"","overlay-opacity":"","overlay-gradient":""},"tablet":{"background-color":"","background-image":"","background-repeat":"repeat","background-position":"center center","background-size":"auto","background-attachment":"scroll","background-type":"","background-media":"","overlay-type":"","overlay-color":"","overlay-opacity":"","overlay-gradient":""},"mobile":{"background-color":"","background-image":"","background-repeat":"repeat","background-position":"center center","background-size":"auto","background-attachment":"scroll","background-type":"","background-media":"","overlay-type":"","overlay-color":"","overlay-opacity":"","overlay-gradient":""}},"ast-content-background-meta":{"desktop":{"background-color":"var(--ast-global-color-5)","background-image":"","background-repeat":"repeat","background-position":"center center","background-size":"auto","background-attachment":"scroll","background-type":"","background-media":"","overlay-type":"","overlay-color":"","overlay-opacity":"","overlay-gradient":""},"tablet":{"background-color":"var(--ast-global-color-5)","background-image":"","background-repeat":"repeat","background-position":"center center","background-size":"auto","background-attachment":"scroll","background-type":"","background-media":"","overlay-type":"","overlay-color":"","overlay-opacity":"","overlay-gradient":""},"mobile":{"background-color":"var(--ast-global-color-5)","background-image":"","background-repeat":"repeat","background-position":"center center","background-size":"auto","background-attachment":"scroll","background-type":"","background-media":"","overlay-type":"","overlay-color":"","overlay-opacity":"","overlay-gradient":""}},"footnotes":""},"class_list":["post-146469","page","type-page","status-publish","has-post-thumbnail","hentry"],"_links":{"self":[{"href":"https:\/\/medclinics.com\/de\/wp-json\/wp\/v2\/pages\/146469","targetHints":{"allow":["GET"]}}],"collection":[{"href":"https:\/\/medclinics.com\/de\/wp-json\/wp\/v2\/pages"}],"about":[{"href":"https:\/\/medclinics.com\/de\/wp-json\/wp\/v2\/types\/page"}],"author":[{"embeddable":true,"href":"https:\/\/medclinics.com\/de\/wp-json\/wp\/v2\/users\/4"}],"replies":[{"embeddable":true,"href":"https:\/\/medclinics.com\/de\/wp-json\/wp\/v2\/comments?post=146469"}],"version-history":[{"count":0,"href":"https:\/\/medclinics.com\/de\/wp-json\/wp\/v2\/pages\/146469\/revisions"}],"wp:featuredmedia":[{"embeddable":true,"href":"https:\/\/medclinics.com\/de\/wp-json\/wp\/v2\/media\/91694"}],"wp:attachment":[{"href":"https:\/\/medclinics.com\/de\/wp-json\/wp\/v2\/media?parent=146469"}],"curies":[{"name":"wp","href":"https:\/\/api.w.org\/{rel}","templated":true}]}}