{"id":146449,"date":"2023-11-25T07:11:00","date_gmt":"2023-11-25T04:11:00","guid":{"rendered":"https:\/\/medclinics.com\/magenhulse\/"},"modified":"2025-01-29T13:15:27","modified_gmt":"2025-01-29T10:15:27","slug":"magenhulse","status":"publish","type":"page","link":"https:\/\/medclinics.com\/de\/magenhulse\/","title":{"rendered":"Schlauchmagen"},"content":{"rendered":"\n<h2 class=\"wp-block-heading\"><br\/>Wenn Sie unter Gewichtsverlust leiden und nach einer dauerhaften L\u00f6sung suchen, k\u00f6nnte die <strong>Magenh\u00fclsenoperation<\/strong> genau das Richtige f\u00fcr Sie sein.<\/h2>\n\n<p><\/p>\n\n<p>Gastric Sleeve ist eine Methode, die schon vielen Menschen geholfen hat, nicht nur Gewicht zu verlieren, sondern auch ihre Fitness und ihr Wohlbefinden wiederzuerlangen. Aber was genau ist das? Wie funktioniert sie, und ist sie die richtige Wahl f\u00fcr Sie? In diesem Artikel erkl\u00e4ren wir Ihnen alles, was Sie \u00fcber die <strong>Operation der Magenmanschette<\/strong> wissen m\u00fcssen, angefangen von den Vorteilen bis hin zu den Genesungszeiten und warum sie wahrscheinlich die L\u00f6sung ist, nach der Sie gesucht haben.   <\/p>\n\n<h2 class=\"wp-block-heading\"><br\/>Was ist die Operation der Magenh\u00fclse?<\/h2>\n\n<p>Einfach ausgedr\u00fcckt ist die <a href=\"https:\/\/pubmed.ncbi.nlm.nih.gov\/?term=sleeve+gastrectomy\" target=\"_blank\" rel=\"noreferrer noopener\"><strong>Magenh\u00fclsenoperation<\/strong> (<\/a>oder <strong>Sleeve-Gastrektomie<\/strong>) eine Form der Gewichtsreduzierung, bei der die Gr\u00f6\u00dfe und Form Ihres Bauches ver\u00e4ndert wird. W\u00e4hrend des Verfahrens entfernt ein Arzt etwa 75 % Ihres Bauches. Der Arzt l\u00e4sst eine kleine, schlauchartige &#8222;H\u00fclse&#8220; zur\u00fcck. Mit einem kleineren Magen sind Sie schneller satt und essen deshalb aufrichtig weniger, was zu einer Gewichtsabnahme f\u00fchrt.   <\/p>\n\n<p>Aber es geht nicht nur darum, den Bauch zu verkleinern. Durch die Operation wird die Produktion von Hungerhormonen verringert. Sie werden also nicht mehr so hungrig sein wie fr\u00fcher. So kann man mit weniger Energieverbrauch auf dem Weg bleiben. Dies ist entscheidend f\u00fcr den langfristigen Erfolg bei der Gewichtsreduktion.    <\/p>\n\n<figure class=\"wp-block-image size-large\"><img fetchpriority=\"high\" decoding=\"async\" width=\"1024\" height=\"683\" src=\"https:\/\/medclinics.com\/wp-content\/uploads\/2025\/01\/Adsiz-tasarim-3-1024x683.jpg\" alt=\"Gastrische H&#xFC;lse in Istanbul 2025\" class=\"wp-image-173512\" srcset=\"https:\/\/medclinics.com\/wp-content\/uploads\/2025\/01\/Adsiz-tasarim-3-1024x683.jpg 1024w, https:\/\/medclinics.com\/wp-content\/uploads\/2025\/01\/Adsiz-tasarim-3-300x200.jpg 300w, https:\/\/medclinics.com\/wp-content\/uploads\/2025\/01\/Adsiz-tasarim-3-768x512.jpg 768w, https:\/\/medclinics.com\/wp-content\/uploads\/2025\/01\/Adsiz-tasarim-3.jpg 1200w\" sizes=\"(max-width: 1024px) 100vw, 1024px\" \/><\/figure>\n\n<h2 class=\"wp-block-heading\"><br\/>Was passiert nach einer Magenh\u00fclsenoperation?<\/h2>\n\n<p><\/p>\n\n<p>Nach der Operation k\u00f6nnen Sie einige Tage im Krankenhaus bleiben &#8211; in der Regel 2 bis 4 Tage. Das Krankenhaus wird Sie sorgf\u00e4ltig beobachten, um sicherzustellen, dass Sie sich gut erholen. Man wird Sie durch Ihr neues <strong>chirurgisches Abnehmprogramm<\/strong> leiten. W\u00e4hrend dieser Zeit werden Sie Getr\u00e4nke und milde Komponenten zu sich nehmen, um die Heilung Ihres Magens zu unterst\u00fctzen.   <\/p>\n\n<p>Die Genesung kann von Person zu Person variieren, die meisten Menschen kehren jedoch innerhalb von 4 bis 6 Wochen zu ihren normalen sportlichen Aktivit\u00e4ten zur\u00fcck. Nat\u00fcrlich ist es sehr wichtig, dass Sie die Empfehlungen Ihres Arztes beachten, damit Sie gut heilen k\u00f6nnen. <\/p>\n\n<h2 class=\"wp-block-heading\"><br\/>Wie viel Gewicht kann man mit einer Magenh\u00fclse abnehmen?<\/h2>\n\n<p><\/p>\n\n<p>Wie Sie nach einer Magenverkleinerung viel Gewicht verlieren k\u00f6nnen, h\u00e4ngt von einigen Faktoren ab. Ihr Ausgangsgewicht, wie gut Sie sich an Ihren neuen, gesunden Ern\u00e4hrungs- und Trainingsplan halten, und alle zugrundeliegenden wissenschaftlichen Bedingungen spielen eine wesentliche Rolle. Es ist nicht ungew\u00f6hnlich, dass Menschen innerhalb des ersten Jahres nach einem chirurgischen Eingriff zwischen 50 und 60 % abnehmen. Bei einigen wenigen ist der Gewichtsverlust sogar noch gr\u00f6\u00dfer.   <\/p>\n\n<p>Die chirurgische Behandlung mit der Magenh\u00fclse ist besonders geeignet f\u00fcr Menschen mit einem BMI (Body Mass Index) von \u00fcber 35 oder 40 oder h\u00f6her, die an damit verbundenen Gesundheitsproblemen wie Diabetes oder Bluthochdruck leiden. Wenn Sie verschiedene Techniken zur Gewichtsabnahme ohne Erfolg ausprobiert haben, k\u00f6nnte diese chirurgische Behandlung ein Wendepunkt f\u00fcr Sie sein. <\/p>\n\n<h2 class=\"wp-block-heading\"><br\/>Wer ist ein guter Kandidat f\u00fcr die Operation der Magenh\u00fclse?<\/h2>\n\n<p><\/p>\n\n<p>Wenn Sie einen <strong><a href=\"https:\/\/medclinics.com\/de\/body-mass-index-bmi-2\/\" target=\"_blank\" rel=\"noreferrer noopener\">BMI von 35 &#8211; 40 oder mehr<\/a><\/strong> haben, der mit gesundheitlichen Problemen verbunden ist, kann eine <strong>Magenmanschette <\/strong>die richtige Wahl f\u00fcr Sie sein. Es ist jedoch wichtig, dass Sie einen Arzt aufsuchen, der auf <strong><a href=\"https:\/\/pubmed.ncbi.nlm.nih.gov\/?term=bariatric+surgery\" target=\"_blank\" rel=\"noreferrer noopener nofollow\">bariatrische Chirurgie<\/a><\/strong> spezialisiert ist. <\/p>\n\n<p>Die <strong>Operation der Magenh\u00fclse<\/strong> ist zwar ein wirksames Mittel zur Gewichtsreduzierung, aber sie ist keine kurze Reparatur. Um die ersten Effekte zu sehen, m\u00fcssen Sie Ihre Lebensweise dauerhaft \u00e4ndern, sich besonders gesund ern\u00e4hren und in Schwung bleiben. <\/p>\n\n<h2 class=\"wp-block-heading\"><br\/>Vorteile der Operation der Magenh\u00fclse<\/h2>\n\n<p><\/p>\n\n<ul class=\"wp-block-list\">\n<li><strong>Signifikanter Gewichtsverlust:<\/strong> Einer der wichtigsten Vorteile der <strong>chirurgischen Magenmanschette<\/strong> ist die Menge an Gewicht, die Sie verlieren k\u00f6nnen. Die meisten Patienten verlieren zwischen 50 % und 60 % ihres Gewichts im ersten Jahr, was einen gro\u00dfen Einfluss auf Ihre Fitness und Ihren Lebensstil haben kann. <\/li>\n\n\n\n<li><strong>Verbesserte Gesundheit:<\/strong> F\u00fcr viele Betroffene hilft die Operation der Magenh\u00fclse nicht wirklich bei der Gewichtsabnahme. Sie f\u00fchrt auch zu einer Verbesserung von Gesundheitszust\u00e4nden wie Diabetes Typ 2, Schlafapnoe und Blutdruck. Eine Gewichtsabnahme kann auch Gelenkschmerzen verringern und die Beweglichkeit verbessern, was sportliche Aktivit\u00e4ten viel einfacher macht.  <\/li>\n\n\n\n<li><strong>Bessere Lebensqualit\u00e4t:<\/strong> Eine Gewichtsabnahme kann Wunder f\u00fcr die eigene und psychische Gesundheit bewirken. Viele Menschen berichten, dass sie sich nach einer chirurgischen Behandlung energiegeladener und gl\u00fccklicher f\u00fchlen. <\/li>\n\n\n\n<li><strong>Minimale Narbenbildung:<\/strong> Da bei <strong>der Magenmanschetten-Operation<\/strong> nur kleine Schnitte gesetzt werden, ist die Narbenbildung in der Regel minimal und verblasst mit der Zeit.<\/li>\n<\/ul>\n\n<h2 class=\"wp-block-heading\"><br\/>Wie sieht die Erholung aus?<\/h2>\n\n<p><br\/>Hier ist, was Sie erwarten k\u00f6nnen, um in der Recovery-Zeit nach <strong>Magen H\u00fclse chirurgische Heilmittel<\/strong> zu sehen:<\/p>\n\n<ul class=\"wp-block-list\">\n<li><strong>Die ersten 1-2 Tage:<\/strong> Wahrscheinlich bleiben Sie nach der chirurgischen Behandlung 2 bis 4 Tage in der medizinischen Einrichtung. Die medizinische Abteilung wird Ihre Genesung \u00fcberwachen, Ihnen helfen, eventuelle Schmerzen zu lindern, und Sie auf einen fl\u00fcssigkeitsarmen Gewichtsverlustplan setzen. <\/li>\n\n\n\n<li><strong>Erste Woche:<\/strong> In dieser Zeit werden Sie mit Getr\u00e4nken und einfachen Materialien leben. Sie k\u00f6nnen auch einige Schmerzen versp\u00fcren, die aber im Allgemeinen mit einer verordneten Schmerzbehandlung zu bew\u00e4ltigen sind. <\/li>\n\n\n\n<li><strong>1-3 Monate:<\/strong> Inzwischen f\u00fchlen Sie sich wahrscheinlich aktiver, und die Gewichtsabnahme kann enorm sein. Sie werden mit dem Strom schwimmen k\u00f6nnen. Gehen Sie nach etwa 4 bis sechs Wochen wieder zur Arbeit oder treiben Sie t\u00e4glich Sport. W\u00e4hrend dieser Zeit wird Ihr Arzt Sie anleiten, wie Sie starke Substanzen langsam wieder einf\u00fchren k\u00f6nnen.   <\/li>\n\n\n\n<li><strong>3-6 Monate:<\/strong> W\u00e4hrend Ihre Gewichtsreduktion anh\u00e4lt, werden Sie wahrscheinlich das Gef\u00fchl haben, ges\u00fcnder zu sein. Regelm\u00e4\u00dfige Nachsorgetermine bei Ihrem Arzt k\u00f6nnen der Schl\u00fcssel sein, um Ihren Erfolg sicherzustellen und Ihre Fortschritte zu verfolgen. <\/li>\n\n\n\n<li><strong>Fortlaufend:<\/strong> Um Ihren Gewichtsverlust \u00fcber einen l\u00e4ngeren Zeitraum aufrechtzuerhalten, m\u00fcssen Sie sich an eine gesunde Ern\u00e4hrung halten, jeden Tag Sport treiben und alle empfohlenen Vitamine oder Nahrungserg\u00e4nzungsmittel einnehmen. Es ist ein lebenslanger Stil, aber die Belohnungen sind es praktisch wirklich wert. <\/li>\n<\/ul>\n\n<h2 class=\"wp-block-heading\"><br\/>Ist die Operation der Magenh\u00fclse das Richtige f\u00fcr Sie?<\/h2>\n\n<p><\/p>\n\n<p>Wenn Sie unter Gewichtsproblemen und Fitnessproblemen leiden, die mit Ihrem Gewicht zusammenh\u00e4ngen, kann eine <strong>chirurgische Behandlung der Magenmanschette<\/strong> die Antwort sein, die Sie brauchen. Es ist eine wirksame Methode, um Kilos zu verlieren und Ihre Gesundheit zu verbessern, aber es ist keine kurze Heilung. Der Erfolg basiert auf einer langfristigen Anpassung des Lebensstils, was auch bedeutet, dass Sie die Ratschl\u00e4ge Ihres Arztes in Bezug auf Ern\u00e4hrung und Bewegung befolgen m\u00fcssen.  <\/p>\n\n<p>Bevor Sie fortfahren, vereinbaren Sie einen Termin mit einem zugelassenen wissenschaftlichen Arzt, der Ihnen helfen kann, zu entscheiden, ob die <strong>chirurgische Behandlung der Magenmanschette<\/strong> die beste Option f\u00fcr Sie ist.<\/p>\n\n<h2 class=\"wp-block-heading\">Fazit<\/h2>\n\n<p><\/p>\n\n<p>Die <strong>chirurgische Operation der Magenh\u00fclse<\/strong> ist ein gepr\u00fcftes und wirksames Mittel zur Gewichtsabnahme f\u00fcr Menschen, die mit Gewichtsproblemen k\u00e4mpfen. Es bietet erhebliche Gewichtsabnahme, verbessert die Gesundheit, und erg\u00e4nzt die erste Lebensqualit\u00e4t. Allerdings erfordert es eine Entschlossenheit zur langfristigen Art und Weise der Lebensstil \u00e4ndert, um definitiv ein Erfolg sein. Wenn Sie bereit sind, den ersten Schritt auf dem Weg zu einem ges\u00fcnderen, gl\u00fccklicheren Leben zu tun, kann eine <strong>Magenschlauchoperation<\/strong> genau das Richtige f\u00fcr Sie sein.   <\/p>\n\n<p>Wenn Sie daran interessiert sind, mehr dar\u00fcber zu erfahren, oder wenn Sie bereit sind, den n\u00e4chsten Schritt zu tun, <strong>kontaktieren Sie uns in diesen Tagen<\/strong>, um herauszufinden, wie die chirurgische Behandlung der Magenmanschette Ihnen helfen kann, Ihre Tr\u00e4ume von Gewichtsabnahme und Gesundheit zu verwirklichen.<\/p>\n\n<h3 class=\"wp-block-heading\">Alles, was Sie \u00fcber die <a href=\"https:\/\/medclinics.com\/de\/obesity-treatment\/\" target=\"_blank\" rel=\"noreferrer noopener\">Behandlung von Adipositas<\/a> wissen m\u00fcssen, einschlie\u00dflich des Heilungsprozesses und mehr, finden Sie hier, <a href=\"#requestform\">kontaktieren Sie uns<\/a>!<\/h3>\n\n<figure class=\"wp-block-image size-full\"><img decoding=\"async\" width=\"960\" height=\"540\" src=\"https:\/\/medclinics.com\/wp-content\/uploads\/2023\/07\/sleeve-gastrectomy-near-me.jpg\" alt=\"Schlauchmagen in meiner N&#xE4;he Istanbul\" class=\"wp-image-97858\" srcset=\"https:\/\/medclinics.com\/wp-content\/uploads\/2023\/07\/sleeve-gastrectomy-near-me.jpg 960w, https:\/\/medclinics.com\/wp-content\/uploads\/2023\/07\/sleeve-gastrectomy-near-me-500x281.jpg 500w, https:\/\/medclinics.com\/wp-content\/uploads\/2023\/07\/sleeve-gastrectomy-near-me-768x432.jpg 768w, https:\/\/medclinics.com\/wp-content\/uploads\/2023\/07\/sleeve-gastrectomy-near-me-24x14.jpg 24w, https:\/\/medclinics.com\/wp-content\/uploads\/2023\/07\/sleeve-gastrectomy-near-me-36x20.jpg 36w, https:\/\/medclinics.com\/wp-content\/uploads\/2023\/07\/sleeve-gastrectomy-near-me-48x27.jpg 48w\" sizes=\"(max-width: 960px) 100vw, 960px\" \/><\/figure>\n\n<h2 class=\"wp-block-heading\">FAQ<\/h2>\n<div id=\"rank-math-faq\" class=\"rank-math-block\">\n<div class=\"rank-math-list \">\n<div id=\"faq-question-1684911836581\" class=\"rank-math-list-item\">\n<h3 class=\"rank-math-question \">Was ist eine Schlauchmagen Operation?<\/h3>\n<div class=\"rank-math-answer \">\n\n<p>Die Schlauchmagenoperation oder Sleeve-Gastrektomie ist ein Verfahren zur Gewichtsreduktion, bei dem ein gro\u00dfer Teil des Magens entfernt wird und ein kleinerer, h\u00fclsenf\u00f6rmiger Magen zur\u00fcckbleibt. Dadurch wird die Nahrungsaufnahme reduziert und die Gewichtsabnahme gef\u00f6rdert. Sie wird laparoskopisch durchgef\u00fchrt und ist ein dauerhafter Eingriff.<\/p>\n\n<\/div>\n<\/div>\n<div id=\"faq-question-1684911902583\" class=\"rank-math-list-item\">\n<h3 class=\"rank-math-question \">Wer kann eine Magenverkleinerung durchf\u00fchren lassen?<\/h3>\n<div class=\"rank-math-answer \">\n\n<p>Eine Magenverkleinerung wird in der Regel f\u00fcr Personen empfohlen, die bestimmte Kriterien erf\u00fcllen. Dazu geh\u00f6ren ein Body-Mass-Index (BMI) von 40 oder h\u00f6her oder ein BMI von 35-39,9 mit erheblichen Gesundheitsproblemen im Zusammenhang mit Fettleibigkeit. Die Kandidaten m\u00fcssen erfolglose Versuche unternommen haben, mit anderen Methoden wie Di\u00e4t und Sport abzunehmen. Es ist wichtig, dass die Kandidaten im Allgemeinen bei guter Gesundheit sind und keine Krankheiten haben, die das Operationsrisiko erh\u00f6hen k\u00f6nnten. Au\u00dferdem ist eine langfristige \u00c4nderung des Lebensstils erforderlich, z. B. eine gesunde Ern\u00e4hrung und regelm\u00e4\u00dfige Bewegung. Die Eignung f\u00fcr eine Schlauchmagen-Operation wird jedoch individuell beurteilt, und eine gr\u00fcndliche Untersuchung durch einen auf Adipositaschirurgie spezialisierten Arzt ist entscheidend, um die Eignung festzustellen und m\u00f6gliche Risiken und Vorteile zu besprechen.<\/p>\n\n<\/div>\n<\/div>\n<div id=\"faq-question-1684911629168\" class=\"rank-math-list-item\">\n<h3 class=\"rank-math-question \">Ist die Magenverkleinerung sicher?<\/h3>\n<div class=\"rank-math-answer \">\n\n<p>Die Magenverkleinerung gilt allgemein als sicheres und wirksames Verfahren zur Gewichtsreduktion. Wie jeder chirurgische Eingriff birgt jedoch auch dieser gewisse Risiken und m\u00f6gliche Komplikationen. Es ist wichtig, die spezifischen Risiken und Vorteile mit einer qualifizierten medizinischen Fachkraft zu besprechen, die Ihre individuellen Umst\u00e4nde beurteilen kann. Im Allgemeinen ist die Magenverkleinerung bei vielen Menschen erfolgreich durchgef\u00fchrt worden und hat zu einer erheblichen Gewichtsabnahme und einer Verbesserung verschiedener mit Adipositas zusammenh\u00e4ngender Gesundheitszust\u00e4nde gef\u00fchrt.<\/p>\n\n<\/div>\n<\/div>\n<div id=\"faq-question-1684912038891\" class=\"rank-math-list-item\">\n<h3 class=\"rank-math-question \">Wie lange dauert eine Magenverkleinerung?<\/h3>\n<div class=\"rank-math-answer \">\n\n<p>Die Wirkungen einer Schlauchmagen-Operation sollen lang anhaltend sein. Mit der richtigen Umstellung des Lebensstils und einer entsprechenden Nachsorge kann der durch die Operation erreichte Gewichtsverlust langfristig aufrechterhalten werden. Um die Vorteile des Verfahrens aufrechtzuerhalten, ist jedoch ein kontinuierliches Engagement f\u00fcr einen gesunden Lebensstil erforderlich.<\/p>\n\n<\/div>\n<\/div>\n<\/div>\n<\/div>\n<p>\u00a0<\/p>\n\n<h3 class=\"wp-block-heading\">Kontaktieren Sie uns jetzt, falls Sie Fragen haben!<\/h3>\n","protected":false},"excerpt":{"rendered":"<p>Wenn Sie unter Gewichtsverlust leiden und nach einer dauerhaften L\u00f6sung suchen, k\u00f6nnte die Magenh\u00fclsenoperation genau das Richtige f\u00fcr Sie sein. [&hellip;]<\/p>\n","protected":false},"author":4,"featured_media":160778,"parent":0,"menu_order":0,"comment_status":"closed","ping_status":"closed","template":"","meta":{"site-sidebar-layout":"default","site-content-layout":"","ast-site-content-layout":"default","site-content-style":"default","site-sidebar-style":"default","ast-global-header-display":"","ast-banner-title-visibility":"","ast-main-header-display":"","ast-hfb-above-header-display":"","ast-hfb-below-header-display":"","ast-hfb-mobile-header-display":"","site-post-title":"","ast-breadcrumbs-content":"","ast-featured-img":"","footer-sml-layout":"","ast-disable-related-posts":"","theme-transparent-header-meta":"","adv-header-id-meta":"","stick-header-meta":"","header-above-stick-meta":"","header-main-stick-meta":"","header-below-stick-meta":"","astra-migrate-meta-layouts":"default","ast-page-background-enabled":"default","ast-page-background-meta":{"desktop":{"background-color":"var(--ast-global-color-4)","background-image":"","background-repeat":"repeat","background-position":"center center","background-size":"auto","background-attachment":"scroll","background-type":"","background-media":"","overlay-type":"","overlay-color":"","overlay-opacity":"","overlay-gradient":""},"tablet":{"background-color":"","background-image":"","background-repeat":"repeat","background-position":"center center","background-size":"auto","background-attachment":"scroll","background-type":"","background-media":"","overlay-type":"","overlay-color":"","overlay-opacity":"","overlay-gradient":""},"mobile":{"background-color":"","background-image":"","background-repeat":"repeat","background-position":"center center","background-size":"auto","background-attachment":"scroll","background-type":"","background-media":"","overlay-type":"","overlay-color":"","overlay-opacity":"","overlay-gradient":""}},"ast-content-background-meta":{"desktop":{"background-color":"var(--ast-global-color-5)","background-image":"","background-repeat":"repeat","background-position":"center center","background-size":"auto","background-attachment":"scroll","background-type":"","background-media":"","overlay-type":"","overlay-color":"","overlay-opacity":"","overlay-gradient":""},"tablet":{"background-color":"var(--ast-global-color-5)","background-image":"","background-repeat":"repeat","background-position":"center center","background-size":"auto","background-attachment":"scroll","background-type":"","background-media":"","overlay-type":"","overlay-color":"","overlay-opacity":"","overlay-gradient":""},"mobile":{"background-color":"var(--ast-global-color-5)","background-image":"","background-repeat":"repeat","background-position":"center center","background-size":"auto","background-attachment":"scroll","background-type":"","background-media":"","overlay-type":"","overlay-color":"","overlay-opacity":"","overlay-gradient":""}},"footnotes":""},"class_list":["post-146449","page","type-page","status-publish","has-post-thumbnail","hentry"],"_links":{"self":[{"href":"https:\/\/medclinics.com\/de\/wp-json\/wp\/v2\/pages\/146449","targetHints":{"allow":["GET"]}}],"collection":[{"href":"https:\/\/medclinics.com\/de\/wp-json\/wp\/v2\/pages"}],"about":[{"href":"https:\/\/medclinics.com\/de\/wp-json\/wp\/v2\/types\/page"}],"author":[{"embeddable":true,"href":"https:\/\/medclinics.com\/de\/wp-json\/wp\/v2\/users\/4"}],"replies":[{"embeddable":true,"href":"https:\/\/medclinics.com\/de\/wp-json\/wp\/v2\/comments?post=146449"}],"version-history":[{"count":0,"href":"https:\/\/medclinics.com\/de\/wp-json\/wp\/v2\/pages\/146449\/revisions"}],"wp:featuredmedia":[{"embeddable":true,"href":"https:\/\/medclinics.com\/de\/wp-json\/wp\/v2\/media\/160778"}],"wp:attachment":[{"href":"https:\/\/medclinics.com\/de\/wp-json\/wp\/v2\/media?parent=146449"}],"curies":[{"name":"wp","href":"https:\/\/api.w.org\/{rel}","templated":true}]}}