{"id":146437,"date":"2023-05-23T14:24:15","date_gmt":"2023-05-23T11:24:15","guid":{"rendered":"https:\/\/medclinics.com\/handschwitzen\/"},"modified":"2024-04-04T19:19:45","modified_gmt":"2024-04-04T16:19:45","slug":"handschwitzen","status":"publish","type":"page","link":"https:\/\/medclinics.com\/de\/handschwitzen\/","title":{"rendered":"Handschwitzen"},"content":{"rendered":"\n<h2 class=\"wp-block-heading\">Wenn Sie mit \u00fcberm\u00e4\u00dfigem Handschwitzen zu k\u00e4mpfen haben, brauchen Sie nicht zu verzweifeln! Es gibt mehrere wirksame Behandlungen, um Ihre Beschwerden zu lindern.<\/h2>\n\n<p>Zun\u00e4chst sollten Sie die Verwendung von Antitranspirantien in Erw\u00e4gung ziehen, die speziell f\u00fcr die H\u00e4nde entwickelt wurden und rezeptfrei erh\u00e4ltlich sind oder vom Arzt verschrieben werden.<\/p>\n\n<p>Eine weitere M\u00f6glichkeit ist die <a href=\"https:\/\/en.wikipedia.org\/wiki\/Iontophoresis\" target=\"_blank\" rel=\"noreferrer noopener\">Iontophorese<\/a>: Dabei wird ein elektrisches Ger\u00e4t verwendet, das die Schwei\u00dfproduktion reduziert. Es kann zu Hause oder in einer medizinischen Einrichtung eingesetzt werden.<\/p>\n\n<p>Bestimmte Medikamente k\u00f6nnen ebenfalls hilfreich sein; fragen Sie Ihren medizinischen Betreuer nach Anticholinergika oder schwei\u00dfhemmenden Tabletten als m\u00f6gliche L\u00f6sungen.<\/p>\n\n<p>In schwereren F\u00e4llen k\u00f6nnen Injektionen mit Muskelrelaxanzien vor\u00fcbergehend Linderung verschaffen, indem sie die f\u00fcr die Stimulation der Schwei\u00dfdr\u00fcsen verantwortlichen Nerven blockieren. Und schlie\u00dflich k\u00f6nnte ein chirurgischer Eingriff wie die Sympathektomie diese Nerven dauerhaft unterbrechen, falls erforderlich.<\/p>\n\n<p>Denken Sie daran, einen Dermatologen oder eine andere qualifizierte Fachkraft zu konsultieren, bevor Sie sich je nach Schweregrad Ihrer Erkrankung f\u00fcr eine Behandlungsmethode entscheiden. Lassen Sie sich durch Hyperhidrose nicht davon abhalten, das Leben in vollen Z\u00fcgen zu genie\u00dfen!<\/p>\n\n<h3 class=\"wp-block-heading\">Alles, was Sie \u00fcber <a href=\"https:\/\/medclinics.com\/de\/schonheit\/\" target=\"_blank\" rel=\"noreferrer noopener\">Sch\u00f6nheitsbehandlungen<\/a> wissen m\u00fcssen, einschlie\u00dflich Preis, Nachbehandlung und Heilungsprozess finden Sie hier. Oder <a href=\"#requestform\">kontaktieren Sie uns<\/a>!<\/h3>\n\n<h2 class=\"wp-block-heading\">FAQ <\/h2>\n<div id=\"rank-math-faq\" class=\"rank-math-block\">\n<div class=\"rank-math-list \">\n<div id=\"faq-question-1684851552320\" class=\"rank-math-list-item\">\n<h3 class=\"rank-math-question \">Wodurch schwitzen meine H\u00e4nde?<\/h3>\n<div class=\"rank-math-answer \">\n\n<p>\u00dcberm\u00e4\u00dfiges Schwitzen an den H\u00e4nden, die so genannte palmaren Hyperhidrose, kann verschiedene Ursachen haben. Ein h\u00e4ufiger Faktor ist die prim\u00e4re Hyperhidrose, eine Erkrankung, die durch \u00fcberaktive Schwei\u00dfdr\u00fcsen gekennzeichnet ist. Sie wird h\u00e4ufig durch genetische Faktoren beeinflusst. Dar\u00fcber hinaus kann eine sekund\u00e4re Hyperhidrose durch Grunderkrankungen wie Schilddr\u00fcsenprobleme, Diabetes, hormonelle St\u00f6rungen oder bestimmte Medikamente verursacht werden. Emotionale Faktoren wie Stress und Angst k\u00f6nnen das Schwitzen der H\u00e4nde ebenso ausl\u00f6sen wie eine hei\u00dfe und feuchte Umgebung. Der Verzehr von scharfen Speisen oder Koffein kann die Schwei\u00dfdr\u00fcsen anregen und zu vermehrtem Schwitzen der H\u00e4nde f\u00fchren. Wenn \u00fcberm\u00e4\u00dfiges Schwitzen an den H\u00e4nden l\u00e4stig ist, ist es ratsam, einen Arzt aufzusuchen, um eine angemessene Bewertung und geeignete Behandlungsempfehlungen zu erhalten.<\/p>\n\n<\/div>\n<\/div>\n<div id=\"faq-question-1684851594998\" class=\"rank-math-list-item\">\n<h3 class=\"rank-math-question \">Ist das Schwitzen der H\u00e4nde normal?<\/h3>\n<div class=\"rank-math-answer \">\n\n<p>Schwitzen ist eine normale physiologische Reaktion, die zur Regulierung der K\u00f6rpertemperatur beitr\u00e4gt. Es ist ganz nat\u00fcrlich, dass der K\u00f6rper, auch die H\u00e4nde, als Reaktion auf Faktoren wie Hitze, k\u00f6rperliche Aktivit\u00e4t oder emotionalen Stress schwitzt. Das Ausma\u00df des Handschwitzens kann jedoch von Person zu Person unterschiedlich sein. Bei manchen Menschen sind die Schwei\u00dfdr\u00fcsen an den H\u00e4nden von Natur aus aktiver, was dazu f\u00fchren kann, dass sie mehr schwitzen als andere.<br \/>\u00dcberm\u00e4\u00dfiges Schwitzen an den H\u00e4nden kann bei manchen Menschen auftreten und als au\u00dferhalb des normalen Bereichs des Schwitzens liegend betrachtet werden. Es kann zu Unbehagen, sozialer Verlegenheit und Beeintr\u00e4chtigung der t\u00e4glichen Aktivit\u00e4ten f\u00fchren.  <\/p>\n\n<\/div>\n<\/div>\n<div id=\"faq-question-1684851677686\" class=\"rank-math-list-item\">\n<h3 class=\"rank-math-question \">Wie stoppt man das Schwitzen der H\u00e4nde?<\/h3>\n<div class=\"rank-math-answer \">\n\n<p>Um \u00fcberm\u00e4\u00dfiges Schwitzen an den H\u00e4nden zu reduzieren oder in den Griff zu bekommen, gibt es verschiedene Strategien, die Sie ausprobieren k\u00f6nnen. Die Anwendung von Antitranspirantien, die speziell f\u00fcr die H\u00e4nde entwickelt wurden, das Trockenhalten der H\u00e4nde mit saugf\u00e4higen Materialien und das Tragen von atmungsaktiven Stoffen k\u00f6nnen helfen, den Schwei\u00df zu minimieren. Eine gute Handhygiene, einschlie\u00dflich regelm\u00e4\u00dfigem Waschen und gr\u00fcndlichem Abtrocknen, kann ebenfalls dazu beitragen, das Schwitzen zu kontrollieren. Das Erkennen und Vermeiden von Ausl\u00f6sern wie Stress, Koffein, scharfen Speisen oder hei\u00dfen Umgebungen kann hilfreich sein. Dar\u00fcber hinaus k\u00f6nnen Techniken zur Stressbew\u00e4ltigung, wie tiefes Atmen oder Meditation, dazu beitragen, das Schwitzen insgesamt zu reduzieren. In schwereren F\u00e4llen k\u00f6nnen Behandlungen wie Iontophorese, bei der elektrischer Strom verwendet wird, oder muskelentspannende Injektionen in Betracht gezogen werden. Es wird empfohlen, sich von einem Arzt oder Dermatologen beraten zu lassen, um die f\u00fcr Sie am besten geeignete Methode zu ermitteln und eine individuelle Beratung zu erhalten.<\/p>\n\n<\/div>\n<\/div>\n<div id=\"faq-question-1684851678857\" class=\"rank-math-list-item\">\n<h3 class=\"rank-math-question \">Ist Handschwitzen eine Krankheit?<\/h3>\n<div class=\"rank-math-answer \">\n\n<p>Ja, \u00fcberm\u00e4\u00dfiges Schwitzen an den H\u00e4nden, die so genannte palmaren Hyperhidrose, kann als medizinischer Zustand oder als St\u00f6rung angesehen werden.<\/p>\n\n<\/div>\n<\/div>\n<\/div>\n<\/div>\n<p><\/p>\n\n<h3 class=\"wp-block-heading\">Kontaktieren Sie uns jetzt, falls Sie Fragen haben!<\/h3>\n","protected":false},"excerpt":{"rendered":"<p>Wenn Sie mit \u00fcberm\u00e4\u00dfigem Handschwitzen zu k\u00e4mpfen haben, brauchen Sie nicht zu verzweifeln! Es gibt mehrere wirksame Behandlungen, um Ihre [&hellip;]<\/p>\n","protected":false},"author":4,"featured_media":91197,"parent":0,"menu_order":0,"comment_status":"closed","ping_status":"closed","template":"","meta":{"site-sidebar-layout":"default","site-content-layout":"","ast-site-content-layout":"default","site-content-style":"default","site-sidebar-style":"default","ast-global-header-display":"","ast-banner-title-visibility":"","ast-main-header-display":"","ast-hfb-above-header-display":"","ast-hfb-below-header-display":"","ast-hfb-mobile-header-display":"","site-post-title":"","ast-breadcrumbs-content":"","ast-featured-img":"","footer-sml-layout":"","ast-disable-related-posts":"","theme-transparent-header-meta":"","adv-header-id-meta":"","stick-header-meta":"","header-above-stick-meta":"","header-main-stick-meta":"","header-below-stick-meta":"","astra-migrate-meta-layouts":"default","ast-page-background-enabled":"default","ast-page-background-meta":{"desktop":{"background-color":"var(--ast-global-color-4)","background-image":"","background-repeat":"repeat","background-position":"center center","background-size":"auto","background-attachment":"scroll","background-type":"","background-media":"","overlay-type":"","overlay-color":"","overlay-opacity":"","overlay-gradient":""},"tablet":{"background-color":"","background-image":"","background-repeat":"repeat","background-position":"center center","background-size":"auto","background-attachment":"scroll","background-type":"","background-media":"","overlay-type":"","overlay-color":"","overlay-opacity":"","overlay-gradient":""},"mobile":{"background-color":"","background-image":"","background-repeat":"repeat","background-position":"center center","background-size":"auto","background-attachment":"scroll","background-type":"","background-media":"","overlay-type":"","overlay-color":"","overlay-opacity":"","overlay-gradient":""}},"ast-content-background-meta":{"desktop":{"background-color":"var(--ast-global-color-5)","background-image":"","background-repeat":"repeat","background-position":"center center","background-size":"auto","background-attachment":"scroll","background-type":"","background-media":"","overlay-type":"","overlay-color":"","overlay-opacity":"","overlay-gradient":""},"tablet":{"background-color":"var(--ast-global-color-5)","background-image":"","background-repeat":"repeat","background-position":"center center","background-size":"auto","background-attachment":"scroll","background-type":"","background-media":"","overlay-type":"","overlay-color":"","overlay-opacity":"","overlay-gradient":""},"mobile":{"background-color":"var(--ast-global-color-5)","background-image":"","background-repeat":"repeat","background-position":"center center","background-size":"auto","background-attachment":"scroll","background-type":"","background-media":"","overlay-type":"","overlay-color":"","overlay-opacity":"","overlay-gradient":""}},"footnotes":""},"class_list":["post-146437","page","type-page","status-publish","has-post-thumbnail","hentry"],"_links":{"self":[{"href":"https:\/\/medclinics.com\/de\/wp-json\/wp\/v2\/pages\/146437","targetHints":{"allow":["GET"]}}],"collection":[{"href":"https:\/\/medclinics.com\/de\/wp-json\/wp\/v2\/pages"}],"about":[{"href":"https:\/\/medclinics.com\/de\/wp-json\/wp\/v2\/types\/page"}],"author":[{"embeddable":true,"href":"https:\/\/medclinics.com\/de\/wp-json\/wp\/v2\/users\/4"}],"replies":[{"embeddable":true,"href":"https:\/\/medclinics.com\/de\/wp-json\/wp\/v2\/comments?post=146437"}],"version-history":[{"count":0,"href":"https:\/\/medclinics.com\/de\/wp-json\/wp\/v2\/pages\/146437\/revisions"}],"wp:featuredmedia":[{"embeddable":true,"href":"https:\/\/medclinics.com\/de\/wp-json\/wp\/v2\/media\/91197"}],"wp:attachment":[{"href":"https:\/\/medclinics.com\/de\/wp-json\/wp\/v2\/media?parent=146437"}],"curies":[{"name":"wp","href":"https:\/\/api.w.org\/{rel}","templated":true}]}}