{"id":146425,"date":"2023-05-23T14:14:46","date_gmt":"2023-05-23T11:14:46","guid":{"rendered":"https:\/\/medclinics.com\/haar-mesotherapie\/"},"modified":"2024-04-04T19:26:13","modified_gmt":"2024-04-04T16:26:13","slug":"haar-mesotherapie","status":"publish","type":"page","link":"https:\/\/medclinics.com\/de\/haar-mesotherapie\/","title":{"rendered":"Haar-Mesotherapie"},"content":{"rendered":"\n<h2 class=\"wp-block-heading\">Suchen Sie nach einem nicht-chirurgischen kosmetischen Verfahren zur Verbesserung der Gesundheit und des Aussehens Ihrer Haare? Dann sind Sie bei der Haar-Mesotherapie genau richtig.<\/h2>\n\n<p>Bei dieser innovativen Behandlung wird eine ma\u00dfgeschneiderte Mischung aus Vitaminen, Mineralien, Aminos\u00e4uren und anderen Wirkstoffen direkt in Ihre Kopfhaut injiziert.<\/p>\n\n<p>Dadurch werden nicht nur die <a href=\"https:\/\/en.wikipedia.org\/wiki\/Hair_follicle\" target=\"_blank\" rel=\"noreferrer noopener\">Haarfollikel<\/a> von innen heraus gen\u00e4hrt &#8211; was das Wachstum f\u00f6rdert und die vorhandenen Str\u00e4hnen st\u00e4rkt -, sondern auch die Blutzirkulation in diesem Bereich angeregt und Entz\u00fcndungen reduziert. Und da jede Sitzung speziell auf die individuellen Bed\u00fcrfnisse zugeschnitten ist und Komponenten wie Biotin (Vitamin B7), Panthenol (Vitamin B5), Fols\u00e4ure (Vitamin B9), Zink, Eisen, Cystein oder Arginin sowie bei Bedarf auch Minoxidil verwendet werden, k\u00f6nnen Sie sicher sein, dass jede Injektion genau das ist, was Sie brauchen!<\/p>\n\n<h3 class=\"wp-block-heading\">Alles, was Sie \u00fcber <a href=\"https:\/\/medclinics.com\/de\/schonheit\/\" target=\"_blank\" rel=\"noreferrer noopener\">Sch\u00f6nheitsbehandlungen<\/a> wissen m\u00fcssen, einschlie\u00dflich Preis, Nachbehandlung und Heilungsprozess finden Sie hier. Oder <a href=\"#requestform\">kontaktieren Sie uns<\/a>!<\/h3>\n\n<h3 class=\"wp-block-heading\">FAQ<\/h3>\n<div id=\"rank-math-faq\" class=\"rank-math-block\">\n<div class=\"rank-math-list \">\n<div id=\"faq-question-1684851001613\" class=\"rank-math-list-item\">\n<h3 class=\"rank-math-question \">Ist die Haar-Mesotherapie wirksam?<\/h3>\n<div class=\"rank-math-answer \">\n\n<p>Die Haarmesotherapie kann bei einigen Personen das Haarwachstum und die allgemeine Haargesundheit wirksam verbessern. Die Wirksamkeit kann jedoch variieren, und die Ergebnisse h\u00e4ngen von Faktoren wie der zugrunde liegenden Ursache des Haarausfalls und der individuellen Reaktion auf die Behandlung ab. Es wird empfohlen, einen Arzt zu konsultieren, um Ihre spezifischen Haarprobleme zu beurteilen und festzustellen, ob die Haar-Mesotherapie f\u00fcr Sie geeignet ist.<\/p>\n\n<\/div>\n<\/div>\n<div id=\"faq-question-1684851044066\" class=\"rank-math-list-item\">\n<h3 class=\"rank-math-question \">Wie lange dauert die Haar-Mesotherapie?<\/h3>\n<div class=\"rank-math-answer \">\n\n<p>Die Wirkung der Haarmesotherapie kann mehrere Monate andauern, die Ergebnisse k\u00f6nnen jedoch individuell variieren. Regelm\u00e4\u00dfige Erhaltungsbehandlungen k\u00f6nnen notwendig sein, um die Vorteile zu erhalten. Eine Beratung durch eine medizinische Fachkraft kann genauere Informationen zu Ihren individuellen Umst\u00e4nden liefern.<\/p>\n\n<\/div>\n<\/div>\n<div id=\"faq-question-1684851088159\" class=\"rank-math-list-item\">\n<h3 class=\"rank-math-question \">Ist die Haar-Mesotherapie schmerzhaft?<\/h3>\n<div class=\"rank-math-answer \">\n\n<p>Bei der Haarmesotherapie wird in der Regel eine N\u00e4hrstoffmischung mit sehr feinen Nadeln in die Kopfhaut injiziert. Der Grad der Unannehmlichkeiten w\u00e4hrend des Eingriffs kann von Person zu Person unterschiedlich sein. W\u00e4hrend der Injektionen kann es bei einigen Personen zu leichtem Unbehagen oder einem leichten Gef\u00fchl kommen, im Allgemeinen wird das Verfahren jedoch als gut vertr\u00e4glich angesehen. Die verwendeten Nadeln sind sehr d\u00fcnn, wodurch m\u00f6gliche Schmerzen minimiert werden. Zus\u00e4tzlich k\u00f6nnen einige \u00c4rzte eine bet\u00e4ubende Creme auftragen oder andere Techniken anwenden, um die Beschwerden weiter zu verringern.<\/p>\n\n<\/div>\n<\/div>\n<div id=\"faq-question-1684851125771\" class=\"rank-math-list-item\">\n<h3 class=\"rank-math-question \">Ist die Haar-Mesotherapie dauerhaft?<\/h3>\n<div class=\"rank-math-answer \">\n\n<p>Die Haarmesotherapie kann zu einer vor\u00fcbergehenden Verbesserung des Haarwachstums und der allgemeinen Haargesundheit f\u00fchren. Die Dauer der Wirkung kann von Person zu Person unterschiedlich sein.<br \/>Die injizierten N\u00e4hrstoffe n\u00e4hren die Haarfollikel und f\u00f6rdern ein ges\u00fcnderes Haarwachstum. Um die Vorteile aufrechtzuerhalten, werden jedoch h\u00e4ufig regelm\u00e4\u00dfige Pflegebehandlungen empfohlen. Die H\u00e4ufigkeit der Erhaltungsbehandlungen h\u00e4ngt von den individuellen Bed\u00fcrfnissen und der Reaktion auf die ersten Sitzungen ab.<\/p>\n\n<\/div>\n<\/div>\n<\/div>\n<\/div>\n<p><\/p>\n\n<h3 class=\"wp-block-heading\">Kontaktieren Sie uns jetzt, falls Sie Fragen haben!<\/h3>\n","protected":false},"excerpt":{"rendered":"<p>Suchen Sie nach einem nicht-chirurgischen kosmetischen Verfahren zur Verbesserung der Gesundheit und des Aussehens Ihrer Haare? Dann sind Sie bei [&hellip;]<\/p>\n","protected":false},"author":4,"featured_media":92657,"parent":0,"menu_order":0,"comment_status":"closed","ping_status":"closed","template":"","meta":{"site-sidebar-layout":"default","site-content-layout":"","ast-site-content-layout":"default","site-content-style":"default","site-sidebar-style":"default","ast-global-header-display":"","ast-banner-title-visibility":"","ast-main-header-display":"","ast-hfb-above-header-display":"","ast-hfb-below-header-display":"","ast-hfb-mobile-header-display":"","site-post-title":"","ast-breadcrumbs-content":"","ast-featured-img":"","footer-sml-layout":"","ast-disable-related-posts":"","theme-transparent-header-meta":"","adv-header-id-meta":"","stick-header-meta":"","header-above-stick-meta":"","header-main-stick-meta":"","header-below-stick-meta":"","astra-migrate-meta-layouts":"default","ast-page-background-enabled":"default","ast-page-background-meta":{"desktop":{"background-color":"var(--ast-global-color-4)","background-image":"","background-repeat":"repeat","background-position":"center center","background-size":"auto","background-attachment":"scroll","background-type":"","background-media":"","overlay-type":"","overlay-color":"","overlay-opacity":"","overlay-gradient":""},"tablet":{"background-color":"","background-image":"","background-repeat":"repeat","background-position":"center center","background-size":"auto","background-attachment":"scroll","background-type":"","background-media":"","overlay-type":"","overlay-color":"","overlay-opacity":"","overlay-gradient":""},"mobile":{"background-color":"","background-image":"","background-repeat":"repeat","background-position":"center center","background-size":"auto","background-attachment":"scroll","background-type":"","background-media":"","overlay-type":"","overlay-color":"","overlay-opacity":"","overlay-gradient":""}},"ast-content-background-meta":{"desktop":{"background-color":"var(--ast-global-color-5)","background-image":"","background-repeat":"repeat","background-position":"center center","background-size":"auto","background-attachment":"scroll","background-type":"","background-media":"","overlay-type":"","overlay-color":"","overlay-opacity":"","overlay-gradient":""},"tablet":{"background-color":"var(--ast-global-color-5)","background-image":"","background-repeat":"repeat","background-position":"center center","background-size":"auto","background-attachment":"scroll","background-type":"","background-media":"","overlay-type":"","overlay-color":"","overlay-opacity":"","overlay-gradient":""},"mobile":{"background-color":"var(--ast-global-color-5)","background-image":"","background-repeat":"repeat","background-position":"center center","background-size":"auto","background-attachment":"scroll","background-type":"","background-media":"","overlay-type":"","overlay-color":"","overlay-opacity":"","overlay-gradient":""}},"footnotes":""},"class_list":["post-146425","page","type-page","status-publish","has-post-thumbnail","hentry"],"_links":{"self":[{"href":"https:\/\/medclinics.com\/de\/wp-json\/wp\/v2\/pages\/146425","targetHints":{"allow":["GET"]}}],"collection":[{"href":"https:\/\/medclinics.com\/de\/wp-json\/wp\/v2\/pages"}],"about":[{"href":"https:\/\/medclinics.com\/de\/wp-json\/wp\/v2\/types\/page"}],"author":[{"embeddable":true,"href":"https:\/\/medclinics.com\/de\/wp-json\/wp\/v2\/users\/4"}],"replies":[{"embeddable":true,"href":"https:\/\/medclinics.com\/de\/wp-json\/wp\/v2\/comments?post=146425"}],"version-history":[{"count":0,"href":"https:\/\/medclinics.com\/de\/wp-json\/wp\/v2\/pages\/146425\/revisions"}],"wp:featuredmedia":[{"embeddable":true,"href":"https:\/\/medclinics.com\/de\/wp-json\/wp\/v2\/media\/92657"}],"wp:attachment":[{"href":"https:\/\/medclinics.com\/de\/wp-json\/wp\/v2\/media?parent=146425"}],"curies":[{"name":"wp","href":"https:\/\/api.w.org\/{rel}","templated":true}]}}