{"id":146415,"date":"2023-05-23T14:08:52","date_gmt":"2023-05-23T11:08:52","guid":{"rendered":"https:\/\/medclinics.com\/insemination-3\/"},"modified":"2025-01-02T16:25:26","modified_gmt":"2025-01-02T13:25:26","slug":"insemination-3","status":"publish","type":"page","link":"https:\/\/medclinics.com\/de\/insemination-3\/","title":{"rendered":"Insemination"},"content":{"rendered":"\n<h2 class=\"wp-block-heading\">Die Insemination ist ein bemerkenswerter Tanz von Wissenschaft und Natur, bei dem Hoffnung gen\u00e4hrt wird und Wunder geschehen.<\/h2>\n\n<p>Dabei werden gesunde und bewegliche Spermien in die Geb\u00e4rmutter, den Geb\u00e4rmutterhals oder die Eileiter injiziert.<br\/>Diese Methode wird h\u00e4ufig angewandt, wenn die Frau an Geb\u00e4rmutterhalskrankheiten leidet oder wenn die Spermien von schlechter Qualit\u00e4t oder nicht in ausreichender Menge vorhanden sind.<\/p>\n\n<p>Bei dieser Methode k\u00f6nnen Sie mit einer <strong>Erfolgsquote zwischen 10 und 25 %<\/strong> rechnen.<\/p>\n\n<p>Von einer <strong>intrauterinen Insemination (IUI<\/strong> ) spricht man, wenn das Sperma direkt in die Geb\u00e4rmutter und nicht in den Geb\u00e4rmutterhals injiziert wird. Um schwere allergische Reaktionen zu vermeiden, darf nur gereinigtes Sperma verwendet werden. Dazu werden tote Spermien und andere Zellen aus dem Ejakulat entfernt und die verbleibenden lebenden Spermien mit einem Konservierungsmittel eingefroren, um den optimalen pH-Wert zu erhalten. W\u00e4hrend des Eisprungs werden die gereinigten Spermien direkt in die Geb\u00e4rmutter \u00fcbertragen.<\/p>\n\n<p><strong>Bei der intrazervikalen Insemination (ICI<\/strong>) werden die Spermien, die das gesamte Ejakulat und die nat\u00fcrlichen Fl\u00fcssigkeiten enthalten, hoch in die Vagina der Frau in der N\u00e4he des Geb\u00e4rmutterhalses injiziert. Die beweglichsten Spermien wandern dann durch den Zervixschleim und in die Geb\u00e4rmutter, genau wie beim nat\u00fcrlichen Geschlechtsverkehr.<\/p>\n\n<p><strong>Bei der intratubalen Insemination (ITI<\/strong>) werden die Spermien direkt in den Eileiter injiziert. Dadurch verk\u00fcrzt sich die Strecke, die sie zur\u00fccklegen m\u00fcssen, um die Geb\u00e4rmutter zu erreichen.<br\/>Bei dieser Methode m\u00fcssen die Spermien, genau wie bei der <a href=\"https:\/\/de.wikipedia.org\/wiki\/Intrauterine_Insemination\" target=\"_blank\" rel=\"noreferrer noopener\">IUI<\/a>, vorher aufbereitet und gereinigt werden.<\/p>\n\n<h3 class=\"wp-block-heading\">Alles, was Sie \u00fcber <a href=\"https:\/\/medclinics.com\/ivf-in-vitro-fertilisation\/\" target=\"_blank\" rel=\"noreferrer noopener\">k\u00fcnstliche Befruchtung<\/a> wissen m\u00fcssen, einschlie\u00dflich Preis, Nachsorge und Heilungsprozess, oder <a href=\"#requestform\">kontaktieren Sie uns<\/a>!<\/h3>\n\n<figure class=\"wp-block-image size-large\"><img fetchpriority=\"high\" decoding=\"async\" width=\"2560\" height=\"1536\" src=\"https:\/\/medclinics.com\/wp-content\/uploads\/2023\/01\/IVF-In-vitro-Fertilisation-Insemination-scaled.jpg\" alt=\"Insemination in Istanbul in der T&#xFC;rkei\" class=\"wp-image-16133\" srcset=\"https:\/\/medclinics.com\/wp-content\/uploads\/2023\/01\/IVF-In-vitro-Fertilisation-Insemination-scaled.jpg 2560w, https:\/\/medclinics.com\/wp-content\/uploads\/2023\/01\/IVF-In-vitro-Fertilisation-Insemination-300x180.jpg 300w, https:\/\/medclinics.com\/wp-content\/uploads\/2023\/01\/IVF-In-vitro-Fertilisation-Insemination-1024x614.jpg 1024w, https:\/\/medclinics.com\/wp-content\/uploads\/2023\/01\/IVF-In-vitro-Fertilisation-Insemination-768x461.jpg 768w, https:\/\/medclinics.com\/wp-content\/uploads\/2023\/01\/IVF-In-vitro-Fertilisation-Insemination-1536x922.jpg 1536w, https:\/\/medclinics.com\/wp-content\/uploads\/2023\/01\/IVF-In-vitro-Fertilisation-Insemination-2048x1229.jpg 2048w, https:\/\/medclinics.com\/wp-content\/uploads\/2023\/01\/IVF-In-vitro-Fertilisation-Insemination-600x360.jpg 600w\" sizes=\"(max-width: 2560px) 100vw, 2560px\" \/><\/figure>\n\n<h2 class=\"wp-block-heading\">FAQ<\/h2>\n<div id=\"rank-math-faq\" class=\"rank-math-block\">\n<div class=\"rank-math-list \">\n<div id=\"faq-question-1682603361561\" class=\"rank-math-list-item\">\n<h3 class=\"rank-math-question \">Was ist der Unterschied zwischen Insemination und IVF-Behandlung?<\/h3>\n<div class=\"rank-math-answer \">\n\n<p>Bei der Insemination werden die Spermien in den K\u00f6rper der Frau injiziert. F\u00fcr dieses Verfahren stehen verschiedene Methoden zur Verf\u00fcgung, wie IUI, ICI oder ITI. Die Befruchtung findet im K\u00f6rper der Frau statt.<br \/>Bei einer IVF-Behandlung wird die Befruchtung in einem Labor durchgef\u00fchrt.<\/p>\n\n<\/div>\n<\/div>\n<div id=\"faq-question-1682665852961\" class=\"rank-math-list-item\">\n<h3 class=\"rank-math-question \">Brauche ich vor der Insemination Hormonpr\u00e4parate?<\/h3>\n<div class=\"rank-math-answer \">\n\n<p>Ihr Arzt kann Ihnen vor der Behandlung Medikamente verschreiben, je nach Ihrer individuellen Situation. Mit Hilfe von Hormonpr\u00e4paraten k\u00f6nnen die Eierst\u00f6cke stimuliert werden, so dass mehr Eizellen produziert werden und die Chance auf eine erfolgreiche Befruchtung erh\u00f6ht wird.<\/p>\n\n<\/div>\n<\/div>\n<div id=\"faq-question-1682666623404\" class=\"rank-math-list-item\">\n<h3 class=\"rank-math-question \">Kann ich in der T\u00fcrkei eine Samenspende erhalten?<\/h3>\n<div class=\"rank-math-answer \">\n\n<p>Nein, in der T\u00fcrkei ist sowohl die Spermaspende als auch die Eizellenspende gesetzlich nicht erlaubt. Nur verheiratete Paare k\u00f6nnen sich einer Befruchtungsbehandlung unterziehen.<\/p>\n\n<\/div>\n<\/div>\n<\/div>\n<\/div>\n<h3 class=\"wp-block-heading\">Kontaktieren Sie uns jetzt, falls Sie Fragen haben!<\/h3>\n","protected":false},"excerpt":{"rendered":"<p>Die Insemination ist ein bemerkenswerter Tanz von Wissenschaft und Natur, bei dem Hoffnung gen\u00e4hrt wird und Wunder geschehen. Dabei werden [&hellip;]<\/p>\n","protected":false},"author":4,"featured_media":91597,"parent":0,"menu_order":0,"comment_status":"closed","ping_status":"closed","template":"","meta":{"site-sidebar-layout":"default","site-content-layout":"","ast-site-content-layout":"default","site-content-style":"default","site-sidebar-style":"default","ast-global-header-display":"","ast-banner-title-visibility":"","ast-main-header-display":"","ast-hfb-above-header-display":"","ast-hfb-below-header-display":"","ast-hfb-mobile-header-display":"","site-post-title":"","ast-breadcrumbs-content":"","ast-featured-img":"","footer-sml-layout":"","ast-disable-related-posts":"","theme-transparent-header-meta":"","adv-header-id-meta":"","stick-header-meta":"","header-above-stick-meta":"","header-main-stick-meta":"","header-below-stick-meta":"","astra-migrate-meta-layouts":"default","ast-page-background-enabled":"default","ast-page-background-meta":{"desktop":{"background-color":"var(--ast-global-color-4)","background-image":"","background-repeat":"repeat","background-position":"center center","background-size":"auto","background-attachment":"scroll","background-type":"","background-media":"","overlay-type":"","overlay-color":"","overlay-opacity":"","overlay-gradient":""},"tablet":{"background-color":"","background-image":"","background-repeat":"repeat","background-position":"center center","background-size":"auto","background-attachment":"scroll","background-type":"","background-media":"","overlay-type":"","overlay-color":"","overlay-opacity":"","overlay-gradient":""},"mobile":{"background-color":"","background-image":"","background-repeat":"repeat","background-position":"center center","background-size":"auto","background-attachment":"scroll","background-type":"","background-media":"","overlay-type":"","overlay-color":"","overlay-opacity":"","overlay-gradient":""}},"ast-content-background-meta":{"desktop":{"background-color":"var(--ast-global-color-5)","background-image":"","background-repeat":"repeat","background-position":"center center","background-size":"auto","background-attachment":"scroll","background-type":"","background-media":"","overlay-type":"","overlay-color":"","overlay-opacity":"","overlay-gradient":""},"tablet":{"background-color":"var(--ast-global-color-5)","background-image":"","background-repeat":"repeat","background-position":"center center","background-size":"auto","background-attachment":"scroll","background-type":"","background-media":"","overlay-type":"","overlay-color":"","overlay-opacity":"","overlay-gradient":""},"mobile":{"background-color":"var(--ast-global-color-5)","background-image":"","background-repeat":"repeat","background-position":"center center","background-size":"auto","background-attachment":"scroll","background-type":"","background-media":"","overlay-type":"","overlay-color":"","overlay-opacity":"","overlay-gradient":""}},"footnotes":""},"class_list":["post-146415","page","type-page","status-publish","has-post-thumbnail","hentry"],"_links":{"self":[{"href":"https:\/\/medclinics.com\/de\/wp-json\/wp\/v2\/pages\/146415","targetHints":{"allow":["GET"]}}],"collection":[{"href":"https:\/\/medclinics.com\/de\/wp-json\/wp\/v2\/pages"}],"about":[{"href":"https:\/\/medclinics.com\/de\/wp-json\/wp\/v2\/types\/page"}],"author":[{"embeddable":true,"href":"https:\/\/medclinics.com\/de\/wp-json\/wp\/v2\/users\/4"}],"replies":[{"embeddable":true,"href":"https:\/\/medclinics.com\/de\/wp-json\/wp\/v2\/comments?post=146415"}],"version-history":[{"count":0,"href":"https:\/\/medclinics.com\/de\/wp-json\/wp\/v2\/pages\/146415\/revisions"}],"wp:featuredmedia":[{"embeddable":true,"href":"https:\/\/medclinics.com\/de\/wp-json\/wp\/v2\/media\/91597"}],"wp:attachment":[{"href":"https:\/\/medclinics.com\/de\/wp-json\/wp\/v2\/media?parent=146415"}],"curies":[{"name":"wp","href":"https:\/\/api.w.org\/{rel}","templated":true}]}}