{"id":146383,"date":"2023-05-23T13:33:36","date_gmt":"2023-05-23T10:33:36","guid":{"rendered":"https:\/\/medclinics.com\/schwitzen-der-fuse\/"},"modified":"2024-04-04T19:19:50","modified_gmt":"2024-04-04T16:19:50","slug":"schwitzen-der-fuse","status":"publish","type":"page","link":"https:\/\/medclinics.com\/de\/schwitzen-der-fuse\/","title":{"rendered":"Schwitzen der F\u00fc\u00dfe"},"content":{"rendered":"\n<h2 class=\"wp-block-heading\">Sind Sie es leid, sich mit \u00fcberm\u00e4\u00dfigem Schwitzen an den F\u00fc\u00dfen, auch bekannt als Plantarhyperhidrose, herumzuschlagen? Gl\u00fccklicherweise gibt es mehrere nicht-chirurgische Behandlungen, die dieses Problem lindern k\u00f6nnen.<\/h2>\n\n<p>Eine M\u00f6glichkeit ist die Verwendung von Antitranspirantien, die Aluminiumchloridhexahydrat enthalten, das die Schwei\u00dfdr\u00fcsen vor\u00fcbergehend blockieren und die Schwei\u00dfmenge reduzieren kann. Eine andere L\u00f6sung sind topische Cremes oder Lotionen, die Glycopyrrolat enthalten und die Schwei\u00dfbildung durch einen anticholinergen Wirkstoff reduzieren.<\/p>\n\n<p>Die Iontophorese ist eine weitere Behandlungsmethode, bei der die F\u00fc\u00dfe in ein Wasserbad gelegt werden, durch das schwache elektrische Str\u00f6me flie\u00dfen, die die Schwei\u00dfdr\u00fcsen blockieren und so vor\u00fcbergehend die \u00fcbersch\u00fcssige Feuchtigkeit auf der Hautoberfl\u00e4che beseitigen.  Injektionen <a href=\"https:\/\/en.wikipedia.org\/wiki\/Muscle_relaxant\" target=\"_blank\" rel=\"noreferrer noopener\">mit Muskelrelaxantien<\/a> k\u00f6nnen empfohlen werden, wenn andere Methoden versagen, da Botulinumtoxin die Nervensignale blockiert, die f\u00fcr die Stimulierung der Schwei\u00dfproduktion verantwortlich sind, was dazu f\u00fchrt, dass insgesamt weniger produziert wird!<\/p>\n\n<p>Orale Medikamente wie Oxybutynin oder Betablocker k\u00f6nnen im Einzelfall ebenfalls Linderung verschaffen; eine Beratung mit Fachleuten des Gesundheitswesens, wie z. B. Dermatologen, w\u00fcrde jedoch eine korrekte Diagnose sicherstellen, bevor eine Empfehlung f\u00fcr eine bestimmte Vorgehensweise ausgesprochen wird.<\/p>\n\n<p>Schlie\u00dflich haben sich Fu\u00dfpuder oder Fu\u00dfb\u00e4der mit Teebaum\u00f6l-Essig-Schwarztee-Inhaltsstoffen als wirksam erwiesen, um den mit Fu\u00dfschwei\u00df verbundenen Geruch zu bek\u00e4mpfen! Es ist wichtig, nicht nur zu leben, sondern auch zu gedeihen, ohne sich den ganzen Tag \u00fcber verschwitzte F\u00fc\u00dfe Gedanken zu machen &#8211; melden Sie sich noch heute!<\/p>\n\n<p>Lassen Sie sich nicht l\u00e4nger von Fu\u00dfschwei\u00df zur\u00fcckhalten &#8211; lassen Sie sich noch heute von einem Dermatologen beraten, welche Behandlungsm\u00f6glichkeit f\u00fcr Sie die richtige ist!<\/p>\n\n<h3 class=\"wp-block-heading\">Alles, was Sie \u00fcber <a href=\"https:\/\/medclinics.com\/de\/schonheit\/\" target=\"_blank\" rel=\"noreferrer noopener\">Sch\u00f6nheitsbehandlungen<\/a> wissen m\u00fcssen, finden Sie hier, <a href=\"#requestform\">kontaktieren Sie uns<\/a> jetzt!<\/h3>\n\n<h2 class=\"wp-block-heading\">FAQ <\/h2>\n<div id=\"rank-math-faq\" class=\"rank-math-block\">\n<div class=\"rank-math-list \">\n<div id=\"faq-question-1684848637435\" class=\"rank-math-list-item\">\n<h3 class=\"rank-math-question \">Wie stoppt man Fu\u00dfschwitzen?<\/h3>\n<div class=\"rank-math-answer \">\n\n<p>Um das Schwitzen der F\u00fc\u00dfe in den Griff zu bekommen und zu reduzieren, k\u00f6nnen Sie verschiedene Ma\u00dfnahmen ergreifen. Beginnen Sie damit, Ihre F\u00fc\u00dfe sauber und trocken zu halten, indem Sie sie t\u00e4glich waschen und gr\u00fcndlich abtrocknen, insbesondere zwischen den Zehen. Entscheiden Sie sich f\u00fcr atmungsaktives Schuhwerk aus nat\u00fcrlichen Materialien und ziehen Sie feuchtigkeitsabsorbierende Einlegesohlen oder Fu\u00dfpuder in Betracht. W\u00e4hlen Sie feuchtigkeitsableitende Socken und verwenden Sie ein Antitranspirant oder Fu\u00dfdeodorant, um Schwei\u00df und Geruch zu bek\u00e4mpfen. Achten Sie auf eine gute Fu\u00dfhygiene, einschlie\u00dflich des regelm\u00e4\u00dfigen Schneidens der Zehenn\u00e4gel und der Verwendung von antibakteriellen oder antimykotischen Produkten. Wichtig ist auch, den Stresspegel zu kontrollieren und einen Arzt aufzusuchen, wenn die Hausmittel nicht wirken. Medizinische Interventionen wie verschreibungspflichtige Antitranspirantien, Iontophorese oder Botox-Injektionen k\u00f6nnen von medizinischen Fachkr\u00e4ften empfohlen werden. Wenn das Schwitzen an den F\u00fc\u00dfen mit starkem Geruch oder anderen beunruhigenden Symptomen einhergeht, ist es am besten, eine medizinische Fachkraft zu konsultieren, um eine angemessene Bewertung und Beratung zu erhalten.<\/p>\n\n<\/div>\n<\/div>\n<div id=\"faq-question-1684848668395\" class=\"rank-math-list-item\">\n<h3 class=\"rank-math-question \">Warum kommt es zu Fu\u00dfschwellungen?<\/h3>\n<div class=\"rank-math-answer \">\n\n<p>Fu\u00dfschwellungen k\u00f6nnen durch verschiedene Faktoren entstehen. L\u00e4ngeres Stehen oder Sitzen, Verletzungen oder Traumata am Fu\u00df, Schwangerschaft, hei\u00dfes Wetter, Fettleibigkeit und bestimmte Erkrankungen k\u00f6nnen zu Fu\u00dfschwellungen f\u00fchren. Auch Medikamente und Infektionen k\u00f6nnen m\u00f6gliche Ursachen sein. Es ist wichtig, auf den Schweregrad und die Begleitsymptome von Fu\u00dfschwellungen zu achten. Pl\u00f6tzliche oder starke Schwellungen sowie Schmerzen, R\u00f6tungen, W\u00e4rme oder anhaltende Schwellungen trotz Selbstbehandlung sollten dazu f\u00fchren, dass ein Arzt aufgesucht wird, um eine angemessene Beurteilung und Beratung zu erhalten. F\u00fcr eine angemessene Behandlung und Pflege ist es wichtig, die Ursache der Fu\u00dfschwellung zu ermitteln und zu beseitigen.<\/p>\n\n<\/div>\n<\/div>\n<\/div>\n<\/div>\n<p><\/p>\n\n<h3 class=\"wp-block-heading\">Kontaktieren Sie uns jetzt, falls Sie Fragen haben!<\/h3>\n","protected":false},"excerpt":{"rendered":"<p>Sind Sie es leid, sich mit \u00fcberm\u00e4\u00dfigem Schwitzen an den F\u00fc\u00dfen, auch bekannt als Plantarhyperhidrose, herumzuschlagen? Gl\u00fccklicherweise gibt es mehrere [&hellip;]<\/p>\n","protected":false},"author":4,"featured_media":93439,"parent":0,"menu_order":0,"comment_status":"closed","ping_status":"closed","template":"","meta":{"site-sidebar-layout":"default","site-content-layout":"","ast-site-content-layout":"default","site-content-style":"default","site-sidebar-style":"default","ast-global-header-display":"","ast-banner-title-visibility":"","ast-main-header-display":"","ast-hfb-above-header-display":"","ast-hfb-below-header-display":"","ast-hfb-mobile-header-display":"","site-post-title":"","ast-breadcrumbs-content":"","ast-featured-img":"","footer-sml-layout":"","ast-disable-related-posts":"","theme-transparent-header-meta":"","adv-header-id-meta":"","stick-header-meta":"","header-above-stick-meta":"","header-main-stick-meta":"","header-below-stick-meta":"","astra-migrate-meta-layouts":"default","ast-page-background-enabled":"default","ast-page-background-meta":{"desktop":{"background-color":"var(--ast-global-color-4)","background-image":"","background-repeat":"repeat","background-position":"center center","background-size":"auto","background-attachment":"scroll","background-type":"","background-media":"","overlay-type":"","overlay-color":"","overlay-opacity":"","overlay-gradient":""},"tablet":{"background-color":"","background-image":"","background-repeat":"repeat","background-position":"center center","background-size":"auto","background-attachment":"scroll","background-type":"","background-media":"","overlay-type":"","overlay-color":"","overlay-opacity":"","overlay-gradient":""},"mobile":{"background-color":"","background-image":"","background-repeat":"repeat","background-position":"center center","background-size":"auto","background-attachment":"scroll","background-type":"","background-media":"","overlay-type":"","overlay-color":"","overlay-opacity":"","overlay-gradient":""}},"ast-content-background-meta":{"desktop":{"background-color":"var(--ast-global-color-5)","background-image":"","background-repeat":"repeat","background-position":"center center","background-size":"auto","background-attachment":"scroll","background-type":"","background-media":"","overlay-type":"","overlay-color":"","overlay-opacity":"","overlay-gradient":""},"tablet":{"background-color":"var(--ast-global-color-5)","background-image":"","background-repeat":"repeat","background-position":"center center","background-size":"auto","background-attachment":"scroll","background-type":"","background-media":"","overlay-type":"","overlay-color":"","overlay-opacity":"","overlay-gradient":""},"mobile":{"background-color":"var(--ast-global-color-5)","background-image":"","background-repeat":"repeat","background-position":"center center","background-size":"auto","background-attachment":"scroll","background-type":"","background-media":"","overlay-type":"","overlay-color":"","overlay-opacity":"","overlay-gradient":""}},"footnotes":""},"class_list":["post-146383","page","type-page","status-publish","has-post-thumbnail","hentry"],"_links":{"self":[{"href":"https:\/\/medclinics.com\/de\/wp-json\/wp\/v2\/pages\/146383","targetHints":{"allow":["GET"]}}],"collection":[{"href":"https:\/\/medclinics.com\/de\/wp-json\/wp\/v2\/pages"}],"about":[{"href":"https:\/\/medclinics.com\/de\/wp-json\/wp\/v2\/types\/page"}],"author":[{"embeddable":true,"href":"https:\/\/medclinics.com\/de\/wp-json\/wp\/v2\/users\/4"}],"replies":[{"embeddable":true,"href":"https:\/\/medclinics.com\/de\/wp-json\/wp\/v2\/comments?post=146383"}],"version-history":[{"count":0,"href":"https:\/\/medclinics.com\/de\/wp-json\/wp\/v2\/pages\/146383\/revisions"}],"wp:featuredmedia":[{"embeddable":true,"href":"https:\/\/medclinics.com\/de\/wp-json\/wp\/v2\/media\/93439"}],"wp:attachment":[{"href":"https:\/\/medclinics.com\/de\/wp-json\/wp\/v2\/media?parent=146383"}],"curies":[{"name":"wp","href":"https:\/\/api.w.org\/{rel}","templated":true}]}}