{"id":146365,"date":"2023-05-23T13:17:58","date_gmt":"2023-05-23T13:17:58","guid":{"rendered":"https:\/\/medclinics.com\/fullstoff-auflosend\/"},"modified":"2024-04-04T19:21:42","modified_gmt":"2024-04-04T16:21:42","slug":"fullstoff-auflosend","status":"publish","type":"page","link":"https:\/\/medclinics.com\/de\/fullstoff-auflosend\/","title":{"rendered":"F\u00fcllstoff aufl\u00f6send"},"content":{"rendered":"\n<h2 class=\"wp-block-heading\">Sind Sie mit den Ergebnissen Ihrer Dermalfiller-Behandlung unzufrieden? Oder sind bei Ihnen Komplikationen aufgetreten, die Ihnen Unbehagen und Sorgen bereiten?  <\/h2>\n\n<h2 class=\"wp-block-heading\">Dann ist es an der Zeit, ein medizinisches Verfahren in Erw\u00e4gung zu ziehen, das als Filler Dissolving bekannt ist.<\/h2>\n\n<p>Beim Aufl\u00f6sen oder Entfernen von Fillern wird ein Enzym namens Hyaluronidase verwendet, um die am h\u00e4ufigsten verwendeten <a href=\"https:\/\/en.wikipedia.org\/wiki\/Injectable_filler\" target=\"_blank\" rel=\"noreferrer noopener\">Dermalf\u00fcller<\/a> aufzul\u00f6sen, die aus Hyalurons\u00e4ure (HA) bestehen. Durch die Aufspaltung dieser Molek\u00fcle kann diese nat\u00fcrliche Substanz aus dem K\u00f6rper ausgeschieden werden. Das Verfahren umfasst in der Regel eine Beratung durch einen qualifizierten \u00c4sthetiker, der beurteilt, ob dies f\u00fcr Ihren speziellen Fall geeignet ist, bevor er eine \u00f6rtliche Bet\u00e4ubung oder lokale Injektionen vornimmt, um m\u00f6gliche Beschwerden w\u00e4hrend der Injektion zu minimieren.<\/p>\n\n<p>Im n\u00e4chsten Schritt des Verfahrens wird Hyaluronidase direkt in die Bereiche injiziert, in die zuvor Filler gespritzt wurden. Dann kommt die Wartezeit, w\u00e4hrend der gen\u00fcgend Zeit f\u00fcr seine Auswirkungen auf die Aufl\u00f6sung unerw\u00fcnschter Material allm\u00e4hlich \u00fcber einige Dauer, bis vollst\u00e4ndig weg aufgel\u00f6st &#8211; hinterl\u00e4sst nur nat\u00fcrlich sch\u00f6ne Haut!<\/p>\n\n<h3 class=\"wp-block-heading\">Alles, was Sie \u00fcber <a href=\"https:\/\/medclinics.com\/de\/schonheit\/\" target=\"_blank\" rel=\"noreferrer noopener\">Sch\u00f6nheitsbehandlungen<\/a> wissen m\u00fcssen, einschlie\u00dflich Preis, Nachbehandlung und Heilungsprozess finden Sie hier. Oder <a href=\"#requestform\">kontaktieren Sie uns<\/a>!<\/h3>\n\n<h2 class=\"wp-block-heading\">FAQ <\/h2>\n<div id=\"rank-math-faq\" class=\"rank-math-block\">\n<div class=\"rank-math-list \">\n<div id=\"faq-question-1684847670304\" class=\"rank-math-list-item\">\n<h3 class=\"rank-math-question \">Tut das Aufl\u00f6sen von F\u00fcllstoffen weh?<\/h3>\n<div class=\"rank-math-answer \">\n\n<p>Der Prozess des Aufl\u00f6sens von Dermalf\u00fcllern mit Hyaluronidase kann ein gewisses Unbehagen oder leichte Schmerzen verursachen, die jedoch in der Regel \u00fcberschaubar und vor\u00fcbergehend sind. Der Grad der Unannehmlichkeiten kann je nach individuellen Faktoren und der verwendeten Technik variieren. Das medizinische Personal kann Ma\u00dfnahmen ergreifen, um die Schmerzen w\u00e4hrend des Eingriffs zu minimieren, z. B. das Auftragen einer bet\u00e4ubenden Creme oder die Verwendung einer kleineren Nadel.<\/p>\n\n<\/div>\n<\/div>\n<div id=\"faq-question-1684847775548\" class=\"rank-math-list-item\">\n<h3 class=\"rank-math-question \">Was l\u00f6st die F\u00fcllung auf?<\/h3>\n<div class=\"rank-math-answer \">\n\n<p>Hyalurons\u00e4ure-Filler, die am h\u00e4ufigsten verwendete Art von Dermalfillern, k\u00f6nnen mit Hilfe eines Enzyms namens Hyaluronidase aufgel\u00f6st werden. Die Hyaluronidase spaltet die Hyalurons\u00e4uremolek\u00fcle auf, so dass der F\u00fcller verstoffwechselt und vom K\u00f6rper aufgenommen werden kann. Die Injektion von Hyaluronidase in den behandelten Bereich tr\u00e4gt dazu bei, die Auswirkungen des Fillers r\u00fcckg\u00e4ngig zu machen und das urspr\u00fcngliche Aussehen wiederherzustellen. Wichtig ist, dass Hyaluronidase spezifisch f\u00fcr Hyalurons\u00e4uref\u00fcller ist und andere F\u00fcllstoffe nicht aufl\u00f6st.<\/p>\n\n<\/div>\n<\/div>\n<div id=\"faq-question-1684847839390\" class=\"rank-math-list-item\">\n<h3 class=\"rank-math-question \">Wie viel kostet das Aufl\u00f6sen von F\u00fcllstoffen?<\/h3>\n<div class=\"rank-math-answer \">\n\n<p>Die Kosten f\u00fcr eine F\u00fcllstoffaufl\u00f6sung k\u00f6nnen von mehreren Faktoren abh\u00e4ngen, darunter die Region, die medizinische Fachkraft, die das Verfahren durchf\u00fchrt, die Menge des aufzul\u00f6senden F\u00fcllstoffs und etwaige zus\u00e4tzliche Geb\u00fchren in der Klinik oder Einrichtung. Im Allgemeinen liegen die Kosten f\u00fcr die Aufl\u00f6sung von Fillern mit Hyaluronidase zwischen 300 und 800 Dollar pro Sitzung.<\/p>\n\n<\/div>\n<\/div>\n<\/div>\n<\/div>\n<p><\/p>\n\n<h3 class=\"wp-block-heading\">Kontaktieren Sie uns jetzt, falls Sie Fragen haben!<\/h3>\n","protected":false},"excerpt":{"rendered":"<p>Sind Sie mit den Ergebnissen Ihrer Dermalfiller-Behandlung unzufrieden? Oder sind bei Ihnen Komplikationen aufgetreten, die Ihnen Unbehagen und Sorgen bereiten? [&hellip;]<\/p>\n","protected":false},"author":4,"featured_media":92816,"parent":0,"menu_order":0,"comment_status":"closed","ping_status":"closed","template":"","meta":{"site-sidebar-layout":"default","site-content-layout":"","ast-site-content-layout":"default","site-content-style":"default","site-sidebar-style":"default","ast-global-header-display":"","ast-banner-title-visibility":"","ast-main-header-display":"","ast-hfb-above-header-display":"","ast-hfb-below-header-display":"","ast-hfb-mobile-header-display":"","site-post-title":"","ast-breadcrumbs-content":"","ast-featured-img":"","footer-sml-layout":"","ast-disable-related-posts":"","theme-transparent-header-meta":"","adv-header-id-meta":"","stick-header-meta":"","header-above-stick-meta":"","header-main-stick-meta":"","header-below-stick-meta":"","astra-migrate-meta-layouts":"default","ast-page-background-enabled":"default","ast-page-background-meta":{"desktop":{"background-color":"var(--ast-global-color-4)","background-image":"","background-repeat":"repeat","background-position":"center center","background-size":"auto","background-attachment":"scroll","background-type":"","background-media":"","overlay-type":"","overlay-color":"","overlay-opacity":"","overlay-gradient":""},"tablet":{"background-color":"","background-image":"","background-repeat":"repeat","background-position":"center center","background-size":"auto","background-attachment":"scroll","background-type":"","background-media":"","overlay-type":"","overlay-color":"","overlay-opacity":"","overlay-gradient":""},"mobile":{"background-color":"","background-image":"","background-repeat":"repeat","background-position":"center center","background-size":"auto","background-attachment":"scroll","background-type":"","background-media":"","overlay-type":"","overlay-color":"","overlay-opacity":"","overlay-gradient":""}},"ast-content-background-meta":{"desktop":{"background-color":"var(--ast-global-color-5)","background-image":"","background-repeat":"repeat","background-position":"center center","background-size":"auto","background-attachment":"scroll","background-type":"","background-media":"","overlay-type":"","overlay-color":"","overlay-opacity":"","overlay-gradient":""},"tablet":{"background-color":"var(--ast-global-color-5)","background-image":"","background-repeat":"repeat","background-position":"center center","background-size":"auto","background-attachment":"scroll","background-type":"","background-media":"","overlay-type":"","overlay-color":"","overlay-opacity":"","overlay-gradient":""},"mobile":{"background-color":"var(--ast-global-color-5)","background-image":"","background-repeat":"repeat","background-position":"center center","background-size":"auto","background-attachment":"scroll","background-type":"","background-media":"","overlay-type":"","overlay-color":"","overlay-opacity":"","overlay-gradient":""}},"footnotes":""},"class_list":["post-146365","page","type-page","status-publish","has-post-thumbnail","hentry"],"_links":{"self":[{"href":"https:\/\/medclinics.com\/de\/wp-json\/wp\/v2\/pages\/146365","targetHints":{"allow":["GET"]}}],"collection":[{"href":"https:\/\/medclinics.com\/de\/wp-json\/wp\/v2\/pages"}],"about":[{"href":"https:\/\/medclinics.com\/de\/wp-json\/wp\/v2\/types\/page"}],"author":[{"embeddable":true,"href":"https:\/\/medclinics.com\/de\/wp-json\/wp\/v2\/users\/4"}],"replies":[{"embeddable":true,"href":"https:\/\/medclinics.com\/de\/wp-json\/wp\/v2\/comments?post=146365"}],"version-history":[{"count":0,"href":"https:\/\/medclinics.com\/de\/wp-json\/wp\/v2\/pages\/146365\/revisions"}],"wp:featuredmedia":[{"embeddable":true,"href":"https:\/\/medclinics.com\/de\/wp-json\/wp\/v2\/media\/92816"}],"wp:attachment":[{"href":"https:\/\/medclinics.com\/de\/wp-json\/wp\/v2\/media?parent=146365"}],"curies":[{"name":"wp","href":"https:\/\/api.w.org\/{rel}","templated":true}]}}