{"id":146341,"date":"2023-05-23T12:38:00","date_gmt":"2023-05-23T09:38:00","guid":{"rendered":"https:\/\/medclinics.com\/mesotherapie-der-augenkonturen\/"},"modified":"2024-04-04T19:26:31","modified_gmt":"2024-04-04T16:26:31","slug":"mesotherapie-der-augenkonturen","status":"publish","type":"page","link":"https:\/\/medclinics.com\/de\/mesotherapie-der-augenkonturen\/","title":{"rendered":"Mesotherapie der Augenkonturen"},"content":{"rendered":"\n<h2 class=\"wp-block-heading\">Sind Sie es leid, in den Spiegel zu schauen und feine Linien, Falten, Schwellungen oder dunkle Augenringe zu sehen? Dann k\u00f6nnte die Mesotherapie der Augenkonturen die L\u00f6sung f\u00fcr Sie sein.<\/h2>\n\n<p>Bei der Mesotherapie der Augenkonturen werden spezielle Substanzen in die empfindliche Haut um die Augen injiziert, um ihr Aussehen zu verbessern.<\/p>\n\n<p>Die Inhaltsstoffe, die bei der Mesotherapie der Augenkonturen verwendet werden, k\u00f6nnen variieren, je nachdem, was der einzelne Patient ben\u00f6tigt. Zu den gemeinsamen Bestandteilen geh\u00f6ren jedoch Vitamine, Mineralien, <a href=\"https:\/\/en.wikipedia.org\/wiki\/Hyaluronic_acid\" target=\"_blank\" rel=\"noreferrer noopener\">Hyalurons\u00e4ure<\/a>, Peptide, Aminos\u00e4uren und Antioxidantien, die die Haut n\u00e4hren und verj\u00fcngen und gleichzeitig die Kollagenproduktion f\u00f6rdern, wodurch sich sowohl die Textur als auch der Hautton verbessern.<\/p>\n\n<p>W\u00e4hrend einer Sitzung mit einer erfahrenen medizinischen Fachkraft oder \u00c4sthetikerin, die eine kleine Nadel verwendet, um diese L\u00f6sungen an mehreren Stellen zu injizieren und so eine gleichm\u00e4\u00dfige Verteilung in den Zielbereichen zu gew\u00e4hrleisten, k\u00f6nnen optimale Ergebnisse mehrere Behandlungen im Laufe der Zeit erfordern, aber das ist es wert!<\/p>\n\n<p>Was h\u00e4lt Sie davon ab, heller aussehende, jugendlich wirkende Augen zu bekommen? Holen Sie sich jetzt Ihre kostenlose Beratung!<\/p>\n\n<h3 class=\"wp-block-heading\">Alles, was Sie \u00fcber <a href=\"https:\/\/medclinics.com\/de\/schonheit\/\" target=\"_blank\" rel=\"noreferrer noopener\">Sch\u00f6nheitsbehandlungen<\/a> wissen m\u00fcssen, einschlie\u00dflich Preis und mehr, finden Sie hier, <a href=\"#requestform\">kontaktieren Sie uns<\/a>!<\/h3>\n\n<h2 class=\"wp-block-heading\">FAQ <\/h2>\n<div id=\"rank-math-faq\" class=\"rank-math-block\">\n<div class=\"rank-math-list \">\n<div id=\"faq-question-1684845255298\" class=\"rank-math-list-item\">\n<h3 class=\"rank-math-question \">Was ist Mesotherapie f\u00fcr Augen?<\/h3>\n<div class=\"rank-math-answer \">\n\n<p>Die Mesotherapie f\u00fcr die Augen, auch Mesotherapie unter den Augen oder Meso-Augenbehandlung genannt, ist ein kosmetisches Verfahren, bei dem spezielle Substanzen in die Haut um die Augen injiziert werden, um bestimmte Probleme in diesem Bereich zu beheben. Die Mesotherapie der Augenkonturen zielt darauf ab, die empfindliche Haut um die Augen zu verj\u00fcngen und Probleme wie Augenringe, Schwellungen, feine Linien und F\u00e4ltchen zu behandeln.<\/p>\n\n<\/div>\n<\/div>\n<div id=\"faq-question-1684845293786\" class=\"rank-math-list-item\">\n<h3 class=\"rank-math-question \">Ist die Mesotherapie unter den Augen sicher?<\/h3>\n<div class=\"rank-math-answer \">\n\n<p>Wenn sie von einem qualifizierten und erfahrenen Arzt durchgef\u00fchrt wird, gilt die Mesotherapie f\u00fcr die Augenpartie im Allgemeinen als sicher. Wie bei jedem medizinischen Verfahren gibt es jedoch potenzielle Risiken und Nebenwirkungen, \u00fcber die man sich im Klaren sein muss. Dazu k\u00f6nnen Bluterg\u00fcsse, Schwellungen, R\u00f6tungen, Reizungen, Infektionen (wenn auch selten) und allergische Reaktionen geh\u00f6ren. Die Wahl eines qualifizierten Arztes und die Einhaltung ordnungsgem\u00e4\u00dfer Sterilisations- und aseptischer Verfahren k\u00f6nnen dazu beitragen, diese Risiken zu minimieren. Es ist wichtig, dass man realistische Erwartungen hat und sich vor dem Eingriff einer gr\u00fcndlichen Untersuchung unterzieht. Die Beratung durch eine medizinische Fachkraft erm\u00f6glicht eine individuelle Beratung und gew\u00e4hrleistet die Sicherheit und Eignung der Mesotherapie f\u00fcr Ihre Augenpartie.<\/p>\n\n<\/div>\n<\/div>\n<\/div>\n<\/div>\n<p><\/p>\n\n<h3 class=\"wp-block-heading\">Kontaktieren Sie uns jetzt, falls Sie Fragen haben!<\/h3>\n","protected":false},"excerpt":{"rendered":"<p>Sind Sie es leid, in den Spiegel zu schauen und feine Linien, Falten, Schwellungen oder dunkle Augenringe zu sehen? Dann [&hellip;]<\/p>\n","protected":false},"author":4,"featured_media":92671,"parent":0,"menu_order":0,"comment_status":"closed","ping_status":"closed","template":"","meta":{"site-sidebar-layout":"default","site-content-layout":"","ast-site-content-layout":"default","site-content-style":"default","site-sidebar-style":"default","ast-global-header-display":"","ast-banner-title-visibility":"","ast-main-header-display":"","ast-hfb-above-header-display":"","ast-hfb-below-header-display":"","ast-hfb-mobile-header-display":"","site-post-title":"","ast-breadcrumbs-content":"","ast-featured-img":"","footer-sml-layout":"","ast-disable-related-posts":"","theme-transparent-header-meta":"","adv-header-id-meta":"","stick-header-meta":"","header-above-stick-meta":"","header-main-stick-meta":"","header-below-stick-meta":"","astra-migrate-meta-layouts":"default","ast-page-background-enabled":"default","ast-page-background-meta":{"desktop":{"background-color":"var(--ast-global-color-4)","background-image":"","background-repeat":"repeat","background-position":"center center","background-size":"auto","background-attachment":"scroll","background-type":"","background-media":"","overlay-type":"","overlay-color":"","overlay-opacity":"","overlay-gradient":""},"tablet":{"background-color":"","background-image":"","background-repeat":"repeat","background-position":"center center","background-size":"auto","background-attachment":"scroll","background-type":"","background-media":"","overlay-type":"","overlay-color":"","overlay-opacity":"","overlay-gradient":""},"mobile":{"background-color":"","background-image":"","background-repeat":"repeat","background-position":"center center","background-size":"auto","background-attachment":"scroll","background-type":"","background-media":"","overlay-type":"","overlay-color":"","overlay-opacity":"","overlay-gradient":""}},"ast-content-background-meta":{"desktop":{"background-color":"var(--ast-global-color-5)","background-image":"","background-repeat":"repeat","background-position":"center center","background-size":"auto","background-attachment":"scroll","background-type":"","background-media":"","overlay-type":"","overlay-color":"","overlay-opacity":"","overlay-gradient":""},"tablet":{"background-color":"var(--ast-global-color-5)","background-image":"","background-repeat":"repeat","background-position":"center center","background-size":"auto","background-attachment":"scroll","background-type":"","background-media":"","overlay-type":"","overlay-color":"","overlay-opacity":"","overlay-gradient":""},"mobile":{"background-color":"var(--ast-global-color-5)","background-image":"","background-repeat":"repeat","background-position":"center center","background-size":"auto","background-attachment":"scroll","background-type":"","background-media":"","overlay-type":"","overlay-color":"","overlay-opacity":"","overlay-gradient":""}},"footnotes":""},"class_list":["post-146341","page","type-page","status-publish","has-post-thumbnail","hentry"],"_links":{"self":[{"href":"https:\/\/medclinics.com\/de\/wp-json\/wp\/v2\/pages\/146341","targetHints":{"allow":["GET"]}}],"collection":[{"href":"https:\/\/medclinics.com\/de\/wp-json\/wp\/v2\/pages"}],"about":[{"href":"https:\/\/medclinics.com\/de\/wp-json\/wp\/v2\/types\/page"}],"author":[{"embeddable":true,"href":"https:\/\/medclinics.com\/de\/wp-json\/wp\/v2\/users\/4"}],"replies":[{"embeddable":true,"href":"https:\/\/medclinics.com\/de\/wp-json\/wp\/v2\/comments?post=146341"}],"version-history":[{"count":0,"href":"https:\/\/medclinics.com\/de\/wp-json\/wp\/v2\/pages\/146341\/revisions"}],"wp:featuredmedia":[{"embeddable":true,"href":"https:\/\/medclinics.com\/de\/wp-json\/wp\/v2\/media\/92671"}],"wp:attachment":[{"href":"https:\/\/medclinics.com\/de\/wp-json\/wp\/v2\/media?parent=146341"}],"curies":[{"name":"wp","href":"https:\/\/api.w.org\/{rel}","templated":true}]}}