{"id":146329,"date":"2023-05-23T12:26:37","date_gmt":"2023-05-23T09:26:37","guid":{"rendered":"https:\/\/medclinics.com\/dermapen-3\/"},"modified":"2024-04-04T19:32:48","modified_gmt":"2024-04-04T16:32:48","slug":"dermapen-3","status":"publish","type":"page","link":"https:\/\/medclinics.com\/de\/dermapen-3\/","title":{"rendered":"Dermapen"},"content":{"rendered":"\n<h2 class=\"wp-block-heading\">Sind Sie auf der Suche nach einem kosmetischen Verfahren, das das Erscheinungsbild von feinen Linien, Falten, Aknenarben und ungleichm\u00e4\u00dfigem Hautton verbessern kann? Die Dermapen Behandlung ist das Richtige f\u00fcr Sie!<\/h2>\n\n<p>  Bei dieser innovativen Technik, die auch als <a href=\"https:\/\/en.wikipedia.org\/wiki\/Collagen_induction_therapy\" target=\"_blank\" rel=\"noreferrer noopener\">Microneedling<\/a> oder Kollageninduktionstherapie bezeichnet wird, werden mit einem Handger\u00e4t winzige Einstiche in die Haut gesetzt. Das Ergebnis ist eine Steigerung der Kollagenproduktion und der nat\u00fcrlichen Heilungsprozesse in Ihrem K\u00f6rper.<\/p>\n\n<p>Diese Behandlungen sind sanft und dennoch effektiv &#8211; bei jeder Sitzung rollen unsere erfahrenen \u00c4rzte das Ger\u00e4t \u00fcber Ihr Gesicht, um kontrollierte Mikroverletzungen zu erzeugen. Diese Verletzungen regen das Wachstum neuer Zellen an und brechen gleichzeitig Narbengewebe auf, das beispielsweise durch Aknenarben entstanden ist. Au\u00dferdem f\u00f6rdern sie eine gleichm\u00e4\u00dfige Pigmentierung in allen Bereichen Ihres Teints!<\/p>\n\n<p>Wenn Sie nach M\u00f6glichkeiten suchen, vergr\u00f6\u00dferte Poren zu verkleinern oder Hyperpigmentierungen (z. B. Sonnenflecken) zu reduzieren, dann sollten Sie noch heute eine unserer Dermapen-Sitzungen buchen!  <\/p>\n\n<h3 class=\"wp-block-heading\">Alles, was Sie \u00fcber <a href=\"https:\/\/medclinics.com\/de\/schonheit\/\" target=\"_blank\" rel=\"noreferrer noopener\">Sch\u00f6nheitsbehandlungen<\/a> wissen m\u00fcssen, einschlie\u00dflich Preis, Nachbehandlung und Heilungsprozess finden Sie hier. Oder <a href=\"#requestform\">kontaktieren Sie uns<\/a>!<\/h3>\n\n<h2 class=\"wp-block-heading\">FAQ <\/h2>\n<div id=\"rank-math-faq\" class=\"rank-math-block\">\n<div class=\"rank-math-list \">\n<div id=\"faq-question-1684844597949\" class=\"rank-math-list-item\">\n<h3 class=\"rank-math-question \">Was ist Dermapen?<\/h3>\n<div class=\"rank-math-answer \">\n\n<p>Dermapen ist ein kosmetisches Verfahren, bei dem ein Ger\u00e4t mit winzigen Nadeln verwendet wird, um kontrollierte Mikroverletzungen in der Haut zu erzeugen. Es kann die Hautstruktur verbessern, feine Linien und Falten reduzieren und Probleme wie Aknenarben und Hyperpigmentierung behandeln. Sie verbessert die Aufnahme von Hautpflegeprodukten und ist in der Regel mit einer minimalen Behandlungszeit verbunden. F\u00fcr eine sichere und wirksame Behandlung ist es wichtig, sich von einem Fachmann beraten zu lassen.<\/p>\n\n<\/div>\n<\/div>\n<div id=\"faq-question-1684844455377\" class=\"rank-math-list-item\">\n<h3 class=\"rank-math-question \">Ist Dermapen gut f\u00fcr Ihr Gesicht?<\/h3>\n<div class=\"rank-math-answer \">\n\n<p>Wenn es von einem geschulten Fachmann durchgef\u00fchrt wird, kann Dermapen mehrere Vorteile f\u00fcr das Gesicht haben. Es stimuliert die Produktion von Kollagen und Elastin, was zu einer verbesserten Hautstruktur, einer Verringerung von feinen Linien und Falten und einer allgemeinen Hautverj\u00fcngung f\u00fchrt. Dar\u00fcber hinaus kann es helfen, den Hautton und die Hautstruktur zu verbessern und das Erscheinungsbild von Aknenarben, Hyperpigmentierung und anderen Hautunreinheiten zu reduzieren. Die durch das Microneedling geschaffenen Mikrokan\u00e4le verbessern auch die Aufnahme von Hautpflegeprodukten und maximieren deren Wirksamkeit. Im Vergleich zu invasiveren Verfahren ist die Ausfallzeit bei Dermapen in der Regel minimal, da R\u00f6tungen und leichte Schwellungen innerhalb weniger Tage abklingen. Es ist wichtig, dass Sie sich von einem qualifizierten Dermatologen oder Hautpfleger beraten lassen, um festzustellen, ob Dermapen f\u00fcr Ihre Haut geeignet ist und um sicherzustellen, dass das Verfahren sicher und effektiv durchgef\u00fchrt wird.<\/p>\n\n<\/div>\n<\/div>\n<div id=\"faq-question-1684844634844\" class=\"rank-math-list-item\">\n<h3 class=\"rank-math-question \">Wie lange h\u00e4lt die Wirkung von Dermapen an?<\/h3>\n<div class=\"rank-math-answer \">\n\n<p>Die Wirkung von Dermapen kann mehrere Monate bis zu einem Jahr anhalten, abh\u00e4ngig von Faktoren wie Hauttyp, Behandlungsplan und individuellen Faktoren. Erhaltungsbehandlungen und eine konsequente Hautpflege k\u00f6nnen dazu beitragen, das Ergebnis zu erhalten.<\/p>\n\n<\/div>\n<\/div>\n<\/div>\n<\/div>\n<p><\/p>\n\n<h3 class=\"wp-block-heading\">Kontaktieren Sie uns jetzt, falls Sie Fragen haben!<\/h3>\n","protected":false},"excerpt":{"rendered":"<p>Sind Sie auf der Suche nach einem kosmetischen Verfahren, das das Erscheinungsbild von feinen Linien, Falten, Aknenarben und ungleichm\u00e4\u00dfigem Hautton [&hellip;]<\/p>\n","protected":false},"author":4,"featured_media":92699,"parent":0,"menu_order":0,"comment_status":"closed","ping_status":"closed","template":"","meta":{"site-sidebar-layout":"default","site-content-layout":"","ast-site-content-layout":"default","site-content-style":"default","site-sidebar-style":"default","ast-global-header-display":"","ast-banner-title-visibility":"","ast-main-header-display":"","ast-hfb-above-header-display":"","ast-hfb-below-header-display":"","ast-hfb-mobile-header-display":"","site-post-title":"","ast-breadcrumbs-content":"","ast-featured-img":"","footer-sml-layout":"","ast-disable-related-posts":"","theme-transparent-header-meta":"","adv-header-id-meta":"","stick-header-meta":"","header-above-stick-meta":"","header-main-stick-meta":"","header-below-stick-meta":"","astra-migrate-meta-layouts":"default","ast-page-background-enabled":"default","ast-page-background-meta":{"desktop":{"background-color":"var(--ast-global-color-4)","background-image":"","background-repeat":"repeat","background-position":"center center","background-size":"auto","background-attachment":"scroll","background-type":"","background-media":"","overlay-type":"","overlay-color":"","overlay-opacity":"","overlay-gradient":""},"tablet":{"background-color":"","background-image":"","background-repeat":"repeat","background-position":"center center","background-size":"auto","background-attachment":"scroll","background-type":"","background-media":"","overlay-type":"","overlay-color":"","overlay-opacity":"","overlay-gradient":""},"mobile":{"background-color":"","background-image":"","background-repeat":"repeat","background-position":"center center","background-size":"auto","background-attachment":"scroll","background-type":"","background-media":"","overlay-type":"","overlay-color":"","overlay-opacity":"","overlay-gradient":""}},"ast-content-background-meta":{"desktop":{"background-color":"var(--ast-global-color-5)","background-image":"","background-repeat":"repeat","background-position":"center center","background-size":"auto","background-attachment":"scroll","background-type":"","background-media":"","overlay-type":"","overlay-color":"","overlay-opacity":"","overlay-gradient":""},"tablet":{"background-color":"var(--ast-global-color-5)","background-image":"","background-repeat":"repeat","background-position":"center center","background-size":"auto","background-attachment":"scroll","background-type":"","background-media":"","overlay-type":"","overlay-color":"","overlay-opacity":"","overlay-gradient":""},"mobile":{"background-color":"var(--ast-global-color-5)","background-image":"","background-repeat":"repeat","background-position":"center center","background-size":"auto","background-attachment":"scroll","background-type":"","background-media":"","overlay-type":"","overlay-color":"","overlay-opacity":"","overlay-gradient":""}},"footnotes":""},"class_list":["post-146329","page","type-page","status-publish","has-post-thumbnail","hentry"],"_links":{"self":[{"href":"https:\/\/medclinics.com\/de\/wp-json\/wp\/v2\/pages\/146329","targetHints":{"allow":["GET"]}}],"collection":[{"href":"https:\/\/medclinics.com\/de\/wp-json\/wp\/v2\/pages"}],"about":[{"href":"https:\/\/medclinics.com\/de\/wp-json\/wp\/v2\/types\/page"}],"author":[{"embeddable":true,"href":"https:\/\/medclinics.com\/de\/wp-json\/wp\/v2\/users\/4"}],"replies":[{"embeddable":true,"href":"https:\/\/medclinics.com\/de\/wp-json\/wp\/v2\/comments?post=146329"}],"version-history":[{"count":0,"href":"https:\/\/medclinics.com\/de\/wp-json\/wp\/v2\/pages\/146329\/revisions"}],"wp:featuredmedia":[{"embeddable":true,"href":"https:\/\/medclinics.com\/de\/wp-json\/wp\/v2\/media\/92699"}],"wp:attachment":[{"href":"https:\/\/medclinics.com\/de\/wp-json\/wp\/v2\/media?parent=146329"}],"curies":[{"name":"wp","href":"https:\/\/api.w.org\/{rel}","templated":true}]}}