{"id":146319,"date":"2023-05-23T12:14:10","date_gmt":"2023-05-23T09:14:10","guid":{"rendered":"https:\/\/medclinics.com\/cosmelan-maske\/"},"modified":"2024-04-04T19:32:54","modified_gmt":"2024-04-04T16:32:54","slug":"cosmelan-maske","status":"publish","type":"page","link":"https:\/\/medclinics.com\/de\/cosmelan-maske\/","title":{"rendered":"Cosmelan Maske"},"content":{"rendered":"\n<h2 class=\"wp-block-heading\">Verabschieden Sie sich von Ihren Hautunreinheiten mit der Cosmelan Maske.<\/h2>\n\n<p>Die Cosmelan-Maske ist eine erstklassige Hautbehandlung, die <a href=\"https:\/\/en.wikipedia.org\/wiki\/Hyperpigmentation\" target=\"_blank\" rel=\"noopener\">Hyperpigmentierung<\/a>, <a href=\"https:\/\/en.wikipedia.org\/wiki\/Melasma\" target=\"_blank\" rel=\"noreferrer noopener\">Melasma<\/a> und andere Formen von Verf\u00e4rbungen mit professioneller Wirksamkeit bek\u00e4mpft. Es ist daher nicht verwunderlich, dass diese Depigmentierungsmethode bei Dermatologen und Hautpflegeexperten gleicherma\u00dfen beliebt ist.<\/p>\n\n<p>Dieses zweiteilige System besteht aus der ersten Anwendung &#8211; der Cosmelan 1 Maske &#8211; und der anschlie\u00dfenden Pflege mit der Cosmelan 2 Creme. Und so funktioniert es:<\/p>\n\n<p>Zun\u00e4chst wird Ihr Hautpflegeexperte die wirksame Wirkstoffkombination der Cosmelan 1 Maske auftragen, um die Melaninproduktion (das Pigment, das f\u00fcr unsere Hautfarbe verantwortlich ist) zu unterdr\u00fccken und gleichzeitig das Syntheseenzym zu hemmen! Nach der Einwirkzeit, die Ihr Spezialist Ihnen empfohlen hat, ist Ihre Haut gr\u00fcndlich gereinigt und bereit f\u00fcr die weitere Behandlung!<\/p>\n\n<p>Auftritt links: Cosmelen II Pflegecreme; sie hilft, den Depigmentierungsprozess fortzusetzen, w\u00e4hrend sie dank Retinol, Vitamin C und Hydrochinon, die harmonisch zusammenarbeiten, um verbleibende Pigmente oder Flecken aufzuhellen, k\u00fcnftigen Erscheinungen vorbeugt.<\/p>\n\n<p>F\u00fcr ein optimales Ergebnis sollten Sie das Produkt nach dem ersten Schritt mehrere Wochen lang anwenden &#8211; Ihr neuer, strahlender Teint erwartet Sie!<\/p>\n\n<h3 class=\"wp-block-heading\">Alles, was Sie \u00fcber <a href=\"https:\/\/medclinics.com\/de\/schonheit\/\" target=\"_blank\" rel=\"noreferrer noopener\">Sch\u00f6nheitsbehandlungen<\/a> wissen m\u00fcssen, einschlie\u00dflich Preis, Nachbehandlung und Heilungsprozess finden Sie hier. Oder <a href=\"#requestform\">kontaktieren Sie uns<\/a>!<\/h3>\n\n<h2 class=\"wp-block-heading\">FAQ <\/h2>\n<div id=\"rank-math-faq\" class=\"rank-math-block\">\n<div class=\"rank-math-list \">\n<div id=\"faq-question-1684843677829\" class=\"rank-math-list-item\">\n<h3 class=\"rank-math-question \">Ist Cosmelan dauerhaft?<\/h3>\n<div class=\"rank-math-answer \">\n\n<p>Cosmelan ist eine Depigmentierungsbehandlung, die lang anhaltende Ergebnisse liefern kann, aber nicht dauerhaft ist. Um die Wirkung zu erhalten, sind Pflege und Sonnenschutz erforderlich. Regelm\u00e4\u00dfige Auffrischungsbehandlungen k\u00f6nnen erforderlich sein.<\/p>\n\n<\/div>\n<\/div>\n<div id=\"faq-question-1684843808866\" class=\"rank-math-list-item\">\n<h3 class=\"rank-math-question \">Kann das Cosmelan-Peeling zu Hause durchgef\u00fchrt werden?<\/h3>\n<div class=\"rank-math-answer \">\n\n<p>Nein, das Cosmelan-Peeling sollte nicht zu Hause durchgef\u00fchrt werden. Die Bewerbung umfasst ein zweistufiges Verfahren, das in der Regel mit einer professionellen Bewerbung in einem klinischen Umfeld beginnt. Die erste Maske wird mehrere Stunden oder \u00fcber Nacht auf der Haut belassen, und anschlie\u00dfend werden spezielle Pflegeprodukte f\u00fcr zu Hause zur kontinuierlichen Pflege verwendet.<br \/>Das Cosmelan-Peeling enth\u00e4lt potente Wirkstoffe und erfordert eine sorgf\u00e4ltige Anwendung und \u00dcberwachung durch eine geschulte Fachkraft. Es wurde entwickelt, um bestimmte Hautprobleme wie Melasma oder Hyperpigmentierung zu behandeln, und sollte unter Aufsicht eines Dermatologen oder eines qualifizierten Hautpflegeexperten angewandt werden.<\/p>\n\n<\/div>\n<\/div>\n<\/div>\n<\/div>\n<p><\/p>\n\n<h3 class=\"wp-block-heading\">Kontaktieren Sie uns jetzt, falls Sie Fragen haben!<\/h3>\n","protected":false},"excerpt":{"rendered":"<p>Verabschieden Sie sich von Ihren Hautunreinheiten mit der Cosmelan Maske. Die Cosmelan-Maske ist eine erstklassige Hautbehandlung, die Hyperpigmentierung, Melasma und [&hellip;]<\/p>\n","protected":false},"author":4,"featured_media":92685,"parent":0,"menu_order":0,"comment_status":"closed","ping_status":"closed","template":"","meta":{"site-sidebar-layout":"default","site-content-layout":"","ast-site-content-layout":"default","site-content-style":"default","site-sidebar-style":"default","ast-global-header-display":"","ast-banner-title-visibility":"","ast-main-header-display":"","ast-hfb-above-header-display":"","ast-hfb-below-header-display":"","ast-hfb-mobile-header-display":"","site-post-title":"","ast-breadcrumbs-content":"","ast-featured-img":"","footer-sml-layout":"","ast-disable-related-posts":"","theme-transparent-header-meta":"","adv-header-id-meta":"","stick-header-meta":"","header-above-stick-meta":"","header-main-stick-meta":"","header-below-stick-meta":"","astra-migrate-meta-layouts":"default","ast-page-background-enabled":"default","ast-page-background-meta":{"desktop":{"background-color":"var(--ast-global-color-4)","background-image":"","background-repeat":"repeat","background-position":"center center","background-size":"auto","background-attachment":"scroll","background-type":"","background-media":"","overlay-type":"","overlay-color":"","overlay-opacity":"","overlay-gradient":""},"tablet":{"background-color":"","background-image":"","background-repeat":"repeat","background-position":"center center","background-size":"auto","background-attachment":"scroll","background-type":"","background-media":"","overlay-type":"","overlay-color":"","overlay-opacity":"","overlay-gradient":""},"mobile":{"background-color":"","background-image":"","background-repeat":"repeat","background-position":"center center","background-size":"auto","background-attachment":"scroll","background-type":"","background-media":"","overlay-type":"","overlay-color":"","overlay-opacity":"","overlay-gradient":""}},"ast-content-background-meta":{"desktop":{"background-color":"var(--ast-global-color-5)","background-image":"","background-repeat":"repeat","background-position":"center center","background-size":"auto","background-attachment":"scroll","background-type":"","background-media":"","overlay-type":"","overlay-color":"","overlay-opacity":"","overlay-gradient":""},"tablet":{"background-color":"var(--ast-global-color-5)","background-image":"","background-repeat":"repeat","background-position":"center center","background-size":"auto","background-attachment":"scroll","background-type":"","background-media":"","overlay-type":"","overlay-color":"","overlay-opacity":"","overlay-gradient":""},"mobile":{"background-color":"var(--ast-global-color-5)","background-image":"","background-repeat":"repeat","background-position":"center center","background-size":"auto","background-attachment":"scroll","background-type":"","background-media":"","overlay-type":"","overlay-color":"","overlay-opacity":"","overlay-gradient":""}},"footnotes":""},"class_list":["post-146319","page","type-page","status-publish","has-post-thumbnail","hentry"],"_links":{"self":[{"href":"https:\/\/medclinics.com\/de\/wp-json\/wp\/v2\/pages\/146319","targetHints":{"allow":["GET"]}}],"collection":[{"href":"https:\/\/medclinics.com\/de\/wp-json\/wp\/v2\/pages"}],"about":[{"href":"https:\/\/medclinics.com\/de\/wp-json\/wp\/v2\/types\/page"}],"author":[{"embeddable":true,"href":"https:\/\/medclinics.com\/de\/wp-json\/wp\/v2\/users\/4"}],"replies":[{"embeddable":true,"href":"https:\/\/medclinics.com\/de\/wp-json\/wp\/v2\/comments?post=146319"}],"version-history":[{"count":0,"href":"https:\/\/medclinics.com\/de\/wp-json\/wp\/v2\/pages\/146319\/revisions"}],"wp:featuredmedia":[{"embeddable":true,"href":"https:\/\/medclinics.com\/de\/wp-json\/wp\/v2\/media\/92685"}],"wp:attachment":[{"href":"https:\/\/medclinics.com\/de\/wp-json\/wp\/v2\/media?parent=146319"}],"curies":[{"name":"wp","href":"https:\/\/api.w.org\/{rel}","templated":true}]}}