{"id":146293,"date":"2023-05-23T11:43:22","date_gmt":"2023-05-23T11:43:22","guid":{"rendered":"https:\/\/medclinics.com\/akne-mesotherapie\/"},"modified":"2024-04-04T19:27:37","modified_gmt":"2024-04-04T16:27:37","slug":"akne-mesotherapie","status":"publish","type":"page","link":"https:\/\/medclinics.com\/de\/akne-mesotherapie\/","title":{"rendered":"Akne Mesotherapie"},"content":{"rendered":"\n<h2 class=\"wp-block-heading\">Verabschieden Sie sich f\u00fcr immer von hartn\u00e4ckigen Pickeln mit einer Akne-Mesotherapie-Behandlung!<\/h2>\n\n<p>Die Akne-Mesotherapie ist ein revolution\u00e4res kosmetisches Verfahren, das die Kraft der Mesotherapie mit dem Ziel verbindet, Akne wirksam zu behandeln. Bei dieser Technik werden kleine Mengen verschiedener Substanzen in die mittlere Schicht, die so genannte Mesodermschicht, der Haut injiziert. Zu diesen Bestandteilen k\u00f6nnen essenzielle Vitamine und Mineralien, Aminos\u00e4uren, Pflanzenextrakte oder Medikamente geh\u00f6ren.<\/p>\n\n<p>Die spezifischen Komponenten, die in dieser Behandlung verwendet werden, variieren je nach den individuellen Anforderungen und den Vorlieben des Behandlers. Die Injektionen werden direkt in die von <a href=\"https:\/\/en.wikipedia.org\/wiki\/Acne\" target=\"_blank\" rel=\"noreferrer noopener\">Aknel\u00e4sionen<\/a> betroffenen Bereiche, z. B. in Ihr Gesicht, verabreicht, um optimale Ergebnisse zu erzielen.<\/p>\n\n<p>Durch die gezielte Zuf\u00fchrung von Inhaltsstoffen direkt dorthin, wo sie am meisten ben\u00f6tigt werden &#8211; tief in die Hautschichten &#8211; k\u00f6nnen Sie die Verj\u00fcngung f\u00f6rdern und gleichzeitig die durch l\u00e4stige Pickel verursachten Entz\u00fcndungen reduzieren! Auch akneverursachende Faktoren werden durch diese innovative Methode bek\u00e4mpft!<\/p>\n\n<h3 class=\"wp-block-heading\">Alles, was Sie \u00fcber <a href=\"https:\/\/medclinics.com\/de\/schonheit\/\" target=\"_blank\" rel=\"noreferrer noopener\">Sch\u00f6nheitsbehandlungen<\/a> wissen m\u00fcssen, einschlie\u00dflich Preise und mehr, oder <a href=\"#requestform\">kontaktieren Sie uns<\/a>!<\/h3>\n\n<h2 class=\"wp-block-heading\">FAQ <\/h2>\n<div id=\"rank-math-faq\" class=\"rank-math-block\">\n<div class=\"rank-math-list \">\n<div id=\"faq-question-1684841914568\" class=\"rank-math-list-item\">\n<h3 class=\"rank-math-question \">Ist Mesotherapie gut f\u00fcr Akne?<\/h3>\n<div class=\"rank-math-answer \">\n\n<p>Akne erfordert in der Regel eine Kombination von Ma\u00dfnahmen wie Medikamenten und \u00c4nderungen der Lebensweise. Am besten lassen Sie sich von einem Dermatologen beraten, um evidenzbasierte Behandlungen zu erhalten.<\/p>\n\n<\/div>\n<\/div>\n<div id=\"faq-question-1684841997742\" class=\"rank-math-list-item\">\n<h3 class=\"rank-math-question \">Kann die Mesotherapie Akne verursachen?<\/h3>\n<div class=\"rank-math-answer \">\n\n<p>Obwohl die Mesotherapie im Allgemeinen als sicher gilt, besteht das Risiko, dass sie bei einigen Personen Akne verursacht. Bei der Mesotherapie werden Substanzen in die Haut injiziert, und je nach den verwendeten Substanzen besteht die M\u00f6glichkeit, dass sie Akneausbr\u00fcche ausl\u00f6sen oder verschlimmern. Einige Mesotherapiel\u00f6sungen k\u00f6nnen \u00d6le, Fette oder andere Stoffe enthalten, die die Poren verstopfen und die Entstehung von Akne beg\u00fcnstigen k\u00f6nnen. Au\u00dferdem k\u00f6nnen die Injektionen selbst vor\u00fcbergehende Reizungen oder Entz\u00fcndungen verursachen, die in manchen F\u00e4llen zur Bildung von Aknel\u00e4sionen f\u00fchren k\u00f6nnen.<\/p>\n\n<\/div>\n<\/div>\n<div id=\"faq-question-1684842119467\" class=\"rank-math-list-item\">\n<h3 class=\"rank-math-question \">Ist die Akne-Mesotherapie sicher?<\/h3>\n<div class=\"rank-math-answer \">\n\n<p>Im Allgemeinen gilt die Akne-Mesotherapie als relativ sicheres Verfahren, wenn sie von einer qualifizierten und erfahrenen medizinischen Fachkraft durchgef\u00fchrt wird. Es ist jedoch wichtig zu wissen, dass die Sicherheit und Wirksamkeit der Mesotherapie bei der Behandlung von Akne noch nicht umfassend untersucht oder von den Aufsichtsbeh\u00f6rden genehmigt wurde.<\/p>\n\n<\/div>\n<\/div>\n<\/div>\n<\/div>\n<p><\/p>\n\n<h3 class=\"wp-block-heading\">Kontaktieren Sie uns jetzt, falls Sie Fragen haben!<\/h3>\n","protected":false},"excerpt":{"rendered":"<p>Verabschieden Sie sich f\u00fcr immer von hartn\u00e4ckigen Pickeln mit einer Akne-Mesotherapie-Behandlung! Die Akne-Mesotherapie ist ein revolution\u00e4res kosmetisches Verfahren, das die [&hellip;]<\/p>\n","protected":false},"author":4,"featured_media":92585,"parent":0,"menu_order":0,"comment_status":"closed","ping_status":"closed","template":"","meta":{"site-sidebar-layout":"default","site-content-layout":"","ast-site-content-layout":"default","site-content-style":"default","site-sidebar-style":"default","ast-global-header-display":"","ast-banner-title-visibility":"","ast-main-header-display":"","ast-hfb-above-header-display":"","ast-hfb-below-header-display":"","ast-hfb-mobile-header-display":"","site-post-title":"","ast-breadcrumbs-content":"","ast-featured-img":"","footer-sml-layout":"","ast-disable-related-posts":"","theme-transparent-header-meta":"","adv-header-id-meta":"","stick-header-meta":"","header-above-stick-meta":"","header-main-stick-meta":"","header-below-stick-meta":"","astra-migrate-meta-layouts":"default","ast-page-background-enabled":"default","ast-page-background-meta":{"desktop":{"background-color":"var(--ast-global-color-4)","background-image":"","background-repeat":"repeat","background-position":"center center","background-size":"auto","background-attachment":"scroll","background-type":"","background-media":"","overlay-type":"","overlay-color":"","overlay-opacity":"","overlay-gradient":""},"tablet":{"background-color":"","background-image":"","background-repeat":"repeat","background-position":"center center","background-size":"auto","background-attachment":"scroll","background-type":"","background-media":"","overlay-type":"","overlay-color":"","overlay-opacity":"","overlay-gradient":""},"mobile":{"background-color":"","background-image":"","background-repeat":"repeat","background-position":"center center","background-size":"auto","background-attachment":"scroll","background-type":"","background-media":"","overlay-type":"","overlay-color":"","overlay-opacity":"","overlay-gradient":""}},"ast-content-background-meta":{"desktop":{"background-color":"var(--ast-global-color-5)","background-image":"","background-repeat":"repeat","background-position":"center center","background-size":"auto","background-attachment":"scroll","background-type":"","background-media":"","overlay-type":"","overlay-color":"","overlay-opacity":"","overlay-gradient":""},"tablet":{"background-color":"var(--ast-global-color-5)","background-image":"","background-repeat":"repeat","background-position":"center center","background-size":"auto","background-attachment":"scroll","background-type":"","background-media":"","overlay-type":"","overlay-color":"","overlay-opacity":"","overlay-gradient":""},"mobile":{"background-color":"var(--ast-global-color-5)","background-image":"","background-repeat":"repeat","background-position":"center center","background-size":"auto","background-attachment":"scroll","background-type":"","background-media":"","overlay-type":"","overlay-color":"","overlay-opacity":"","overlay-gradient":""}},"footnotes":""},"class_list":["post-146293","page","type-page","status-publish","has-post-thumbnail","hentry"],"_links":{"self":[{"href":"https:\/\/medclinics.com\/de\/wp-json\/wp\/v2\/pages\/146293","targetHints":{"allow":["GET"]}}],"collection":[{"href":"https:\/\/medclinics.com\/de\/wp-json\/wp\/v2\/pages"}],"about":[{"href":"https:\/\/medclinics.com\/de\/wp-json\/wp\/v2\/types\/page"}],"author":[{"embeddable":true,"href":"https:\/\/medclinics.com\/de\/wp-json\/wp\/v2\/users\/4"}],"replies":[{"embeddable":true,"href":"https:\/\/medclinics.com\/de\/wp-json\/wp\/v2\/comments?post=146293"}],"version-history":[{"count":0,"href":"https:\/\/medclinics.com\/de\/wp-json\/wp\/v2\/pages\/146293\/revisions"}],"wp:featuredmedia":[{"embeddable":true,"href":"https:\/\/medclinics.com\/de\/wp-json\/wp\/v2\/media\/92585"}],"wp:attachment":[{"href":"https:\/\/medclinics.com\/de\/wp-json\/wp\/v2\/media?parent=146293"}],"curies":[{"name":"wp","href":"https:\/\/api.w.org\/{rel}","templated":true}]}}