{"id":146287,"date":"2023-03-18T11:25:00","date_gmt":"2023-03-18T08:25:00","guid":{"rendered":"https:\/\/medclinics.com\/vaginoplastik\/"},"modified":"2024-07-15T16:13:11","modified_gmt":"2024-07-15T13:13:11","slug":"vaginoplastik","status":"publish","type":"page","link":"https:\/\/medclinics.com\/de\/vaginoplastik\/","title":{"rendered":"Straffung der Vagina (Vaginoplastik)"},"content":{"rendered":"\n<h2 class=\"wp-block-heading\">Sind Sie auf der Suche nach einer vaginalen \u00c4sthetik aufgrund von Geburt, Alterung oder anderen Faktoren? Wenn ja, gibt es verschiedene M\u00f6glichkeiten zur Straffung der Vagina: Vaginoplastik.<\/h2>\n\n<p>Vaginalstraffende Verfahren wie die <a href=\"https:\/\/en.wikipedia.org\/wiki\/Vaginoplasty\" target=\"_blank\" rel=\"noreferrer noopener\">Vaginoplastik<\/a> k\u00f6nnen Ihre Vagina rekonstruieren, indem \u00fcbersch\u00fcssiges Gewebe entfernt und das verbleibende Gewebe zusammengen\u00e4ht wird, was zu einer engeren \u00d6ffnung und einem engeren Kanal f\u00fchrt. Dieser chirurgische Eingriff wird unter Vollnarkose durchgef\u00fchrt, die Erholungszeit betr\u00e4gt mehrere Wochen.<\/p>\n\n<p>Wenn ein chirurgischer Eingriff f\u00fcr Sie nicht in Frage kommt, sind nicht-chirurgische Behandlungen wie die Lasertherapie oder die Radiofrequenz m\u00f6glicherweise die geeignetere Alternative. Die Lasertechnologie stimuliert die Kollagenproduktion durch fraktionierte CO2-Laser. Es strafft die W\u00e4nde Ihrer Vagina und f\u00f6rdert die Regeneration ohne Ausfallzeiten! Bei der Radiofrequenztherapie wird kontrollierte W\u00e4rme eingesetzt, die das Gewebe umbaut und das Kollagenwachstum anregt. Dies ist eine weitere wirksame L\u00f6sung zur Straffung lockerer Muskeln!<\/p>\n\n<p>Lassen Sie Ihr Selbstvertrauen nicht mehr durch dieses Problem beeintr\u00e4chtigen. Werden Sie noch heute aktiv, um mit diesen lebensver\u00e4ndernden L\u00f6sungen ein optimales Wohlbefinden wiederzuerlangen!<\/p>\n\n<h3 class=\"wp-block-heading\">Alles, was Sie \u00fcber <a href=\"https:\/\/medclinics.com\/de\/intimchirurgie\/\" target=\"_blank\" rel=\"noreferrer noopener\">Intimchirurgie<\/a> wissen m\u00fcssen, einschlie\u00dflich Preis und mehr, oder <a href=\"#requestform\">kontaktieren Sie uns!<\/a><\/h3>\n\n<h2 class=\"wp-block-heading\">FAQ<\/h2>\n<div id=\"rank-math-faq\" class=\"rank-math-block\">\n<div class=\"rank-math-list \">\n<div id=\"faq-question-1684841003905\" class=\"rank-math-list-item\">\n<h3 class=\"rank-math-question \">Was ist eine Vaginoplastik?<\/h3>\n<div class=\"rank-math-answer \">\n\n<p>Die Vaginoplastik ist ein chirurgischer Eingriff, bei dem die Vagina rekonstruiert oder umgestaltet wird. Sie wird in der Regel aus medizinischen Gr\u00fcnden oder zur Best\u00e4tigung des Geschlechts durchgef\u00fchrt.<\/p>\n\n<\/div>\n<\/div>\n<div id=\"faq-question-1684841027721\" class=\"rank-math-list-item\">\n<h3 class=\"rank-math-question \">Welche Arten der Vaginoplastik sind \u00fcblich?<\/h3>\n<div class=\"rank-math-answer \">\n\n<p>Sie umfasst zwei g\u00e4ngige Arten von Eingriffen: geschlechtsangleichende Vaginoplastik und Vaginalrekonstruktion. Die geschlechtsangleichende Vaginoplastik wird im Rahmen einer geschlechtsangleichenden Operation f\u00fcr Transgender-Frauen durchgef\u00fchrt, bei der eine Neovagina geschaffen wird, die ihrer Geschlechtsidentit\u00e4t entspricht. Der Eingriff umfasst in der Regel die Entfernung der Hoden, die Umformung der Penishaut zu einem Vaginalkanal und die Anfertigung einer Klitorisvorhaut. Die vaginale Rekonstruktion zielt dagegen auf die Wiederherstellung oder Schaffung einer funktionellen Vagina ab und wird h\u00e4ufig aus medizinischen Gr\u00fcnden wie Trauma, Krebsoperation oder angeborenen Anomalien durchgef\u00fchrt. Bei diesem Verfahren wird ein Vaginalkanal mit Hilfe von Gewebetransplantaten geschaffen, die entweder aus dem eigenen K\u00f6rper oder von einem Spender stammen. Bei beiden Arten von Operationen handelt es sich um komplizierte Eingriffe, die Fachwissen in der plastischen und rekonstruktiven Chirurgie erfordern. Es ist wichtig, sich von einem spezialisierten Chirurgen beraten zu lassen, um die m\u00f6glichen Risiken, Vorteile und Ergebnisse gr\u00fcndlich zu besprechen.<\/p>\n\n<\/div>\n<\/div>\n<\/div>\n<\/div>\n<p>\u00a0<\/p>\n\n<h3 class=\"wp-block-heading\">Kontaktieren Sie uns jetzt, falls Sie Fragen haben!<\/h3>\n","protected":false},"excerpt":{"rendered":"<p>Sind Sie auf der Suche nach einer vaginalen \u00c4sthetik aufgrund von Geburt, Alterung oder anderen Faktoren? Wenn ja, gibt es [&hellip;]<\/p>\n","protected":false},"author":4,"featured_media":91499,"parent":0,"menu_order":0,"comment_status":"closed","ping_status":"closed","template":"","meta":{"site-sidebar-layout":"default","site-content-layout":"","ast-site-content-layout":"default","site-content-style":"default","site-sidebar-style":"default","ast-global-header-display":"","ast-banner-title-visibility":"","ast-main-header-display":"","ast-hfb-above-header-display":"","ast-hfb-below-header-display":"","ast-hfb-mobile-header-display":"","site-post-title":"","ast-breadcrumbs-content":"","ast-featured-img":"","footer-sml-layout":"","ast-disable-related-posts":"","theme-transparent-header-meta":"","adv-header-id-meta":"","stick-header-meta":"","header-above-stick-meta":"","header-main-stick-meta":"","header-below-stick-meta":"","astra-migrate-meta-layouts":"default","ast-page-background-enabled":"default","ast-page-background-meta":{"desktop":{"background-color":"var(--ast-global-color-4)","background-image":"","background-repeat":"repeat","background-position":"center center","background-size":"auto","background-attachment":"scroll","background-type":"","background-media":"","overlay-type":"","overlay-color":"","overlay-opacity":"","overlay-gradient":""},"tablet":{"background-color":"","background-image":"","background-repeat":"repeat","background-position":"center center","background-size":"auto","background-attachment":"scroll","background-type":"","background-media":"","overlay-type":"","overlay-color":"","overlay-opacity":"","overlay-gradient":""},"mobile":{"background-color":"","background-image":"","background-repeat":"repeat","background-position":"center center","background-size":"auto","background-attachment":"scroll","background-type":"","background-media":"","overlay-type":"","overlay-color":"","overlay-opacity":"","overlay-gradient":""}},"ast-content-background-meta":{"desktop":{"background-color":"var(--ast-global-color-5)","background-image":"","background-repeat":"repeat","background-position":"center center","background-size":"auto","background-attachment":"scroll","background-type":"","background-media":"","overlay-type":"","overlay-color":"","overlay-opacity":"","overlay-gradient":""},"tablet":{"background-color":"var(--ast-global-color-5)","background-image":"","background-repeat":"repeat","background-position":"center center","background-size":"auto","background-attachment":"scroll","background-type":"","background-media":"","overlay-type":"","overlay-color":"","overlay-opacity":"","overlay-gradient":""},"mobile":{"background-color":"var(--ast-global-color-5)","background-image":"","background-repeat":"repeat","background-position":"center center","background-size":"auto","background-attachment":"scroll","background-type":"","background-media":"","overlay-type":"","overlay-color":"","overlay-opacity":"","overlay-gradient":""}},"footnotes":""},"class_list":["post-146287","page","type-page","status-publish","has-post-thumbnail","hentry"],"_links":{"self":[{"href":"https:\/\/medclinics.com\/de\/wp-json\/wp\/v2\/pages\/146287","targetHints":{"allow":["GET"]}}],"collection":[{"href":"https:\/\/medclinics.com\/de\/wp-json\/wp\/v2\/pages"}],"about":[{"href":"https:\/\/medclinics.com\/de\/wp-json\/wp\/v2\/types\/page"}],"author":[{"embeddable":true,"href":"https:\/\/medclinics.com\/de\/wp-json\/wp\/v2\/users\/4"}],"replies":[{"embeddable":true,"href":"https:\/\/medclinics.com\/de\/wp-json\/wp\/v2\/comments?post=146287"}],"version-history":[{"count":0,"href":"https:\/\/medclinics.com\/de\/wp-json\/wp\/v2\/pages\/146287\/revisions"}],"wp:featuredmedia":[{"embeddable":true,"href":"https:\/\/medclinics.com\/de\/wp-json\/wp\/v2\/media\/91499"}],"wp:attachment":[{"href":"https:\/\/medclinics.com\/de\/wp-json\/wp\/v2\/media?parent=146287"}],"curies":[{"name":"wp","href":"https:\/\/api.w.org\/{rel}","templated":true}]}}