{"id":146259,"date":"2023-03-14T11:08:00","date_gmt":"2023-03-14T08:08:00","guid":{"rendered":"https:\/\/medclinics.com\/penishaut\/"},"modified":"2025-10-15T21:08:43","modified_gmt":"2025-10-15T18:08:43","slug":"penishaut","status":"publish","type":"page","link":"https:\/\/medclinics.com\/de\/penishaut\/","title":{"rendered":"Penis-\u00c4sthetik &#8211; Hauterneuerung am Penis"},"content":{"rendered":"\n<p>Die Hauterneuerung am Penis ist ein medizinischer Eingriff, der darauf abzielt, die optische und strukturelle Qualit\u00e4t der Penishaut zu verbessern. Das Verfahren umfasst verschiedene Techniken, die darauf abzielen, gesch\u00e4digtes oder unebenes Gewebe zu beseitigen und gleichzeitig ein gesundes Nachwachsen zu f\u00f6rdern.<\/p>\n\n\n\n<p>F\u00fcr diesen Prozess gibt es verschiedene Ans\u00e4tze, darunter Laser-Resurfacing, chemische Peelings, Dermabrasion und Micro-Needling. Ein medizinischer Fachmann bestimmt, welche Technik am besten zu den spezifischen Bed\u00fcrfnissen einer Person f\u00fcr die Hauterneuerung am Penis passt.<\/p>\n\n\n\n<p>Beim Laser-Resurfacing werden mit pr\u00e4zisen Lasern die \u00e4u\u00dferen Schichten der gesch\u00e4digten Hautzellen in der Penisregion entfernt. Diese Methode f\u00f6rdert die Kollagenproduktion und stimuliert das Wachstum neuer Zellen, was zu einer glatteren, jugendlich wirkenden Epidermis f\u00fchrt.<\/p>\n\n\n\n<p>Bei chemischen Peelings werden Chemikalien auf die betroffenen Bereiche aufgetragen und anschlie\u00dfend abgestorbenes Gewebe entfernt, so dass frische, makellose Oberfl\u00e4chen zum Vorschein kommen, die sich in der Regel als glatte, gleichm\u00e4\u00dfig strukturierte Bereiche pr\u00e4sentieren.<\/p>\n\n\n\n<p>Bei der <a href=\"https:\/\/en.wikipedia.org\/wiki\/Dermabrasion\" target=\"_blank\" rel=\"noreferrer noopener\">Dermabrasion<\/a> wird mit rotierenden Instrumenten ein sanftes Peeling der rauen Oberfl\u00e4chenstruktur durchgef\u00fchrt, um das Gesamterscheinungsbild durch die Behandlung verschiedener dermatologischer Erkrankungen zu verbessern, die die Fleischigkeit des <a href=\"https:\/\/soracamed.com\/de\/penisvergroesserung-in-antalya-2025\" rel=\"dofollow noopener\" target=\"_blank\">Penis beeintr\u00e4chtigen<\/a>.<\/p>\n\n\n\n<p>Micro-Needling induziert kontrollierte mikroskopische Verletzungen durch winzige Nadeln, die in die zu behandelnden Bereiche eindringen und eine erh\u00f6hte Kollagensynthese anregen, was zu Verj\u00fcngungseffekten in den behandelten Zonen f\u00fchrt<\/p>\n\n\n\n<p>Eine Behandlung zur Hauterneuerung am Penis kann bei Problemen wie Verf\u00e4rbungen, Narben oder Unregelm\u00e4\u00dfigkeiten in der Textur im Genitalbereich empfohlen werden; sie kann auch kosmetische Vorteile bieten und die \u00c4sthetik verbessern, falls gew\u00fcnscht.<\/p>\n\n\n\n<h3 class=\"wp-block-heading\">Alles, was Sie \u00fcber <a href=\"https:\/\/medclinics.com\/de\/intimchirurgie\/\" target=\"_blank\" rel=\"noreferrer noopener\">Genital\u00e4sthetik<\/a> wissen m\u00fcssen, finden Sie hier, <a href=\"#requestform\">kontaktieren Sie uns<\/a> jetzt!<\/h3>\n\n\n\n\n\n<h2 class=\"wp-block-heading\">FAQ <\/h2>\n\n\n<div id=\"rank-math-faq\" class=\"rank-math-block\">\n<div class=\"rank-math-list \">\n<div id=\"faq-question-1684839795079\" class=\"rank-math-list-item\">\n<h3 class=\"rank-math-question \">Was ist ein Penis-Resurfacing?<\/h3>\n<div class=\"rank-math-answer \">\n\n<p>Beim Penis-Haut-Resurfacing handelt es sich um einen chirurgischen Eingriff, bei dem besch\u00e4digte oder fehlende Haut am Penis durch gesunde Haut aus einem anderen K\u00f6rperteil ersetzt wird. Sie wird durchgef\u00fchrt, um Hautverluste, Narben oder Deformierungen zu beheben, und zielt darauf ab, sowohl die funktionellen als auch die \u00e4sthetischen Aspekte des Penis wiederherzustellen.<\/p>\n\n<\/div>\n<\/div>\n<div id=\"faq-question-1684839853702\" class=\"rank-math-list-item\">\n<h3 class=\"rank-math-question \">Kann Penishaut nachwachsen?<\/h3>\n<div class=\"rank-math-answer \">\n\n<p>Nein, die Penishaut w\u00e4chst nicht von selbst nach, wenn sie einmal verloren gegangen oder besch\u00e4digt ist. Mit chirurgischen Techniken wie der Penishauttransplantation kann die besch\u00e4digte oder fehlende Haut jedoch durch gesunde Haut aus einem anderen K\u00f6rperteil ersetzt werden. Dies erm\u00f6glicht die Rekonstruktion und Wiederherstellung der Penishaut.<\/p>\n\n<\/div>\n<\/div>\n<\/div>\n<\/div>\n\n\n<p><\/p>\n\n\n\n<h3 class=\"wp-block-heading\">Kontaktieren Sie uns jetzt, falls Sie Fragen haben!<\/h3>\n","protected":false},"excerpt":{"rendered":"<p>Die Hauterneuerung am Penis ist ein medizinischer Eingriff, der darauf abzielt, die optische und strukturelle Qualit\u00e4t der Penishaut zu verbessern. [&hellip;]<\/p>\n","protected":false},"author":4,"featured_media":94659,"parent":0,"menu_order":0,"comment_status":"closed","ping_status":"closed","template":"","meta":{"site-sidebar-layout":"default","site-content-layout":"","ast-site-content-layout":"default","site-content-style":"default","site-sidebar-style":"default","ast-global-header-display":"","ast-banner-title-visibility":"","ast-main-header-display":"","ast-hfb-above-header-display":"","ast-hfb-below-header-display":"","ast-hfb-mobile-header-display":"","site-post-title":"","ast-breadcrumbs-content":"","ast-featured-img":"","footer-sml-layout":"","ast-disable-related-posts":"","theme-transparent-header-meta":"","adv-header-id-meta":"","stick-header-meta":"","header-above-stick-meta":"","header-main-stick-meta":"","header-below-stick-meta":"","astra-migrate-meta-layouts":"default","ast-page-background-enabled":"default","ast-page-background-meta":{"desktop":{"background-color":"var(--ast-global-color-4)","background-image":"","background-repeat":"repeat","background-position":"center center","background-size":"auto","background-attachment":"scroll","background-type":"","background-media":"","overlay-type":"","overlay-color":"","overlay-opacity":"","overlay-gradient":""},"tablet":{"background-color":"","background-image":"","background-repeat":"repeat","background-position":"center center","background-size":"auto","background-attachment":"scroll","background-type":"","background-media":"","overlay-type":"","overlay-color":"","overlay-opacity":"","overlay-gradient":""},"mobile":{"background-color":"","background-image":"","background-repeat":"repeat","background-position":"center center","background-size":"auto","background-attachment":"scroll","background-type":"","background-media":"","overlay-type":"","overlay-color":"","overlay-opacity":"","overlay-gradient":""}},"ast-content-background-meta":{"desktop":{"background-color":"var(--ast-global-color-5)","background-image":"","background-repeat":"repeat","background-position":"center center","background-size":"auto","background-attachment":"scroll","background-type":"","background-media":"","overlay-type":"","overlay-color":"","overlay-opacity":"","overlay-gradient":""},"tablet":{"background-color":"var(--ast-global-color-5)","background-image":"","background-repeat":"repeat","background-position":"center center","background-size":"auto","background-attachment":"scroll","background-type":"","background-media":"","overlay-type":"","overlay-color":"","overlay-opacity":"","overlay-gradient":""},"mobile":{"background-color":"var(--ast-global-color-5)","background-image":"","background-repeat":"repeat","background-position":"center center","background-size":"auto","background-attachment":"scroll","background-type":"","background-media":"","overlay-type":"","overlay-color":"","overlay-opacity":"","overlay-gradient":""}},"footnotes":""},"class_list":["post-146259","page","type-page","status-publish","has-post-thumbnail","hentry"],"_links":{"self":[{"href":"https:\/\/medclinics.com\/de\/wp-json\/wp\/v2\/pages\/146259","targetHints":{"allow":["GET"]}}],"collection":[{"href":"https:\/\/medclinics.com\/de\/wp-json\/wp\/v2\/pages"}],"about":[{"href":"https:\/\/medclinics.com\/de\/wp-json\/wp\/v2\/types\/page"}],"author":[{"embeddable":true,"href":"https:\/\/medclinics.com\/de\/wp-json\/wp\/v2\/users\/4"}],"replies":[{"embeddable":true,"href":"https:\/\/medclinics.com\/de\/wp-json\/wp\/v2\/comments?post=146259"}],"version-history":[{"count":0,"href":"https:\/\/medclinics.com\/de\/wp-json\/wp\/v2\/pages\/146259\/revisions"}],"wp:featuredmedia":[{"embeddable":true,"href":"https:\/\/medclinics.com\/de\/wp-json\/wp\/v2\/media\/94659"}],"wp:attachment":[{"href":"https:\/\/medclinics.com\/de\/wp-json\/wp\/v2\/media?parent=146259"}],"curies":[{"name":"wp","href":"https:\/\/api.w.org\/{rel}","templated":true}]}}